{"id":3199,"date":"2023-02-15T17:51:58","date_gmt":"2023-02-15T17:51:58","guid":{"rendered":"https:\/\/holidaytourstenerife.com\/a-propos-de-nous\/"},"modified":"2024-03-08T20:15:05","modified_gmt":"2024-03-08T20:15:05","slug":"a-propos-de-nous","status":"publish","type":"page","link":"https:\/\/holidaytourstenerife.com\/fr\/a-propos-de-nous\/","title":{"rendered":"A propos de nous"},"content":{"rendered":"<div class=\"wpb-content-wrapper\"><p>[vc_row][vc_column]<div class=\"title title--big title--center title--underline title--decoration-bottom-center\">\n\t\t\t<div class=\"title__subtitle\">Holiday Tours Tenerife est une entreprise qui vend des excursions depuis 2012. Elle est actuellement l&#039;une des agences d&#039;excursions les plus appr\u00e9ci\u00e9es de Tenerife.<\/div>\n\t\t<h3 class=\"title__primary\">Qui nous sommes<\/h3>\n<\/div>\n[vc_empty_space height=\u00a0\u00bb15px\u00a0\u00bb]<div class=\"icons-set\">\n\t<div class=\"row icons-set__row\">\n\t\t\t\t\t<div class=\"col-sm-4\">\n\t\t\t<div class=\"icons-set__item\">\n\t\t\t\t\t\t\t<div class=\"icons-set__item__field icons-set__item__field--fix-size\">\n\t\t\t\t<div class=\"icons-set__item__icon-wrap\"><i class=\"icons-set__item__icon fa fa-map-signs\"><\/i><\/div>\t\t\t\t<\/div>\n\t\t\t\t\t\t\t<div class=\"icons-set__item__field\">\n\t\t\t\t<h3 class=\"icons-set__item__title\">+20 exp\u00e9riences<\/h3>\t\t\t\t\t<div class=\"icons-set__item__description\">Holidays Tours Tenerife a cr\u00e9\u00e9 une s\u00e9lection des meilleures excursions que vous pouvez faire \u00e0 Tenerife, des tours en quad, des excursions en bateau, de la plong\u00e9e sous-marine, de l&rsquo;observation des dauphins, du parapente&#8230;<\/div>\n\t\t\t\t<\/div>\n\t\t\t<\/div>\n\t\t<\/div>\n\t\t\t\t\t<div class=\"col-sm-4\">\n\t\t\t<div class=\"icons-set__item\">\n\t\t\t\t\t\t\t<div class=\"icons-set__item__field icons-set__item__field--fix-size\">\n\t\t\t\t<div class=\"icons-set__item__icon-wrap\"><i class=\"icons-set__item__icon td-user-1\"><\/i><\/div>\t\t\t\t<\/div>\n\t\t\t\t\t\t\t<div class=\"icons-set__item__field\">\n\t\t\t\t<h3 class=\"icons-set__item__title\">+1000 clients satisfaits<\/h3>\t\t\t\t\t<div class=\"icons-set__item__description\">Holiday Tours Tenerife offre un service personnalis\u00e9 \u00e0 ses clients, en mettant \u00e0 profit ses ann\u00e9es d&rsquo;exp\u00e9rience et en proposant des forfaits d&rsquo;excursion pour tous les types d&rsquo;utilisateurs. Avec pour objectif premier la satisfaction de ses clients.<\/div>\n\t\t\t\t<\/div>\n\t\t\t<\/div>\n\t\t<\/div>\n\t\t\t\t\t<div class=\"col-sm-4\">\n\t\t\t<div class=\"icons-set__item\">\n\t\t\t\t\t\t\t<div class=\"icons-set__item__field icons-set__item__field--fix-size\">\n\t\t\t\t<div class=\"icons-set__item__icon-wrap\"><i class=\"icons-set__item__icon td-bank-card\"><\/i><\/div>\t\t\t\t<\/div>\n\t\t\t\t\t\t\t<div class=\"icons-set__item__field\">\n\t\t\t\t<h3 class=\"icons-set__item__title\">Paiement s\u00e9curis\u00e9<\/h3>\t\t\t\t\t<div class=\"icons-set__item__description\">Achetez en toute s\u00e9r\u00e9nit\u00e9 sur notre site. Les d\u00e9tails de votre carte et votre mot de passe sont prot\u00e9g\u00e9s par notre syst\u00e8me de s\u00e9curit\u00e9 (par le biais d&rsquo;un protocole SSL avec connexion https) d\u00e8s le moment o\u00f9 ils sont saisis et ne sont jamais envoy\u00e9s \u00e0 notre soci\u00e9t\u00e9.<\/div>\n\t\t\t\t<\/div>\n\t\t\t<\/div>\n\t\t<\/div>\n\t\t\t<\/div><div class=\"row icons-set__row\">\t\t<div class=\"col-sm-4\">\n\t\t\t<div class=\"icons-set__item\">\n\t\t\t\t\t\t\t<div class=\"icons-set__item__field icons-set__item__field--fix-size\">\n\t\t\t\t<div class=\"icons-set__item__icon-wrap\"><i class=\"icons-set__item__icon td-chat\"><\/i><\/div>\t\t\t\t<\/div>\n\t\t\t\t\t\t\t<div class=\"icons-set__item__field\">\n\t\t\t\t<h3 class=\"icons-set__item__title\">Annule sans probl\u00e8me<\/h3>\t\t\t\t\t<div class=\"icons-set__item__description\">Chez Holidays Tours Tenerife, nous nous effor\u00e7ons d&rsquo;offrir une politique d&rsquo;annulation satisfaisante \u00e0 100 %, permettant l&rsquo;annulation de n&rsquo;importe quel circuit jusqu&rsquo;\u00e0 48 heures avant le d\u00e9but du circuit.<\/div>\n\t\t\t\t<\/div>\n\t\t\t<\/div>\n\t\t<\/div>\n\t\t\t\t\t<div class=\"col-sm-4\">\n\t\t\t<div class=\"icons-set__item\">\n\t\t\t\t\t\t\t<div class=\"icons-set__item__field icons-set__item__field--fix-size\">\n\t\t\t\t<div class=\"icons-set__item__icon-wrap\"><i class=\"icons-set__item__icon fa fa-check\"><\/i><\/div>\t\t\t\t<\/div>\n\t\t\t\t\t\t\t<div class=\"icons-set__item__field\">\n\t\t\t\t<h3 class=\"icons-set__item__title\">Profitez-en en toute s\u00e9curit\u00e9<\/h3>\t\t\t\t\t<div class=\"icons-set__item__description\">Holiday Tours Tenerife et ses partenaires garantissent le respect de toutes les mesures sanitaires (hygi\u00e8ne, masques, etc.).<\/div>\n\t\t\t\t<\/div>\n\t\t\t<\/div>\n\t\t<\/div>\n\t\t<\/div>\n<\/div>\n[vc_empty_space height=\u00a0\u00bb52px\u00a0\u00bb][\/vc_column][\/vc_row][vc_row][vc_column][vc_separator][\/vc_column][\/vc_row][vc_row][vc_column]<div class=\"title title--center title--underline title--decoration-bottom-center\">\n\t\t<h3 class=\"title__primary\">Notre mission<\/h3>\n<\/div>\n[vc_column_text]<strong>Holiday Tours Tenerife<\/strong> offre un service personnalis\u00e9 \u00e0 ses clients, en mettant \u00e0 profit ses ann\u00e9es d&rsquo;exp\u00e9rience et en proposant des forfaits d&rsquo;excursion pour tous les types d&rsquo;utilisateurs. Avec pour objectif premier la satisfaction de ses clients.[\/vc_column_text][vc_row_inner][vc_column_inner width=\u00a0\u00bb1\/2&Prime;][vc_column_text]<\/p>\n<h3>Notre objectif, votre satisfaction<\/h3>\n<div class=\"titulo\">Nous veillons \u00e0 ce que votre exp\u00e9rience soit la meilleure possible. Vous pouvez facilement annuler et nous contacter 24 heures par jour.<\/div>\n<p>[\/vc_column_text][\/vc_column_inner][vc_column_inner width=\u00a0\u00bb1\/2&Prime;][vc_column_text]<\/p>\n<h3>Le meilleur catalogue d&rsquo;excursions possible<\/h3>\n<p>Nous vivons \u00e0 Tenerife et la connaissons comme notre poche, c&rsquo;est pourquoi nous ne s\u00e9lectionnons que les meilleures excursions.[\/vc_column_text][\/vc_column_inner][\/vc_row_inner][vc_row_inner][vc_column_inner width=\u00a0\u00bb1\/3&Prime;][vc_icon icon_fontawesome=\u00a0\u00bbfas fa-map-marked-alt\u00a0\u00bb color=\u00a0\u00bbjuicy_pink\u00a0\u00bb size=\u00a0\u00bbxl\u00a0\u00bb align=\u00a0\u00bbcenter\u00a0\u00bb][vc_column_text]<\/p>\n<p style=\"text-align: center;\"><strong>+20 exp\u00e9riences<\/strong><\/p>\n<p>[\/vc_column_text][\/vc_column_inner][vc_column_inner width=\u00a0\u00bb1\/3&Prime;][vc_icon icon_fontawesome=\u00a0\u00bbfas fa-user-alt\u00a0\u00bb color=\u00a0\u00bbjuicy_pink\u00a0\u00bb size=\u00a0\u00bbxl\u00a0\u00bb align=\u00a0\u00bbcenter\u00a0\u00bb][vc_column_text]<\/p>\n<p style=\"text-align: center;\"><strong>+1000 clients satisfaits<\/strong><\/p>\n<p>[\/vc_column_text][\/vc_column_inner][vc_column_inner width=\u00a0\u00bb1\/3&Prime;][vc_icon icon_fontawesome=\u00a0\u00bbfas fa-check\u00a0\u00bb color=\u00a0\u00bbjuicy_pink\u00a0\u00bb size=\u00a0\u00bbxl\u00a0\u00bb align=\u00a0\u00bbcenter\u00a0\u00bb][vc_column_text]<\/p>\n<p style=\"text-align: center;\"><strong>Profitez-en en toute s\u00e9curit\u00e9<\/strong><\/p>\n<p>[\/vc_column_text][\/vc_column_inner][\/vc_row_inner][vc_row_inner][vc_column_inner width=\u00a0\u00bb1\/3&Prime;][vc_icon icon_fontawesome=\u00a0\u00bbfar fa-credit-card\u00a0\u00bb color=\u00a0\u00bbjuicy_pink\u00a0\u00bb size=\u00a0\u00bbxl\u00a0\u00bb align=\u00a0\u00bbcenter\u00a0\u00bb][vc_column_text]<\/p>\n<p style=\"text-align: center;\"><strong>Paiement s\u00e9curis\u00e9<\/strong><\/p>\n<p>[\/vc_column_text][\/vc_column_inner][vc_column_inner width=\u00a0\u00bb1\/3&Prime;][vc_icon icon_fontawesome=\u00a0\u00bbfas fa-hiking\u00a0\u00bb color=\u00a0\u00bbjuicy_pink\u00a0\u00bb size=\u00a0\u00bbxl\u00a0\u00bb align=\u00a0\u00bbcenter\u00a0\u00bb][vc_column_text]<\/p>\n<p style=\"text-align: center;\"><strong>Guides professionnels<\/strong><\/p>\n<p>[\/vc_column_text][\/vc_column_inner][vc_column_inner width=\u00a0\u00bb1\/3&Prime;][vc_icon icon_fontawesome=\u00a0\u00bbfas fa-place-of-worship\u00a0\u00bb color=\u00a0\u00bbjuicy_pink\u00a0\u00bb size=\u00a0\u00bbxl\u00a0\u00bb align=\u00a0\u00bbcenter\u00a0\u00bb][vc_column_text]<\/p>\n<p style=\"text-align: center;\"><strong>Lieux uniques<\/strong><\/p>\n<p>[\/vc_column_text][\/vc_column_inner][\/vc_row_inner][\/vc_column][\/vc_row][vc_row full_width=\u00a0\u00bbstretch_row\u00a0\u00bb content_placement=\u00a0\u00bbmiddle\u00a0\u00bb][vc_column]\n\t\t\t<!-- START sobre nosotros REVOLUTION SLIDER 6.7.21 --><p class=\"rs-p-wp-fix\"><\/p>\n\t\t\t<rs-module-wrap id=\"rev_slider_14_1_wrapper\" data-source=\"gallery\" style=\"visibility:hidden;background:#E9E9E9;padding:0;margin:0px auto;margin-top:0;margin-bottom:0;\">\n\t\t\t\t<rs-module id=\"rev_slider_14_1\" style=\"\" data-version=\"6.7.21\">\n\t\t\t\t\t<rs-slides style=\"overflow: hidden; position: absolute;\">\n\t\t\t\t\t\t<rs-slide style=\"position: absolute;\" data-key=\"rs-93\" data-title=\"Slide\" data-anim=\"d:80;ms:1200;f:center;\" data-in=\"prst:rndany;o:0;x:cyc(-100%|0|100%);sx:cyc(1|0|1);sy:cyc(1|0|1);row:3;col:3;\" data-d3=\"f:cube;z:450;t:20;su:true;sc:#9e9e9e;\">\n\t\t\t\t\t\t\t<img decoding=\"async\" src=\"\/\/holidaytourstenerife.com\/wp-content\/plugins\/revslider\/sr6\/assets\/assets\/dummy.png\" alt=\"\" title=\"buceo torugas tenerife\" width=\"960\" height=\"600\" class=\"rev-slidebg tp-rs-img rs-lazyload\" data-lazyload=\"\/\/holidaytourstenerife.com\/wp-content\/uploads\/2023\/03\/buceo-torugas-tenerife.webp\" data-bg=\"p:center top;\" data-no-retina>\n<!---->\t\t\t\t\t<\/rs-slide>\n\t\t\t\t\t\t<rs-slide style=\"position: absolute;\" data-key=\"rs-94\" data-title=\"Slide\" data-anim=\"d:10;ms:500;f:slidebased;\" data-in=\"prst:rndany;o:0;x:(-50%);sx:0.7;sy:0.7;m:true;e:power4.inOut;col:6;\" data-out=\"a:false;\">\n\t\t\t\t\t\t\t<img decoding=\"async\" src=\"\/\/holidaytourstenerife.com\/wp-content\/plugins\/revslider\/sr6\/assets\/assets\/dummy.png\" alt=\"\" title=\"Excursion buggy tenerife\" width=\"960\" height=\"600\" class=\"rev-slidebg tp-rs-img rs-lazyload\" data-lazyload=\"\/\/holidaytourstenerife.com\/wp-content\/uploads\/2023\/03\/Excursion-buggy-tenerife.webp\" data-bg=\"p:center top;\" data-no-retina>\n<!---->\t\t\t\t\t<\/rs-slide>\n\t\t\t\t\t\t<rs-slide style=\"position: absolute;\" data-key=\"rs-95\" data-title=\"Slide\" data-in=\"prst:rndany;o:0;y:100%;\" data-out=\"a:false;\">\n\t\t\t\t\t\t\t<img decoding=\"async\" src=\"\/\/holidaytourstenerife.com\/wp-content\/plugins\/revslider\/sr6\/assets\/assets\/dummy.png\" alt=\"\" title=\"Disfrutando parasailing al maximo\" width=\"960\" height=\"600\" class=\"rev-slidebg tp-rs-img rs-lazyload\" data-lazyload=\"\/\/holidaytourstenerife.com\/wp-content\/uploads\/2023\/03\/Disfrutando-parasailing-al-maximo.webp\" data-bg=\"p:center top;\" data-no-retina>\n<!---->\t\t\t\t\t<\/rs-slide>\n\t\t\t\t\t\t<rs-slide style=\"position: absolute;\" data-key=\"rs-96\" data-title=\"Slide\" data-anim=\"d:20;ms:1210;\" data-in=\"prst:rndany;o:0;x:ran(-200|200);sx:2;sy:2;e:power3.Out;row:100;col:10;\" data-d3=\"f:cube;z:450;t:20;su:true;sc:#9e9e9e;\">\n\t\t\t\t\t\t\t<img decoding=\"async\" src=\"\/\/holidaytourstenerife.com\/wp-content\/plugins\/revslider\/sr6\/assets\/assets\/dummy.png\" alt=\"\" title=\"tour moto de agua tenerife\" width=\"960\" height=\"600\" class=\"rev-slidebg tp-rs-img rs-lazyload\" data-lazyload=\"\/\/holidaytourstenerife.com\/wp-content\/uploads\/2023\/03\/tour-moto-de-agua-tenerife.webp\" data-bg=\"p:center bottom;\" data-no-retina>\n<!---->\t\t\t\t\t<\/rs-slide>\n\t\t\t\t\t<\/rs-slides>\n\t\t\t\t\t<rs-static-layers><!--\n\t\t\t\t\t--><\/rs-static-layers>\n\t\t\t\t<\/rs-module>\n\t\t\t\t<script>\n\t\t\t\t\tsetREVStartSize({c: 'rev_slider_14_1',rl:[1240,1240,1240,480],el:[550,550,550,720],gw:[960,960,960,480],gh:[550,550,550,300],type:'carousel',justify:'',layout:'fullwidth',mh:\"550\"});if (window.RS_MODULES!==undefined && window.RS_MODULES.modules!==undefined && window.RS_MODULES.modules[\"revslider141\"]!==undefined) {window.RS_MODULES.modules[\"revslider141\"].once = false;window.revapi14 = undefined;if (window.RS_MODULES.checkMinimal!==undefined) window.RS_MODULES.checkMinimal()}\n\t\t\t\t<\/script>\n\t\t\t<\/rs-module-wrap>\n\t\t\t<!-- END REVOLUTION SLIDER -->\n[\/vc_column][\/vc_row][vc_row css=\u00a0\u00bb.vc_custom_1676485275147{background-position: center !important;background-repeat: no-repeat !important;background-size: cover !important;}\u00a0\u00bb el_class=\u00a0\u00bbsection-white\u00a0\u00bb][vc_column][vc_empty_space height=\u00a0\u00bb52px\u00a0\u00bb]<div class=\"title title--center title--underline title--decoration-bottom-center\">\n\t\t\t<div class=\"title__subtitle\">En choisissant Holiday Tours Tenerife, vous pariez sur une entreprise qui consacre son temps \u00e0 trouver la meilleure solution pour chaque client, passez des vacances pleines de joie et d&#039;amusement avec nous !<\/div>\n\t\t<h3 class=\"title__primary\">Pourquoi nous choisir<\/h3>\n<\/div>\n[vc_empty_space height=\u00a0\u00bb52px\u00a0\u00bb][\/vc_column][\/vc_row][vc_row css=\u00a0\u00bb.vc_custom_1676480831172{padding-bottom: 0px !important;}\u00a0\u00bb][vc_column width=\u00a0\u00bb1\/2&Prime;][vc_empty_space height=\u00a0\u00bb52px\u00a0\u00bb][vc_single_image image=\u00a0\u00bb3180&Prime; img_size=\u00a0\u00bbfull\u00a0\u00bb alignment=\u00a0\u00bbright\u00a0\u00bb][\/vc_column][vc_column width=\u00a0\u00bb1\/2&Prime;][vc_empty_space height=\u00a0\u00bb52px\u00a0\u00bb][vc_column_text]<div class=\"title title--decoration-bottom-left\">\n\t\t<h3 class=\"title__primary\">Acheter sur Holidays Tours Tenerife<\/h3>\n<\/div>\n<p><i class=\"fa fa-check icon-tick icon-tick--on Selecciona el d\u00eda para el tour\"><\/i>S\u00e9lectionnez le jour de la visite<\/p>\n<p><i class=\"fa fa-check icon-tick icon-tick--on Haz click en comprar\"><\/i>Cliquer sur acheter<\/p>\n<p><i class=\"fa fa-check icon-tick icon-tick--on \u00a1Disfruta del tour seleccionado!\"><\/i>Profitez de la visite s\u00e9lectionn\u00e9e !<\/p>\n<p><a href=\"https:\/\/holidaytourstenerife.com\/fr\/tours-et-excursions-tenerife\/\" class=\"atbtn atbtn--primary atbtn--small atbtn--rounded\">Livre<\/a>[\/vc_column_text][\/vc_column][\/vc_row]<\/p>\n<\/div>","protected":false},"excerpt":{"rendered":"<p>[vc_row][vc_column][vc_empty_space height=\u00a0\u00bb15px\u00a0\u00bb][vc_empty_space height=\u00a0\u00bb52px\u00a0\u00bb][\/vc_column][\/vc_row][vc_row][vc_column][vc_separator][\/vc_column][\/vc_row][vc_row][vc_column][vc_column_text]Holiday Tours Tenerife offre un service personnalis\u00e9 \u00e0 ses clients, en mettant \u00e0 profit ses ann\u00e9es d&rsquo;exp\u00e9rience et en proposant des forfaits d&rsquo;excursion pour tous les types d&rsquo;utilisateurs. Avec pour objectif premier la satisfaction de ses clients.[\/vc_column_text][vc_row_inner][vc_column_inner width=\u00a0\u00bb1\/2&Prime;][vc_column_text] Notre objectif, votre satisfaction Nous veillons \u00e0 ce que votre exp\u00e9rience soit la meilleure possible.<\/p>\n<div class=\"padding-top text-center\"><a href=\"https:\/\/holidaytourstenerife.com\/fr\/a-propos-de-nous\/\" class=\"atbtn atbtn--medium atbtn--rounded atbtn--transparent\">Read more<i class=\"atbtn__icon atbtn__icon--right fa fa-long-arrow-right\"><\/i><\/a><\/div>\n","protected":false},"author":1,"featured_media":0,"parent":0,"menu_order":0,"comment_status":"open","ping_status":"closed","template":"","meta":{"_joinchat":[],"footnotes":""},"class_list":["post-3199","page","type-page","status-publish","hentry"],"_links":{"self":[{"href":"https:\/\/holidaytourstenerife.com\/fr\/wp-json\/wp\/v2\/pages\/3199","targetHints":{"allow":["GET"]}}],"collection":[{"href":"https:\/\/holidaytourstenerife.com\/fr\/wp-json\/wp\/v2\/pages"}],"about":[{"href":"https:\/\/holidaytourstenerife.com\/fr\/wp-json\/wp\/v2\/types\/page"}],"author":[{"embeddable":true,"href":"https:\/\/holidaytourstenerife.com\/fr\/wp-json\/wp\/v2\/users\/1"}],"replies":[{"embeddable":true,"href":"https:\/\/holidaytourstenerife.com\/fr\/wp-json\/wp\/v2\/comments?post=3199"}],"version-history":[{"count":17,"href":"https:\/\/holidaytourstenerife.com\/fr\/wp-json\/wp\/v2\/pages\/3199\/revisions"}],"predecessor-version":[{"id":3776,"href":"https:\/\/holidaytourstenerife.com\/fr\/wp-json\/wp\/v2\/pages\/3199\/revisions\/3776"}],"wp:attachment":[{"href":"https:\/\/holidaytourstenerife.com\/fr\/wp-json\/wp\/v2\/media?parent=3199"}],"curies":[{"name":"wp","href":"https:\/\/api.w.org\/{rel}","templated":true}]}}