{"id":2562,"date":"2023-04-07T04:27:26","date_gmt":"2023-04-07T04:27:26","guid":{"rendered":"https:\/\/holidaytourstenerife.com\/producto\/loro-parque\/"},"modified":"2025-07-31T12:06:01","modified_gmt":"2025-07-31T12:06:01","slug":"loro-parque-tickets","status":"publish","type":"product","link":"https:\/\/holidaytourstenerife.com\/fr\/tours\/loro-parque-tickets\/","title":{"rendered":"Loro Parque"},"content":{"rendered":"<div class=\"wpb-content-wrapper\"><p>[vc_row][vc_column][vc_column_text]<\/p>\n<h1>Loro Parque Tenerife<\/h1>\n<p>[\/vc_column_text][vc_separator color=\u00a0\u00bbcustom\u00a0\u00bb align=\u00a0\u00bbalign_left\u00a0\u00bb accent_color=\u00a0\u00bb#47a0ff\u00a0\u00bb border_width=\u00a0\u00bb4&Prime; el_width=\u00a0\u00bb10&Prime;][vc_column_text]<b>Loro Parque Tenerife tickets<\/b>, <span style=\"font-weight: 400;\">vivez une exp\u00e9rience incroyable pour conna\u00eetre tous les secrets du monde animal dans le<\/span> <b>meilleur zoo du monde.<\/b><span style=\"font-weight: 400;\"> selon les utilisateurs de TripAdvisor. Loro Parque est un lieu incontournable pour les familles, les groupes d&rsquo;amis, les amoureux de la nature et les curieux d\u00e9sireux de vivre des moments uniques dans un centre qui promeut la conservation des esp\u00e8ces et le bien-\u00eatre des animaux.<\/span><\/p>\n<p><span style=\"font-weight: 400;\">Au Loro Parque, chaque espace est personnalis\u00e9 pour le bien-\u00eatre de chaque esp\u00e8ce, permettant leur d\u00e9veloppement individuel et social dans un environnement con\u00e7u pour favoriser leurs capacit\u00e9s. Le parc abrite une grande vari\u00e9t\u00e9 d&rsquo;animaux, notamment <\/span><b>perroquets, otaries, dauphins, orques<\/b> <span style=\"font-weight: 400;\">et bien d&rsquo;autres esp\u00e8ces menac\u00e9es, qui sont soign\u00e9es par des experts dans un environnement s\u00fbr et adapt\u00e9 \u00e0 leurs besoins.<\/span><\/p>\n<p><span style=\"font-weight: 400;\">En outre, Loro Parque poss\u00e8de le plus grand joyau zoologique qui soit, sa r\u00e9serve de perroquets, o\u00f9 sont soign\u00e9es des esp\u00e8ces et sous-esp\u00e8ces de toute la plan\u00e8te, y compris de nombreuses esp\u00e8ces en voie de disparition. Tous les animaux du parc sont des ambassadeurs de leur esp\u00e8ce et de leur culture. <\/span><b>sont dans un environnement s\u00fbr et s\u00e9curis\u00e9.<\/b><\/p>\n<p><span style=\"font-weight: 400;\">Au Loro Parque, les visiteurs peuvent assister \u00e0 des spectacles de perroquets, d&rsquo;otaries, de dauphins et d&rsquo;orques, et admirer leur habilet\u00e9 et leurs mouvements dans un spectacle plein d&rsquo;excitation et d&rsquo;\u00e9tonnement. Le parc promeut \u00e9galement l&rsquo;\u00e9ducation, la conservation et la recherche sur les esp\u00e8ces afin que les visiteurs puissent d\u00e9couvrir et apprendre \u00e0 conna\u00eetre le monde animal.<\/span><\/p>\n<p><strong><b>Loro Parque Tenerife<\/b> <span style=\"font-weight: 400;\">est une destination id\u00e9ale \u00e0 visiter \u00e0 tout moment de l&rsquo;ann\u00e9e, et offre la possibilit\u00e9 de passer une journ\u00e9e inoubliable dans<\/span> <b>le meilleur zoo du monde.<\/b><span style=\"font-weight: 400;\">. \u00a1<\/span><b>Achetez d\u00e8s maintenant vos billets<\/b> <span style=\"font-weight: 400;\">pour Loro Parque Tenerife et ne manquez pas l&rsquo;occasion de vivre cette exp\u00e9rience unique !<\/span><\/strong>[\/vc_column_text][vc_column_text css=\u00a0\u00bb\u00a0\u00bb]<!--more--><\/p>\n<table class=\"table table-bordered tours-tabs__table\" style=\"height: 233px;\" width=\"862\">\n<tbody>\n<tr>\n<td><strong>HORAIRE<\/strong><\/td>\n<td><span style=\"font-weight: 400;\">09:30 AM a 17:30 PM<\/span><\/td>\n<\/tr>\n<tr>\n<td><strong>CALENDRIER DES SPECTACLES<\/strong><\/td>\n<td><b>Leon Marino<\/b>\n<p><span style=\"font-weight: 400;\">Horaires: 10:00, 11:00, 13:45, 14:30, 15:45<\/span><\/p>\n<p><span style=\"font-weight: 400;\">Dur\u00e9e : 20 minutes<\/span><strong><u><br \/>\n<\/u><\/strong><\/p>\n<p><b>Perroquets<\/b><\/p>\n<p><span style=\"font-weight: 400;\">Horaire : 10:45, 12:30 14:30, 15:30, 16:45<\/span><\/p>\n<p><span style=\"font-weight: 400;\">Dur\u00e9e : 20 minutes<\/span><\/p>\n<p><b>Dauphins<\/b><\/p>\n<p><span style=\"font-weight: 400;\">Horaires : 11:15, 13:00, 14:45, 16:15<\/span><\/p>\n<p><span style=\"font-weight: 400;\">Dur\u00e9e 20 minutes<\/span><\/p>\n<p><b>Orcas<\/b><\/p>\n<p><span style=\"font-weight: 400;\">Horaires : 11:45 14:00 15:30<\/span><\/p>\n<p><span style=\"font-weight: 400;\">Dur\u00e9e 20 minutes<\/span><\/p><\/td>\n<\/tr>\n<tr>\n<td><strong>OPTIONS<\/strong><\/td>\n<td><b>Entr\u00e9e <\/b>\n<p><span style=\"font-weight: 400;\">Comprend l&rsquo;acc\u00e8s au parc<\/span><b><\/b><\/p>\n<p><b>Entr\u00e9e et bus<\/b><\/p>\n<p><span style=\"font-weight: 400;\">Droits d&rsquo;entr\u00e9e et transfert vers le parc<\/span><\/p>\n<p><span style=\"font-weight: 400;\">La visite dure environ 1 heure et 30 minutes \u00e0 partir du dernier point de ramassage. <\/span><\/p>\n<p><span style=\"font-weight: 400;\">Un minimum de 5 heures dans le parc est garanti.<\/span><\/p><\/td>\n<\/tr>\n<tr>\n<td><strong>TARIFS<\/strong><\/td>\n<td>\n<table width=\"748\">\n<tbody>\n<tr>\n<td><\/td>\n<td><\/td>\n<\/tr>\n<tr>\n<td>Entr\u00e9e<\/td>\n<td>\n<table width=\"415\">\n<tbody>\n<tr>\n<td>Adulte : 44\u20ac<\/td>\n<td>Enfant : 32\u20ac (3-11 ans)<\/td>\n<td>B\u00e9b\u00e9 : Gratuit (0-2ans)<\/td>\n<\/tr>\n<\/tbody>\n<\/table>\n<\/td>\n<\/tr>\n<tr>\n<td>Entr\u00e9e et bus<\/td>\n<td>\n<table style=\"height: 36px;\" width=\"394\">\n<tbody>\n<tr>\n<td>Adulte : 64\u20ac<\/td>\n<td>Enfant : 48\u20ac(3-11 ans)<\/td>\n<td>B\u00e9b\u00e9 : 18\u20ac (0-2 ans)<\/td>\n<\/tr>\n<\/tbody>\n<\/table>\n<\/td>\n<\/tr>\n<\/tbody>\n<\/table>\n<\/td>\n<\/tr>\n<\/tbody>\n<\/table>\n<p>[\/vc_column_text][\/vc_column][\/vc_row]<\/p>\n<\/div>","protected":false},"excerpt":{"rendered":"<p><b>Loro Parque Tenerife tickets<\/b>, <span style=\"font-weight: 400;\">vivez une exp\u00e9rience incroyable pour conna\u00eetre tous les secrets du monde animal dans le<\/span> <b>meilleur zoo du monde.<\/b><span style=\"font-weight: 400;\"> selon les utilisateurs de TripAdvisor. Loro Parque est un lieu incontournable pour les familles, les groupes d&rsquo;amis, les amoureux de la nature et les curieux d\u00e9sireux de vivre des moments uniques dans un centre qui promeut la conservation des esp\u00e8ces et le bien-\u00eatre des animaux.<\/span><\/p>\n","protected":false},"featured_media":2568,"comment_status":"open","ping_status":"closed","template":"","meta":{"_joinchat":[]},"product_brand":[],"product_cat":[177],"product_tag":[],"class_list":{"0":"post-2562","1":"product","2":"type-product","3":"status-publish","4":"has-post-thumbnail","6":"product_cat-sans-categorie","7":"pa_tipos_de_ticket-adultes","8":"pa_tipos_de_ticket-bebe-0-2-ans","9":"pa_tipos_de_ticket-enfant-3-11-ans","10":"tour_category-parcs-a-theme","12":"first","13":"instock","14":"taxable","15":"shipping-taxable","16":"purchasable","17":"product-type-tour"},"_links":{"self":[{"href":"https:\/\/holidaytourstenerife.com\/fr\/wp-json\/wp\/v2\/product\/2562","targetHints":{"allow":["GET"]}}],"collection":[{"href":"https:\/\/holidaytourstenerife.com\/fr\/wp-json\/wp\/v2\/product"}],"about":[{"href":"https:\/\/holidaytourstenerife.com\/fr\/wp-json\/wp\/v2\/types\/product"}],"replies":[{"embeddable":true,"href":"https:\/\/holidaytourstenerife.com\/fr\/wp-json\/wp\/v2\/comments?post=2562"}],"wp:featuredmedia":[{"embeddable":true,"href":"https:\/\/holidaytourstenerife.com\/fr\/wp-json\/wp\/v2\/media\/2568"}],"wp:attachment":[{"href":"https:\/\/holidaytourstenerife.com\/fr\/wp-json\/wp\/v2\/media?parent=2562"}],"wp:term":[{"taxonomy":"product_brand","embeddable":true,"href":"https:\/\/holidaytourstenerife.com\/fr\/wp-json\/wp\/v2\/product_brand?post=2562"},{"taxonomy":"product_cat","embeddable":true,"href":"https:\/\/holidaytourstenerife.com\/fr\/wp-json\/wp\/v2\/product_cat?post=2562"},{"taxonomy":"product_tag","embeddable":true,"href":"https:\/\/holidaytourstenerife.com\/fr\/wp-json\/wp\/v2\/product_tag?post=2562"}],"curies":[{"name":"wp","href":"https:\/\/api.w.org\/{rel}","templated":true}]}}