{"id":2573,"date":"2023-04-07T00:03:08","date_gmt":"2023-04-07T00:03:08","guid":{"rendered":"https:\/\/holidaytourstenerife.com\/producto\/siam-park\/"},"modified":"2025-07-31T11:08:51","modified_gmt":"2025-07-31T11:08:51","slug":"siam-park-tickets","status":"publish","type":"product","link":"https:\/\/holidaytourstenerife.com\/fr\/tours\/siam-park-tickets\/","title":{"rendered":"Siam Park"},"content":{"rendered":"<div class=\"wpb-content-wrapper\"><p>[vc_row][vc_column][vc_column_text]<\/p>\n<h1>Siam Park Tenerife<\/h1>\n<p>[\/vc_column_text][vc_separator color=\u00a0\u00bbcustom\u00a0\u00bb align=\u00a0\u00bbalign_left\u00a0\u00bb accent_color=\u00a0\u00bb#47a0ff\u00a0\u00bb border_width=\u00a0\u00bb4&Prime; el_width=\u00a0\u00bb10&Prime;][vc_column_text]<strong>Siam Park Tenerife tickets<\/strong>, d\u00e9couvrez le plus grand <strong>parc aquatique<\/strong> <strong>d&rsquo;Europe<\/strong>, o\u00f9 vous trouverez d\u00e9tente, adr\u00e9naline et amusement dans une exp\u00e9rience inoubliable. Pour la septi\u00e8me ann\u00e9e cons\u00e9cutive, Siam Park a \u00e9t\u00e9 d\u00e9sign\u00e9 <strong>meilleur parc aquatique du monde<\/strong> par les utilisateurs de TripAdvisor.<\/p>\n<p>Les enfants et les adultes peuvent profiter des nombreuses attractions du parc aquatique. Les enfants peuvent s&rsquo;amuser \u00e0 <strong>Coco Beach<\/strong>, un parc aquatique dans le parc aquatique lui-m\u00eame, et se sentir comme de vrais aventuriers sur des man\u00e8ges \u00e0 sensations comme <strong>Bodhi Trail, Sawasdee ou The Lost City.<\/strong><\/p>\n<p>Les adultes en qu\u00eate de calme peuvent se d\u00e9tendre sur les 13 000 m2 de <strong>Siam Beach,<\/strong> une plage de sable blanc de l&rsquo;Algarve, et profiter des vagues au <strong>Wave Palace.<\/strong><\/p>\n<p>Pour les amateurs d&rsquo;adr\u00e9naline, le frisson est garanti avec <strong>Tower of Power,<\/strong> l&rsquo;impressionnant toboggan de 28 m\u00e8tres de haut qui se termine sous un spectacle marin avec des poissons, des raies et des requins. Vous pouvez \u00e9galement d\u00e9fier les lois de la physique sur <strong>Singha, les montagnes russes aquatiques les plus rapides du monde<\/strong>, avec pr\u00e8s de 250 m\u00e8tres de parcours fr\u00e9n\u00e9tique, des virages \u00e0 vitesse extr\u00eame et 14 changements de direction.<\/p>\n<p>En outre, le parc dispose d&rsquo;espaces parfaits pour tous les types de besoins, o\u00f9 vous pouvez donner libre cours \u00e0 des sensations inconnues. Plusieurs \u00e9tablissements o\u00f9 l&rsquo;on peut se restaurer et se ressourcer avec une s\u00e9lection gastronomique d&rsquo;une grande vari\u00e9t\u00e9 de plats biologiques. Siam Park est bien plus qu&rsquo;un parc aquatique, c&rsquo;est une exp\u00e9rience unique \u00e0 ne pas manquer lors de vos vacances \u00e0 Tenerife.[\/vc_column_text][vc_column_text css=\u00a0\u00bb\u00a0\u00bb]<!--more--><\/p>\n<table class=\"table table-bordered tours-tabs__table\" style=\"height: 233px;\" width=\"862\">\n<tbody>\n<tr>\n<td><strong>HORAIRE<\/strong><\/td>\n<td><strong>Horaires d&rsquo;\u00e9t\u00e9 :<\/strong> 10:00 &#8211; 18:00 h ( mai \u00e0 septembre )<br \/>\n<strong>Heures d&rsquo;ouverture en hiver<\/strong> : 10:00 &#8211; 17:00 h (octobre \u00e0 avril)<\/td>\n<\/tr>\n<tr>\n<td><strong>TRANSPORTS<\/strong><\/td>\n<td><strong><u>Service de bus<\/u><\/strong>\n<p>Service gratuit aux arr\u00eats suivants, de 09h30 \u00e0 13h00 avec une fr\u00e9quence de 30 minutes :<\/p>\n<p>&#8211; <strong>Costa Adeje<\/strong>: CC The Duke Shop, CC Fa\u00f1abe Plaza, Villa Adeje Beach<\/p>\n<p><strong>&#8211; Los Cristianos :<\/strong> CC Pasarela, Sol Arona<\/p>\n<p><strong>&#8211; Las Am\u00e9ricas:<\/strong> CC Presidente, Best Tenerife Princess, Llanos de Troya.<\/p><\/td>\n<\/tr>\n<tr>\n<td><strong>OPTIONS<\/strong><\/td>\n<td><strong>Entr\u00e9e <\/strong>\n<p>Comprend l&rsquo;acc\u00e8s au parc et l&rsquo;utilisation des chaises longues et des parasols.<\/p>\n<p><strong>Billet ALL Inclusive<\/strong><\/p>\n<p>Ce billet comprend la r\u00e9servation d&rsquo;un casier, d&rsquo;une serviette, le service tout compris au restaurant self-service Beach Club, l&rsquo;acc\u00e8s pr\u00e9f\u00e9rentiel \u00e0 toutes les attractions (\u00e0 l&rsquo;exception de la Tour du pouvoir).<\/p>\n<p><strong><u>Information:<\/u><\/strong> Vous devez entrer par l&rsquo;entr\u00e9e principale o\u00f9 le code QR de votre billet sera scann\u00e9. Pour acc\u00e9der aux services Premium, vous devez pr\u00e9senter le m\u00eame billet dans les casiers, les serviettes et le restaurant.<\/p><\/td>\n<\/tr>\n<tr>\n<td><b>TARIFS<\/b><\/td>\n<td>\n<table width=\"748\">\n<tbody>\n<tr>\n<td><strong>Entr\u00e9e<\/strong><\/td>\n<td>\n<table width=\"415\">\n<tbody>\n<tr>\n<td>Adulte : 48\u20ac<\/td>\n<td>Enfant : 36\u20ac<\/td>\n<td><\/td>\n<\/tr>\n<\/tbody>\n<\/table>\n<\/td>\n<\/tr>\n<tr>\n<td><strong>Billet ALL Inclusive<\/strong><\/td>\n<td>\n<table width=\"415\">\n<tbody>\n<tr>\n<td>Adulte : 169 \u20ac<\/td>\n<td>Enfant : 169\u20ac<\/td>\n<td><\/td>\n<\/tr>\n<\/tbody>\n<\/table>\n<\/td>\n<\/tr>\n<tr>\n<td><\/td>\n<td>\n<table width=\"415\">\n<tbody>\n<tr>\n<td><\/td>\n<td><\/td>\n<td><\/td>\n<\/tr>\n<\/tbody>\n<\/table>\n<\/td>\n<\/tr>\n<\/tbody>\n<\/table>\n<\/td>\n<\/tr>\n<\/tbody>\n<\/table>\n<p>[\/vc_column_text][\/vc_column][\/vc_row][vc_row][vc_column][vc_video link=\u00a0\u00bbhttps:\/\/youtu.be\/rnnzYaho35U\u00a0\u00bb][\/vc_column][\/vc_row]<\/p>\n<\/div>","protected":false},"excerpt":{"rendered":"<p><strong>Siam Park Tenerife tickets<\/strong>, d\u00e9couvrez le plus grand <strong>parc aquatique<\/strong> <strong>d&rsquo;Europe<\/strong>, o\u00f9 vous trouverez d\u00e9tente, adr\u00e9naline et amusement dans une exp\u00e9rience inoubliable. Pour la septi\u00e8me ann\u00e9e cons\u00e9cutive, Siam Park a \u00e9t\u00e9 d\u00e9sign\u00e9 <strong>meilleur parc aquatique du monde<\/strong> par les utilisateurs de TripAdvisor.<\/p>\n","protected":false},"featured_media":2579,"comment_status":"open","ping_status":"closed","template":"","meta":{"_joinchat":[]},"product_brand":[],"product_cat":[177],"product_tag":[],"class_list":{"0":"post-2573","1":"product","2":"type-product","3":"status-publish","4":"has-post-thumbnail","6":"product_cat-sans-categorie","7":"pa_tipos_de_ticket-adultes","8":"pa_tipos_de_ticket-enfants","9":"pa_tipos_de_ticket-bebe-0-2-ans","10":"pa_tipos_de_ticket-enfant-3-11-ans","11":"tour_category-activites-aquatiques","12":"tour_category-parcs-a-theme","14":"first","15":"instock","16":"taxable","17":"shipping-taxable","18":"purchasable","19":"product-type-tour"},"_links":{"self":[{"href":"https:\/\/holidaytourstenerife.com\/fr\/wp-json\/wp\/v2\/product\/2573","targetHints":{"allow":["GET"]}}],"collection":[{"href":"https:\/\/holidaytourstenerife.com\/fr\/wp-json\/wp\/v2\/product"}],"about":[{"href":"https:\/\/holidaytourstenerife.com\/fr\/wp-json\/wp\/v2\/types\/product"}],"replies":[{"embeddable":true,"href":"https:\/\/holidaytourstenerife.com\/fr\/wp-json\/wp\/v2\/comments?post=2573"}],"wp:featuredmedia":[{"embeddable":true,"href":"https:\/\/holidaytourstenerife.com\/fr\/wp-json\/wp\/v2\/media\/2579"}],"wp:attachment":[{"href":"https:\/\/holidaytourstenerife.com\/fr\/wp-json\/wp\/v2\/media?parent=2573"}],"wp:term":[{"taxonomy":"product_brand","embeddable":true,"href":"https:\/\/holidaytourstenerife.com\/fr\/wp-json\/wp\/v2\/product_brand?post=2573"},{"taxonomy":"product_cat","embeddable":true,"href":"https:\/\/holidaytourstenerife.com\/fr\/wp-json\/wp\/v2\/product_cat?post=2573"},{"taxonomy":"product_tag","embeddable":true,"href":"https:\/\/holidaytourstenerife.com\/fr\/wp-json\/wp\/v2\/product_tag?post=2573"}],"curies":[{"name":"wp","href":"https:\/\/api.w.org\/{rel}","templated":true}]}}