{"id":2584,"date":"2023-04-06T23:53:15","date_gmt":"2023-04-06T23:53:15","guid":{"rendered":"https:\/\/holidaytourstenerife.com\/producto\/excursion-en-bateau-a-masca-au-sud-de-tenerife-shogun-5-heures\/"},"modified":"2023-06-25T20:30:03","modified_gmt":"2023-06-25T20:30:03","slug":"excursion-a-masca-en-bateau","status":"publish","type":"product","link":"https:\/\/holidaytourstenerife.com\/fr\/tours\/excursion-a-masca-en-bateau\/","title":{"rendered":"Excursion \u00e0 Masca en bateau au sud de Tenerife Shogun (5 heures)"},"content":{"rendered":"<div class=\"wpb-content-wrapper\"><p>[vc_row][vc_column][vc_column_text]<\/p>\n<h1>Excursion \u00e0 Masca en bateau au sud de Tenerife Shogun (5 heures)<\/h1>\n<p>[\/vc_column_text][vc_separator color=\u00a0\u00bbcustom\u00a0\u00bb align=\u00a0\u00bbalign_left\u00a0\u00bb border_width=\u00a0\u00bb4&Prime; el_width=\u00a0\u00bb10&Prime; accent_color=\u00a0\u00bb#47a0ff\u00a0\u00bb][vc_column_text]<strong>Excursion \u00e0 Masca en bateau Tenerife 5 heures Vivez une exp\u00e9rience unique \u00e0 bord du <\/strong><strong>SHOGUN<\/strong>, un authentique voilier oriental construit en bois de teck pour l&rsquo;usage priv\u00e9 d&rsquo;un cheikh arabe ! Lors de cette excursion, vous aurez l&rsquo;occasion de voir des <strong>globic\u00e9phales et des grands dauphins<\/strong>, qui sont prot\u00e9g\u00e9s par des normes et des conventions internationales.<\/p>\n<p>Le <strong>SHOGUN<\/strong> respecte ces normes et arbore le pavillon jaune avec la marque bleue du bateau, ce qui garantit l&rsquo;<strong>observation des baleines et des dauphins<\/strong> avec un maximum de garanties pour eux. De plus, gr\u00e2ce \u00e0 la position g\u00e9ographique de la <strong>au sud de Tenerife<\/strong> et l&rsquo;action des aliz\u00e9s et du grand sommet du Mont Teide, la temp\u00e9rature de l&rsquo;eau se maintient entre 17 et 24 degr\u00e9s toute l&rsquo;ann\u00e9e, ce qui garantit la pr\u00e9sence permanente de nombreuses esp\u00e8ces de c\u00e9tac\u00e9s, comme, par exemple : <strong>Globic\u00e9phales, grands dauphins, rorquals communs, cachalots, orques, dauphins \u00e0 bec, dauphins tachet\u00e9s, dauphins communs ou dauphins \u00e0 dents rudes.<\/strong>.<\/p>\n<p>Apr\u00e8s avoir \u00e9t\u00e9 enthousiasm\u00e9s par ces merveilleux animaux, nous nous arr\u00eaterons dans une petite crique pour profiter d&rsquo;une baignade rafra\u00eechissante et d&rsquo;un <strong>d\u00e9jeuner<\/strong> bien m\u00e9rit\u00e9. En outre, le <strong>SHOGUN<\/strong> dispose d&rsquo;un \u00e9quipage exp\u00e9riment\u00e9 et amical, qui vous offrira le meilleur service \u00e0 bord et fera en sorte que vous vous sentiez comme chez vous. Ne manquez pas l&rsquo;occasion de vivre cette a<strong>venture unique \u00e0 Tenerife !<\/strong>[\/vc_column_text][vc_column_text]<!--more--><\/p>\n<table class=\"table table-bordered tours-tabs__table\" style=\"height: 233px;\" width=\"862\">\n<tbody>\n<tr>\n<td><strong>HORAIRE<\/strong><\/td>\n<td>Lundi, mardi, mercredi, jeudi, vendredi et samedi \u00e0 11h00<strong><\/strong><\/td>\n<\/tr>\n<tr>\n<td><strong>TRANSPORTS<\/strong><\/td>\n<td>Bus gratuit Tenerife Sud et Tenerife Nord<\/td>\n<\/tr>\n<tr>\n<td><strong>OPTIONS<\/strong><\/td>\n<td>5 heures d&rsquo;excursion \u00e0 Masca<\/td>\n<\/tr>\n<tr>\n<td><strong>INFORMATIONS COMPL\u00c9MENTAIRES<\/strong><\/td>\n<td>\n<p>Capacit\u00e9 maximale 144 pax<\/p>\n<p>Acc\u00e8s pour les personnes handicap\u00e9es<\/p><\/td>\n<\/tr>\n<tr>\n<td><strong>INCLUANT<\/strong><\/td>\n<td>\n<p><i class=\"fa fa-check icon-tick icon-tick--on\"><\/i>Assurance<\/p>\n<p><i class=\"fa fa-check icon-tick icon-tick--on\"><\/i>Guide des c\u00e9tac\u00e9s (anglais, fran\u00e7ais, allemand, espagnol)<\/p>\n<p><i class=\"fa fa-check icon-tick icon-tick--on\"><\/i>Le d\u00e9jeuner buffet comprend du riz avec des l\u00e9gumes, des cuisses de poulet r\u00f4ties, des boulettes de viande, une salade de chou, du pain et des fruits, des boissons non alcoolis\u00e9es, de la bi\u00e8re et du vin pour le d\u00e9part de 5 heures.<\/p>\n<p>Menu sp\u00e9cial pour les v\u00e9g\u00e9tariens<\/p>\n<p>Menu sp\u00e9cial pour les c\u0153liaques<\/p><\/td>\n<\/tr>\n<tr>\n<td><strong>TARIFS<\/strong><\/td>\n<td><strong>Adultes<\/strong> 53,00 euros<br \/>\n<strong>Enfants<\/strong> de 6 \u00e0 11 ans 26,50 Euros<br \/>\n<strong>De 0 \u00e0 5 ans<\/strong> gratuit<\/td>\n<\/tr>\n<\/tbody>\n<\/table>\n<p>[\/vc_column_text][\/vc_column][\/vc_row][vc_row][vc_column][vc_video link=\u00a0\u00bbhttps:\/\/youtu.be\/7DdwGzgiYBM\u00a0\u00bb][\/vc_column][\/vc_row]<\/p>\n<\/div>","protected":false},"excerpt":{"rendered":"<p><strong>Excursion <strong>\u00e0 Masca<\/strong> <strong>en bateau<\/strong>Tenerife 5 heures Vivez une exp\u00e9rience unique \u00e0 bord du <strong>SHOGUN<\/strong>, un authentique voilier oriental construit en bois de teck pour l&rsquo;usage priv\u00e9 d&rsquo;un cheikh arabe !<\/strong> Lors de cette excursion, vous aurez l&rsquo;occasion de voir des <strong>globic\u00e9phales et des grands dauphins<\/strong>, qui sont prot\u00e9g\u00e9s par des normes et des conventions internationales.<\/p>\n","protected":false},"featured_media":2591,"comment_status":"open","ping_status":"closed","template":"","meta":{"_joinchat":[]},"product_brand":[],"product_cat":[177],"product_tag":[],"class_list":{"0":"post-2584","1":"product","2":"type-product","3":"status-publish","4":"has-post-thumbnail","6":"product_cat-sans-categorie","7":"pa_tipos_de_ticket-adultes","8":"pa_tipos_de_ticket-enfants","9":"pa_tipos_de_ticket-enfant-6-a-11-ans","10":"pa_tipos_de_ticket-bebe-0-a-5-ans","11":"tour_category-excursions-en-bateau","12":"tour_category-observation-de-cetaces","14":"first","15":"instock","16":"taxable","17":"shipping-taxable","18":"purchasable","19":"product-type-tour"},"_links":{"self":[{"href":"https:\/\/holidaytourstenerife.com\/fr\/wp-json\/wp\/v2\/product\/2584","targetHints":{"allow":["GET"]}}],"collection":[{"href":"https:\/\/holidaytourstenerife.com\/fr\/wp-json\/wp\/v2\/product"}],"about":[{"href":"https:\/\/holidaytourstenerife.com\/fr\/wp-json\/wp\/v2\/types\/product"}],"replies":[{"embeddable":true,"href":"https:\/\/holidaytourstenerife.com\/fr\/wp-json\/wp\/v2\/comments?post=2584"}],"wp:featuredmedia":[{"embeddable":true,"href":"https:\/\/holidaytourstenerife.com\/fr\/wp-json\/wp\/v2\/media\/2591"}],"wp:attachment":[{"href":"https:\/\/holidaytourstenerife.com\/fr\/wp-json\/wp\/v2\/media?parent=2584"}],"wp:term":[{"taxonomy":"product_brand","embeddable":true,"href":"https:\/\/holidaytourstenerife.com\/fr\/wp-json\/wp\/v2\/product_brand?post=2584"},{"taxonomy":"product_cat","embeddable":true,"href":"https:\/\/holidaytourstenerife.com\/fr\/wp-json\/wp\/v2\/product_cat?post=2584"},{"taxonomy":"product_tag","embeddable":true,"href":"https:\/\/holidaytourstenerife.com\/fr\/wp-json\/wp\/v2\/product_tag?post=2584"}],"curies":[{"name":"wp","href":"https:\/\/api.w.org\/{rel}","templated":true}]}}