{"id":2593,"date":"2023-03-31T07:31:24","date_gmt":"2023-03-31T07:31:24","guid":{"rendered":"https:\/\/holidaytourstenerife.com\/producto\/excursion-a-la-gomera\/"},"modified":"2025-08-03T11:22:35","modified_gmt":"2025-08-03T11:22:35","slug":"excursion-a-la-gomera","status":"publish","type":"product","link":"https:\/\/holidaytourstenerife.com\/fr\/tours\/excursion-a-la-gomera\/","title":{"rendered":"Excursion \u00e0 La Gomera"},"content":{"rendered":"<div class=\"wpb-content-wrapper\"><p>[vc_row][vc_column][vc_column_text]<\/p>\n<h1>Excursion \u00e0 La Gomera<\/h1>\n<p>[\/vc_column_text][vc_separator color=\u00a0\u00bbcustom\u00a0\u00bb align=\u00a0\u00bbalign_left\u00a0\u00bb accent_color=\u00a0\u00bb#47a0ff\u00a0\u00bb border_width=\u00a0\u00bb4&Prime; el_width=\u00a0\u00bb10&Prime;][vc_column_text]<strong>Excursion \u00e0 La Gomera depuis Tenerife<\/strong>, d\u00e9couverte de la nature et de la culture de <strong> l&rsquo;\u00eele de La Gomera.<\/strong><br \/>\nRejoignez notre excursion depuis Puerto de los Cristianos \u00e0 Tenerife et profitez d&rsquo;une journ\u00e9e inoubliable \u00e0 la d\u00e9couverte de la superbe \u00eele de La Gomera. Apr\u00e8s une confortable travers\u00e9e en ferry, nous arriverons \u00e0 San Sebasti\u00e1n de La Gomera, la capitale de l&rsquo;\u00eele.<\/p>\n<p>Notre premi\u00e8re \u00e9tape sera la magnifique <strong> vall\u00e9e d&rsquo;Hermigua<\/strong>, o\u00f9 nous nous arr\u00eaterons pour admirer les vues \u00e0 couper le souffle et respirer l&rsquo;air frais de la montagne. Nous passerons ensuite par <strong>La Palmita<\/strong> et entrerons dans le <strong>parc national de Garajonay<\/strong>, d\u00e9clar\u00e9 patrimoine mondial de l&rsquo;humanit\u00e9 par l&rsquo;UNESCO, pour atteindre le hameau de Las Rosas \u00e0 Agulo. L\u00e0, vous aurez l&rsquo;occasion de d\u00e9guster un d\u00e9licieux d\u00e9jeuner dans un restaurant local typique (inclus dans le prix de l&rsquo;excursion).<\/p>\n<p>Apr\u00e8s le d\u00e9jeuner, nous continuerons \u00e0 explorer le parc national de Garajonay et ferons un arr\u00eat sp\u00e9cial \u00e0 <strong>La Laguna Grande<\/strong>, un lieu magique entour\u00e9 d&rsquo;une v\u00e9g\u00e9tation luxuriante o\u00f9 les sorci\u00e8res de l&rsquo;\u00eele se seraient r\u00e9unies dans le pass\u00e9.<\/p>\n<p>Sur le chemin du retour, nous nous arr\u00eaterons pour admirer l&rsquo;impressionnant <strong>Roque de Agando<\/strong>, une formation rocheuse de lave volcanique qui s&rsquo;\u00e9l\u00e8ve au-dessus du paysage. Enfin, nous retournerons \u00e0 Saint-S\u00e9bastien, o\u00f9 vous pourrez voir les derni\u00e8res redoutes historiques du passage de Christophe Colomb avant son d\u00e9part pour le continent am\u00e9ricain, comme <strong>la Torre del Conde<\/strong> ou la <strong>Casa de Col\u00f3n<\/strong>.<\/p>\n<p><span style=\"color: #ff0000;\"><strong>NOTE IMPORTANTE :<\/strong> Les documents d&rsquo;identit\u00e9 sont obligatoires.<\/span> Les clients doivent \u00eatre munis de leurs documents d&rsquo;identit\u00e9 ou de leur passeport qui leur seront demand\u00e9s lors de l&#8217;embarquement sur le ferry. Sans ces documents, l&rsquo;acc\u00e8s peut \u00eatre refus\u00e9.<\/p>\n<p>&nbsp;<\/p>\n<h2>Information g\u00e9n\u00e9rale<\/h2>\n<p>[\/vc_column_text][vc_column_text css=\u00a0\u00bb\u00a0\u00bb]<!--more--><\/p>\n<table class=\"table table-bordered tours-tabs__table\" style=\"height: 233px;\" width=\"862\">\n<tbody>\n<tr>\n<td>\n<h3><strong>HORAIRE<\/strong><\/h3>\n<\/td>\n<td>( lundi, mardi, mercredi, jeudi, vendredi et samedi )<br \/>\n07:00 &#8211; 18:30<\/td>\n<\/tr>\n<tr>\n<td>\n<h3><strong>TRANSPORTS<\/strong><\/h3>\n<\/td>\n<td>Recogida desde diferentes punto cerca de tu hotel (desde Playa Para\u00edso hasta El M\u00e9dano)<\/td>\n<\/tr>\n<tr>\n<td>\n<h3><strong>OPTIONS<\/strong><\/h3>\n<\/td>\n<td>La Gomera avec ferry<\/td>\n<\/tr>\n<tr>\n<td>\n<h3><strong>INCLUANT<\/strong><\/h3>\n<\/td>\n<td>\n<table>\n<tbody>\n<tr>\n<td><i class=\"fa fa-check icon-tick icon-tick--on\"><\/i>Bus touristique\n<p><i class=\"fa fa-check icon-tick icon-tick--on\"><\/i>Navire<\/p>\n<p><i class=\"fa fa-check icon-tick icon-tick--on\"><\/i>D\u00e9jeuner<\/p>\n<p><i class=\"fa fa-check icon-tick icon-tick--on\"><\/i>Assurance<\/p>\n<p><i class=\"fa fa-check icon-tick icon-tick--on\"><\/i>Gu\u00edas profesionales (italiano, ruso, espa\u00f1ol, franc\u00e9s, neerland\u00e9s, alem\u00e1n, espa\u00f1ol, franc\u00e9s, alem\u00e1n)<\/p><\/td>\n<\/tr>\n<\/tbody>\n<\/table>\n<\/td>\n<\/tr>\n<tr>\n<td>\n<h3><strong>PRIX<\/strong><\/h3>\n<\/td>\n<td>\n<table style=\"height: 240px;\" width=\"378\">\n<tbody>\n<tr>\n<td><strong>TARIF DU FERRY<\/strong><\/td>\n<td><\/td>\n<\/tr>\n<tr>\n<td><b>Adultes<\/b><\/td>\n<td><span style=\"font-weight: 400;\">105 euros<\/span><\/td>\n<\/tr>\n<tr>\n<td><b>Enfants (2-11 ans)<\/b><\/td>\n<td><span style=\"font-weight: 400;\">75 euros<\/span><\/td>\n<\/tr>\n<tr>\n<td><b>B\u00e9b\u00e9 (0 -1 an)<\/b><\/td>\n<td><span style=\"font-weight: 400;\">15.50 euros<\/span><\/td>\n<\/tr>\n<\/tbody>\n<\/table>\n<\/td>\n<\/tr>\n<\/tbody>\n<\/table>\n<p>[\/vc_column_text][\/vc_column][\/vc_row]<\/p>\n<\/div>","protected":false},"excerpt":{"rendered":"<p>Rejoignez notre excursion depuis <strong>Puerto de los Cristianos \u00e0 Tenerife<\/strong> et profitez d&rsquo;une journ\u00e9e inoubliable \u00e0 la d\u00e9couverte de la superbe \u00eele de <strong>La Gomera..<\/strong> Apr\u00e8s une confortable travers\u00e9e en ferry, nous arriverons \u00e0 <strong>San Sebasti\u00e1n de La Gomera<\/strong>, la capitale de l&rsquo;\u00eele.<\/p>\n","protected":false},"featured_media":2599,"comment_status":"open","ping_status":"closed","template":"","meta":{"_joinchat":[]},"product_brand":[],"product_cat":[177],"product_tag":[],"class_list":{"0":"post-2593","1":"product","2":"type-product","3":"status-publish","4":"has-post-thumbnail","6":"product_cat-sans-categorie","7":"pa_tipos_de_ticket-adultes","8":"pa_tipos_de_ticket-enfants","9":"pa_tipos_de_ticket-bebe-0-a-1-an","10":"pa_tipos_de_ticket-enfants-2-a-11-ans","11":"tour_category-visites-en-bus","13":"first","14":"instock","15":"taxable","16":"shipping-taxable","17":"purchasable","18":"product-type-tour"},"_links":{"self":[{"href":"https:\/\/holidaytourstenerife.com\/fr\/wp-json\/wp\/v2\/product\/2593","targetHints":{"allow":["GET"]}}],"collection":[{"href":"https:\/\/holidaytourstenerife.com\/fr\/wp-json\/wp\/v2\/product"}],"about":[{"href":"https:\/\/holidaytourstenerife.com\/fr\/wp-json\/wp\/v2\/types\/product"}],"replies":[{"embeddable":true,"href":"https:\/\/holidaytourstenerife.com\/fr\/wp-json\/wp\/v2\/comments?post=2593"}],"wp:featuredmedia":[{"embeddable":true,"href":"https:\/\/holidaytourstenerife.com\/fr\/wp-json\/wp\/v2\/media\/2599"}],"wp:attachment":[{"href":"https:\/\/holidaytourstenerife.com\/fr\/wp-json\/wp\/v2\/media?parent=2593"}],"wp:term":[{"taxonomy":"product_brand","embeddable":true,"href":"https:\/\/holidaytourstenerife.com\/fr\/wp-json\/wp\/v2\/product_brand?post=2593"},{"taxonomy":"product_cat","embeddable":true,"href":"https:\/\/holidaytourstenerife.com\/fr\/wp-json\/wp\/v2\/product_cat?post=2593"},{"taxonomy":"product_tag","embeddable":true,"href":"https:\/\/holidaytourstenerife.com\/fr\/wp-json\/wp\/v2\/product_tag?post=2593"}],"curies":[{"name":"wp","href":"https:\/\/api.w.org\/{rel}","templated":true}]}}