{"id":2602,"date":"2023-03-31T07:17:18","date_gmt":"2023-03-31T07:17:18","guid":{"rendered":"https:\/\/holidaytourstenerife.com\/producto\/utopia-boat-party\/"},"modified":"2023-06-29T19:31:43","modified_gmt":"2023-06-29T19:31:43","slug":"fete-du-bateau-utopia","status":"publish","type":"product","link":"https:\/\/holidaytourstenerife.com\/fr\/tours\/fete-du-bateau-utopia\/","title":{"rendered":"F\u00eate du bateau Utopia"},"content":{"rendered":"<div class=\"wpb-content-wrapper\"><p>[vc_row][vc_column][vc_column_text]<\/p>\n<h1>Utopia Tenerife Boat Party<\/h1>\n<p>[\/vc_column_text][vc_separator color=\u00a0\u00bbcustom\u00a0\u00bb align=\u00a0\u00bbalign_left\u00a0\u00bb border_width=\u00a0\u00bb4&Prime; el_width=\u00a0\u00bb10&Prime; accent_color=\u00a0\u00bb#47a0ff\u00a0\u00bb][vc_column_text]<b>Boat Party Tenerife<\/b> <span style=\"font-weight: 400;\">Costa Adeje vous invite \u00e0 participer \u00e0 la meilleure f\u00eate nautique des \u00eeles Canaries, en vivant trois heures de folie sur les vagues \u00e0<\/span> <b>Costa Adeje, Tenerife.<\/b><span style=\"font-weight: 400;\">. Avec les meilleurs DJ locaux, de la musique allant de la deep house, de la tropical house, du RnB, du hip hop et du reggaeton, au grime, au garage, \u00e0 la commercial house et \u00e0 l&rsquo;EDM, et notre open bar pendant toute la dur\u00e9e de la f\u00eate, il s&rsquo;agit d&rsquo;une exp\u00e9rience unique \u00e0 ne pas manquer.<\/span><\/p>\n<p><span style=\"font-weight: 400;\">Nous sommes la premi\u00e8re f\u00eate nautique de T\u00e9n\u00e9rife, avec une r\u00e9putation cinq \u00e9toiles aux Canaries et \u00e0 l&rsquo;\u00e9tranger. En dix ans, nous avons eu plus de 50 000 clients satisfaits.<\/span><span style=\"font-weight: 400;\">Nos navires r\u00e9guliers naviguent tous les<\/span> <b>mercredis, samedis et dimanches.<\/b><span style=\"font-weight: 400;\">d&rsquo;une capacit\u00e9 maximale de 150 passagers. Nous vous recommandons de r\u00e9server \u00e0 l&rsquo;avance pour garantir votre place, car les bateaux se vendent rapidement. C&rsquo;est le seul moyen de garantir une place \u00e0 bord. Participez \u00e0 la f\u00eate en bateau la plus populaire de Tenerife et vivez une exp\u00e9rience inoubliable avec <\/span><b>Party Boat Tenerife Costa Adeje !<br \/>\n<\/b><\/p>\n<ul>\n<li><b>Ticket standard<\/b><b><\/b><\/li>\n<\/ul>\n<p><span style=\"font-weight: 400;\">Une boisson gratuite \u00e0 la pr\u00e9-f\u00eate et un open bar de 3 heures avec de la bi\u00e8re, des spiritueux locaux et des boissons m\u00e9lang\u00e9es. \u00c0 bord, la musique pour maintenir les vibrations est House, RnB, DnB, EDM, Reggaeton, Hip Hop, avec les meilleurs DJs et MCs r\u00e9sidents.<\/span><b><\/b><\/p>\n<ul>\n<li><b>Ticket Premium<\/b><b><\/b><\/li>\n<\/ul>\n<p><span style=\"font-weight: 400;\">Une boisson gratuite \u00e0 la pr\u00e9-f\u00eate et 3 heures d&rsquo;open bar avec PREMIUM Absolut, Bacardi, Havana, Beefeater Gin Normal et Pink, Disaronno, Archers, Malibu, Jim Bean, etc. (y compris Redbull et m\u00e9langeurs Premium).<\/span><b><br \/>\n<\/b><\/p>\n<ul>\n<li><b>VIP Ticket<\/b><b><\/b><\/li>\n<\/ul>\n<p><span style=\"font-weight: 400;\">Une boisson gratuite \u00e0 la pr\u00e9-f\u00eate, y compris l&#8217;embarquement prioritaire sur le navire et une coupe de champagne \u00e0 l&rsquo;arriv\u00e9e. Vous disposerez \u00e9galement d&rsquo;un espace VIP priv\u00e9 \u00e0 bord, avec des chaises longues doubles de luxe. Le billet VIP comprend \u00e9galement un open bar avec PREMIUM Absolut, Bacardi, Havana, Beefeater Gin Normal et Pink, Disaronno, Archers, Malibu, Jim Bean etc&#8230; (Inc. Redbull &amp; Premium Mixers).<\/span><\/p>\n<p><b> <\/b>[\/vc_column_text][vc_column_text]<!--more--><\/p>\n<table class=\"table table-bordered tours-tabs__table\" style=\"height: 233px;\" width=\"862\">\n<tbody>\n<tr>\n<td><strong>SORTIES<\/strong><\/td>\n<td>Mercredi, vendredi et samedi.<\/td>\n<\/tr>\n<tr>\n<td><strong>AGE<\/strong><\/td>\n<td><strong>IMPORTANT!<\/strong> Uniquement les personnes \u00e2g\u00e9es de plus de 18 ans<\/td>\n<\/tr>\n<tr>\n<td><strong>EXP\u00c9DITION<\/strong><\/td>\n<td>Puerto de Los Cristianos<\/td>\n<\/tr>\n<tr>\n<td><strong>OPTIONS<\/strong><\/td>\n<td><strong>Standard<\/strong> 70,00 euros<br \/>\n<strong>Premium<\/strong> 90,00 euros<br \/>\n<strong>VIP<\/strong> 110,00 euros<\/td>\n<\/tr>\n<\/tbody>\n<\/table>\n<p>[\/vc_column_text][\/vc_column][\/vc_row][vc_row][vc_column][vc_video link=\u00a0\u00bbhttps:\/\/youtu.be\/m2QFhSMTDU8&Prime;][\/vc_column][\/vc_row]<\/p>\n<\/div>","protected":false},"excerpt":{"rendered":"<p><b>Boat Party Tenerife<\/b> <span style=\"font-weight: 400;\">Costa Adeje vous invite \u00e0 participer \u00e0 la meilleure f\u00eate nautique des \u00eeles Canaries, en vivant trois heures de folie sur les vagues \u00e0<\/span> <b>Costa Adeje, Tenerife.<\/b><span style=\"font-weight: 400;\">. Avec les meilleurs DJ locaux, de la musique allant de la deep house, de la tropical house, du RnB, du hip hop et du reggaeton, au grime, au garage, \u00e0 la commercial house et \u00e0 l&rsquo;EDM, et notre open bar pendant toute la dur\u00e9e de la f\u00eate, il s&rsquo;agit d&rsquo;une exp\u00e9rience unique \u00e0 ne pas manquer.<\/span><\/p>\n","protected":false},"featured_media":2604,"comment_status":"open","ping_status":"closed","template":"","meta":{"_joinchat":[]},"product_brand":[],"product_cat":[177],"product_tag":[],"class_list":{"0":"post-2602","1":"product","2":"type-product","3":"status-publish","4":"has-post-thumbnail","6":"product_cat-sans-categorie","7":"tour_category-excursions-en-bateau","9":"first","10":"instock","11":"taxable","12":"shipping-taxable","13":"purchasable","14":"product-type-tour"},"_links":{"self":[{"href":"https:\/\/holidaytourstenerife.com\/fr\/wp-json\/wp\/v2\/product\/2602","targetHints":{"allow":["GET"]}}],"collection":[{"href":"https:\/\/holidaytourstenerife.com\/fr\/wp-json\/wp\/v2\/product"}],"about":[{"href":"https:\/\/holidaytourstenerife.com\/fr\/wp-json\/wp\/v2\/types\/product"}],"replies":[{"embeddable":true,"href":"https:\/\/holidaytourstenerife.com\/fr\/wp-json\/wp\/v2\/comments?post=2602"}],"wp:featuredmedia":[{"embeddable":true,"href":"https:\/\/holidaytourstenerife.com\/fr\/wp-json\/wp\/v2\/media\/2604"}],"wp:attachment":[{"href":"https:\/\/holidaytourstenerife.com\/fr\/wp-json\/wp\/v2\/media?parent=2602"}],"wp:term":[{"taxonomy":"product_brand","embeddable":true,"href":"https:\/\/holidaytourstenerife.com\/fr\/wp-json\/wp\/v2\/product_brand?post=2602"},{"taxonomy":"product_cat","embeddable":true,"href":"https:\/\/holidaytourstenerife.com\/fr\/wp-json\/wp\/v2\/product_cat?post=2602"},{"taxonomy":"product_tag","embeddable":true,"href":"https:\/\/holidaytourstenerife.com\/fr\/wp-json\/wp\/v2\/product_tag?post=2602"}],"curies":[{"name":"wp","href":"https:\/\/api.w.org\/{rel}","templated":true}]}}