{"id":2612,"date":"2023-03-29T01:27:40","date_gmt":"2023-03-29T01:27:40","guid":{"rendered":"https:\/\/holidaytourstenerife.com\/producto\/quad-world\/"},"modified":"2024-03-08T19:32:24","modified_gmt":"2024-03-08T19:32:24","slug":"excursion-quad-tenerife","status":"publish","type":"product","link":"https:\/\/holidaytourstenerife.com\/fr\/tours\/excursion-quad-tenerife\/","title":{"rendered":"Quad World"},"content":{"rendered":"<div class=\"wpb-content-wrapper\"><p>[vc_row][vc_column][vc_column_text]<\/p>\n<h1>Excursi\u00f3n quad Tenerife<\/h1>\n<p>[\/vc_column_text][vc_separator color=\u00a0\u00bbcustom\u00a0\u00bb align=\u00a0\u00bbalign_left\u00a0\u00bb border_width=\u00a0\u00bb4&Prime; el_width=\u00a0\u00bb10&Prime; accent_color=\u00a0\u00bb#47a0ff\u00a0\u00bb][vc_column_text]<strong>Excursion en quad \u00e0 Tenerife<\/strong> D\u00e9couvrez l&rsquo;\u00eele d&rsquo;un point de vue diff\u00e9rent. <strong>L&rsquo;excursion en quad<\/strong> est l&rsquo;une des <strong>activit\u00e9s les plus amusantes<\/strong> que vous puissiez faire \u00e0 <strong>Tenerife.<\/strong> Cette activit\u00e9 vous permettra de d\u00e9couvrir l&rsquo;\u00eele sous un autre angle et d&rsquo;appr\u00e9cier la beaut\u00e9 de ses paysages.<\/p>\n<p>Les quads sont des v\u00e9hicules impressionnants et s\u00fbrs \u00e0 conduire, qui vous permettront d&rsquo;atteindre le <strong>parc national du Teide<\/strong>, le plus haut sommet d&rsquo;Espagne. Au cours de l&rsquo;excursion, vous ferez plusieurs arr\u00eats \u00e0 des endroits pittoresques de l&rsquo;\u00eele, o\u00f9 vous pourrez profiter de la beaut\u00e9 du paysage. En outre, vous aurez l&rsquo;occasion de faire une excursion hors route au milieu de la brousse, o\u00f9 vous pourrez tester vos talents de conducteur.<\/p>\n<p>Vous pouvez choisir entre un <strong>quad simple<\/strong> pour une personne ou un <strong>quad double<\/strong> pour deux personnes, ce qui en fait une activit\u00e9 id\u00e9ale pour les couples ou les amis. L&rsquo;excursion dure <strong>plusieurs heures<\/strong> et le prix comprend la location du quad et l&rsquo;\u00e9quipement de s\u00e9curit\u00e9 n\u00e9cessaire \u00e0 l&rsquo;activit\u00e9.<\/p>\n<p>Ne manquez pas l&rsquo;occasion de <strong>d\u00e9couvrir l&rsquo;\u00eele de T\u00e9n\u00e9rife<\/strong> d&rsquo;une mani\u00e8re diff\u00e9rente et passionnante. <strong>R\u00e9servez<\/strong> d\u00e8s maintenant votre tour en quad et vivez une exp\u00e9rience inoubliable sur l&rsquo;\u00eele.<\/p>\n<p><strong>Types de quads disponibles :<\/strong><\/p>\n<ul>\n<li><strong>Quad Forest 4hr<\/strong><\/li>\n<\/ul>\n<p>C&rsquo;est le circuit le plus appropri\u00e9 pour ceux qui recherchent <strong>amusant<\/strong> y <strong>des \u00e9motions fortes <\/strong>Nous aurons l&rsquo;occasion de tester les limites du quad, car la majeure partie du temps est consacr\u00e9e au hors-piste au milieu d&rsquo;une for\u00eat. <strong>,d\u00e9rapage<\/strong> et de sauter tout cela dans un environnement qui combine <strong>la nature et les espaces sauvages. <\/strong>De l&rsquo;adr\u00e9naline \u00e0 l&rsquo;\u00e9tat pur. Dur\u00e9e : 3 heures.<\/p>\n<p>D\u00e9nivel\u00e9 :1 500 m.<\/p>\n<p>Distance : 50 km.<\/p>\n<ul>\n<li><strong>Quad Teide Tour 3hr <\/strong><\/li>\n<\/ul>\n<p><strong>Ce<\/strong> circuit est plus pittoresque et relaxant car il est con\u00e7u pour nous permettre de profiter de la beaut\u00e9 de l&rsquo;\u00eele, de sa flore et de sa faune. En montant vers le parc national du Teide (<strong>2200<\/strong> m environ), nous pouvons voir comment le paysage et le climat changent. Nous trouverons des for\u00eats de pins canariens et d&rsquo;immenses extensions rocheuses produits de millions d&rsquo;ann\u00e9es d&rsquo;\u00e9rosion, pour cette raison nous ferons plusieurs arr\u00eats, avec la possibilit\u00e9 de prendre des photos, en particulier au <strong>Mirador de los Poleos<\/strong> et au <strong>Mirador de Roques de<\/strong> <strong>Garcia<\/strong>. <strong>Inoubliable<\/strong> !!!!!<\/p>\n<p>Dur\u00e9e : 4 heures.<\/p>\n<p>D\u00e9nivel\u00e9 : 2 400 m.<\/p>\n<p>Distance : 90 Km.<\/p>\n<ul>\n<li><strong>Quad Teide Coucher de soleil 3 heures<\/strong><\/li>\n<\/ul>\n<p>L&rsquo;ascension du mont Teide au coucher du soleil en quad est probablement l&rsquo;une des exp\u00e9riences les plus <strong>r\u00e9ussies<\/strong> que vous puissiez faire. Voir les changements de paysage, les couleurs et l&rsquo;air nous fait appr\u00e9cier l&rsquo;excursion et les moments que nous allons photographier pendant l&rsquo;ascension, des <strong>panoramas uniques.<\/strong><\/p>\n<p>Dur\u00e9e : 3-4 h<\/p>\n<p>Altitude : 2400m<\/p>\n<p>Distance : 90 km (ou moins)[\/vc_column_text][vc_column_text]<!--more--><\/p>\n<table class=\"table table-bordered tours-tabs__table\" style=\"height: 233px;\" width=\"862\">\n<tbody>\n<tr>\n<td><strong>HORAIRE<\/strong><\/td>\n<td>Tour du Teide 3 heures<br \/>\nCoucher de soleil sur le Teide 3 heures<br \/>\nFor\u00eat 4 heures<\/td>\n<\/tr>\n<tr>\n<td><strong>TRANSPORTS<\/strong><\/td>\n<td>Prise en charge gratuite \u00e0 votre h\u00f4tel (veuillez \u00eatre pr\u00eat 1 heure avant la r\u00e9servation !!!!!<\/td>\n<\/tr>\n<tr>\n<td><strong>AGE<\/strong><\/td>\n<td>IMPORTANT! Seules les personnes \u00e2g\u00e9es de 18 ans ou plus peuvent conduire <strong>(avec un permis de conduire).<\/strong>\n<p>Les personnes \u00e2g\u00e9es de 7 \u00e0 17 ans peuvent prendre place derri\u00e8re le conducteur. Les enfants de moins de 7 ans ne sont pas admis sur le quad.<\/p><\/td>\n<\/tr>\n<tr>\n<td><strong>INCLUANT<\/strong><\/td>\n<td>\n<table class=\"table table-bordered\" style=\"height: 153px;\" width=\"442\">\n<tbody>\n<tr>\n<td><i class=\"fa fa-check icon-tick icon-tick--on\"><\/i>Service de ramassage \u00e0 l&rsquo;h\u00f4tel<\/td>\n<td><\/td>\n<\/tr>\n<\/tbody>\n<\/table>\n<table class=\"table table-bordered\" style=\"height: 91px;\" width=\"512\">\n<tbody>\n<tr>\n<td><i class=\"fa fa-check icon-tick icon-tick--on\"><\/i>Veste et casque<\/td>\n<td><\/td>\n<\/tr>\n<\/tbody>\n<\/table>\n<table class=\"table table-bordered\" style=\"height: 61px;\" width=\"296\">\n<tbody>\n<tr>\n<td><i class=\"fa fa-check icon-tick icon-tick--on\"><\/i>Guides professionnels<\/td>\n<td><\/td>\n<\/tr>\n<\/tbody>\n<\/table>\n<table class=\"table table-bordered\" style=\"height: 91px;\" width=\"512\">\n<tbody>\n<tr>\n<td><i class=\"fa fa-check icon-tick icon-tick--on\"><\/i>Assurance<\/td>\n<\/tr>\n<\/tbody>\n<\/table>\n<table class=\"table table-bordered\" style=\"height: 153px;\" width=\"442\">\n<tbody>\n<tr>\n<td><i class=\"fa fa-check icon-tick icon-tick--on\"><\/i>3 heures de pizza et de cava<\/td>\n<\/tr>\n<\/tbody>\n<\/table>\n<table class=\"table table-bordered\" style=\"height: 153px;\" width=\"442\">\n<tbody>\n<tr>\n<td><i class=\"fa fa-check icon-tick icon-tick--on\"><\/i>4 heures pizza et rafra\u00eechissements<\/td>\n<\/tr>\n<\/tbody>\n<\/table>\n<\/td>\n<\/tr>\n<tr>\n<td><strong>TARIFS<\/strong><\/td>\n<td>\n<table width=\"521\">\n<tbody>\n<tr>\n<td><strong>Quad forestier (40% hors route)<\/strong><\/td>\n<td>\n<table width=\"222\">\n<tbody>\n<tr>\n<td>Personne seule : 120 \u20ac<\/td>\n<td>Double : 140<\/td>\n<\/tr>\n<\/tbody>\n<\/table>\n<\/td>\n<\/tr>\n<tr>\n<td><strong>Quad Teide Tour<\/strong><\/td>\n<td>\n<table width=\"222\">\n<tbody>\n<tr>\n<td>Personne seule : 115\u20ac<\/td>\n<td>Double : 135\u20ac.<\/td>\n<\/tr>\n<\/tbody>\n<\/table>\n<\/td>\n<\/tr>\n<tr>\n<td><strong>Quad Teide Coucher de soleil<\/strong><\/td>\n<td>\n<table width=\"222\">\n<tbody>\n<tr>\n<td>Personne seule : 110\u20ac<\/td>\n<td>Double : 135\u20ac.<\/td>\n<\/tr>\n<\/tbody>\n<\/table>\n<\/td>\n<\/tr>\n<\/tbody>\n<\/table>\n<\/td>\n<\/tr>\n<\/tbody>\n<\/table>\n<p>[\/vc_column_text][\/vc_column][\/vc_row][vc_row][vc_column][vc_video link=\u00a0\u00bbhttps:\/\/youtu.be\/o-HP0QT-R4E\u00a0\u00bb][\/vc_column][\/vc_row]<\/p>\n<\/div>","protected":false},"excerpt":{"rendered":"<p><strong>Excursion en quad \u00e0 Tenerife<\/strong> D\u00e9couvrez l&rsquo;\u00eele d&rsquo;un point de vue diff\u00e9rent. <strong>L&rsquo;excursion en quad<\/strong> est l&rsquo;une des <strong>activit\u00e9s les plus amusantes<\/strong> que vous puissiez faire \u00e0 <strong>Tenerife.<\/strong> Cette activit\u00e9 vous permettra de d\u00e9couvrir l&rsquo;\u00eele sous un autre angle et d&rsquo;appr\u00e9cier la beaut\u00e9 de ses paysages.<\/p>\n","protected":false},"featured_media":2615,"comment_status":"open","ping_status":"closed","template":"","meta":{"_joinchat":[]},"product_brand":[],"product_cat":[177],"product_tag":[],"class_list":{"0":"post-2612","1":"product","2":"type-product","3":"status-publish","4":"has-post-thumbnail","6":"product_cat-sans-categorie","7":"pa_tipos_de_ticket-unique","8":"pa_tipos_de_ticket-doble-2-fr","9":"tour_category-sports-et-aventures","11":"first","12":"instock","13":"taxable","14":"shipping-taxable","15":"purchasable","16":"product-type-tour"},"_links":{"self":[{"href":"https:\/\/holidaytourstenerife.com\/fr\/wp-json\/wp\/v2\/product\/2612","targetHints":{"allow":["GET"]}}],"collection":[{"href":"https:\/\/holidaytourstenerife.com\/fr\/wp-json\/wp\/v2\/product"}],"about":[{"href":"https:\/\/holidaytourstenerife.com\/fr\/wp-json\/wp\/v2\/types\/product"}],"replies":[{"embeddable":true,"href":"https:\/\/holidaytourstenerife.com\/fr\/wp-json\/wp\/v2\/comments?post=2612"}],"wp:featuredmedia":[{"embeddable":true,"href":"https:\/\/holidaytourstenerife.com\/fr\/wp-json\/wp\/v2\/media\/2615"}],"wp:attachment":[{"href":"https:\/\/holidaytourstenerife.com\/fr\/wp-json\/wp\/v2\/media?parent=2612"}],"wp:term":[{"taxonomy":"product_brand","embeddable":true,"href":"https:\/\/holidaytourstenerife.com\/fr\/wp-json\/wp\/v2\/product_brand?post=2612"},{"taxonomy":"product_cat","embeddable":true,"href":"https:\/\/holidaytourstenerife.com\/fr\/wp-json\/wp\/v2\/product_cat?post=2612"},{"taxonomy":"product_tag","embeddable":true,"href":"https:\/\/holidaytourstenerife.com\/fr\/wp-json\/wp\/v2\/product_tag?post=2612"}],"curies":[{"name":"wp","href":"https:\/\/api.w.org\/{rel}","templated":true}]}}