{"id":2622,"date":"2023-03-29T01:18:21","date_gmt":"2023-03-29T01:18:21","guid":{"rendered":"https:\/\/holidaytourstenerife.com\/producto\/bateau-en-verre-diamant\/"},"modified":"2023-06-28T20:45:37","modified_gmt":"2023-06-28T20:45:37","slug":"bateau-en-verre-diamant","status":"publish","type":"product","link":"https:\/\/holidaytourstenerife.com\/fr\/tours\/bateau-en-verre-diamant\/","title":{"rendered":"Bateau en verre Diamant"},"content":{"rendered":"<div class=\"wpb-content-wrapper\"><p>[vc_row][vc_column][vc_column_text]<\/p>\n<h1>Bateau en verre Diamant<\/h1>\n<p>[\/vc_column_text][vc_separator color=\u00a0\u00bbcustom\u00a0\u00bb align=\u00a0\u00bbalign_left\u00a0\u00bb border_width=\u00a0\u00bb4&Prime; el_width=\u00a0\u00bb10&Prime; accent_color=\u00a0\u00bb#47a0ff\u00a0\u00bb][vc_column_text]Montez \u00e0 bord de notre <strong>bateau en verre<\/strong> de T\u00e9n\u00e9rife et p\u00e9n\u00e9trez dans le monde marin du s<strong>ud de T\u00e9n\u00e9rife.<\/strong> Profitez de l&rsquo;exp\u00e9rience unique d&rsquo;observer les <strong>dauphins et les globic\u00e9phales<\/strong> dans leur habitat naturel tout en naviguant dans les eaux cristallines de l&rsquo;oc\u00e9an Atlantique.<\/p>\n<p>Avec notre bateau au design unique, vous pourrez profiter d&rsquo;une vue panoramique sur les animaux gr\u00e2ce au <strong>fond transparent<\/strong> du bateau, ce qui rendra l&rsquo;exp\u00e9rience encore plus inoubliable.<\/p>\n<p>Nous proposons des d\u00e9parts partag\u00e9s de 2 ou 3 heures, avec une <strong>capacit\u00e9 maximale de 12 personnes<\/strong>, ce qui permet une exp\u00e9rience plus personnalis\u00e9e et exclusive. Notre \u00e9quipe de guides experts vous fournira des informations d\u00e9taill\u00e9es sur les animaux et leur habitat afin que vous puissiez profiter de cette aventure en toute connaissance de cause.<\/p>\n<p>Ne manquez pas l&rsquo;occasion de vivre cette exp\u00e9rience unique et <strong>r\u00e9servez d\u00e8s maintenant votre place<\/strong> pour cette aventure dans le <strong>sud de T\u00e9n\u00e9riffe.<\/strong>[\/vc_column_text][vc_column_text]<!--more--><\/p>\n<table class=\"table table-bordered tours-tabs__table\" style=\"height: 233px;\" width=\"862\">\n<tbody>\n<tr>\n<td><strong>HORAIRE<\/strong><\/td>\n<td><strong>Horaires<\/strong> (tous les jours) <strong>:<\/strong><br \/>\n10:00 -13:00 &#8211; 3 heures<br \/>\n15:00 -17:00 &#8211; 2 heures<\/td>\n<\/tr>\n<tr>\n<td><strong>TRANSPORTS<\/strong><\/td>\n<td>Gratuit depuis votre h\u00f4tel<\/td>\n<\/tr>\n<tr>\n<td><strong>OPTIONS<\/strong><\/td>\n<td>2 heures partag\u00e9es (tous les jours)<br \/>\n3 heures partag\u00e9es (tous les jours)<br \/>\nCharte priv\u00e9e (max 12 personnes) Contacter le bureau<\/td>\n<\/tr>\n<tr>\n<td><strong>INCLUANT<\/strong><\/td>\n<td>\n<table class=\"table table-bordered\" style=\"height: 62px;\" width=\"300\">\n<tbody>\n<tr>\n<td><i class=\"fa fa-check icon-tick icon-tick--on\"><\/i>Assurance<\/td>\n<td><i class=\"fa fa-check icon-tick icon-tick--on\"><\/i>Transfert depuis votre h\u00f4tel<\/td>\n<\/tr>\n<tr>\n<td><i class=\"fa fa-check icon-tick icon-tick--on\"><\/i>Boissons et snacks<\/td>\n<td><\/td>\n<\/tr>\n<\/tbody>\n<\/table>\n<\/td>\n<\/tr>\n<tr>\n<td><b>TARIFS<\/b><\/td>\n<td>\n<table width=\"748\">\n<tbody>\n<tr>\n<td><strong>2 heures<\/strong><\/td>\n<td>\n<table width=\"415\">\n<tbody>\n<tr>\n<td>Adulte : 45\u20ac<\/td>\n<td>Enfant : 30\u20ac<\/td>\n<td>Boisson : Gratuit<\/td>\n<\/tr>\n<\/tbody>\n<\/table>\n<\/td>\n<\/tr>\n<tr>\n<td><strong>3 heures<\/strong><\/td>\n<td>\n<table width=\"415\">\n<tbody>\n<tr>\n<td>Adulte : 65\u20ac<\/td>\n<td>Enfant : 45\u20ac<\/td>\n<td>Boisson : Gratuit<\/td>\n<\/tr>\n<\/tbody>\n<\/table>\n<\/td>\n<\/tr>\n<\/tbody>\n<\/table>\n<\/td>\n<\/tr>\n<\/tbody>\n<\/table>\n<p>[\/vc_column_text][\/vc_column][\/vc_row]<\/p>\n<\/div>","protected":false},"excerpt":{"rendered":"<p>Montez \u00e0 bord de notre <strong>bateau en verre<\/strong> de T\u00e9n\u00e9rife et p\u00e9n\u00e9trez dans le monde marin du s<strong>ud de T\u00e9n\u00e9rife.<\/strong> Profitez de l&rsquo;exp\u00e9rience unique d&rsquo;observer les <strong>dauphins et les globic\u00e9phales<\/strong> dans leur habitat naturel tout en naviguant dans les eaux cristallines de l&rsquo;oc\u00e9an Atlantique.<\/p>\n","protected":false},"featured_media":2628,"comment_status":"open","ping_status":"closed","template":"","meta":{"_joinchat":[]},"product_brand":[],"product_cat":[177],"product_tag":[],"class_list":{"0":"post-2622","1":"product","2":"type-product","3":"status-publish","4":"has-post-thumbnail","6":"product_cat-sans-categorie","7":"pa_tipos_de_ticket-adultes","8":"pa_tipos_de_ticket-enfants","9":"pa_tipos_de_ticket-bebe-0-2-ans","10":"pa_tipos_de_ticket-enfant-3-11-ans","11":"tour_category-excursions-en-bateau","12":"tour_category-observation-de-cetaces","14":"first","15":"instock","16":"taxable","17":"shipping-taxable","18":"purchasable","19":"product-type-tour"},"_links":{"self":[{"href":"https:\/\/holidaytourstenerife.com\/fr\/wp-json\/wp\/v2\/product\/2622","targetHints":{"allow":["GET"]}}],"collection":[{"href":"https:\/\/holidaytourstenerife.com\/fr\/wp-json\/wp\/v2\/product"}],"about":[{"href":"https:\/\/holidaytourstenerife.com\/fr\/wp-json\/wp\/v2\/types\/product"}],"replies":[{"embeddable":true,"href":"https:\/\/holidaytourstenerife.com\/fr\/wp-json\/wp\/v2\/comments?post=2622"}],"wp:featuredmedia":[{"embeddable":true,"href":"https:\/\/holidaytourstenerife.com\/fr\/wp-json\/wp\/v2\/media\/2628"}],"wp:attachment":[{"href":"https:\/\/holidaytourstenerife.com\/fr\/wp-json\/wp\/v2\/media?parent=2622"}],"wp:term":[{"taxonomy":"product_brand","embeddable":true,"href":"https:\/\/holidaytourstenerife.com\/fr\/wp-json\/wp\/v2\/product_brand?post=2622"},{"taxonomy":"product_cat","embeddable":true,"href":"https:\/\/holidaytourstenerife.com\/fr\/wp-json\/wp\/v2\/product_cat?post=2622"},{"taxonomy":"product_tag","embeddable":true,"href":"https:\/\/holidaytourstenerife.com\/fr\/wp-json\/wp\/v2\/product_tag?post=2622"}],"curies":[{"name":"wp","href":"https:\/\/api.w.org\/{rel}","templated":true}]}}