{"id":2629,"date":"2023-03-29T01:03:08","date_gmt":"2023-03-29T01:03:08","guid":{"rendered":"https:\/\/holidaytourstenerife.com\/producto\/buggy-teide\/"},"modified":"2024-10-26T18:04:33","modified_gmt":"2024-10-26T18:04:33","slug":"excursion-buggy-teide","status":"publish","type":"product","link":"https:\/\/holidaytourstenerife.com\/fr\/tours\/excursion-buggy-teide\/","title":{"rendered":"Buggy Teide"},"content":{"rendered":"<div class=\"wpb-content-wrapper\"><p>[vc_row][vc_column][vc_column_text]<\/p>\n<h1>Excursion en buggy au Teide<\/h1>\n<p>[\/vc_column_text][vc_separator color=\u00a0\u00bbcustom\u00a0\u00bb align=\u00a0\u00bbalign_left\u00a0\u00bb border_width=\u00a0\u00bb4&Prime; el_width=\u00a0\u00bb10&Prime; accent_color=\u00a0\u00bb#47a0ff\u00a0\u00bb][vc_column_text]<strong>Tour de Teide en buggy<\/strong>, profitez d&rsquo;une aventure passionnante \u00e0 bord de notre <strong>buggy Polaris RZR<\/strong>, le leader mondial des v\u00e9hicules tout-terrain de haute performance. Nous commencerons l&rsquo;excursion en venant vous chercher \u00e0 votre h\u00f4tel, de Playa Para\u00edso \u00e0 Los Cristianos.<\/p>\n<p>Avant de commencer le tour, nous ferons un briefing rapide pour vous montrer comment utiliser nos <strong>buggies Polaris<\/strong> et passer en revue les exigences de s\u00e9curit\u00e9. Ensuite, nous ferons un petit test de 15 minutes pour que vous puissiez profiter pleinement de nos machines et montrer vos comp\u00e9tences.<\/p>\n<p>Ensuite, nous partirons pour le <strong>volcan Teide<\/strong>, le plus haut sommet d&rsquo;Espagne et le troisi\u00e8me plus haut volcan du monde. Les paysages lunaires vous laisseront sans voix, c&rsquo;est un incontournable de l&rsquo;\u00eele ! Et pour se d\u00e9tendre apr\u00e8s l&rsquo;aventure, nous visiterons une cave o\u00f9 vous <strong>pourrez d\u00e9guster des vins locaux, des pommes de terre rid\u00e9es et du fromage de ch\u00e8vre fait maison.<\/strong><\/p>\n<p>Une fois l<strong>&lsquo;exp\u00e9rience du buggy<\/strong> termin\u00e9e, nous vous ram\u00e8nerons \u00e0 votre h\u00f4tel avec votre famille et vos amis.<\/p>\n<p>Cette <strong>excursion en buggy sur le Teide<\/strong> est une exp\u00e9rience que vous n&rsquo;oublierez jamais ! Osez vivre le frisson de la conduite sur les terrains les plus surprenants de T\u00e9n\u00e9riffe.<\/p>\n<p><strong>Caract\u00e9ristiques du buggy.<\/strong><\/p>\n<p><strong>Type de moteur<\/strong>:Injection \u00e9lectronique\/ 4 temps DACT 9000cc 75HP<\/p>\n<p><strong>Transmission<\/strong> : Automatique<\/p>\n<p><strong>Suspension :<\/strong> Fox\u00ae 2.0 PODIUM<\/p>\n<p><strong>Direction assist\u00e9e \u00e9lectronique<\/strong> : Oui[\/vc_column_text][vc_column_text]<!--more--><\/p>\n<table class=\"table table-bordered tours-tabs__table\" style=\"height: 233px;\" width=\"862\">\n<tbody>\n<tr>\n<td><strong>AGE<\/strong><\/td>\n<td><strong>IMPORTANT!<\/strong> Seules les personnes \u00e2g\u00e9es de 18 ans ou plus peuvent conduire (avec un permis de conduire B valide).<br \/>\nLes permis temporaires ne sont pas accept\u00e9s.<br \/>\nChaussures ferm\u00e9es, tongs interdites.<br \/>\nL&rsquo;\u00e2ge minimum est de 8 ans ou de 1,2 m\u00e8tre.<\/td>\n<\/tr>\n<tr>\n<td><strong>DUR\u00c9E<\/strong><\/td>\n<td>3 heures<\/td>\n<\/tr>\n<tr>\n<td><strong>TRANSPORTS<\/strong><\/td>\n<td>Prise en charge gratuite depuis votre h\u00f4tel de Playa Paraiso \u00e0 Los Cristianos (veuillez \u00eatre pr\u00eat 1 heure avant la r\u00e9servation).<\/td>\n<\/tr>\n<tr>\n<td><strong>TARIFS<\/strong><\/td>\n<td><strong>Simple (pour 1 personne) &#8211; 190,00 Euros<\/strong><br \/>\n<strong>Double (pour 2 personnes) &#8211; 210,00 euros<\/strong><\/td>\n<\/tr>\n<tr>\n<td><strong>INCLUANT<\/strong><\/td>\n<td>\n<table class=\"table table-bordered\" style=\"height: 62px;\" width=\"300\">\n<tbody>\n<tr>\n<td><i class=\"fa fa-check icon-tick icon-tick--on\"><\/i>Prise en charge et retour<\/td>\n<td><i class=\"fa fa-check icon-tick icon-tick--on\"><\/i>Lunettes anti-poussi\u00e8re<\/td>\n<\/tr>\n<tr>\n<td><i class=\"fa fa-check icon-tick icon-tick--on\"><\/i>Assurance<\/td>\n<td><i class=\"fa fa-check icon-tick icon-tick--on\"><\/i>Vestes chaudes et gants (si n\u00e9cessaire)<\/td>\n<\/tr>\n<\/tbody>\n<\/table>\n<\/td>\n<\/tr>\n<\/tbody>\n<\/table>\n<p>[\/vc_column_text][\/vc_column][\/vc_row][vc_row][vc_column][vc_video link=\u00a0\u00bbhttps:\/\/youtu.be\/uoTDzsVNgj4&Prime;][\/vc_column][\/vc_row]<\/p>\n<\/div>","protected":false},"excerpt":{"rendered":"<p><strong>Excursion en buggy tout-terrain<\/strong>, <strong>Tenerife<\/strong>, une exp\u00e9rience unique sur l&rsquo;\u00eele. Pr\u00e9parez-vous \u00e0 vivre des sensations fortes au volant de notre buggy CFMoto (EX ZFORCE 550) et \u00e0 explorer les paysages <strong>\u00e9poustouflants de T\u00e9n\u00e9rife<\/strong> !<\/p>\n","protected":false},"featured_media":2637,"comment_status":"open","ping_status":"closed","template":"","meta":{"_joinchat":[]},"product_brand":[],"product_cat":[177],"product_tag":[],"class_list":{"0":"post-2629","1":"product","2":"type-product","3":"status-publish","4":"has-post-thumbnail","6":"product_cat-sans-categorie","7":"tour_category-sports-et-aventures","9":"first","10":"instock","11":"taxable","12":"shipping-taxable","13":"purchasable","14":"product-type-tour"},"_links":{"self":[{"href":"https:\/\/holidaytourstenerife.com\/fr\/wp-json\/wp\/v2\/product\/2629","targetHints":{"allow":["GET"]}}],"collection":[{"href":"https:\/\/holidaytourstenerife.com\/fr\/wp-json\/wp\/v2\/product"}],"about":[{"href":"https:\/\/holidaytourstenerife.com\/fr\/wp-json\/wp\/v2\/types\/product"}],"replies":[{"embeddable":true,"href":"https:\/\/holidaytourstenerife.com\/fr\/wp-json\/wp\/v2\/comments?post=2629"}],"wp:featuredmedia":[{"embeddable":true,"href":"https:\/\/holidaytourstenerife.com\/fr\/wp-json\/wp\/v2\/media\/2637"}],"wp:attachment":[{"href":"https:\/\/holidaytourstenerife.com\/fr\/wp-json\/wp\/v2\/media?parent=2629"}],"wp:term":[{"taxonomy":"product_brand","embeddable":true,"href":"https:\/\/holidaytourstenerife.com\/fr\/wp-json\/wp\/v2\/product_brand?post=2629"},{"taxonomy":"product_cat","embeddable":true,"href":"https:\/\/holidaytourstenerife.com\/fr\/wp-json\/wp\/v2\/product_cat?post=2629"},{"taxonomy":"product_tag","embeddable":true,"href":"https:\/\/holidaytourstenerife.com\/fr\/wp-json\/wp\/v2\/product_tag?post=2629"}],"curies":[{"name":"wp","href":"https:\/\/api.w.org\/{rel}","templated":true}]}}