{"id":2638,"date":"2023-03-29T00:54:25","date_gmt":"2023-03-29T00:54:25","guid":{"rendered":"https:\/\/holidaytourstenerife.com\/producto\/buggy-tout-terrain\/"},"modified":"2024-03-08T19:38:23","modified_gmt":"2024-03-08T19:38:23","slug":"buggy-tout-terrain","status":"publish","type":"product","link":"https:\/\/holidaytourstenerife.com\/fr\/tours\/buggy-tout-terrain\/","title":{"rendered":"buggy tout terrain"},"content":{"rendered":"<div class=\"wpb-content-wrapper\"><p>[vc_row][vc_column][vc_column_text]<\/p>\n<h1>Excursi\u00f3n en buggy off road en TExcursion en buggy tout-terrain \u00e0 Tenerifeenerife<\/h1>\n<p>[\/vc_column_text][vc_separator color=\u00a0\u00bbcustom\u00a0\u00bb align=\u00a0\u00bbalign_left\u00a0\u00bb border_width=\u00a0\u00bb4&Prime; el_width=\u00a0\u00bb10&Prime; accent_color=\u00a0\u00bb#47a0ff\u00a0\u00bb][vc_column_text]<strong>Excursion en buggy tout-terrain<\/strong>, <strong>Tenerife<\/strong>, une exp\u00e9rience unique sur l&rsquo;\u00eele. Pr\u00e9parez-vous \u00e0 vivre des sensations fortes au volant de notre buggy CFMoto (EX ZFORCE 550) et \u00e0 explorer les paysages <strong>\u00e9poustouflants de T\u00e9n\u00e9rife<\/strong> !<\/p>\n<p>L&rsquo;excursion commence par une prise en charge depuis votre h\u00f4tel \u00e0 Playa Paraiso jusqu&rsquo;\u00e0 Los Cristianos, o\u00f9 nous vous conduirons jusqu&rsquo;\u00e0 notre navire \u00e0 Adeje. L\u00e0, vous recevrez un bref briefing et vous serez pr\u00eat \u00e0 partir pour une <strong>aventure passionnante en buggy.<\/strong><\/p>\n<p>Au cours des 55 kilom\u00e8tres de l&rsquo;itin\u00e9raire, vous passerez <strong>par Caleta, Playa Para\u00edso, El Puertito et El Balito,<\/strong> en profitant des vues magnifiques et de la sensation de libert\u00e9 que seul un buggy peut offrir.. L&rsquo;itin\u00e9raire comprend 40 minutes de pistes hors route, ce qui ajoute encore \u00e0 l&rsquo;adr\u00e9naline de l&rsquo;exp\u00e9rience.<\/p>\n<p>Nos buggys sont con\u00e7us pour offrir un maximum de confort et de s\u00e9curit\u00e9. Ne vous inqui\u00e9tez donc pas si vous n&rsquo;avez aucune exp\u00e9rience de la conduite d&rsquo;un buggy. De plus, notre \u00e9quipe de guides professionnels vous accompagnera tout au long de la visite pour s&rsquo;assurer que vous passiez un bon moment.<\/p>\n<p>Ne manquez pas cette occasion unique <strong>d&rsquo;explorer T\u00e9n\u00e9riffe<\/strong> d&rsquo;une mani\u00e8re passionnante et diff\u00e9rente ! <strong>R\u00e9servez<\/strong> d\u00e8s maintenant et vivez une exp\u00e9rience que vous n&rsquo;oublierez jamais.[\/vc_column_text][vc_column_text]<!--more--><\/p>\n<table class=\"table table-bordered tours-tabs__table\" style=\"height: 233px;\" width=\"862\">\n<tbody>\n<tr>\n<td><strong>AGE<\/strong><\/td>\n<td><strong><span style=\"color: #ff0000;\">IMPORTANT<\/span><\/strong> : Seules les personnes \u00e2g\u00e9es de 18 ans ou plus peuvent conduire (avec un permis de conduire B valide).<br \/>\nLes permis temporaires ne sont pas accept\u00e9s.<br \/>\nChaussures ferm\u00e9es, tongs interdites.<br \/>\nL&rsquo;\u00e2ge minimum est de 8 ans ou de 1,2 m\u00e8tre.<\/td>\n<\/tr>\n<tr>\n<td><strong>DUR\u00c9E<\/strong><\/td>\n<td>3 heures<\/td>\n<\/tr>\n<tr>\n<td><strong>TRANSPORTS<\/strong><\/td>\n<td>Prise en charge gratuite depuis votre h\u00f4tel \u00e0 Los Cristianos jusqu&rsquo;\u00e0 Playa Para\u00edso (veuillez \u00eatre pr\u00eat 1 heure avant la r\u00e9servation).<\/td>\n<\/tr>\n<tr>\n<td><strong>OPTIONS<\/strong><\/td>\n<td><strong>Simple<\/strong> (pour 1 personne) &#8211; 160,00 Euros<br \/>\n<strong>Double<\/strong> (pour 2 personnes) &#8211; 190,00 euros<\/td>\n<\/tr>\n<tr>\n<td><strong>INCLUANT<\/strong><\/td>\n<td>\n<table class=\"table table-bordered\" style=\"height: 62px;\" width=\"300\">\n<tbody>\n<tr>\n<td><i class=\"fa fa-check icon-tick icon-tick--on\"><\/i>Service de ramassage \u00e0 l&rsquo;h\u00f4tel<\/td>\n<td><i class=\"fa fa-check icon-tick icon-tick--on\"><\/i>Lunettes de protection<\/td>\n<\/tr>\n<tr>\n<td><i class=\"fa fa-check icon-tick icon-tick--on\"><\/i>Assurance<\/td>\n<td><i class=\"fa fa-check icon-tick icon-tick--on\"><\/i>Guides professionnels<\/td>\n<\/tr>\n<\/tbody>\n<\/table>\n<\/td>\n<\/tr>\n<\/tbody>\n<\/table>\n<p>[\/vc_column_text][\/vc_column][\/vc_row]<\/p>\n<\/div>","protected":false},"excerpt":{"rendered":"<p><strong>Excursion en buggy tout-terrain<\/strong>, <strong>Tenerife<\/strong>, une exp\u00e9rience unique sur l&rsquo;\u00eele. Pr\u00e9parez-vous \u00e0 vivre des sensations fortes au volant de notre buggy CFMoto (EX ZFORCE 550) et \u00e0 explorer les paysages <strong>\u00e9poustouflants de T\u00e9n\u00e9rife<\/strong> !<\/p>\n","protected":false},"featured_media":2643,"comment_status":"open","ping_status":"closed","template":"","meta":{"_joinchat":[]},"product_brand":[],"product_cat":[177],"product_tag":[],"class_list":{"0":"post-2638","1":"product","2":"type-product","3":"status-publish","4":"has-post-thumbnail","6":"product_cat-sans-categorie","7":"tour_category-sports-et-aventures","9":"first","10":"instock","11":"taxable","12":"shipping-taxable","13":"purchasable","14":"product-type-tour"},"_links":{"self":[{"href":"https:\/\/holidaytourstenerife.com\/fr\/wp-json\/wp\/v2\/product\/2638","targetHints":{"allow":["GET"]}}],"collection":[{"href":"https:\/\/holidaytourstenerife.com\/fr\/wp-json\/wp\/v2\/product"}],"about":[{"href":"https:\/\/holidaytourstenerife.com\/fr\/wp-json\/wp\/v2\/types\/product"}],"replies":[{"embeddable":true,"href":"https:\/\/holidaytourstenerife.com\/fr\/wp-json\/wp\/v2\/comments?post=2638"}],"wp:featuredmedia":[{"embeddable":true,"href":"https:\/\/holidaytourstenerife.com\/fr\/wp-json\/wp\/v2\/media\/2643"}],"wp:attachment":[{"href":"https:\/\/holidaytourstenerife.com\/fr\/wp-json\/wp\/v2\/media?parent=2638"}],"wp:term":[{"taxonomy":"product_brand","embeddable":true,"href":"https:\/\/holidaytourstenerife.com\/fr\/wp-json\/wp\/v2\/product_brand?post=2638"},{"taxonomy":"product_cat","embeddable":true,"href":"https:\/\/holidaytourstenerife.com\/fr\/wp-json\/wp\/v2\/product_cat?post=2638"},{"taxonomy":"product_tag","embeddable":true,"href":"https:\/\/holidaytourstenerife.com\/fr\/wp-json\/wp\/v2\/product_tag?post=2638"}],"curies":[{"name":"wp","href":"https:\/\/api.w.org\/{rel}","templated":true}]}}