{"id":2648,"date":"2023-03-22T17:31:40","date_gmt":"2023-03-22T17:31:40","guid":{"rendered":"https:\/\/holidaytourstenerife.com\/producto\/peter-pan\/"},"modified":"2024-03-08T19:43:00","modified_gmt":"2024-03-08T19:43:00","slug":"excursion-en-bateau","status":"publish","type":"product","link":"https:\/\/holidaytourstenerife.com\/fr\/tours\/excursion-en-bateau\/","title":{"rendered":"Excursion en bateau pirate au sud de Tenerife Peter Pan (3 heures)"},"content":{"rendered":"<div class=\"wpb-content-wrapper\"><p>[vc_row][vc_column][vc_column_text]<\/p>\n<h1>Excursion sur le bateau pirate Peter Pan (3 heures)<\/h1>\n<p>[\/vc_column_text][vc_separator color=\u00a0\u00bbcustom\u00a0\u00bb align=\u00a0\u00bbalign_left\u00a0\u00bb border_width=\u00a0\u00bb4&Prime; el_width=\u00a0\u00bb10&Prime; accent_color=\u00a0\u00bb#47a0ff\u00a0\u00bb][vc_column_text]<strong>Excursion de 3 heures sur la c\u00f4te d&rsquo;Adeje \u00e0 Tenerife \u00e0 bord d&rsquo;un bateau pirate.<\/strong> Vivez une exp\u00e9rience familiale inoubliable! \u00c0 bord de notre <strong>bateau pirate PETER PAN<\/strong>, une authentique go\u00e9lette portugaise du si\u00e8cle dernier, vous revivrez les sensations de la navigation et d\u00e9couvrirez les histoires des pirates qui ont navigu\u00e9 sur ces mers.<\/p>\n<p>Avec deux caves, un bar ouvert et une grande table centrale sur le pont principal, et un petit pont sup\u00e9rieur pour profiter de la vue panoramique sur les environs, vous pouvez vous d\u00e9tendre et profiter d&rsquo;un voyage en mer. De plus, nos skippers exp\u00e9riment\u00e9s et qualifi\u00e9s seront pr\u00e9sents pour assurer votre s\u00e9curit\u00e9 et votre confort \u00e0 bord.<\/p>\n<p>Au d\u00e9part du <strong>port de Los Cristianos<\/strong>, nous nous dirigerons vers la colonie de globic\u00e9phales et de dauphins, afin que vous puissiez admirer la faune locale dans son habitat naturel. Ce sera une exp\u00e9rience unique et amusante pour toute la famille. Et pour que les plus petits puissent eux aussi profiter de l&rsquo;aventure des pirates, nous avons pr\u00e9par\u00e9 un programme de divertissement avec des jeux, des activit\u00e9s et des d\u00e9guisements.<\/p>\n<p>En outre, les boissons (eau, boissons non alcoolis\u00e9es, bi\u00e8re, vin) et les en-cas sont inclus dans le prix, ce qui vous permet de profiter d&rsquo;une exp\u00e9rience compl\u00e8te sans vous soucier de quoi que ce soit d&rsquo;autre.<\/p>\n<p>R\u00e9servez d\u00e8s maintenant et embarquez pour une aventure de pirates sur la magnifique \u00eele de T\u00e9n\u00e9riffe! Ne manquez pas l&rsquo;occasion de profiter d&rsquo;une excursion de 3 heures pour observer les baleines \u00e0 Tenerife \u00e0 bord de notre bateau pirate PETER PAN. Nous vous attendons \u00e0 bord pour une exp\u00e9rience inoubliable ![\/vc_column_text][vc_column_text]<!--more--><\/p>\n<table class=\"table table-bordered tours-tabs__table\" style=\"height: 233px;\" width=\"862\">\n<tbody>\n<tr>\n<td><strong>HORAIRE<\/strong><\/td>\n<td>3 heures les mardis, jeudis et samedis \u00e0 14h00<\/td>\n<\/tr>\n<tr>\n<td><strong>TRANSPORTS<\/strong><\/td>\n<td>Bus gratuit incluant Tenerife Sud (\u00e0 partir de diff\u00e9rents points de ramassage environ 1 heure avant le d\u00e9part du bateau).<\/td>\n<\/tr>\n<tr>\n<td><strong>EXP\u00c9DITION<\/strong><\/td>\n<td>Port de Los Cristianos, quai d&rsquo;excursion, zone A.<\/td>\n<\/tr>\n<tr>\n<td><strong>OPTIONS<\/strong><\/td>\n<td>3 heures Peter Pan le long de la c\u00f4te d&rsquo;Adeje.<\/td>\n<\/tr>\n<tr>\n<td><strong>INCLUANT<\/strong><\/td>\n<td>\n<table class=\"table table-bordered\" style=\"height: 77px;\" width=\"436\">\n<tbody>\n<tr>\n<td><i class=\"fa fa-check icon-tick icon-tick--on\"><\/i>Guides sp\u00e9cialis\u00e9s sur les c\u00e9tac\u00e9s ( anglais, fran\u00e7ais, allemand et espagnol )<\/td>\n<td><\/td>\n<\/tr>\n<\/tbody>\n<\/table>\n<table class=\"table table-bordered\" style=\"height: 91px;\" width=\"512\">\n<tbody>\n<tr>\n<td><i class=\"fa fa-check icon-tick icon-tick--on\"><\/i>Nourriture et boissons (riz aux l\u00e9gumes, boulettes de viande, salade de chou, pain et fruits (eau, bi\u00e8re, sangria, etc.) pour le voyage de 3 heures.<\/td>\n<td><\/td>\n<\/tr>\n<\/tbody>\n<\/table>\n<table class=\"table table-bordered\" style=\"height: 61px;\" width=\"296\">\n<tbody>\n<tr>\n<td><i class=\"fa fa-check icon-tick icon-tick--on\"><\/i>Assurance<\/td>\n<td><\/td>\n<\/tr>\n<\/tbody>\n<\/table>\n<\/td>\n<\/tr>\n<tr>\n<td><strong>TARIFS<\/strong><\/td>\n<td><strong>Adulte<\/strong> 3 heures 42,00 euros<br \/>\n<strong>Enfants de 5 ans \u00e0 11 ans<\/strong> 50% de r\u00e9duction ( 21 euros )<br \/>\n<strong>De 0 \u00e0 6 ans<\/strong> gratuit<\/td>\n<\/tr>\n<\/tbody>\n<\/table>\n<p>[\/vc_column_text][\/vc_column][\/vc_row][vc_row][vc_column][vc_video link=\u00a0\u00bbhttps:\/\/youtu.be\/fyMbv3_dgGc\u00a0\u00bb][\/vc_column][\/vc_row]<\/p>\n<\/div>","protected":false},"excerpt":{"rendered":"<p><strong>Excursion de 3 heures \u00e0 Tenerife pour observer les baleines \u00e0 bord d&rsquo;un bateau pirate.<\/strong> Vivez une exp\u00e9rience familiale inoubliable! \u00c0 bord de notre <strong>bateau pirate PETER PAN<\/strong>, une authentique go\u00e9lette portugaise du si\u00e8cle dernier, vous revivrez les sensations de la navigation et d\u00e9couvrirez les histoires des pirates qui ont navigu\u00e9 sur ces mers.<\/p>\n","protected":false},"featured_media":2650,"comment_status":"open","ping_status":"closed","template":"","meta":{"_joinchat":[]},"product_brand":[],"product_cat":[177],"product_tag":[],"class_list":{"0":"post-2648","1":"product","2":"type-product","3":"status-publish","4":"has-post-thumbnail","6":"product_cat-sans-categorie","7":"pa_tipos_de_ticket-adultes","8":"pa_tipos_de_ticket-enfants","9":"pa_tipos_de_ticket-de-0-a-6-ans","10":"pa_tipos_de_ticket-enfants-de-5-a-11-ans","11":"tour_category-excursions-en-bateau","12":"tour_category-observation-de-cetaces","14":"first","15":"instock","16":"taxable","17":"shipping-taxable","18":"purchasable","19":"product-type-tour"},"_links":{"self":[{"href":"https:\/\/holidaytourstenerife.com\/fr\/wp-json\/wp\/v2\/product\/2648","targetHints":{"allow":["GET"]}}],"collection":[{"href":"https:\/\/holidaytourstenerife.com\/fr\/wp-json\/wp\/v2\/product"}],"about":[{"href":"https:\/\/holidaytourstenerife.com\/fr\/wp-json\/wp\/v2\/types\/product"}],"replies":[{"embeddable":true,"href":"https:\/\/holidaytourstenerife.com\/fr\/wp-json\/wp\/v2\/comments?post=2648"}],"wp:featuredmedia":[{"embeddable":true,"href":"https:\/\/holidaytourstenerife.com\/fr\/wp-json\/wp\/v2\/media\/2650"}],"wp:attachment":[{"href":"https:\/\/holidaytourstenerife.com\/fr\/wp-json\/wp\/v2\/media?parent=2648"}],"wp:term":[{"taxonomy":"product_brand","embeddable":true,"href":"https:\/\/holidaytourstenerife.com\/fr\/wp-json\/wp\/v2\/product_brand?post=2648"},{"taxonomy":"product_cat","embeddable":true,"href":"https:\/\/holidaytourstenerife.com\/fr\/wp-json\/wp\/v2\/product_cat?post=2648"},{"taxonomy":"product_tag","embeddable":true,"href":"https:\/\/holidaytourstenerife.com\/fr\/wp-json\/wp\/v2\/product_tag?post=2648"}],"curies":[{"name":"wp","href":"https:\/\/api.w.org\/{rel}","templated":true}]}}