{"id":2658,"date":"2023-03-16T04:49:21","date_gmt":"2023-03-16T04:49:21","guid":{"rendered":"https:\/\/holidaytourstenerife.com\/producto\/teide-night\/"},"modified":"2023-06-25T20:33:58","modified_gmt":"2023-06-25T20:33:58","slug":"excursion-au-teide-de-nuit","status":"publish","type":"product","link":"https:\/\/holidaytourstenerife.com\/fr\/tours\/excursion-au-teide-de-nuit\/","title":{"rendered":"Nuit du Teide"},"content":{"rendered":"<div class=\"wpb-content-wrapper\"><p>[vc_row][vc_column][vc_column_text]<\/p>\n<h1>Excursion au Teide de nuit<\/h1>\n<p>[\/vc_column_text][vc_separator color=\u00a0\u00bbcustom\u00a0\u00bb align=\u00a0\u00bbalign_left\u00a0\u00bb border_width=\u00a0\u00bb4&Prime; el_width=\u00a0\u00bb10&Prime; accent_color=\u00a0\u00bb#47a0ff\u00a0\u00bb][vc_column_text]<strong>Excursion au Teide de nuit avec coucher de soleil et observation des \u00e9toiles Vous souhaitez vivre une exp\u00e9rience unique et m\u00e9morable \u00e0 <\/strong><strong>Tenerife<\/strong> ? Rejoignez notre \u00e9quipe <strong>Teide by Night<\/strong> pour une excursion qui vous fera d\u00e9couvrir les merveilles du <strong>parc national du Teide.<\/strong> Vous pourrez y observer un spectaculaire <strong>coucher de soleil<\/strong> et trinquer <strong>avec du champagne<\/strong> offert en admirant les couleurs changeantes du ciel, qui passent progressivement du rose au rouge et au violet. N&rsquo;oubliez pas de pr\u00e9parer votre appareil photo pour immortaliser les silhouettes et les paysages \u00e0 couper le souffle qui vous entoureront.<\/p>\n<p>&nbsp;<\/p>\n<p>Mais ce n&rsquo;est pas tout, le <strong>parc national du Teide<\/strong> est l&rsquo;un des meilleurs endroits au monde pour l&rsquo;observation astronomique, gr\u00e2ce \u00e0 son ciel exceptionnel et \u00e0 ses conditions atmosph\u00e9riques. Elle a d&rsquo;ailleurs \u00e9t\u00e9 couronn\u00e9e <strong>\u00ab\u00a0destination lumi\u00e8re\u00a0\u00bb<\/strong>, ce qui en fait un lieu id\u00e9al pour observer les \u00e9toiles et la galaxie \u00e0 l&rsquo;abri de la pollution lumineuse. Une fois la nuit tomb\u00e9e, votre guide professionnel vous montrera le ciel nocturne \u00e0 l&rsquo;aide de la technologie laser, ce qui vous permettra non seulement de voir une grande vari\u00e9t\u00e9 d&rsquo;\u00e9toiles et de constellations, mais aussi d&rsquo;apprendre des histoires et des l\u00e9gendes sur la mythologie.<\/p>\n<p>&nbsp;<\/p>\n<p>En outre, le parc national du Teide abrite la plus haute montagne d&rsquo;Espagne, le mont Teide, qui culmine \u00e0 3 718 m\u00e8tres, et l&rsquo;un des volcans de l&rsquo;\u00eele. <strong>UNESCO<\/strong> pour d\u00e9clarer ce lieu comme <strong>Patrimoine mondial<\/strong> pour son importance culturelle, historique et scientifique particuli\u00e8re. Vous serez surpris par les impressionnantes formations rocheuses qui contrastent avec le <strong>majestueux Teide<\/strong>, et il est courant d&rsquo;entendre que les conditions environnementales sont similaires \u00e0 celles de Mars, ce qui fait du <strong>parc national<\/strong> un paysage id\u00e9al pour les films \u00e0 grand spectacle.<\/p>\n<p>Et pour mettre la cerise sur le g\u00e2teau de cette soir\u00e9e magique, nous vous emmenons \u00e9galement d\u00e9guster un d\u00e9licieux d\u00eener de trois plats <strong>(en anglais uniquement)<\/strong> dans le restaurant le plus haut du <strong>parc national.<\/strong> C&rsquo;est l&rsquo;endroit id\u00e9al pour c\u00e9l\u00e9brer un moment sp\u00e9cial, tel qu&rsquo;un anniversaire, ou simplement pour passer une soir\u00e9e inoubliable \u00e0 T\u00e9n\u00e9riffe.<\/p>\n<p>En bref, si vous voulez <strong>vivre une exp\u00e9rience unique \u00e0 T\u00e9n\u00e9rife,<\/strong> ne manquez pas notre <strong>excursion Teide by Night.<\/strong> D\u00e9couvrez la beaut\u00e9 naturelle et la richesse culturelle et historique du parc national du Teide, tout en profitant d&rsquo;un spectaculaire coucher de soleil, en observant le ciel nocturne et en savourant un d\u00e9licieux d\u00eener dans le restaurant le plus haut du parc. Nous vous attendons ![\/vc_column_text][vc_column_text]<!--more--><\/p>\n<table class=\"table table-bordered tours-tabs__table\" style=\"height: 233px;\" width=\"862\">\n<tbody>\n<tr>\n<td>HORAIRE<\/td>\n<td>15:20 &#8211; 00:30<\/td>\n<\/tr>\n<tr>\n<td>TRANSPORTS<\/td>\n<td>Gratuit depuis votre h\u00f4tel<\/td>\n<\/tr>\n<tr>\n<td>OPTIONS<\/td>\n<td>Prise en charge \u00e0 diff\u00e9rents points pr\u00e8s de votre h\u00f4tel (de Los Gigantes \u00e0 Los Cristianos).<\/td>\n<\/tr>\n<tr>\n<td>INCLUANT<\/td>\n<td>\n<table class=\"table table-bordered\" style=\"height: 153px;\" width=\"442\">\n<tbody>\n<tr>\n<td><i class=\"fa fa-check icon-tick icon-tick--on\"><\/i>Guides professionnels (fran\u00e7ais, n\u00e9erlandais, allemand, anglais, fran\u00e7ais)<\/td>\n<td><\/td>\n<\/tr>\n<\/tbody>\n<\/table>\n<table class=\"table table-bordered\" style=\"height: 91px;\" width=\"512\">\n<tbody>\n<tr>\n<td><i class=\"fa fa-check icon-tick icon-tick--on\"><\/i>Coucher de soleil avec cava\/jus<\/td>\n<td><\/td>\n<\/tr>\n<\/tbody>\n<\/table>\n<table class=\"table table-bordered\" style=\"height: 61px;\" width=\"296\">\n<tbody>\n<tr>\n<td><i class=\"fa fa-check icon-tick icon-tick--on\"><\/i>Observation du ciel nocturne avec t\u00e9lescope et laser<\/td>\n<td><\/td>\n<\/tr>\n<\/tbody>\n<\/table>\n<table class=\"table table-bordered\" style=\"height: 91px;\" width=\"512\">\n<tbody>\n<tr>\n<td><i class=\"fa fa-check icon-tick icon-tick--on\"><\/i>Assurance<\/td>\n<\/tr>\n<\/tbody>\n<\/table>\n<table class=\"table table-bordered\" style=\"height: 153px;\" width=\"442\">\n<tbody>\n<tr>\n<td><i class=\"fa fa-check icon-tick icon-tick--on\"><\/i>D\u00eener dans un restaurant du parc national du Teide (en anglais uniquement)<span style=\"font-family: inherit; font-size: inherit;\"><\/span><\/td>\n<\/tr>\n<\/tbody>\n<\/table>\n<\/td>\n<\/tr>\n<tr>\n<td>TARIFS<\/td>\n<td>\n<table>\n<tbody>\n<tr>\n<td><strong>Prix<\/strong><\/td>\n<td><b> <\/b><\/td>\n<td><b>Avec le d\u00eener <\/b><\/td>\n<\/tr>\n<tr>\n<td><b>Adultes <\/b><\/td>\n<td><\/td>\n<td><span style=\"font-weight: 400;\">85<\/span><\/td>\n<\/tr>\n<tr>\n<td><b>Enfants (4-11 ans)<\/b><\/td>\n<td><\/td>\n<td><span style=\"font-weight: 400;\">55<\/span><\/td>\n<\/tr>\n<tr>\n<td><b>Bebe (0 -3 a\u00f1os)<\/b><\/td>\n<td><\/td>\n<td><span style=\"font-weight: 400;\">Gratuit<\/span><\/td>\n<\/tr>\n<\/tbody>\n<\/table>\n<\/td>\n<\/tr>\n<\/tbody>\n<\/table>\n<p>[\/vc_column_text][\/vc_column][\/vc_row][vc_row][vc_column][vc_video link=\u00a0\u00bbhttps:\/\/youtu.be\/4smKjiBq8aU\u00a0\u00bb][\/vc_column][\/vc_row]<\/p>\n<\/div>","protected":false},"excerpt":{"rendered":"<p><strong>Excursion au Teide de nuit avec coucher de soleil et observation des \u00e9toiles Vous souhaitez vivre une exp\u00e9rience unique et m\u00e9morable \u00e0 <strong>Tenerife<\/strong> ?<\/strong> Rejoignez notre \u00e9quipe <strong>Teide by Night<\/strong> pour une excursion qui vous fera d\u00e9couvrir les merveilles du <strong>parc national du Teide.<\/strong> Vous pourrez y observer un spectaculaire <strong>coucher de soleil<\/strong> et trinquer <strong>avec du champagne<\/strong> offert en admirant les couleurs changeantes du ciel, qui passent progressivement du rose au rouge et au violet. N&rsquo;oubliez pas de pr\u00e9parer votre appareil photo pour immortaliser les silhouettes et les paysages \u00e0 couper le souffle qui vous entoureront.<\/p>\n","protected":false},"featured_media":2524,"comment_status":"open","ping_status":"closed","template":"","meta":{"_joinchat":[]},"product_brand":[],"product_cat":[177],"product_tag":[],"class_list":{"0":"post-2658","1":"product","2":"type-product","3":"status-publish","4":"has-post-thumbnail","6":"product_cat-sans-categorie","7":"pa_tipos_de_ticket-adultes","8":"pa_tipos_de_ticket-enfants","9":"pa_tipos_de_ticket-bebe-0-a-3-ans","10":"pa_tipos_de_ticket-enfants-4-a-11-ans","11":"tour_category-sports-et-aventures","13":"first","14":"instock","15":"taxable","16":"shipping-taxable","17":"purchasable","18":"product-type-tour"},"_links":{"self":[{"href":"https:\/\/holidaytourstenerife.com\/fr\/wp-json\/wp\/v2\/product\/2658","targetHints":{"allow":["GET"]}}],"collection":[{"href":"https:\/\/holidaytourstenerife.com\/fr\/wp-json\/wp\/v2\/product"}],"about":[{"href":"https:\/\/holidaytourstenerife.com\/fr\/wp-json\/wp\/v2\/types\/product"}],"replies":[{"embeddable":true,"href":"https:\/\/holidaytourstenerife.com\/fr\/wp-json\/wp\/v2\/comments?post=2658"}],"wp:featuredmedia":[{"embeddable":true,"href":"https:\/\/holidaytourstenerife.com\/fr\/wp-json\/wp\/v2\/media\/2524"}],"wp:attachment":[{"href":"https:\/\/holidaytourstenerife.com\/fr\/wp-json\/wp\/v2\/media?parent=2658"}],"wp:term":[{"taxonomy":"product_brand","embeddable":true,"href":"https:\/\/holidaytourstenerife.com\/fr\/wp-json\/wp\/v2\/product_brand?post=2658"},{"taxonomy":"product_cat","embeddable":true,"href":"https:\/\/holidaytourstenerife.com\/fr\/wp-json\/wp\/v2\/product_cat?post=2658"},{"taxonomy":"product_tag","embeddable":true,"href":"https:\/\/holidaytourstenerife.com\/fr\/wp-json\/wp\/v2\/product_tag?post=2658"}],"curies":[{"name":"wp","href":"https:\/\/api.w.org\/{rel}","templated":true}]}}