{"id":2659,"date":"2023-03-16T04:39:19","date_gmt":"2023-03-16T04:39:19","guid":{"rendered":"https:\/\/holidaytourstenerife.com\/producto\/3-heures-de-navigation-a-tenerife-pour-observer-les-baleines-et-les-dauphins\/"},"modified":"2025-08-13T18:03:49","modified_gmt":"2025-08-13T18:03:49","slug":"observation-des-baleines-et-des-dauphins-velero-tenerife","status":"publish","type":"product","link":"https:\/\/holidaytourstenerife.com\/fr\/tours\/observation-des-baleines-et-des-dauphins-velero-tenerife\/","title":{"rendered":"Observation des baleines et des dauphins en voilier 3 heures"},"content":{"rendered":"<div class=\"wpb-content-wrapper\"><p>[vc_row][vc_column][vc_column_text]<\/p>\n<h1>Observation des baleines et des dauphins en voilier 3 heures<\/h1>\n<p>[\/vc_column_text][vc_separator color=\u00a0\u00bbcustom\u00a0\u00bb align=\u00a0\u00bbalign_left\u00a0\u00bb accent_color=\u00a0\u00bb#47a0ff\u00a0\u00bb border_width=\u00a0\u00bb4&Prime; el_width=\u00a0\u00bb10&Prime;][vc_column_text]Vous souhaitez vivre une exp\u00e9rience unique \u00e0 Tenerife ? Si vous cherchez une activit\u00e9 qui combine la beaut\u00e9 de la mer et la chance de voir la faune locale dans son habitat naturel, ne manquez pas notre <strong>excursion<\/strong><\/p>\n<p><strong>Observation des baleines et des dauphins en voilier 3 heures.<\/strong><\/p>\n<p>Notre voilier peut accueillir un <strong>maximum de 11 personnes,<\/strong> ce qui vous permet de b\u00e9n\u00e9ficier d&rsquo;un service personnalis\u00e9. Pendant l&rsquo;excursion, notre \u00e9quipe de skippers exp\u00e9riment\u00e9s et qualifi\u00e9s vous guidera le long de la <strong>c\u00f4te sud de l&rsquo;\u00eele<\/strong>, o\u00f9 vous pourrez appr\u00e9cier la beaut\u00e9 naturelle de l&rsquo;oc\u00e9an et apercevoir des baleines et des dauphins.<\/p>\n<p>La c\u00f4te <strong>sud de T\u00e9n\u00e9riffe<\/strong> est connue pour \u00eatre l&rsquo;un des meilleurs endroits <strong>d&rsquo;Europe pour observer les c\u00e9tac\u00e9s.<\/strong> Lors de notre excursion, vous aurez l&rsquo;occasion de voir la majest\u00e9 de ces cr\u00e9atures dans leur habitat naturel. Nos skippers connaissent tr\u00e8s bien la r\u00e9gion et s&rsquo;efforceront de vous offrir les meilleures vues de ces animaux. De plus, si vous avez de la chance, vous pourrez les regarder sauter et jouer dans les vagues.<\/p>\n<p><strong>Cette excursion de trois heures vous permettra \u00e9galement de vous baigner dans les eaux cristallines de l&rsquo;oc\u00e9an.<\/strong> Sur notre bateau, vous pouvez d\u00e9guster des boissons fra\u00eeches telles que de l&rsquo;eau, des boissons non alcoolis\u00e9es, de la bi\u00e8re et du vin, ainsi que des en-cas.<\/p>\n<p>La beaut\u00e9 naturelle de Tenerife et la possibilit\u00e9 de voir des baleines et des dauphins dans leur environnement naturel font de ce <strong>voyage en voilie<\/strong>r une exp\u00e9rience inoubliable.. Ne manquez pas cette occasion unique de passer des vacances magiques \u00e0 T\u00e9n\u00e9rife avec votre famille et vos amis !<\/p>\n<p>En r\u00e9sum\u00e9, notre excursion de 3 heures en voilier \u00e0 Tenerife est une activit\u00e9 incontournable pour ceux qui veulent d\u00e9couvrir la beaut\u00e9 de la mer et observer la faune locale dans son habitat naturel. Notre service personnalis\u00e9, les boissons et les collations incluses, ainsi que la possibilit\u00e9 de nager dans les eaux cristallines de l&rsquo;oc\u00e9an, font de cette excursion une exp\u00e9rience dont vous vous souviendrez toute votre vie !<strong>R\u00e9servez d\u00e8s maintenant et vivez l&rsquo;aventure de votre vie !<\/strong>[\/vc_column_text][vc_column_text css=\u00a0\u00bb\u00a0\u00bb]<!--more--><\/p>\n<table class=\"table table-bordered tours-tabs__table\" style=\"height: 233px;\" width=\"862\">\n<tbody>\n<tr>\n<td><strong>HORAIRE<\/strong><\/td>\n<td>10:00, 13:00, 16:00\n<p>19:00 (juillet et ao\u00fbt uniquement)<\/p><\/td>\n<\/tr>\n<tr>\n<td><strong>TRANSPORTS<\/strong><\/td>\n<td>Gratuit depuis votre h\u00f4tel<br \/>\nPuerto Colon<br \/>\nPuerto de las Galletas<\/td>\n<\/tr>\n<tr>\n<td><strong>OPTIONS<\/strong><\/td>\n<td>Excursions partag\u00e9es de 3 heures en bateau<\/td>\n<\/tr>\n<tr>\n<td><strong>INCLUANT<\/strong><\/td>\n<td>\n<table class=\"table table-bordered\" style=\"height: 62px;\" width=\"300\">\n<tbody>\n<tr>\n<td><i class=\"fa fa-check icon-tick icon-tick--on\"><\/i>Gilet de sauvetage<\/td>\n<td><i class=\"fa fa-check icon-tick icon-tick--on\"><\/i>Assurance<\/td>\n<\/tr>\n<\/tbody>\n<\/table>\n<table class=\"table table-bordered\" style=\"height: 62px;\" width=\"300\">\n<tbody>\n<tr>\n<td><i class=\"fa fa-check icon-tick icon-tick--on\"><\/i>\u00c9quipement de plong\u00e9e avec tuba<\/td>\n<td><i class=\"fa fa-check icon-tick icon-tick--on\"><\/i>Boissons et snacks<\/td>\n<\/tr>\n<\/tbody>\n<\/table>\n<\/td>\n<\/tr>\n<tr>\n<td><strong>TARIFS<\/strong><\/td>\n<td>3 heures sur un bateau \u00e0 voile partag\u00e9 60 euros par personne.<br \/>\n3 heures sur un bateau \u00e0 voile partag\u00e9 pour les enfants (de 3 \u00e0 11 ans) 40<br \/>\neuros.<\/td>\n<\/tr>\n<\/tbody>\n<\/table>\n<p>[\/vc_column_text][\/vc_column][\/vc_row]<\/p>\n<\/div>","protected":false},"excerpt":{"rendered":"<p>Vous souhaitez vivre une exp\u00e9rience unique \u00e0 Tenerife ? Si vous cherchez une activit\u00e9 qui combine la beaut\u00e9 de la mer et la possibilit\u00e9 de voir la faune locale dans son habitat naturel, ne manquez pas notre excursion de <strong>3 heures pour observer les baleines et les dauphins<\/strong>.<\/p>\n","protected":false},"featured_media":2517,"comment_status":"open","ping_status":"closed","template":"","meta":{"_joinchat":[]},"product_brand":[],"product_cat":[177],"product_tag":[],"class_list":{"0":"post-2659","1":"product","2":"type-product","3":"status-publish","4":"has-post-thumbnail","6":"product_cat-sans-categorie","7":"pa_tipos_de_ticket-adultes","8":"pa_tipos_de_ticket-enfants","9":"tour_category-bateaux-prives","10":"tour_category-excursions-en-bateau","11":"tour_category-observation-de-cetaces","13":"first","14":"instock","15":"taxable","16":"shipping-taxable","17":"purchasable","18":"product-type-tour"},"_links":{"self":[{"href":"https:\/\/holidaytourstenerife.com\/fr\/wp-json\/wp\/v2\/product\/2659","targetHints":{"allow":["GET"]}}],"collection":[{"href":"https:\/\/holidaytourstenerife.com\/fr\/wp-json\/wp\/v2\/product"}],"about":[{"href":"https:\/\/holidaytourstenerife.com\/fr\/wp-json\/wp\/v2\/types\/product"}],"replies":[{"embeddable":true,"href":"https:\/\/holidaytourstenerife.com\/fr\/wp-json\/wp\/v2\/comments?post=2659"}],"wp:featuredmedia":[{"embeddable":true,"href":"https:\/\/holidaytourstenerife.com\/fr\/wp-json\/wp\/v2\/media\/2517"}],"wp:attachment":[{"href":"https:\/\/holidaytourstenerife.com\/fr\/wp-json\/wp\/v2\/media?parent=2659"}],"wp:term":[{"taxonomy":"product_brand","embeddable":true,"href":"https:\/\/holidaytourstenerife.com\/fr\/wp-json\/wp\/v2\/product_brand?post=2659"},{"taxonomy":"product_cat","embeddable":true,"href":"https:\/\/holidaytourstenerife.com\/fr\/wp-json\/wp\/v2\/product_cat?post=2659"},{"taxonomy":"product_tag","embeddable":true,"href":"https:\/\/holidaytourstenerife.com\/fr\/wp-json\/wp\/v2\/product_tag?post=2659"}],"curies":[{"name":"wp","href":"https:\/\/api.w.org\/{rel}","templated":true}]}}