{"id":2660,"date":"2023-03-16T04:18:34","date_gmt":"2023-03-16T04:18:34","guid":{"rendered":"https:\/\/holidaytourstenerife.com\/producto\/charter-de-luxe-opera-60\/"},"modified":"2025-08-13T18:07:45","modified_gmt":"2025-08-13T18:07:45","slug":"excursion-en-bateau-opera-60","status":"publish","type":"product","link":"https:\/\/holidaytourstenerife.com\/fr\/tours\/excursion-en-bateau-opera-60\/","title":{"rendered":"Charter de luxe Opera 60"},"content":{"rendered":"<div class=\"wpb-content-wrapper\"><p>[vc_row][vc_column][vc_column_text]<\/p>\n<h1>Excursion en bateau de luxe Op\u00e9ra 60 (3 heures)<\/h1>\n<p>[\/vc_column_text][vc_separator color=\u00a0\u00bbcustom\u00a0\u00bb align=\u00a0\u00bbalign_left\u00a0\u00bb accent_color=\u00a0\u00bb#fe0000&Prime; border_width=\u00a0\u00bb4&Prime; el_width=\u00a0\u00bb10&Prime;][vc_column_text]Si vous \u00eates \u00e0 la recherche d&rsquo;une exp\u00e9rience unique \u00e0 Tenerife, ne manquez pas notre <strong>excursion en charter<\/strong> le long de la <strong>c\u00f4te d&rsquo;Adeje.<\/strong> Notre bateau, <strong>l&rsquo;Opera 60<\/strong>, est le plus grand et le plus spacieux des bateaux pneumatiques rigides de luxe de l&rsquo;\u00eele. Avec une longueur de <strong>20 m\u00e8tres<\/strong> et deux moteurs <strong>VOLVO PENTA de 740 CV<\/strong>, son design \u00e9l\u00e9gant et d\u00e9cor\u00e9 avec go\u00fbt en fait le choix id\u00e9al pour vos prochaines vacances.<\/p>\n<p>Notre point de d\u00e9part est le port de <strong>Puerto Col\u00f3n<\/strong>, o\u00f9 vous pourrez monter \u00e0 bord et vivre une exp\u00e9rience unique et exclusive. La capacit\u00e9 maximale de notre bateau est de 45 personnes, mais nous limitons le nombre de passagers \u00e0 25 pour pr\u00e9server <strong>l&rsquo;exclusivit\u00e9 et le sens du luxe.<\/strong><\/p>\n<p>Pendant l&rsquo;excursion, vous pourrez admirer la merveilleuse faune de l&rsquo;oc\u00e9an Atlantique, notamment <strong>les baleines, les dauphins et les tortues<\/strong> de mer dans leur habitat naturel et libre. En outre, nous proposons un open bar et un <strong>d\u00e9licieux d\u00e9jeuner buffet<\/strong> tout au long de l&rsquo;excursion. Nous nous arr\u00eaterons \u00e9galement \u00e0 <strong>Puertito de Arme\u00f1ime<\/strong>, o\u00f9 vous pourrez vous baigner dans une eau cristalline et faire de la plong\u00e9e avec masque et tuba.<\/p>\n<p>Notre <strong>Excursion charter \u00e0 Tenerife<\/strong> est id\u00e9al pour les c\u00e9l\u00e9brations sp\u00e9ciales telles que les mariages, les enterrements de vie de gar\u00e7on et de jeune fille, les f\u00eates d&rsquo;anniversaire, les bapt\u00eames, les r\u00e9unions de famille et bien plus encore. Ne manquez pas l&rsquo;occasion de passer une journ\u00e9e inoubliable sur la Costa de Adeje !<strong>R\u00e9servez votre place d\u00e8s maintenant<\/strong> sur notre navire <strong>Opera 60<\/strong> et vivez une exp\u00e9rience unique \u00e0 Tenerife ![\/vc_column_text][vc_column_text css=\u00a0\u00bb\u00a0\u00bb]<!--more--><\/p>\n<table class=\"table table-bordered tours-tabs__table\" style=\"height: 233px;\" width=\"862\">\n<tbody>\n<tr>\n<td><strong>HORAIRE<\/strong><\/td>\n<td><strong>Tous les jours<\/strong>\n<p>10:00 port col\u00f3n<\/p>\n<p>13:30 port col\u00f3n<\/p>\n<p>16:30 port col\u00f3n<\/p>\n<p>&nbsp;<\/p><\/td>\n<\/tr>\n<tr>\n<td><strong>DUR\u00c9E<\/strong><\/td>\n<td>3 heures<\/td>\n<\/tr>\n<tr>\n<td><strong>TRANSPORTS<\/strong><\/td>\n<td>Depuis le port Col\u00f3n<\/td>\n<\/tr>\n<tr>\n<td><strong>OPTIONS<\/strong><\/td>\n<td>3 heures partag\u00e9es (tous les jours)<\/td>\n<\/tr>\n<tr>\n<td><strong>INCLUANT<\/strong><\/td>\n<td>\n<table class=\"table table-bordered\" style=\"height: 62px;\" width=\"300\">\n<tbody>\n<tr>\n<td><i class=\"fa fa-check icon-tick icon-tick--on\"><\/i>Gilet de sauvetage<\/td>\n<td><i class=\"fa fa-check icon-tick icon-tick--on\"><\/i>Assurance<\/td>\n<\/tr>\n<\/tbody>\n<\/table>\n<table class=\"table table-bordered\" style=\"height: 62px;\" width=\"300\">\n<tbody>\n<tr>\n<td><i class=\"fa fa-check icon-tick icon-tick--on\"><\/i>\u00c9quipement de plong\u00e9e avec tuba<\/td>\n<td><i class=\"fa fa-check icon-tick icon-tick--on\"><\/i>Buffet chaud et boissons<\/td>\n<\/tr>\n<\/tbody>\n<\/table>\n<\/td>\n<\/tr>\n<tr>\n<td><strong>TARIFS<\/strong><\/td>\n<td><strong>3 heures partag\u00e9es 75,00 euros<\/strong><br \/>\n<strong>De 6 ans \u00e0 11 ans 50,00 euros<\/strong><br \/>\n<strong>De 0 \u00e0 5 ans Gratuit<\/strong><\/td>\n<\/tr>\n<\/tbody>\n<\/table>\n<p>[\/vc_column_text][\/vc_column][\/vc_row][vc_row][vc_column][vc_video link=\u00a0\u00bbhttps:\/\/youtu.be\/W1-tr90cXRk\u00a0\u00bb][\/vc_column][\/vc_row]<\/p>\n<\/div>","protected":false},"excerpt":{"rendered":"<p>Si vous \u00eates \u00e0 la recherche d&rsquo;une exp\u00e9rience unique \u00e0 Tenerife, ne manquez pas notre <strong>excursion en charter<\/strong> le long de la <strong>c\u00f4te d&rsquo;Adeje.<\/strong> Notre bateau, <strong>l&rsquo;Opera 60<\/strong>, est le plus grand et le plus spacieux des bateaux pneumatiques rigides de luxe de l&rsquo;\u00eele. Avec une longueur de <strong>20 m\u00e8tres<\/strong> et deux moteurs <strong>VOLVO PENTA de 740 CV<\/strong>, son design \u00e9l\u00e9gant et d\u00e9cor\u00e9 avec go\u00fbt en fait le choix id\u00e9al pour vos prochaines vacances.<\/p>\n","protected":false},"featured_media":2507,"comment_status":"open","ping_status":"closed","template":"","meta":{"_joinchat":[]},"product_brand":[],"product_cat":[177],"product_tag":[],"class_list":{"0":"post-2660","1":"product","2":"type-product","3":"status-publish","4":"has-post-thumbnail","6":"product_cat-sans-categorie","7":"pa_tipos_de_ticket-adultes","8":"pa_tipos_de_ticket-enfants","9":"pa_tipos_de_ticket-enfant-6-a-11-ans","10":"pa_tipos_de_ticket-bebe-0-a-5-ans","11":"tour_category-excursions-en-bateau","12":"tour_category-observation-de-cetaces","14":"first","15":"instock","16":"taxable","17":"shipping-taxable","18":"purchasable","19":"product-type-tour"},"_links":{"self":[{"href":"https:\/\/holidaytourstenerife.com\/fr\/wp-json\/wp\/v2\/product\/2660","targetHints":{"allow":["GET"]}}],"collection":[{"href":"https:\/\/holidaytourstenerife.com\/fr\/wp-json\/wp\/v2\/product"}],"about":[{"href":"https:\/\/holidaytourstenerife.com\/fr\/wp-json\/wp\/v2\/types\/product"}],"replies":[{"embeddable":true,"href":"https:\/\/holidaytourstenerife.com\/fr\/wp-json\/wp\/v2\/comments?post=2660"}],"wp:featuredmedia":[{"embeddable":true,"href":"https:\/\/holidaytourstenerife.com\/fr\/wp-json\/wp\/v2\/media\/2507"}],"wp:attachment":[{"href":"https:\/\/holidaytourstenerife.com\/fr\/wp-json\/wp\/v2\/media?parent=2660"}],"wp:term":[{"taxonomy":"product_brand","embeddable":true,"href":"https:\/\/holidaytourstenerife.com\/fr\/wp-json\/wp\/v2\/product_brand?post=2660"},{"taxonomy":"product_cat","embeddable":true,"href":"https:\/\/holidaytourstenerife.com\/fr\/wp-json\/wp\/v2\/product_cat?post=2660"},{"taxonomy":"product_tag","embeddable":true,"href":"https:\/\/holidaytourstenerife.com\/fr\/wp-json\/wp\/v2\/product_tag?post=2660"}],"curies":[{"name":"wp","href":"https:\/\/api.w.org\/{rel}","templated":true}]}}