{"id":2661,"date":"2023-03-10T05:06:17","date_gmt":"2023-03-10T05:06:17","guid":{"rendered":"https:\/\/holidaytourstenerife.com\/producto\/activites-aquatiques\/"},"modified":"2026-05-13T02:47:29","modified_gmt":"2026-05-13T02:47:29","slug":"activites-aquatiques-tenerife","status":"publish","type":"product","link":"https:\/\/holidaytourstenerife.com\/fr\/tours\/activites-aquatiques-tenerife\/","title":{"rendered":"Activit\u00e9s aquatiques"},"content":{"rendered":"<div class=\"wpb-content-wrapper\"><p>[vc_row][vc_column][vc_column_text]<\/p>\n<h1>Activit\u00e9s nautiques \u00e0 Tenerife<\/h1>\n<p>[\/vc_column_text][vc_separator color=\u00a0\u00bbcustom\u00a0\u00bb align=\u00a0\u00bbalign_left\u00a0\u00bb border_width=\u00a0\u00bb4&Prime; el_width=\u00a0\u00bb10&Prime; accent_color=\u00a0\u00bb#47a0ff\u00a0\u00bb][vc_column_text]D\u00e9couvrez les meilleures <strong>activit\u00e9s nautiques \u00e0 Tenerife<\/strong> gr\u00e2ce \u00e0 notre vaste s\u00e9lection d&rsquo;options passionnantes ! Envie d&rsquo;une exp\u00e9rience amusante sur l&rsquo;eau ? Essayez notre populaire promenade en bateau <strong>banane ou l&rsquo;OVNI fou<\/strong>, tous deux parfaits pour toute la famille.<\/p>\n<p>Vous pr\u00e9f\u00e9rez une exp\u00e9rience plus excitante ? Le <strong>fly fish<\/strong> \u00e0 la mouche est une excellente option pour ceux qui recherchent une pouss\u00e9e d&rsquo;adr\u00e9naline sur l&rsquo;eau. Si vous voulez essayer quelque chose de compl\u00e8tement nouveau, le <strong>flyboard<\/strong> est <strong>l&rsquo;activit\u00e9 aquatique<\/strong> parfaite pour vous. Sentez le frisson en vous \u00e9levant au-dessus de l&rsquo;eau et profitez d&rsquo;une vue spectaculaire !<\/p>\n<p>Nous proposons toutes ces activit\u00e9s et bien d&rsquo;autres encore, toutes con\u00e7ues pour garantir une exp\u00e9rience passionnante et s\u00fbre. Nos instructeurs professionnels vous guideront \u00e0 chaque \u00e9tape pour vous garantir la meilleure exp\u00e9rience possible.<\/p>\n<p>Si vous planifiez vos prochaines <strong>vacances \u00e0 Tenerife<\/strong>, n&rsquo;oubliez pas d&rsquo;inclure quelques <strong>activit\u00e9s nautiques<\/strong> passionnantes dans votre liste de choses \u00e0 faire.. R\u00e9servez avec nous d\u00e8s aujourd&rsquo;hui et pr\u00e9parez-vous \u00e0 vivre une aventure inoubliable sur l&rsquo;eau ![\/vc_column_text][vc_column_text]<!--more--><\/p>\n<table class=\"table table-bordered tours-tabs__table\" style=\"height: 233px;\" width=\"862\">\n<tbody>\n<tr>\n<td><strong>HORAIRE<\/strong><\/td>\n<td>11:00, 12:00, 13:00, 14:00, 15:00, 16:00, 17:00, 18:00 (juillet et ao\u00fbt)<\/td>\n<\/tr>\n<tr>\n<td><strong>DUR\u00c9E<\/strong><\/td>\n<td>10-15 minutes<\/td>\n<\/tr>\n<tr>\n<td><strong>LIEU DE D\u00c9PART<\/strong><\/td>\n<td>Depuis Porto Colon<\/td>\n<\/tr>\n<tr>\n<td><strong>OPTIONS<\/strong><\/td>\n<td><strong>Banana boat (minimum 6 ans) anan<\/strong><br \/>\n<strong>Fly fish<\/strong> (minimum 6 ans)<br \/>\n<strong>Crazy ufo<\/strong> (minimum 6 ans)<br \/>\n<strong>Flyboard15 minutes<\/strong> (minimum 16 ans avec autorisation parentale)<br \/>\n<strong>Flyboard 30 minutes<\/strong> (minimum 16 ans avec autorisation parentale)<\/td>\n<\/tr>\n<tr>\n<td><strong>INCLUANT<\/strong><\/td>\n<td>\n<table class=\"table table-bordered\" style=\"height: 62px;\" width=\"300\">\n<tbody>\n<tr>\n<td><i class=\"fa fa-check icon-tick icon-tick--on\"><\/i>Gilet de sauvetage<\/td>\n<td><i class=\"fa fa-check icon-tick icon-tick--on\"><\/i>Assurance<\/td>\n<\/tr>\n<\/tbody>\n<\/table>\n<\/td>\n<\/tr>\n<tr>\n<td><b>TARIFS<\/b><\/td>\n<td><strong>Banana boat 15 euros<br \/>\nFly fish 15 euros<br \/>\nCrazy ufo 15 euros<br \/>\nFlyboard (15 minutes) 65 euros<br \/>\nFlyboard (30 minutes) 100 euros<\/strong><\/td>\n<\/tr>\n<\/tbody>\n<\/table>\n<p>[\/vc_column_text][\/vc_column][\/vc_row]<\/p>\n<\/div>","protected":false},"excerpt":{"rendered":"<p>D\u00e9couvrez les meilleures <strong>activit\u00e9s nautiques \u00e0 Tenerife<\/strong> gr\u00e2ce \u00e0 notre vaste s\u00e9lection d&rsquo;options passionnantes ! Envie d&rsquo;une exp\u00e9rience amusante sur l&rsquo;eau ? Essayez notre populaire promenade en bateau <strong>banane ou l&rsquo;OVNI fou<\/strong>, tous deux parfaits pour toute la famille.<\/p>\n","protected":false},"featured_media":2663,"comment_status":"open","ping_status":"closed","template":"","meta":{"_joinchat":[]},"product_brand":[],"product_cat":[177],"product_tag":[],"class_list":{"0":"post-2661","1":"product","2":"type-product","3":"status-publish","4":"has-post-thumbnail","6":"product_cat-sans-categorie","7":"tour_category-activites-aquatiques","9":"first","10":"instock","11":"taxable","12":"shipping-taxable","13":"purchasable","14":"product-type-tour"},"_links":{"self":[{"href":"https:\/\/holidaytourstenerife.com\/fr\/wp-json\/wp\/v2\/product\/2661","targetHints":{"allow":["GET"]}}],"collection":[{"href":"https:\/\/holidaytourstenerife.com\/fr\/wp-json\/wp\/v2\/product"}],"about":[{"href":"https:\/\/holidaytourstenerife.com\/fr\/wp-json\/wp\/v2\/types\/product"}],"replies":[{"embeddable":true,"href":"https:\/\/holidaytourstenerife.com\/fr\/wp-json\/wp\/v2\/comments?post=2661"}],"wp:featuredmedia":[{"embeddable":true,"href":"https:\/\/holidaytourstenerife.com\/fr\/wp-json\/wp\/v2\/media\/2663"}],"wp:attachment":[{"href":"https:\/\/holidaytourstenerife.com\/fr\/wp-json\/wp\/v2\/media?parent=2661"}],"wp:term":[{"taxonomy":"product_brand","embeddable":true,"href":"https:\/\/holidaytourstenerife.com\/fr\/wp-json\/wp\/v2\/product_brand?post=2661"},{"taxonomy":"product_cat","embeddable":true,"href":"https:\/\/holidaytourstenerife.com\/fr\/wp-json\/wp\/v2\/product_cat?post=2661"},{"taxonomy":"product_tag","embeddable":true,"href":"https:\/\/holidaytourstenerife.com\/fr\/wp-json\/wp\/v2\/product_tag?post=2661"}],"curies":[{"name":"wp","href":"https:\/\/api.w.org\/{rel}","templated":true}]}}