{"id":2668,"date":"2023-03-10T04:52:29","date_gmt":"2023-03-10T04:52:29","guid":{"rendered":"https:\/\/holidaytourstenerife.com\/producto\/excursion-dans-le-parc-national-du-teide\/"},"modified":"2024-03-08T19:40:44","modified_gmt":"2024-03-08T19:40:44","slug":"excursion-au-teide","status":"publish","type":"product","link":"https:\/\/holidaytourstenerife.com\/fr\/tours\/excursion-au-teide\/","title":{"rendered":"Excursion dans le parc national du Teide"},"content":{"rendered":"<div class=\"wpb-content-wrapper\"><p>[vc_row][vc_column][vc_column_text]<\/p>\n<h1>Excursion au Teide depuis le sud de Tenerife<\/h1>\n<p>[\/vc_column_text][vc_separator color=\u00a0\u00bbcustom\u00a0\u00bb align=\u00a0\u00bbalign_left\u00a0\u00bb border_width=\u00a0\u00bb4&Prime; el_width=\u00a0\u00bb10&Prime; accent_color=\u00a0\u00bb#47a0ff\u00a0\u00bb][vc_column_text]<strong>Excursion dans le parc national du Teide Rejoignez-nous pour une aventure passionnante \u00e0 la d\u00e9couverte du <\/strong><strong>plus haut sommet d&rsquo;Espagne<\/strong>, le majestueux <strong>Teide.<\/strong> Avec une altitude de 2 370 m. au-dessus du niveau de la mer, cet endroit vous coupera le souffle. Le long de la route, vous b\u00e9n\u00e9ficierez de vues \u00e9poustouflantes sur les diff\u00e9rents paysages qui s&rsquo;offrent \u00e0 vous. Nous traverserons les <strong>for\u00eats de pins canariens<\/strong> et arriverons \u00e0 <strong>Las Ca\u00f1adas del Teide<\/strong>, o\u00f9 vous pourrez d\u00e9couvrir de premi\u00e8re main la diversit\u00e9 de l&rsquo;\u00eele de Tenerife.<\/p>\n<p>Au cours de la visite, nous ferons plusieurs arr\u00eats afin que vous puissiez appr\u00e9cier les merveilles naturelles qui vous entourent.. \u00c0 la fin, nous vous emm\u00e8nerons \u00e0 la <strong>base du t\u00e9l\u00e9ph\u00e9rique<\/strong>, d&rsquo;o\u00f9 vous pourrez profiter d&rsquo;une vue magnifique sur la vall\u00e9e d&rsquo;Ucanca. Si vous voulez ajouter encore plus d&rsquo;\u00e9motions \u00e0 votre exp\u00e9rience, nous vous offrons <strong>la possibilit\u00e9 de prendre le t\u00e9l\u00e9ph\u00e9rique<\/strong> du Teide jusqu&rsquo;\u00e0 3550 m, o\u00f9 vous serez \u00e0 quelques m\u00e8tres du plus <strong>haut sommet d&rsquo;Espagne..<\/strong><\/p>\n<p>Enfin, pour compl\u00e9ter notre aventure, nous traversons l&rsquo;une des plus grandes caldeiras du monde et visitons <strong>les Roques de Garc\u00eda<\/strong>, un lieu embl\u00e9matique de <strong>Tenerife.<\/strong> Admirez les fascinantes formations rocheuses qui semblent \u00e9merger d&rsquo;une autre plan\u00e8te, ainsi que d&rsquo;autres points d&rsquo;int\u00e9r\u00eat du parc national, comme le paysage lunaire. Pour retourner \u00e0 la base, nous ferons une descente confortable en bus.<\/p>\n<p>Ne manquez pas l&rsquo;occasion de vivre cette aventure unique en son genre ! <strong>R\u00e9servez votre place<\/strong> d\u00e8s maintenant et laissez-nous vous emmener \u00e0 travers les paysages les plus \u00e9poustouflants de <strong>Tenerife.<\/strong>[\/vc_column_text][vc_column_text]<!--more--><\/p>\n<table class=\"table table-bordered tours-tabs__table\" style=\"height: 233px;\" width=\"862\">\n<tbody>\n<tr>\n<td><strong>HORAIRE<\/strong><\/td>\n<td>Tous les jours (du lundi au dimanche) &#8211; 08:00 \/ 15:00<\/td>\n<\/tr>\n<tr>\n<td><strong>TRANSPORTS<\/strong><\/td>\n<td>Prise en charge \u00e0 diff\u00e9rents points pr\u00e8s de votre h\u00f4tel (de Playa Paraiso \u00e0 El Medano).<\/td>\n<\/tr>\n<tr>\n<td><strong>OPTIONS<\/strong><\/td>\n<td>Parc national du Teide\n<p>Parc national du Teide et t\u00e9l\u00e9ph\u00e9rique<\/p><\/td>\n<\/tr>\n<tr>\n<td><strong>INCLUANT<\/strong><\/td>\n<td><i class=\"fa fa-check icon-tick icon-tick--on\"><\/i>Bus touristique\n<p><i class=\"fa fa-check icon-tick icon-tick--on\"><\/i>Gu\u00edas profesionales (italiano, ruso, espa\u00f1ol, franc\u00e9s, neerland\u00e9s, alem\u00e1n, espa\u00f1ol, franc\u00e9s, alem\u00e1n)<\/p>\n<p><i class=\"fa fa-check icon-tick icon-tick--on\"><\/i>Assurance<\/p><\/td>\n<\/tr>\n<tr>\n<td><b>TARIFS<\/b><\/td>\n<td>\n<table width=\"521\">\n<tbody>\n<tr>\n<td><strong>Prix sans t\u00e9l\u00e9ph\u00e9rique<\/strong><\/td>\n<td>\n<table width=\"348\">\n<tbody>\n<tr>\n<td>Adulte : 50\u20ac.<\/td>\n<td>Enfant : 30\u20ac<\/td>\n<td>Boisson : Gratuit<\/td>\n<\/tr>\n<\/tbody>\n<\/table>\n<\/td>\n<\/tr>\n<tr>\n<td><strong>Prix avec t\u00e9l\u00e9ph\u00e9rique<\/strong><\/td>\n<td>\n<table width=\"348\">\n<tbody>\n<tr>\n<td>Adulte : 90\u20ac.<\/td>\n<td>Enfant : 50\u20ac.<\/td>\n<td>Boisson : Interdit<\/td>\n<\/tr>\n<\/tbody>\n<\/table>\n<\/td>\n<\/tr>\n<\/tbody>\n<\/table>\n<\/td>\n<\/tr>\n<\/tbody>\n<\/table>\n<p>[\/vc_column_text][\/vc_column][\/vc_row]<\/p>\n<\/div>","protected":false},"excerpt":{"rendered":"<p><strong>Excursion au Teide depuis le sud de Tenerife<\/strong> Rejoignez-nous pour une aventure passionnante \u00e0 la d\u00e9couverte du <strong>plus haut sommet d&rsquo;Espagne<\/strong>, le majestueux <strong>Teide.<\/strong> Avec une altitude de 2 370 m. au-dessus du niveau de la mer, cet endroit vous coupera le souffle. Le long de la route, vous b\u00e9n\u00e9ficierez de vues \u00e9poustouflantes sur les diff\u00e9rents paysages qui s&rsquo;offrent \u00e0 vous.<\/p>\n","protected":false},"featured_media":2673,"comment_status":"open","ping_status":"closed","template":"","meta":{"_joinchat":[]},"product_brand":[],"product_cat":[177],"product_tag":[],"class_list":{"0":"post-2668","1":"product","2":"type-product","3":"status-publish","4":"has-post-thumbnail","6":"product_cat-sans-categorie","7":"pa_tipos_de_ticket-adultes","8":"pa_tipos_de_ticket-enfants","9":"pa_tipos_de_ticket-bebe-0-a-1-an","10":"pa_tipos_de_ticket-enfants-2-a-11-ans","11":"tour_category-sports-et-aventures","13":"first","14":"instock","15":"taxable","16":"shipping-taxable","17":"purchasable","18":"product-type-tour"},"_links":{"self":[{"href":"https:\/\/holidaytourstenerife.com\/fr\/wp-json\/wp\/v2\/product\/2668","targetHints":{"allow":["GET"]}}],"collection":[{"href":"https:\/\/holidaytourstenerife.com\/fr\/wp-json\/wp\/v2\/product"}],"about":[{"href":"https:\/\/holidaytourstenerife.com\/fr\/wp-json\/wp\/v2\/types\/product"}],"replies":[{"embeddable":true,"href":"https:\/\/holidaytourstenerife.com\/fr\/wp-json\/wp\/v2\/comments?post=2668"}],"wp:featuredmedia":[{"embeddable":true,"href":"https:\/\/holidaytourstenerife.com\/fr\/wp-json\/wp\/v2\/media\/2673"}],"wp:attachment":[{"href":"https:\/\/holidaytourstenerife.com\/fr\/wp-json\/wp\/v2\/media?parent=2668"}],"wp:term":[{"taxonomy":"product_brand","embeddable":true,"href":"https:\/\/holidaytourstenerife.com\/fr\/wp-json\/wp\/v2\/product_brand?post=2668"},{"taxonomy":"product_cat","embeddable":true,"href":"https:\/\/holidaytourstenerife.com\/fr\/wp-json\/wp\/v2\/product_cat?post=2668"},{"taxonomy":"product_tag","embeddable":true,"href":"https:\/\/holidaytourstenerife.com\/fr\/wp-json\/wp\/v2\/product_tag?post=2668"}],"curies":[{"name":"wp","href":"https:\/\/api.w.org\/{rel}","templated":true}]}}