{"id":2677,"date":"2023-03-10T04:45:45","date_gmt":"2023-03-10T04:45:45","guid":{"rendered":"https:\/\/holidaytourstenerife.com\/producto\/teide-masca-gran-tour\/"},"modified":"2023-11-29T18:57:44","modified_gmt":"2023-11-29T18:57:44","slug":"teide-masca-gran-tour-bus","status":"publish","type":"product","link":"https:\/\/holidaytourstenerife.com\/fr\/tours\/teide-masca-gran-tour-bus\/","title":{"rendered":"Teide-Masca (Gran Tour)"},"content":{"rendered":"<div class=\"wpb-content-wrapper\"><p>[vc_row][vc_column][vc_column_text]<\/p>\n<h1>Teide-Masca Gran Tour<\/h1>\n<p>[\/vc_column_text][vc_separator color=\u00a0\u00bbcustom\u00a0\u00bb align=\u00a0\u00bbalign_left\u00a0\u00bb border_width=\u00a0\u00bb4&Prime; el_width=\u00a0\u00bb10&Prime; accent_color=\u00a0\u00bb#fe0000&Prime;][vc_column_text]<strong>Teide Masca Gran Tour D\u00e9couvrez le meilleur de <\/strong><strong>l&rsquo;\u00eele de T\u00e9n\u00e9rife<\/strong> avec notre visite guid\u00e9e. Au cours de cette excursion, nous visiterons les lieux les plus remarquables, tels <strong>que le parc national du Teide<\/strong>, <strong>Las Ca\u00f1adas del Teide<\/strong> et l&rsquo;impressionnant <strong>Roque de Garc\u00eda.<\/strong><\/p>\n<p>\u00c0 <strong>Icod de los Vinos<\/strong>, vous serez \u00e9merveill\u00e9 par le l\u00e9gendaire <strong>Drago Milenario,<\/strong> un arbre vieux d&rsquo;environ 800 ans, qui est l&rsquo;une des principales attractions de l&rsquo;\u00eele. \u00c0 <strong>Garachico<\/strong>, ancien port d\u00e9truit par une <strong>\u00e9ruption volcanique<\/strong> en 1706, vous pourrez vous promener dans son quartier historico-artistique et observer les piscines naturelles de <strong>lave volcanique.<\/strong><\/p>\n<p>Vous aurez du temps libre pour d\u00e9jeuner dans l&rsquo;un des restaurants de la r\u00e9gion ou pour d\u00e9guster un menu de notre s\u00e9lection (non inclus dans le prix). Enfin, vous pourrez admirer le paysage \u00e9poustouflant du <strong>ravin de Masca<\/strong> et le <strong>hameau historique de Masca<\/strong> avant de revenir au point de d\u00e9part \u00e0 18h00 en passant par <strong>Los Gigantes<\/strong><\/p>\n<p>Participez \u00e0 notre <strong>visite guid\u00e9e<\/strong> et d\u00e9couvrez les lieux les plus embl\u00e9matiques de l&rsquo;\u00eele. R\u00e9servez d\u00e8s maintenant et ne manquez pas cette exp\u00e9rience unique !<\/p>\n<p>En outre, lors de notre visite guid\u00e9e, vous serez accompagn\u00e9s par des <strong>guides experts<\/strong> et comp\u00e9tents de l&rsquo;\u00eele, qui vous fourniront des informations d\u00e9taill\u00e9es et des curiosit\u00e9s sur les lieux que vous visiterez. Vous d\u00e9couvrirez l&rsquo;histoire et la culture de l&rsquo;\u00eele, et vous aurez l&rsquo;occasion de poser des questions et d&rsquo;obtenir des r\u00e9ponses sur tout ce que vous souhaitez savoir.<\/p>\n<p>Ne manquez pas l&rsquo;occasion de d\u00e9couvrir les <strong>secrets de Tenerife<\/strong> con notre visite guid\u00e9e.<strong>.<\/strong> R\u00e9servez d\u00e8s maintenant et vivez une exp\u00e9rience inoubliable dont vous vous souviendrez toujours.[\/vc_column_text][vc_column_text]<!--more--><\/p>\n<table class=\"table table-bordered tours-tabs__table\" style=\"height: 233px;\" width=\"862\">\n<tbody>\n<tr>\n<td><strong>HORAIRE<\/strong><\/td>\n<td>Tous les jours \u00e0 partir de 08h00 \/ 18h00<\/td>\n<\/tr>\n<tr>\n<td><strong>TRANSPORTS<\/strong><\/td>\n<td>Prise en charge \u00e0 diff\u00e9rents points pr\u00e8s de votre h\u00f4tel (de Playa Paraiso \u00e0 El Medano).<\/td>\n<\/tr>\n<tr>\n<td><strong>INCLUANT<\/strong><\/td>\n<td>\n<table class=\"table table-bordered\" style=\"height: 62px;\" width=\"300\">\n<tbody>\n<tr>\n<td><i class=\"fa fa-check icon-tick icon-tick--on\"><\/i>Bus touristique<\/td>\n<td><i class=\"fa fa-check icon-tick icon-tick--on\"><\/i>Gu\u00edas profesionales (italiano, ruso, espa\u00f1ol, franc\u00e9s, neerland\u00e9s, alem\u00e1n, espa\u00f1ol, franc\u00e9s, alem\u00e1n)<\/td>\n<\/tr>\n<tr>\n<td><i class=\"fa fa-check icon-tick icon-tick--on\"><\/i>Assurance<\/td>\n<td><\/td>\n<\/tr>\n<\/tbody>\n<\/table>\n<\/td>\n<\/tr>\n<tr>\n<td><b>TARIFS<\/b><\/td>\n<td>\n<table width=\"319\">\n<tbody>\n<tr>\n<td width=\"159\"><\/td>\n<td width=\"160\"><strong>Prix (euro)<\/strong><\/td>\n<\/tr>\n<tr>\n<td width=\"159\"><strong>Adultes<\/strong><\/td>\n<td width=\"160\">55<\/td>\n<\/tr>\n<tr>\n<td width=\"159\"><strong>Enfants (2-11 ans)<\/strong><\/td>\n<td width=\"160\">35<\/td>\n<\/tr>\n<tr>\n<td width=\"159\"><strong>B\u00e9b\u00e9 (0 -1 an)<\/strong><\/td>\n<td width=\"160\">Gratuit\n<p>&nbsp;<\/p><\/td>\n<\/tr>\n<\/tbody>\n<\/table>\n<\/td>\n<\/tr>\n<\/tbody>\n<\/table>\n<p>[\/vc_column_text][\/vc_column][\/vc_row][vc_row][vc_column][vc_video link=\u00a0\u00bbhttps:\/\/youtu.be\/1jt_Nvf75-E\u00a0\u00bb][\/vc_column][\/vc_row]<\/p>\n<\/div>","protected":false},"excerpt":{"rendered":"<p><strong>Teide Masca Gran Tour D\u00e9couvrez le meilleur de <strong>l&rsquo;\u00eele de T\u00e9n\u00e9rife<\/strong> avec notre visite guid\u00e9e.<\/strong> Au cours de cette excursion, nous visiterons les lieux les plus remarquables, tels <strong>que le parc national du Teide<\/strong>, <strong>Las Ca\u00f1adas del Teide<\/strong> et l&rsquo;impressionnant <strong>Roque de Garc\u00eda.<\/strong><\/p>\n","protected":false},"featured_media":2671,"comment_status":"open","ping_status":"closed","template":"","meta":{"_joinchat":[]},"product_brand":[],"product_cat":[177],"product_tag":[],"class_list":{"0":"post-2677","1":"product","2":"type-product","3":"status-publish","4":"has-post-thumbnail","6":"product_cat-sans-categorie","7":"pa_tipos_de_ticket-adultes","8":"pa_tipos_de_ticket-enfants","9":"pa_tipos_de_ticket-bebe-0-a-1-an","10":"pa_tipos_de_ticket-enfants-2-a-11-ans","11":"tour_category-visites-en-bus","13":"first","14":"instock","15":"taxable","16":"shipping-taxable","17":"purchasable","18":"product-type-tour"},"_links":{"self":[{"href":"https:\/\/holidaytourstenerife.com\/fr\/wp-json\/wp\/v2\/product\/2677","targetHints":{"allow":["GET"]}}],"collection":[{"href":"https:\/\/holidaytourstenerife.com\/fr\/wp-json\/wp\/v2\/product"}],"about":[{"href":"https:\/\/holidaytourstenerife.com\/fr\/wp-json\/wp\/v2\/types\/product"}],"replies":[{"embeddable":true,"href":"https:\/\/holidaytourstenerife.com\/fr\/wp-json\/wp\/v2\/comments?post=2677"}],"wp:featuredmedia":[{"embeddable":true,"href":"https:\/\/holidaytourstenerife.com\/fr\/wp-json\/wp\/v2\/media\/2671"}],"wp:attachment":[{"href":"https:\/\/holidaytourstenerife.com\/fr\/wp-json\/wp\/v2\/media?parent=2677"}],"wp:term":[{"taxonomy":"product_brand","embeddable":true,"href":"https:\/\/holidaytourstenerife.com\/fr\/wp-json\/wp\/v2\/product_brand?post=2677"},{"taxonomy":"product_cat","embeddable":true,"href":"https:\/\/holidaytourstenerife.com\/fr\/wp-json\/wp\/v2\/product_cat?post=2677"},{"taxonomy":"product_tag","embeddable":true,"href":"https:\/\/holidaytourstenerife.com\/fr\/wp-json\/wp\/v2\/product_tag?post=2677"}],"curies":[{"name":"wp","href":"https:\/\/api.w.org\/{rel}","templated":true}]}}