{"id":2696,"date":"2023-03-09T03:38:26","date_gmt":"2023-03-09T03:38:26","guid":{"rendered":"https:\/\/holidaytourstenerife.com\/producto\/location-de-zodiac\/"},"modified":"2024-10-22T01:52:41","modified_gmt":"2024-10-22T01:52:41","slug":"location-de-zodiac-a-tenerife","status":"publish","type":"product","link":"https:\/\/holidaytourstenerife.com\/fr\/tours\/location-de-zodiac-a-tenerife\/","title":{"rendered":"Location de zodiac"},"content":{"rendered":"<div class=\"wpb-content-wrapper\"><p>[vc_row][vc_column][vc_column_text]<\/p>\n<h1>Location de zodiac \u00e0 Tenerife Sud sans licence<\/h1>\n<p>[\/vc_column_text][vc_separator color=\u00a0\u00bbcustom\u00a0\u00bb align=\u00a0\u00bbalign_left\u00a0\u00bb border_width=\u00a0\u00bb4&Prime; el_width=\u00a0\u00bb10&Prime; accent_color=\u00a0\u00bb#47a0ff\u00a0\u00bb][vc_column_text]Voulez-vous profiter des sensations de la l<strong>ocation de zodiacs \u00e0 T\u00e9n\u00e9rife sans licence ?<\/strong> Dans notre entreprise de <strong>location de zodiacs \u00e0 Puerto Col\u00f3n<\/strong>, Tenerife, nous vous offrons la possibilit\u00e9 de vivre une aventure nautique unique et s\u00fbre.<\/p>\n<p>Pouvant accueillir jusqu&rsquo;\u00e0 4 personnes, nos zodiacs sont id\u00e9aux pour les familles et les groupes d&rsquo;amis qui souhaitent explorer la <strong>c\u00f4te de T\u00e9n\u00e9rife<\/strong> \u00e0 leur propre rythme. De plus, nos zodiacs sont \u00e9quip\u00e9s d&rsquo;un moteur de 15 CV, ce qui vous permettra de vous d\u00e9placer de mani\u00e8re agile et de profiter des vues panoramiques du s<strong>ud de T\u00e9n\u00e9riffe.<\/strong><\/p>\n<p>Notre entreprise s&rsquo;efforce d&rsquo;offrir un service de qualit\u00e9 \u00e0 des prix abordables. Nous vous fournirons une carte d\u00e9taill\u00e9e de la r\u00e9gion afin que vous puissiez explorer les plus belles criques et les plus beaux coins de l&rsquo;\u00eele en toute confiance.<\/p>\n<p><strong>Louez un zodiac sans permis \u00e0 Puerto Colon<\/strong> et partez \u00e0 l&rsquo;aventure ! Contactez-nous d\u00e8s maintenant pour r\u00e9server votre zodiac et d\u00e9couvrir tout ce que Tenerife a \u00e0 offrir depuis la mer.<\/p>\n<h2>Options de service<\/h2>\n<p>[\/vc_column_text][vc_column_text]<!--more--><\/p>\n<table class=\"table table-bordered tours-tabs__table\" style=\"height: 233px;\" width=\"862\">\n<tbody>\n<tr>\n<td>\n<h3><strong>LIEU DE D\u00c9PART<\/strong><\/h3>\n<\/td>\n<td>Depuis Puerto Colon.<\/td>\n<\/tr>\n<tr>\n<td>\n<h3><strong>AGE<\/strong><\/h3>\n<\/td>\n<td>Pour louer un bateau, il faut \u00eatre \u00e2g\u00e9 de plus de 18 ans.<br \/>\nEn tant que membre d&rsquo;\u00e9quipage \u00e2g\u00e9 de plus de 6 ans.<br \/>\n<strong>D\u00e9p\u00f4t de 100 euros \u00e0 titre de caution.<\/strong><\/td>\n<\/tr>\n<tr>\n<td>\n<h3><strong>HORAIRE<\/strong><\/h3>\n<\/td>\n<td>De 11h00 \u00e0 17h00 tous les jours et en juillet et ao\u00fbt \u00e9galement \u00e0 18h00.<\/td>\n<\/tr>\n<tr>\n<td>\n<h3><strong>INCLUANT<\/strong><\/h3>\n<\/td>\n<td>\n<table class=\"table table-bordered\" style=\"height: 62px;\" width=\"300\">\n<tbody>\n<tr>\n<td><i class=\"fa fa-check icon-tick icon-tick--on\"><\/i>Gilet de sauvetage<\/td>\n<td><i class=\"fa fa-check icon-tick icon-tick--on\"><\/i>Assurance<\/td>\n<\/tr>\n<tr>\n<td><\/td>\n<td><\/td>\n<\/tr>\n<\/tbody>\n<\/table>\n<\/td>\n<\/tr>\n<tr>\n<td>\n<h3><b>TARIFS<\/b><\/h3>\n<\/td>\n<td>\n<table class=\"table table-bordered\" style=\"height: 62px;\" width=\"300\">\n<tbody>\n<tr>\n<td>Location 1 heure 65 euros<\/td>\n<\/tr>\n<tr>\n<td>Location 2 heures 110 euros<\/td>\n<\/tr>\n<\/tbody>\n<\/table>\n<table class=\"table table-bordered\" style=\"height: 62px;\" width=\"300\">\n<tbody>\n<tr>\n<td>Location de 3 heures 150 euros<\/td>\n<\/tr>\n<\/tbody>\n<\/table>\n<\/td>\n<\/tr>\n<\/tbody>\n<\/table>\n<p>[\/vc_column_text][\/vc_column][\/vc_row]<\/p>\n<\/div>","protected":false},"excerpt":{"rendered":"<p>Voulez-vous profiter des sensations de la l<strong>ocation de zodiacs \u00e0 T\u00e9n\u00e9rife sans licence ?<\/strong> Dans notre entreprise de <strong>location de zodiacs \u00e0 Puerto Col\u00f3n<\/strong>, Tenerife, nous vous offrons la possibilit\u00e9 de vivre une aventure nautique unique et s\u00fbre.<\/p>\n<p>Pouvant accueillir jusqu&rsquo;\u00e0 4 personnes, nos zodiacs sont id\u00e9aux pour les familles et les groupes d&rsquo;amis qui souhaitent explorer la <strong>c\u00f4te de T\u00e9n\u00e9rife<\/strong> \u00e0 leur propre rythme. De plus, nos zodiacs sont \u00e9quip\u00e9s d&rsquo;un moteur de 15 CV, ce qui vous permettra de vous d\u00e9placer de mani\u00e8re agile et de profiter des vues panoramiques du s<strong>ud de T\u00e9n\u00e9riffe.<\/strong><\/p>\n","protected":false},"featured_media":3091,"comment_status":"open","ping_status":"closed","template":"","meta":{"_joinchat":[]},"product_brand":[],"product_cat":[177],"product_tag":[],"class_list":{"0":"post-2696","1":"product","2":"type-product","3":"status-publish","4":"has-post-thumbnail","6":"product_cat-sans-categorie","7":"tour_category-activites-aquatiques","8":"tour_category-excursions-en-bateau","9":"tour_category-plongee-et-peche","10":"tour_category-sports-et-aventures","12":"first","13":"instock","14":"taxable","15":"shipping-taxable","16":"purchasable","17":"product-type-tour"},"_links":{"self":[{"href":"https:\/\/holidaytourstenerife.com\/fr\/wp-json\/wp\/v2\/product\/2696","targetHints":{"allow":["GET"]}}],"collection":[{"href":"https:\/\/holidaytourstenerife.com\/fr\/wp-json\/wp\/v2\/product"}],"about":[{"href":"https:\/\/holidaytourstenerife.com\/fr\/wp-json\/wp\/v2\/types\/product"}],"replies":[{"embeddable":true,"href":"https:\/\/holidaytourstenerife.com\/fr\/wp-json\/wp\/v2\/comments?post=2696"}],"wp:featuredmedia":[{"embeddable":true,"href":"https:\/\/holidaytourstenerife.com\/fr\/wp-json\/wp\/v2\/media\/3091"}],"wp:attachment":[{"href":"https:\/\/holidaytourstenerife.com\/fr\/wp-json\/wp\/v2\/media?parent=2696"}],"wp:term":[{"taxonomy":"product_brand","embeddable":true,"href":"https:\/\/holidaytourstenerife.com\/fr\/wp-json\/wp\/v2\/product_brand?post=2696"},{"taxonomy":"product_cat","embeddable":true,"href":"https:\/\/holidaytourstenerife.com\/fr\/wp-json\/wp\/v2\/product_cat?post=2696"},{"taxonomy":"product_tag","embeddable":true,"href":"https:\/\/holidaytourstenerife.com\/fr\/wp-json\/wp\/v2\/product_tag?post=2696"}],"curies":[{"name":"wp","href":"https:\/\/api.w.org\/{rel}","templated":true}]}}