{"id":2698,"date":"2023-03-08T03:10:05","date_gmt":"2023-03-08T03:10:05","guid":{"rendered":"https:\/\/holidaytourstenerife.com\/producto\/peche-sportive\/"},"modified":"2025-08-13T18:19:06","modified_gmt":"2025-08-13T18:19:06","slug":"peche-sportive-en-bateau-a-tenerife","status":"publish","type":"product","link":"https:\/\/holidaytourstenerife.com\/fr\/tours\/peche-sportive-en-bateau-a-tenerife\/","title":{"rendered":"P\u00eache sportive"},"content":{"rendered":"<div class=\"wpb-content-wrapper\"><p>[vc_row][vc_column][vc_column_text]<\/p>\n<h1>P\u00eache sportive en bateau \u00e0 Tenerife<\/h1>\n<p>[\/vc_column_text][vc_separator color=\u00a0\u00bbcustom\u00a0\u00bb align=\u00a0\u00bbalign_left\u00a0\u00bb accent_color=\u00a0\u00bb#47a0ff\u00a0\u00bb border_width=\u00a0\u00bb4&Prime; el_width=\u00a0\u00bb10&Prime;][vc_column_text]<span style=\"font-weight: 400;\">L<b>&lsquo;\u00eele de T\u00e9n\u00e9rife<\/b> <span style=\"font-weight: 400;\">offre la possibilit\u00e9 de pratiquer cette activit\u00e9 selon diff\u00e9rentes modalit\u00e9s, y compris la<\/span> <b>p\u00eache sportive en charter<\/b> <span style=\"font-weight: 400;\">accompagn\u00e9e par des professionnels de haut niveau ayant plus de 10 ans d&rsquo;exp\u00e9rience.<\/span><\/span><\/p>\n<p><span style=\"font-weight: 400;\">Tout le mat\u00e9riel de p\u00eache est \u00e0 votre disposition.<\/span><\/p>\n<p><span style=\"font-weight: 400;\">Diff\u00e9rents types de p\u00eache sont pratiqu\u00e9s \u00e0 Tenerife. L&rsquo;une des techniques les plus populaires est la <\/span><b>p\u00eache de fond <span style=\"font-weight: 400;\">(<\/span>chambel<\/b><b><\/b><span style=\"font-weight: 400;\">) avec des app\u00e2ts naturels au fond de la mer pour attraper des Sargo, Mojarra, Brecas, Sama et quelques esp\u00e8ces de Morena. Dans les eaux plus profondes, on trouve le m\u00e9rou, l&rsquo;abade et le cherna.<\/span> <span style=\"font-weight: 400;\">Avec la p\u00eache en haute mer<b><\/b><\/span><span style=\"font-weight: 400;\"> (surtout pendant les mois d&rsquo;\u00e9t\u00e9), vous pouvez p\u00eacher le marlin bleu, le marlin blanc et diff\u00e9rents types de thon. Les \u00e9quipements l\u00e9gers sont \u00e9galement utilis\u00e9s pour <\/span><b>p\u00eache \u00e0 la tra\u00eene c\u00f4ti\u00e8re<\/b><span style=\"font-weight: 400;\"> (bonite, barracuda). Nous sommes sp\u00e9cialis\u00e9s dans<\/span><b> turlutte<\/b><span style=\"font-weight: 400;\"> (jusqu&rsquo;\u00e0 150 m), il y a des fonds rocheux o\u00f9 l&rsquo;on peut p\u00eacher des Samas, des Dentex et des M\u00e9rous. Une autre technique consiste \u00e0 <\/span><b>La p\u00eache au <\/b><b>lancer<\/b> <span style=\"font-weight: 400;\">(surtout sur la c\u00f4te d&rsquo;El Medano), toutes les techniques de p\u00eache sportive que nous utiliserons d\u00e9pendront toujours du temps, de la saison et de l&rsquo;exp\u00e9rience du<\/span> <b>capitaine<\/b>.<\/p>\n<p><b>Vous pouvez sortir 4 heures <span style=\"font-weight: 400;\">par jour en compagnie d&rsquo;autres p\u00eacheurs ou r\u00e9server le<\/span> <\/b><b>bateau en priv\u00e9<\/b> pour vous.[\/vc_column_text][vc_column_text css=\u00a0\u00bb\u00a0\u00bb]<!--more--><\/p>\n<table class=\"table table-bordered tours-tabs__table\" style=\"height: 233px;\" width=\"862\">\n<tbody>\n<tr>\n<td><strong>HORAIRES<\/strong><\/td>\n<td>09:00 AM<br \/>\n14:00 PM<\/td>\n<\/tr>\n<tr>\n<td><strong>INFORMATIONS SUR LA SORTIE<\/strong><\/td>\n<td>Depuis Porto Colon<br \/>\nDepuis Las Galletas (contact pour organiser le d\u00e9part)<br \/>\nDepuis Los Gigantes (contact pour organiser le d\u00e9part)<\/td>\n<\/tr>\n<tr>\n<td><strong>INCLUANT<\/strong><\/td>\n<td>\n<table class=\"table table-bordered\" style=\"height: 62px;\" width=\"300\">\n<tbody>\n<tr>\n<td><i class=\"fa fa-check icon-tick icon-tick--on\"><\/i>\u00c9quipement de p\u00eache complet<\/td>\n<td><i class=\"fa fa-check icon-tick icon-tick--on\"><\/i>Boissons et rafra\u00eechissements<\/td>\n<\/tr>\n<tr>\n<td><i class=\"fa fa-check icon-tick icon-tick--on\"><\/i>Assurance<\/td>\n<td><\/td>\n<\/tr>\n<\/tbody>\n<\/table>\n<\/td>\n<\/tr>\n<tr>\n<td><b>TARIFS<\/b><\/td>\n<td>\n<table class=\"table table-bordered\" style=\"height: 62px;\" width=\"300\">\n<tbody>\n<tr>\n<td>4h de p\u00eache dans un bateau partag\u00e9 (max 7 personnes) 75\u20ac par personne<\/td>\n<\/tr>\n<tr>\n<td>4h accompagnateur (sans p\u00eache) 60\u20ac par personne<\/td>\n<\/tr>\n<\/tbody>\n<\/table>\n<table class=\"table table-bordered\" style=\"height: 62px;\" width=\"300\">\n<tbody>\n<tr>\n<td>Bateau de p\u00eache priv\u00e9. (max 7 personnes) 130\u20ac par heure<\/td>\n<\/tr>\n<tr>\n<td><\/td>\n<\/tr>\n<\/tbody>\n<\/table>\n<\/td>\n<\/tr>\n<\/tbody>\n<\/table>\n<p>[\/vc_column_text][\/vc_column][\/vc_row]<\/p>\n<\/div>","protected":false},"excerpt":{"rendered":"<p><span style=\"font-weight: 400;\">L<b>&lsquo;\u00eele de T\u00e9n\u00e9rife<\/b> <span style=\"font-weight: 400;\">offre la possibilit\u00e9 de pratiquer cette activit\u00e9 selon diff\u00e9rentes modalit\u00e9s, y compris la<\/span> <b>p\u00eache sportive en charter<\/b> <span style=\"font-weight: 400;\">accompagn\u00e9e par des professionnels de haut niveau ayant plus de 10 ans d&rsquo;exp\u00e9rience.<\/span><\/span><\/p>\n","protected":false},"featured_media":2699,"comment_status":"open","ping_status":"closed","template":"","meta":{"_joinchat":[]},"product_brand":[],"product_cat":[177],"product_tag":[],"class_list":{"0":"post-2698","1":"product","2":"type-product","3":"status-publish","4":"has-post-thumbnail","6":"product_cat-sans-categorie","7":"tour_category-plongee-et-peche","9":"first","10":"instock","11":"taxable","12":"shipping-taxable","13":"purchasable","14":"product-type-tour"},"_links":{"self":[{"href":"https:\/\/holidaytourstenerife.com\/fr\/wp-json\/wp\/v2\/product\/2698","targetHints":{"allow":["GET"]}}],"collection":[{"href":"https:\/\/holidaytourstenerife.com\/fr\/wp-json\/wp\/v2\/product"}],"about":[{"href":"https:\/\/holidaytourstenerife.com\/fr\/wp-json\/wp\/v2\/types\/product"}],"replies":[{"embeddable":true,"href":"https:\/\/holidaytourstenerife.com\/fr\/wp-json\/wp\/v2\/comments?post=2698"}],"wp:featuredmedia":[{"embeddable":true,"href":"https:\/\/holidaytourstenerife.com\/fr\/wp-json\/wp\/v2\/media\/2699"}],"wp:attachment":[{"href":"https:\/\/holidaytourstenerife.com\/fr\/wp-json\/wp\/v2\/media?parent=2698"}],"wp:term":[{"taxonomy":"product_brand","embeddable":true,"href":"https:\/\/holidaytourstenerife.com\/fr\/wp-json\/wp\/v2\/product_brand?post=2698"},{"taxonomy":"product_cat","embeddable":true,"href":"https:\/\/holidaytourstenerife.com\/fr\/wp-json\/wp\/v2\/product_cat?post=2698"},{"taxonomy":"product_tag","embeddable":true,"href":"https:\/\/holidaytourstenerife.com\/fr\/wp-json\/wp\/v2\/product_tag?post=2698"}],"curies":[{"name":"wp","href":"https:\/\/api.w.org\/{rel}","templated":true}]}}