{"id":2700,"date":"2023-03-04T17:58:36","date_gmt":"2023-03-04T17:58:36","guid":{"rendered":"https:\/\/holidaytourstenerife.com\/producto\/jet-ski\/"},"modified":"2026-04-15T07:48:50","modified_gmt":"2026-04-15T07:48:50","slug":"jet-ski-a-tenerife","status":"publish","type":"product","link":"https:\/\/holidaytourstenerife.com\/fr\/tours\/jet-ski-a-tenerife\/","title":{"rendered":"Jet ski"},"content":{"rendered":"<div class=\"wpb-content-wrapper\"><p>[vc_row][vc_column][vc_column_text css=\u00a0\u00bb\u00a0\u00bb]<\/p>\n<h1>Excursion en Jet Ski Tenerife Costa Adeje<\/h1>\n<p>[\/vc_column_text][vc_separator color=\u00a0\u00bbcustom\u00a0\u00bb align=\u00a0\u00bbalign_left\u00a0\u00bb accent_color=\u00a0\u00bb#47a0ff\u00a0\u00bb border_width=\u00a0\u00bb4&Prime; el_width=\u00a0\u00bb10&Prime;][vc_column_text css=\u00a0\u00bb\u00a0\u00bb]<span style=\"font-weight: 400;\"><strong>L&rsquo;excursion en jet ski \u00e0 Tenerife nous accueille dans le monde de l&rsquo;adr\u00e9naline, de la vitesse, de la libert\u00e9 et de l&rsquo;amusement en toute s\u00e9curit\u00e9, puisque vous \u00eates accompagn\u00e9s \u00e0 tout moment et guid\u00e9s par les moniteurs de l&rsquo;excursion.<\/strong><\/span><\/p>\n<p><span style=\"font-weight: 400;\">Il s&rsquo;agit d&rsquo;une exp\u00e9rience aussi unique qu&rsquo;amusante<b><\/b><\/span><span style=\"font-weight: 400;\"> qu&rsquo;une fois que vous aurez os\u00e9 l&rsquo;essayer, vous voudrez le r\u00e9p\u00e9ter. Vous pouvez partir seul sur un v\u00e9lo unique ou \u00e0 deux sur le m\u00eame v\u00e9lo et le conduire \u00e0 tour de r\u00f4le.<\/span><\/p>\n<p><span style=\"font-weight: 400;\">C&rsquo;est sans aucun doute une bonne occasion de visiter toute la c\u00f4te sud de T\u00e9n\u00e9riffe, de Las Galletas \u00e0 La Caleta. <\/span><b>Tout itin\u00e9raire peut \u00eatre modifi\u00e9 et aller dans la direction oppos\u00e9e en fonction des conditions de la mer.<\/b><\/p>\n<p><span style=\"font-weight: 400;\">Si vous aimez <b>l&rsquo;adr\u00e9naline<\/b> <span style=\"font-weight: 400;\">et l<\/span><b>es activit\u00e9s<\/b> <span style=\"font-weight: 400;\">en mer<\/span>, <b>cette<\/b> excursion est faite pour vous. <\/span><\/p>\n<p><span style=\"font-weight: 400;\">Cependant, cette aventure ne se limite pas \u00e0 la conduite d&rsquo;un jet ski \u00e0 pleine vitesse, vous avez \u00e9galement la possibilit\u00e9 de <\/span> <b>vous reposer sur les falaises <\/b> <span style=\"font-weight: 400;\">de la r\u00e9gion pour<\/span> <b> plonger<\/b> <span style=\"font-weight: 400;\"> et <\/span> <b> appr\u00e9cier les poissons <\/b> <span style=\"font-weight: 400;\">exotiques que l&rsquo;\u00eele de T\u00e9n\u00e9riffe a \u00e0 offrir, et si vous avez de la chance, vous pourrez m\u00eame apercevoir<\/span> <b>certains des dauphins <\/b> <span style=\"font-weight: 400;\"> qui se trouvent \u00e9galement dans la r\u00e9gion.<\/span><\/p>\n<h2>Options de service<\/h2>\n<p>[\/vc_column_text][vc_column_text css=\u00a0\u00bb\u00a0\u00bb]<!--more--><\/p>\n<table class=\"table table-bordered tours-tabs__table\" width=\"862\">\n<tbody>\n<tr>\n<td>\n<h3><strong>HORAIRES<\/strong><\/h3>\n<\/td>\n<td>De 10h00 \u00e0 16h00 de septembre \u00e0 juin et de 10h00 \u00e0 18h00 de juillet \u00e0 ao\u00fbt.<\/td>\n<\/tr>\n<tr>\n<td>\n<h3><strong>INFORMATIONS COMPL\u00c9MENTAIRES<\/strong><\/h3>\n<\/td>\n<td><span style=\"color: #ff0000;\">IMPORTANT <\/span> : Seules les personnes \u00e2g\u00e9es de 16 ans ou plus peuvent conduire (avec l&rsquo;accord des parents).\n<p>Entre 7 et 15 ans, ils peuvent prendre place derri\u00e8re le conducteur. Les enfants de moins de 7 ans ne sont pas autoris\u00e9s \u00e0 monter sur le jet ski.<\/p><\/td>\n<\/tr>\n<tr>\n<td>\n<h3><strong>INCLUANT<\/strong><\/h3>\n<\/td>\n<td>\n<table class=\"table table-bordered\" style=\"height: 62px;\" width=\"300\">\n<tbody>\n<tr>\n<td><i class=\"fa fa-check icon-tick icon-tick--on\"><\/i>Gilets de sauvetage<\/td>\n<td><i class=\"fa fa-check icon-tick icon-tick--on\"><\/i>Assurance<\/td>\n<\/tr>\n<tr>\n<td><i class=\"fa fa-check icon-tick icon-tick--on\"><\/i>Moniteurs<\/td>\n<td><\/td>\n<\/tr>\n<\/tbody>\n<\/table>\n<\/td>\n<\/tr>\n<tr>\n<td>\n<h3><strong>TARIFS<\/strong><\/h3>\n<\/td>\n<td><span style=\"color: #ff0000;\">10% de r\u00e9duction \u00e0 la fin de votre achat en ligne<\/span><\/td>\n<\/tr>\n<tr>\n<td>\n<h4><strong>40 min Safari en jet ski<\/strong><\/h4>\n<\/td>\n<td>\n<table class=\"table table-bordered\" width=\"300\">\n<tbody>\n<tr>\n<td>Personne seule : 80\u20ac.<\/td>\n<td>Double : 90\u20ac.<\/td>\n<\/tr>\n<\/tbody>\n<\/table>\n<\/td>\n<\/tr>\n<tr>\n<td>\n<h4><strong>1 heure de jet ski<\/strong><\/h4>\n<\/td>\n<td>\n<table class=\"table table-bordered\" style=\"height: 37px;\" width=\"298\">\n<tbody>\n<tr>\n<td>Personne seule : 100\u20ac.<\/td>\n<td>Double : 110\u20ac.<\/td>\n<\/tr>\n<\/tbody>\n<\/table>\n<\/td>\n<\/tr>\n<tr>\n<td>\n<h4><strong>2 heures de safari en jet-ski<\/strong><\/h4>\n<\/td>\n<td>\n<table class=\"table table-bordered\" width=\"300\">\n<tbody>\n<tr>\n<td>Personne seule : 160\u20ac.<\/td>\n<td>Double : 180\u20ac.<\/td>\n<\/tr>\n<\/tbody>\n<\/table>\n<\/td>\n<\/tr>\n<\/tbody>\n<\/table>\n<p>[\/vc_column_text][\/vc_column][\/vc_row][vc_row][vc_column][vc_video link=\u00a0\u00bbhttps:\/\/youtu.be\/eyRQxH8HAc4&Prime;][\/vc_column][\/vc_row]<\/p>\n<\/div>","protected":false},"excerpt":{"rendered":"<p><span style=\"font-weight: 400;\"><strong>L&rsquo;excursion en jet ski \u00e0 Tenerife nous accueille dans le monde de l&rsquo;adr\u00e9naline, de la vitesse, de la libert\u00e9 et de l&rsquo;amusement en toute s\u00e9curit\u00e9, puisque vous \u00eates accompagn\u00e9s \u00e0 tout moment et guid\u00e9s par les moniteurs de l&rsquo;excursion.<\/strong><\/span><\/p>\n","protected":false},"featured_media":3092,"comment_status":"open","ping_status":"closed","template":"","meta":{"_joinchat":[]},"product_brand":[],"product_cat":[177],"product_tag":[],"class_list":{"0":"post-2700","1":"product","2":"type-product","3":"status-publish","4":"has-post-thumbnail","6":"product_cat-sans-categorie","7":"pa_tipos_de_ticket-double","8":"pa_tipos_de_ticket-unique-fr","9":"tour_category-activites-aquatiques","10":"tour_category-sports-et-aventures","12":"first","13":"instock","14":"taxable","15":"shipping-taxable","16":"purchasable","17":"product-type-tour"},"_links":{"self":[{"href":"https:\/\/holidaytourstenerife.com\/fr\/wp-json\/wp\/v2\/product\/2700","targetHints":{"allow":["GET"]}}],"collection":[{"href":"https:\/\/holidaytourstenerife.com\/fr\/wp-json\/wp\/v2\/product"}],"about":[{"href":"https:\/\/holidaytourstenerife.com\/fr\/wp-json\/wp\/v2\/types\/product"}],"replies":[{"embeddable":true,"href":"https:\/\/holidaytourstenerife.com\/fr\/wp-json\/wp\/v2\/comments?post=2700"}],"wp:featuredmedia":[{"embeddable":true,"href":"https:\/\/holidaytourstenerife.com\/fr\/wp-json\/wp\/v2\/media\/3092"}],"wp:attachment":[{"href":"https:\/\/holidaytourstenerife.com\/fr\/wp-json\/wp\/v2\/media?parent=2700"}],"wp:term":[{"taxonomy":"product_brand","embeddable":true,"href":"https:\/\/holidaytourstenerife.com\/fr\/wp-json\/wp\/v2\/product_brand?post=2700"},{"taxonomy":"product_cat","embeddable":true,"href":"https:\/\/holidaytourstenerife.com\/fr\/wp-json\/wp\/v2\/product_cat?post=2700"},{"taxonomy":"product_tag","embeddable":true,"href":"https:\/\/holidaytourstenerife.com\/fr\/wp-json\/wp\/v2\/product_tag?post=2700"}],"curies":[{"name":"wp","href":"https:\/\/api.w.org\/{rel}","templated":true}]}}