{"id":2702,"date":"2023-02-21T06:01:28","date_gmt":"2023-02-21T06:01:28","guid":{"rendered":"https:\/\/holidaytourstenerife.com\/producto\/free-bird-one-catamaran\/"},"modified":"2023-06-25T20:39:20","modified_gmt":"2023-06-25T20:39:20","slug":"excursion-en-catamaran-a-tenerife","status":"publish","type":"product","link":"https:\/\/holidaytourstenerife.com\/fr\/tours\/excursion-en-catamaran-a-tenerife\/","title":{"rendered":"Free Bird One Catamaran"},"content":{"rendered":"<div class=\"wpb-content-wrapper\"><p>[vc_row][vc_column][vc_column_text]<\/p>\n<h1 class=\"elementor-heading-title elementor-size-default\">Excursion en catamaran Tenerife Free Bird One<\/h1>\n<p>[\/vc_column_text][vc_separator color=\u00a0\u00bbcustom\u00a0\u00bb align=\u00a0\u00bbalign_left\u00a0\u00bb border_width=\u00a0\u00bb4&Prime; el_width=\u00a0\u00bb10&Prime; accent_color=\u00a0\u00bb#47a0ff\u00a0\u00bb][vc_column_text]<strong>Excursion d&rsquo;observation des baleines en catamaran Tenerife, Pour ceux qui viennent en vacances aux Canaries, il s&rsquo;agit d&rsquo;une excursion en bateau \u00e0 ne pas manquer, car vous aurez l&rsquo;occasion de conna\u00eetre la faune et la flore des Canaries.<\/strong> <b> <\/b>Il s&rsquo;agit d&rsquo;une exp\u00e9rience qui convient \u00e0 tous : familles, jeunes et tous ceux qui veulent vivre une exp\u00e9rience inoubliable. <b>journ\u00e9e de d\u00e9tente sur un bateau.<\/b><\/p>\n<p>Nous disposons de plusieurs types d&#8217;embarcations, toutes autoris\u00e9es par le gouvernement canarien, pour la navigation de plaisance. <b>observation de c\u00e9tac\u00e9s <\/b>(Nous quitterons le port avec le bateau et nous nous rendrons dans les zones o\u00f9 nous aurons l&rsquo;occasion d&rsquo;admirer ces magnifiques mammif\u00e8res marins dans leur habitat naturel. <b>habitat naturel <\/b>: Nous pourrons \u00e9galement profiter de ces moments magiques pour prendre des photos et des vid\u00e9os et enregistrer le spectacle. Nous nous rendrons ensuite pr\u00e8s de la c\u00f4te o\u00f9 nous ferons une pause (environ 1 heure), nous pourrons nous baigner et profiter de l&rsquo;eau cristalline pour faire de l&rsquo;aquariophilie. <b>plong\u00e9e en apn\u00e9e<\/b> et dans le cas de la<b> Masca <\/b>admirer les c\u00e9l\u00e9brit\u00e9s <b>La falaise des g\u00e9ants<\/b> (l&rsquo;\u00e9quipement complet sera fourni par la compagnie de bateaux) et nous aurons \u00e9galement le temps de prendre une collation et une boisson, le tout \u00e9tant inclus dans le prix de l&rsquo;excursion.<\/p>\n<p>Le catamaran Free Bird peut accueillir de 80 \u00e0 100 personnes et est l&rsquo;un des catamarans les plus spacieux et les plus confortables de Tenerife.<\/p>\n<p>Pour ceux qui souhaitent vivre une exp\u00e9rience unique, il existe \u00e9galement une <b>zone r\u00e9serv\u00e9e aux hamacs<\/b> \u00e0 l&rsquo;avant du catamaran ou une <b>zone VIP<\/b> (suppl\u00e9ment de 5,00 euros).[\/vc_column_text][vc_column_text]<!--more--><\/p>\n<table class=\"table table-bordered tours-tabs__table\" style=\"height: 233px;\" width=\"862\">\n<tbody>\n<tr>\n<td><strong>LIEU DE D\u00c9PART<\/strong><\/td>\n<td>Bus gratuit incluant Tenerife Sud (\u00e0 partir de diff\u00e9rents points de ramassage environ 1 heure avant le d\u00e9part du bateau).<\/td>\n<\/tr>\n<tr>\n<td><strong>HORAIRE<\/strong><\/td>\n<td>3 heures Costa Adeje 10h00 (3 heures) et 13h15 (4,5 heures) tous les jours.<\/td>\n<\/tr>\n<tr>\n<td><strong>INCLUANT<\/strong><\/td>\n<td>\n<table class=\"table table-bordered\" style=\"height: 62px;\" width=\"300\">\n<tbody>\n<tr>\n<td><i class=\"fa fa-check icon-tick icon-tick--on\"><\/i>Guide des c\u00e9tac\u00e9s (anglais, fran\u00e7ais, allemand, espagnol)<\/td>\n<td><i class=\"fa fa-check icon-tick icon-tick--on\"><\/i>Assurance<\/td>\n<\/tr>\n<tr>\n<td><i class=\"fa fa-check icon-tick icon-tick--on\"><\/i>Sandwichs et boissons non alcoolis\u00e9es (eau, bi\u00e8re, sangria, etc.)<\/td>\n<td><i class=\"fa fa-check icon-tick icon-tick--on\"><\/i>D\u00e9jeuner buffet et rafra\u00eechissements pour le d\u00e9part de 4,5 heures.<\/td>\n<\/tr>\n<\/tbody>\n<\/table>\n<table class=\"table table-bordered\" style=\"height: 62px;\" width=\"300\">\n<tbody>\n<tr>\n<td><i class=\"fa fa-check icon-tick icon-tick--on\"><\/i>Menu sp\u00e9cial pour les v\u00e9g\u00e9tariens<\/td>\n<td><i class=\"fa fa-check icon-tick icon-tick--on\"><\/i>Menu sp\u00e9cial pour les c\u0153liaques<\/td>\n<\/tr>\n<\/tbody>\n<\/table>\n<\/td>\n<\/tr>\n<tr>\n<td><b>TARIFS<\/b><\/td>\n<td>\n<table class=\"table table-bordered\" style=\"height: 62px;\" width=\"300\">\n<tbody>\n<tr>\n<td>Adulte 3 heures &#8211; 39,00 Euros<\/td>\n<\/tr>\n<tr>\n<td>Adulte 4,5 heures &#8211;<span class=\"Apple-converted-space\">59<\/span>,00 Euros<\/td>\n<\/tr>\n<\/tbody>\n<\/table>\n<table class=\"table table-bordered\" style=\"height: 62px;\" width=\"300\">\n<tbody>\n<tr>\n<td>\n<p>De 5 ans \u00e0 12 ans 50% de r\u00e9duction<\/p>\n<p>Enfants 3 heures &#8211; 19,50 euros<\/p>\n<p>Enfants 4,5 heures &#8211; 29,50 euros<\/p>\n<table class=\"table table-bordered\" style=\"height: 62px;\" width=\"300\">\n<tbody>\n<tr>\n<td>De 0 \u00e0 5 ans gratuit<\/td>\n<\/tr>\n<\/tbody>\n<\/table>\n<\/td>\n<\/tr>\n<\/tbody>\n<\/table>\n<\/td>\n<\/tr>\n<\/tbody>\n<\/table>\n<p>[\/vc_column_text][\/vc_column][\/vc_row][vc_row][vc_column][vc_video link=\u00a0\u00bbhttps:\/\/youtu.be\/qIOtmWsjORo\u00a0\u00bb][\/vc_column][\/vc_row]<\/p>\n<\/div>","protected":false},"excerpt":{"rendered":"<p>Excursion en catamaran pour ceux qui viennent aux Canaries pour les vacances, le rendez-vous avec la promenade en bateau et l&rsquo;excursion en bateau <strong> <\/strong>L&rsquo;observation des baleines est \u00e0 ne pas manquer car elle vous permet de conna\u00eetre les baleines. <b> <\/b>Il s&rsquo;agit d&rsquo;une exp\u00e9rience qui convient \u00e0 tous : familles, jeunes et tous ceux qui veulent vivre une exp\u00e9rience inoubliable. <b>journ\u00e9e de d\u00e9tente sur un bateau.<\/b><\/p>\n","protected":false},"featured_media":2703,"comment_status":"open","ping_status":"closed","template":"","meta":{"_joinchat":[]},"product_brand":[],"product_cat":[177],"product_tag":[],"class_list":{"0":"post-2702","1":"product","2":"type-product","3":"status-publish","4":"has-post-thumbnail","6":"product_cat-sans-categorie","7":"pa_tipos_de_ticket-adultes","8":"pa_tipos_de_ticket-enfants","9":"pa_tipos_de_ticket-bebe-0-a-5-ans","10":"pa_tipos_de_ticket-enfants-de-5-a-12-ans","11":"tour_category-excursions-en-bateau","12":"tour_category-observation-de-cetaces","14":"first","15":"instock","16":"taxable","17":"shipping-taxable","18":"purchasable","19":"product-type-tour"},"_links":{"self":[{"href":"https:\/\/holidaytourstenerife.com\/fr\/wp-json\/wp\/v2\/product\/2702","targetHints":{"allow":["GET"]}}],"collection":[{"href":"https:\/\/holidaytourstenerife.com\/fr\/wp-json\/wp\/v2\/product"}],"about":[{"href":"https:\/\/holidaytourstenerife.com\/fr\/wp-json\/wp\/v2\/types\/product"}],"replies":[{"embeddable":true,"href":"https:\/\/holidaytourstenerife.com\/fr\/wp-json\/wp\/v2\/comments?post=2702"}],"wp:featuredmedia":[{"embeddable":true,"href":"https:\/\/holidaytourstenerife.com\/fr\/wp-json\/wp\/v2\/media\/2703"}],"wp:attachment":[{"href":"https:\/\/holidaytourstenerife.com\/fr\/wp-json\/wp\/v2\/media?parent=2702"}],"wp:term":[{"taxonomy":"product_brand","embeddable":true,"href":"https:\/\/holidaytourstenerife.com\/fr\/wp-json\/wp\/v2\/product_brand?post=2702"},{"taxonomy":"product_cat","embeddable":true,"href":"https:\/\/holidaytourstenerife.com\/fr\/wp-json\/wp\/v2\/product_cat?post=2702"},{"taxonomy":"product_tag","embeddable":true,"href":"https:\/\/holidaytourstenerife.com\/fr\/wp-json\/wp\/v2\/product_tag?post=2702"}],"curies":[{"name":"wp","href":"https:\/\/api.w.org\/{rel}","templated":true}]}}