{"id":2704,"date":"2023-02-21T05:45:26","date_gmt":"2023-02-21T05:45:26","guid":{"rendered":"https:\/\/holidaytourstenerife.com\/producto\/paragliding\/"},"modified":"2024-03-26T22:49:06","modified_gmt":"2024-03-26T22:49:06","slug":"parapente-a-tenerife","status":"publish","type":"product","link":"https:\/\/holidaytourstenerife.com\/fr\/tours\/parapente-a-tenerife\/","title":{"rendered":"Parapente"},"content":{"rendered":"<div class=\"wpb-content-wrapper\"><p>[vc_row][vc_column][vc_column_text]<\/p>\n<h1>Parapente \u00e0 T\u00e9n\u00e9rife<\/h1>\n<p>[\/vc_column_text][vc_separator color=\u00a0\u00bbcustom\u00a0\u00bb align=\u00a0\u00bbalign_left\u00a0\u00bb border_width=\u00a0\u00bb4&Prime; el_width=\u00a0\u00bb10&Prime; accent_color=\u00a0\u00bb#47a0ff\u00a0\u00bb][vc_column_text]<span style=\"font-weight: 400;\">Le parapente est l&rsquo;une des activit\u00e9s les plus riches en adr\u00e9naline. <\/span><\/p>\n<p><span style=\"font-weight: 400;\">L&rsquo;aventure commence lorsque vous sautez dans le vide (toujours accompagn\u00e9 d&rsquo;un instructeur), lorsque vous d\u00e9couvrez qu&rsquo;il est possible de voler, lorsque vous sentez que le vent vous transporte \u00e0 sa guise et que vous voyez tout sous un angle diff\u00e9rent.<\/span><\/p>\n<p><span style=\"font-weight: 400;\">L&rsquo;\u00e9quipe et les pilotes sont tr\u00e8s exp\u00e9riment\u00e9s dans le domaine du parapente. Pour eux, votre s\u00e9curit\u00e9 est leur priorit\u00e9, c&rsquo;est pourquoi ils disposent d&rsquo;une \u00e9quipe de qualit\u00e9 avec les meilleurs instructeurs de T\u00e9n\u00e9rife, dont Roberto, le champion espagnol de parapente.<\/span><\/p>\n<p><span style=\"font-weight: 400;\">Ils vous accompagnent \u00e0 chaque \u00e9tape pour que vous vous sentiez en s\u00e9curit\u00e9 et \u00e0 l&rsquo;aise, afin que vous puissiez vous concentrer sur l&rsquo;exp\u00e9rience du vol et vous amuser.<\/span><\/p>\n<p>&nbsp;<\/p>\n<h2><b>Options de service :<\/b><b><\/b><\/h2>\n<ul>\n<li aria-level=\"1\"><b>1er choix<\/b><\/li>\n<\/ul>\n<p><span style=\"font-weight: 400;\">C&rsquo;est l&rsquo;option la plus populaire et la plus recommand\u00e9e pour les premiers vols. Le vol de Taucho, d&rsquo;une dur\u00e9e de 20 minutes, d\u00e9colle \u00e0 environ 800 m\u00e8tres d&rsquo;altitude et se d\u00e9roule entre les magnifiques montagnes et ravins d&rsquo;Adeje. D\u00e9barquement sur la plage de La Enramada \u00e0 La Caleta (en fonction des conditions m\u00e9t\u00e9orologiques).<\/span><b><\/b><\/p>\n<ul>\n<li aria-level=\"1\"><b>2\u00e8me option:<\/b><\/li>\n<\/ul>\n<p><span style=\"font-weight: 400;\">Il s&rsquo;agit d&rsquo;un vol plus long, d&rsquo;environ 30 minutes, qui d\u00e9colle \u00e0 1000 m\u00e8tres d&rsquo;altitude \u00e0 Ifonche et se d\u00e9roule entre les ravins d&rsquo;Adeje et de Fa\u00f1ab\u00e9. Nous avons survol\u00e9 les terrains de golf, le ravin de l&rsquo;enfer, le petit village de La Quinta et nous avons atterri sur la plage de La Enramada \u00e0 La Caleta (en fonction des conditions m\u00e9t\u00e9orologiques).<\/span><b><\/b><\/p>\n<ul>\n<li aria-level=\"1\"><b>3\u00e8me option :<\/b><\/li>\n<\/ul>\n<p><span style=\"font-weight: 400;\">Ce vol d\u00e9colle d&rsquo;Iza\u00f1a, pr\u00e8s de l&rsquo;observatoire astronomique de T\u00e9n\u00e9riffe, et offre des vues fantastiques sur le parc national du Teide. Nous avons d\u00e9coll\u00e9 d&rsquo;environ 2200 m\u00e8tres, descendant lentement vers la c\u00f4te pendant environ 40 minutes. Despegamos desde unos 2200 metros, descendiendo lentamente hacia la costa durante unos 40 minutos. Une exp\u00e9rience unique et relaxante.<\/span>[\/vc_column_text][vc_column_text]<!--more--><\/p>\n<table class=\"table table-bordered tours-tabs__table\" style=\"height: 233px;\" width=\"862\">\n<tbody>\n<tr>\n<td>\n<h3><strong>LIEU DE D\u00c9PART<\/strong><\/h3>\n<\/td>\n<td>Prise en charge gratuite \u00e0 l&rsquo;h\u00f4tel<\/td>\n<\/tr>\n<tr>\n<td>\n<h3><strong>AGE<\/strong><\/h3>\n<\/td>\n<td><span style=\"font-weight: 400;\">\u00c2ge minimum 8 ans.<\/span><\/td>\n<\/tr>\n<tr>\n<td>\n<h3><strong>INFORMATIONS COMPL\u00c9MENTAIRES<\/strong><\/h3>\n<\/td>\n<td><span style=\"font-weight: 400;\">Cette activit\u00e9 n&rsquo;est pas incompatible avec une grossesse.<\/span>\n<p><span style=\"font-weight: 400;\">L&rsquo;activit\u00e9 est soumise aux conditions m\u00e9t\u00e9orologiques.<\/span><\/p>\n<p><span style=\"font-weight: 400;\">Des chaussures de sport et des v\u00eatements confortables sont n\u00e9cessaires.<\/span><\/p>\n<p><span style=\"font-weight: 400;\">Rango de peso 30-110 kg.<\/span><\/p><\/td>\n<\/tr>\n<tr>\n<td>\n<h3><strong>INCLUANT<\/strong><\/h3>\n<\/td>\n<td>\n<table class=\"table table-bordered\" style=\"height: 62px;\" width=\"300\">\n<tbody>\n<tr>\n<td><i class=\"fa fa-check icon-tick icon-tick--on\"><\/i>Transfert depuis l&rsquo;h\u00f4tel<\/td>\n<td><i class=\"fa fa-check icon-tick icon-tick--on\"><\/i>Assurance<\/td>\n<\/tr>\n<tr>\n<td><i class=\"fa fa-check icon-tick icon-tick--on\"><\/i>Instructeur de vol<\/td>\n<td><\/td>\n<\/tr>\n<\/tbody>\n<\/table>\n<\/td>\n<\/tr>\n<tr>\n<td>\n<h3><b>TARIFS<\/b><\/h3>\n<\/td>\n<td>\n<table class=\"table table-bordered\" style=\"height: 62px;\" width=\"300\">\n<tbody>\n<tr>\n<td><i class=\"fa fa-check icon-tick icon-tick--on\"><\/i><span style=\"font-weight: 400;\">1\u00e8reOption (800m) 100,00 euros<\/span><\/td>\n<\/tr>\n<tr>\n<td><i class=\"fa fa-check icon-tick icon-tick--on\"><\/i><span style=\"font-weight: 400;\">2\u00e8meOption (1000m) 120,00 Euros<\/span><\/td>\n<\/tr>\n<\/tbody>\n<\/table>\n<table class=\"table table-bordered\" style=\"height: 62px;\" width=\"300\">\n<tbody>\n<tr>\n<td><i class=\"fa fa-check icon-tick icon-tick--on\"><\/i>3\u00e8me option (2200m) 200,00 euros<\/td>\n<\/tr>\n<\/tbody>\n<\/table>\n<\/td>\n<\/tr>\n<\/tbody>\n<\/table>\n<p>[\/vc_column_text][\/vc_column][\/vc_row][vc_row][vc_column][vc_video link=\u00a0\u00bbhttps:\/\/youtu.be\/aVybwCB26sE\u00a0\u00bb][\/vc_column][\/vc_row]<\/p>\n<\/div>","protected":false},"excerpt":{"rendered":"<p><span style=\"font-weight: 400;\">Le parapente est l&rsquo;une des activit\u00e9s les plus riches en adr\u00e9naline. <\/span><\/p>\n<p><span style=\"font-weight: 400;\">L&rsquo;aventure commence lorsque vous sautez dans le vide (toujours accompagn\u00e9 d&rsquo;un instructeur), lorsque vous d\u00e9couvrez qu&rsquo;il est possible de voler, lorsque vous sentez que le vent vous transporte \u00e0 sa guise et que vous voyez tout sous un angle diff\u00e9rent.<\/span><\/p>\n<p><span style=\"font-weight: 400;\">L&rsquo;\u00e9quipe et les pilotes sont tr\u00e8s exp\u00e9riment\u00e9s dans le domaine du parapente. Pour eux, votre s\u00e9curit\u00e9 est leur priorit\u00e9, c&rsquo;est pourquoi ils disposent d&rsquo;une \u00e9quipe de qualit\u00e9 avec les meilleurs instructeurs de T\u00e9n\u00e9rife, dont Roberto, le champion espagnol de parapente.<\/span><\/p>\n","protected":false},"featured_media":2705,"comment_status":"open","ping_status":"closed","template":"","meta":{"_joinchat":[]},"product_brand":[],"product_cat":[177],"product_tag":[],"class_list":{"0":"post-2704","1":"product","2":"type-product","3":"status-publish","4":"has-post-thumbnail","6":"product_cat-sans-categorie","7":"tour_category-sports-et-aventures","9":"first","10":"instock","11":"taxable","12":"shipping-taxable","13":"purchasable","14":"product-type-tour"},"_links":{"self":[{"href":"https:\/\/holidaytourstenerife.com\/fr\/wp-json\/wp\/v2\/product\/2704","targetHints":{"allow":["GET"]}}],"collection":[{"href":"https:\/\/holidaytourstenerife.com\/fr\/wp-json\/wp\/v2\/product"}],"about":[{"href":"https:\/\/holidaytourstenerife.com\/fr\/wp-json\/wp\/v2\/types\/product"}],"replies":[{"embeddable":true,"href":"https:\/\/holidaytourstenerife.com\/fr\/wp-json\/wp\/v2\/comments?post=2704"}],"wp:featuredmedia":[{"embeddable":true,"href":"https:\/\/holidaytourstenerife.com\/fr\/wp-json\/wp\/v2\/media\/2705"}],"wp:attachment":[{"href":"https:\/\/holidaytourstenerife.com\/fr\/wp-json\/wp\/v2\/media?parent=2704"}],"wp:term":[{"taxonomy":"product_brand","embeddable":true,"href":"https:\/\/holidaytourstenerife.com\/fr\/wp-json\/wp\/v2\/product_brand?post=2704"},{"taxonomy":"product_cat","embeddable":true,"href":"https:\/\/holidaytourstenerife.com\/fr\/wp-json\/wp\/v2\/product_cat?post=2704"},{"taxonomy":"product_tag","embeddable":true,"href":"https:\/\/holidaytourstenerife.com\/fr\/wp-json\/wp\/v2\/product_tag?post=2704"}],"curies":[{"name":"wp","href":"https:\/\/api.w.org\/{rel}","templated":true}]}}