{"id":2706,"date":"2023-02-19T20:29:47","date_gmt":"2023-02-19T20:29:47","guid":{"rendered":"https:\/\/holidaytourstenerife.com\/producto\/catamaran-montecristo\/"},"modified":"2024-05-02T19:19:28","modified_gmt":"2024-05-02T19:19:28","slug":"catamaran-montecristo","status":"publish","type":"product","link":"https:\/\/holidaytourstenerife.com\/fr\/tours\/catamaran-montecristo\/","title":{"rendered":"Catamaran Montecristo"},"content":{"rendered":"<div class=\"wpb-content-wrapper\"><p>[vc_row][vc_column][vc_column_text]<\/p>\n<h1>Excursion en catamaran \u00e0 Tenerife Montecristo &#8211; 3H (Max 20 pax)<\/h1>\n<p>[\/vc_column_text][vc_separator color=\u00a0\u00bbcustom\u00a0\u00bb align=\u00a0\u00bbalign_left\u00a0\u00bb border_width=\u00a0\u00bb4&Prime; el_width=\u00a0\u00bb10&Prime; accent_color=\u00a0\u00bb#47a0ff\u00a0\u00bb][vc_column_text]<strong>Excursion priv\u00e9e en catamaran \u00e0 Tenerife<\/strong> <strong> Monte Cristo<\/strong> Vous souhaitez vivre une <strong>exp\u00e9rience<\/strong> de luxe \u00e0 <strong> Tenerife <\/strong> ? Rejoignez-nous pour une excursion passionnante sur le catamaran priv\u00e9 Monte Cristo ! Ce catamaran de luxe peut accueillir un maximum de 20 personnes, ce qui garantit un service exclusif et personnalis\u00e9 pour vous et vos compagnons.<\/p>\n<p>Pendant l&rsquo;excursion, vous profiterez d&rsquo;une heure de d\u00e9tente pendant que nous vous servirons de d\u00e9licieux repas et des boissons de qualit\u00e9. Vous aurez \u00e9galement la possibilit\u00e9 de nager et de faire de la plong\u00e9e avec <strong>masque et tuba<\/strong> dans des eaux cristallines. Et lorsque vous retournerez au bateau, vous pourrez profiter de son vaste espace pour prendre un bain de soleil en toute tranquillit\u00e9.<\/p>\n<p>Mais ce n&rsquo;est pas tout, <strong>l&rsquo;excursion sur le catamaran priv\u00e9 Monte Cristo<\/strong> comprend \u00e9galement un arr\u00eat \u00e0 l&rsquo;impressionnante Cala de Diego Hernandez \u00e0 <strong>Costa Adeje.<\/strong> Cette plage exclusive entour\u00e9e de falaises vous permettra de vous d\u00e9tendre dans un environnement naturel de r\u00eave.<\/p>\n<p>Ne manquez pas l&rsquo;occasion de d\u00e9couvrir la beaut\u00e9 de la vie marine de Tenerife et l&rsquo;impressionnante Cala de Diego Hernandez. R\u00e9servez votre place sur le catamaran priv\u00e9 Monte Cristo d\u00e8s aujourd&rsquo;hui et rejoignez-nous pour cette aventure inoubliable en haute mer !<\/p>\n<h2><\/h2>\n<h2>Options de service<\/h2>\n<p>[\/vc_column_text][vc_column_text]<!--more--><\/p>\n<table class=\"table table-bordered tours-tabs__table\" style=\"height: 233px;\" width=\"862\">\n<tbody>\n<tr>\n<td>\n<h3><strong>TRANSPORTS<\/strong><\/h3>\n<\/td>\n<td>Gratuit depuis votre h\u00f4tel (Playa Las Americas, Los Cristianos), vous devez \u00eatre pr\u00eat 45 minutes avant la r\u00e9servation.<\/td>\n<\/tr>\n<tr>\n<td>\n<h3><strong>INCLUANT<\/strong><\/h3>\n<\/td>\n<td>\n<table class=\"table table-bordered\" style=\"height: 159px;\" width=\"338\">\n<tbody>\n<tr>\n<td><i class=\"fa fa-check icon-tick icon-tick--on\"><\/i>Alimentation et boissons<\/td>\n<\/tr>\n<tr>\n<td><i class=\"fa fa-check icon-tick icon-tick--on\"><\/i>Assurance<\/td>\n<\/tr>\n<\/tbody>\n<\/table>\n<table class=\"table table-bordered\" style=\"height: 160px;\" width=\"371\">\n<tbody>\n<tr>\n<td><i class=\"fa fa-check icon-tick icon-tick--on\"><\/i>Gilets de sauvetage<\/td>\n<\/tr>\n<tr>\n<td><i class=\"fa fa-check icon-tick icon-tick--on\"><\/i>\u00c9quipement de plong\u00e9e avec tuba<\/td>\n<\/tr>\n<\/tbody>\n<\/table>\n<table class=\"table table-bordered\" style=\"height: 159px;\" width=\"338\">\n<tbody>\n<tr>\n<td><i class=\"fa fa-check icon-tick icon-tick--on\"><\/i>wi-fi<\/td>\n<\/tr>\n<tr>\n<td><i class=\"fa fa-check icon-tick icon-tick--on\"><\/i>Service de collecte<\/td>\n<\/tr>\n<\/tbody>\n<\/table>\n<table class=\"table table-bordered\" style=\"height: 160px;\" width=\"371\">\n<tbody>\n<tr>\n<td><i class=\"fa fa-check icon-tick icon-tick--on\"><\/i>Recommand\u00e9 pour les groupes<\/td>\n<\/tr>\n<tr>\n<td><i class=\"fa fa-check icon-tick icon-tick--on\"><\/i>\u00c9quipement de plong\u00e9e avec tuba<\/td>\n<\/tr>\n<\/tbody>\n<\/table>\n<\/td>\n<\/tr>\n<\/tbody>\n<\/table>\n<table class=\"table table-bordered tours-tabs__table\" style=\"height: 233px;\" width=\"862\">\n<tbody>\n<tr>\n<td>\n<h3><strong>OPTIONS<\/strong><\/h3>\n<\/td>\n<td>3 heures Costa Adeje partag\u00e9e<br \/>\n3 heures de coucher de soleil partag\u00e9<br \/>\nCharte priv\u00e9e (max 12 personnes) Contacter le bureau<\/td>\n<\/tr>\n<tr>\n<td>\n<h3><strong>HORAIRE<\/strong><\/h3>\n<\/td>\n<td>Tous les jours \u00e0 9h30, 12h30 et 15h30.\n<p>18 h 30 coucher du soleil <strong>(juin, juillet et ao\u00fbt uniquement)<\/strong><\/p><\/td>\n<\/tr>\n<tr>\n<td>\n<h3><b>PRIX<\/b><\/h3>\n<\/td>\n<td>\n<table width=\"415\">\n<tbody>\n<tr>\n<td>Adulte : 65\u20ac<\/td>\n<td>Enfant : 53\u20ac<\/td>\n<\/tr>\n<\/tbody>\n<\/table>\n<\/td>\n<\/tr>\n<\/tbody>\n<\/table>\n<p>[\/vc_column_text][\/vc_column][\/vc_row]<\/p>\n<\/div>","protected":false},"excerpt":{"rendered":"<div class=\"wpb_text_column wpb_content_element \">\n<div class=\"wpb_wrapper\">\n<p>Le Montecristo est un <b>catamaran de luxe<\/b> qui part quotidiennement de Puerto Colon, autoris\u00e9 par le gouvernement des Canaries pour l&rsquo;observation des baleines (globic\u00e9phales, dauphins). La diff\u00e9rence avec les autres bateaux est que chez Montecristo, nous avons un <b>service exclusif <\/b>Pendant la navigation, nous disposerons d&rsquo;une heure de d\u00e9tente au cours de laquelle nous seront servis des plats et des boissons s\u00e9lectionn\u00e9s. Nous pourrons \u00e9galement nous baigner et pratiquer notre sport favori. <b>plong\u00e9e en apn\u00e9e<\/b> et de retour au bateau, nous pouvons profiter de son grand espace pour prendre un bain de soleil en toute tranquillit\u00e9 et nous d\u00e9tendre jusqu&rsquo;\u00e0 notre retour au port.<\/p>\n<\/div>\n<\/div>\n<div class=\"wpb_text_column wpb_content_element \">\n<div class=\"wpb_wrapper\">\n<p>&nbsp;<\/p>\n<\/div>\n<\/div>\n","protected":false},"featured_media":2707,"comment_status":"open","ping_status":"closed","template":"","meta":{"_joinchat":[]},"product_brand":[],"product_cat":[177],"product_tag":[],"class_list":{"0":"post-2706","1":"product","2":"type-product","3":"status-publish","4":"has-post-thumbnail","6":"product_cat-sans-categorie","7":"pa_tipos_de_ticket-adultes-3-heures","8":"pa_tipos_de_ticket-enfants","9":"tour_category-bateaux-prives","10":"tour_category-observation-de-cetaces","12":"first","13":"instock","14":"taxable","15":"shipping-taxable","16":"purchasable","17":"product-type-tour"},"_links":{"self":[{"href":"https:\/\/holidaytourstenerife.com\/fr\/wp-json\/wp\/v2\/product\/2706","targetHints":{"allow":["GET"]}}],"collection":[{"href":"https:\/\/holidaytourstenerife.com\/fr\/wp-json\/wp\/v2\/product"}],"about":[{"href":"https:\/\/holidaytourstenerife.com\/fr\/wp-json\/wp\/v2\/types\/product"}],"replies":[{"embeddable":true,"href":"https:\/\/holidaytourstenerife.com\/fr\/wp-json\/wp\/v2\/comments?post=2706"}],"wp:featuredmedia":[{"embeddable":true,"href":"https:\/\/holidaytourstenerife.com\/fr\/wp-json\/wp\/v2\/media\/2707"}],"wp:attachment":[{"href":"https:\/\/holidaytourstenerife.com\/fr\/wp-json\/wp\/v2\/media?parent=2706"}],"wp:term":[{"taxonomy":"product_brand","embeddable":true,"href":"https:\/\/holidaytourstenerife.com\/fr\/wp-json\/wp\/v2\/product_brand?post=2706"},{"taxonomy":"product_cat","embeddable":true,"href":"https:\/\/holidaytourstenerife.com\/fr\/wp-json\/wp\/v2\/product_cat?post=2706"},{"taxonomy":"product_tag","embeddable":true,"href":"https:\/\/holidaytourstenerife.com\/fr\/wp-json\/wp\/v2\/product_tag?post=2706"}],"curies":[{"name":"wp","href":"https:\/\/api.w.org\/{rel}","templated":true}]}}