{"id":2708,"date":"2023-02-19T19:56:21","date_gmt":"2023-02-19T19:56:21","guid":{"rendered":"https:\/\/holidaytourstenerife.com\/producto\/plongee\/"},"modified":"2024-03-27T12:25:35","modified_gmt":"2024-03-27T12:25:35","slug":"plongee-a-tenerife","status":"publish","type":"product","link":"https:\/\/holidaytourstenerife.com\/fr\/tours\/plongee-a-tenerife\/","title":{"rendered":"Plong\u00e9e"},"content":{"rendered":"<div class=\"wpb-content-wrapper\"><p>[vc_row][vc_column][vc_column_text]<\/p>\n<h1>Plong\u00e9e \u00e0 Tenerife<\/h1>\n<p>[\/vc_column_text][vc_separator color=\u00a0\u00bbcustom\u00a0\u00bb align=\u00a0\u00bbalign_left\u00a0\u00bb border_width=\u00a0\u00bb4&Prime; el_width=\u00a0\u00bb10&Prime; accent_color=\u00a0\u00bb#47a0ff\u00a0\u00bb][vc_column_text]Tenerife est une \u00eele riche en paysages naturels et en flore, et sa faune marine n&rsquo;est pas en reste ! Vous pouvez d\u00e9couvrir en toute s\u00e9curit\u00e9 la beaut\u00e9 sous-marine de Tenerife, une \u00eele qui, gr\u00e2ce \u00e0 ses conditions privil\u00e9gi\u00e9es, est devenue une r\u00e9f\u00e9rence internationale en mati\u00e8re de plong\u00e9e sous-marine.<\/p>\n<p>L&rsquo;\u00e9quipe de plong\u00e9e est compos\u00e9e d&rsquo;un groupe de professionnels exp\u00e9riment\u00e9s, passionn\u00e9s par le monde sous-marin, qui nous donneront un petit cours de respiration sous l&rsquo;eau avant d&rsquo;entrer dans la mer.[\/vc_column_text][vc_column_text]<!--more--><\/p>\n<table class=\"table table-bordered tours-tabs__table\" style=\"height: 233px;\" width=\"862\">\n<tbody>\n<tr>\n<td><strong>LIEU DE D\u00c9PART<\/strong><\/td>\n<td>Prise en charge gratuite \u00e0 l&rsquo;h\u00f4tel<\/td>\n<\/tr>\n<tr>\n<td><strong>DUR\u00c9E<\/strong><\/td>\n<td>10-15 minutes<\/td>\n<\/tr>\n<tr>\n<td><strong>AGE<\/strong><\/td>\n<td>L&rsquo;\u00e2ge minimum pour pratiquer la plong\u00e9e sous-marine est de 10 ans.<\/td>\n<\/tr>\n<tr>\n<td><strong>INFORMATIONS COMPL\u00c9MENTAIRES<\/strong><\/td>\n<td>Les heures de d\u00e9part sont 09:00 AM et 14:00 PM.<\/td>\n<\/tr>\n<tr>\n<td><strong>INCLUDED<\/strong><\/td>\n<td>\n<table class=\"table table-bordered\" style=\"height: 62px;\" width=\"300\">\n<tbody>\n<tr>\n<td><i class=\"fa fa-check icon-tick icon-tick--on\"><\/i>\u00c9quipements et mat\u00e9riels<\/td>\n<td><i class=\"fa fa-check icon-tick icon-tick--on\"><\/i>Des instructeurs qualifi\u00e9s<\/td>\n<\/tr>\n<tr>\n<td><i class=\"fa fa-check icon-tick icon-tick--on\"><\/i>Seguro incluido<\/td>\n<td><i class=\"fa fa-check icon-tick icon-tick--on\"><\/i>Transport gratuit depuis votre h\u00f4tel<\/td>\n<\/tr>\n<\/tbody>\n<\/table>\n<\/td>\n<\/tr>\n<tr>\n<td><b>TARIFS<\/b><\/td>\n<td>\n<table class=\"table table-bordered\" style=\"height: 62px;\" width=\"300\">\n<tbody>\n<tr>\n<td><strong>Bapt\u00eame de mer : 70 \u20ac par plong\u00e9e<\/strong><\/td>\n<\/tr>\n<tr>\n<td><strong>Plong\u00e9es pour les plongeurs avanc\u00e9s : 50\u20ac par plong\u00e9e<\/strong><\/td>\n<\/tr>\n<\/tbody>\n<\/table>\n<table class=\"table table-bordered\" style=\"height: 62px;\" width=\"300\">\n<tbody>\n<tr>\n<td><strong>PADI &#8211; Cours de d\u00e9couverte de la plong\u00e9e sous-marine : 100\u20ac.<\/strong><\/td>\n<\/tr>\n<tr>\n<td><strong>PADI &#8211; Cours de plong\u00e9e sous-marine (jusqu&rsquo;\u00e0 12m) : 250\u20ac<\/strong><\/td>\n<\/tr>\n<\/tbody>\n<\/table>\n<table class=\"table table-bordered\" style=\"height: 62px;\" width=\"300\">\n<tbody>\n<tr>\n<td><strong>PADI &#8211; Cours de plong\u00e9e en eau libre (jusqu&rsquo;\u00e0 18m) : 400\u20ac.<\/strong><\/td>\n<\/tr>\n<tr>\n<td><strong>PADI &#8211; Advance open water diver course (5 plong\u00e9es) : 300\u20ac.<\/strong><\/td>\n<\/tr>\n<\/tbody>\n<\/table>\n<\/td>\n<\/tr>\n<\/tbody>\n<\/table>\n<p><b>Plusieurs sites de plong\u00e9e :<\/b><\/p>\n<ul>\n<li aria-level=\"1\"><b>Playa de las Vistas \u00e0 Los Cristianos (difficult\u00e9 de la plong\u00e9e : facile, en partant de la plage et en atteignant une profondeur maximale de 6 \u00e0 10 m\u00e8tres).<\/b> Le temps de plong\u00e9e avec bouteille d&rsquo;oxyg\u00e8ne est estim\u00e9 \u00e0 45 minutes.<\/li>\n<\/ul>\n<p>C&rsquo;est l&rsquo;endroit id\u00e9al pour les bapt\u00eames de plong\u00e9e ou les plong\u00e9es de nuit. Il s&rsquo;agit d&rsquo;une plong\u00e9e facile qui permet d&rsquo;observer une grande vari\u00e9t\u00e9 de faune et de flore.<\/p>\n<ul>\n<li aria-level=\"1\"><b>El Puertito<\/b> (difficult\u00e9 de la plong\u00e9e : facile, en commen\u00e7ant par les bas-fonds et en atteignant une profondeur maximale de 6 \u00e0 10 m\u00e8tres).<\/li>\n<\/ul>\n<p>Cette petite baie isol\u00e9e d&rsquo;Adeje est l&rsquo;un des endroits pr\u00e9f\u00e9r\u00e9s pour les plong\u00e9es d&rsquo;essai et les exp\u00e9riences de plong\u00e9e avec masque et tuba. Id\u00e9al pour les d\u00e9butants car il n&rsquo;y a pas de courant et on peut voir des tortues. Le temps de plong\u00e9e avec bouteille d&rsquo;oxyg\u00e8ne est estim\u00e9 \u00e0 45 minutes.<\/p>\n<ul>\n<li aria-level=\"1\"><b>El Condesito (difficult\u00e9 de plong\u00e9e : moyenne, avec une plong\u00e9e en bateau, atteignant une profondeur maximale de 15-25 m\u00e8tres).<\/b><\/li>\n<\/ul>\n<p>Plongez et d\u00e9couvrez le navire de 30 m\u00e8tres \u00ab\u00a0El Condesito\u00a0\u00bb qui s&rsquo;est \u00e9chou\u00e9 \u00e0 la pointe sud de T\u00e9n\u00e9riffe en 1971. L&rsquo;\u00e9pave, fragment\u00e9e en plusieurs morceaux, repose sur le fond marin \u00e0 plus de 20 m\u00e8tres de profondeur. Le site se trouve \u00e0 3,7 milles nautiques du port de Los Cristianos, \u00e0 un endroit o\u00f9 les courants peuvent augmenter la difficult\u00e9 de la plong\u00e9e. Vous d\u00e9couvrirez une faune vari\u00e9e avec une abondance de poulpes, de seiches et de \u00ab\u00a0vieux\u00a0\u00bb poissons. Une plong\u00e9e id\u00e9ale pour d\u00e9couvrir une \u00e9pave peu profonde et avec une bonne visibilit\u00e9.<\/p>\n<ul>\n<li aria-level=\"1\"><b>Monta\u00f1a Amarilla (difficult\u00e9 de plong\u00e9e : moyenne, depuis la plage ou depuis un bateau, jusqu&rsquo;\u00e0 une profondeur maximale de 15-20 m\u00e8tres).<\/b><\/li>\n<\/ul>\n<p>La montagne jaune est une belle colline en bord de mer, form\u00e9e par des cendres volcaniques jaunes et sculpt\u00e9e par l&rsquo;\u00e9rosion. Sa beaut\u00e9 s&rsquo;\u00e9tend sous la surface de la mer, avec un paysage sous-marin lunaire compos\u00e9 de r\u00e9cifs volcaniques et d&rsquo;un grand piton rocheux avec des arches et des grottes. Situ\u00e9 au sud de l&rsquo;\u00eele, <b>pr\u00e8s du port de Las Galletas,<\/b> ce site de plong\u00e9e est accessible depuis la plage ou par bateau. Dans l&rsquo;obscurit\u00e9 des grottes, on peut voir des <b>mur\u00e8nes<\/b>, des <b>civelles rouges<\/b>, des <b>anguilles de jardin<\/b> et des requins anges.<b><\/b><\/p>\n<ul>\n<li aria-level=\"1\"><b>Cueva de las morenas (difficult\u00e9 de la plong\u00e9e : difficile, \u00e0 partir d&rsquo;un bateau, jusqu&rsquo;\u00e0 une profondeur maximale de 25-38 m\u00e8tres)<\/b><\/li>\n<\/ul>\n<p>L&rsquo;une des activit\u00e9s les plus classiques \u00e0 faire \u00e0 Tenerife ! Ce site de plong\u00e9e est \u00e9galement connu sous le nom de Cueva de Juanito ou Cueva de Los Camarones. La plong\u00e9e se d\u00e9roule sur une plate-forme rocheuse, \u00e0 une profondeur d&rsquo;environ 18 m\u00e8tres. De l\u00e0, un mur descend verticalement jusqu&rsquo;\u00e0 30 m\u00e8tres, menant \u00e0 un fond sablonneux habit\u00e9 par de nombreuses anguilles de jardin et mur\u00e8nes (noires, couleur canard et cannelle profonde). Les plongeurs exp\u00e9riment\u00e9s peuvent visiter la plaque de la Vierge et du dauphin en hommage \u00e0 Jacques Yves Cousteau immerg\u00e9e entre 35 et 38 m\u00e8tres par l&rsquo;Association mondiale du silence..<\/p>\n<ul>\n<li aria-level=\"1\"><b>Le M\u00e9ridien (difficult\u00e9 : plong\u00e9e difficile, plong\u00e9e en bateau, jusqu&rsquo;\u00e0 une profondeur maximale de 30 m\u00e8tres).<\/b><\/li>\n<\/ul>\n<p>Une \u00e9pave en excellent \u00e9tat, situ\u00e9e sur un banc de sable pr\u00e8s de Palm-Mar. Cette \u00e9pave mesure 42 m\u00e8tres de long. Id\u00e9al pour les photographes sous-marins : gr\u00e2ce \u00e0 son environnement r\u00e9tro-\u00e9clair\u00e9, toutes les cabines et tous les espaces int\u00e9rieurs du bateau sont facilement accessibles.<\/p>\n<p><b>La plong\u00e9e est une exp\u00e9rience formidable qui vous permettra de \u00ab\u00a0voler\u00a0\u00bb dans un monde compl\u00e8tement diff\u00e9rent. Le monde marin.<\/b>[\/vc_column_text][\/vc_column][\/vc_row][vc_row][vc_column][vc_video link=\u00a0\u00bbhttps:\/\/youtu.be\/SqWLVN1iR7o\u00a0\u00bb][\/vc_column][\/vc_row]<\/p>\n<\/div>","protected":false},"excerpt":{"rendered":"<p>Tenerife est une \u00eele riche en paysages naturels et en flore, et sa faune marine n&rsquo;est pas en reste ! Vous pouvez d\u00e9couvrir en toute s\u00e9curit\u00e9 la beaut\u00e9 sous-marine de Tenerife, une \u00eele qui, gr\u00e2ce \u00e0 ses conditions privil\u00e9gi\u00e9es, est devenue une r\u00e9f\u00e9rence internationale en mati\u00e8re de plong\u00e9e sous-marine.<\/p>\n<p>L&rsquo;\u00e9quipe de plong\u00e9e est compos\u00e9e d&rsquo;un groupe de professionnels exp\u00e9riment\u00e9s, passionn\u00e9s par le monde sous-marin, qui nous donneront un petit cours de respiration sous l&rsquo;eau avant d&rsquo;entrer dans la mer.<\/p>\n","protected":false},"featured_media":2709,"comment_status":"open","ping_status":"closed","template":"","meta":{"_joinchat":[]},"product_brand":[],"product_cat":[177],"product_tag":[],"class_list":{"0":"post-2708","1":"product","2":"type-product","3":"status-publish","4":"has-post-thumbnail","6":"product_cat-sans-categorie","7":"tour_category-plongee-et-peche","8":"tour_category-sports-et-aventures","10":"first","11":"instock","12":"taxable","13":"shipping-taxable","14":"purchasable","15":"product-type-tour"},"_links":{"self":[{"href":"https:\/\/holidaytourstenerife.com\/fr\/wp-json\/wp\/v2\/product\/2708","targetHints":{"allow":["GET"]}}],"collection":[{"href":"https:\/\/holidaytourstenerife.com\/fr\/wp-json\/wp\/v2\/product"}],"about":[{"href":"https:\/\/holidaytourstenerife.com\/fr\/wp-json\/wp\/v2\/types\/product"}],"replies":[{"embeddable":true,"href":"https:\/\/holidaytourstenerife.com\/fr\/wp-json\/wp\/v2\/comments?post=2708"}],"wp:featuredmedia":[{"embeddable":true,"href":"https:\/\/holidaytourstenerife.com\/fr\/wp-json\/wp\/v2\/media\/2709"}],"wp:attachment":[{"href":"https:\/\/holidaytourstenerife.com\/fr\/wp-json\/wp\/v2\/media?parent=2708"}],"wp:term":[{"taxonomy":"product_brand","embeddable":true,"href":"https:\/\/holidaytourstenerife.com\/fr\/wp-json\/wp\/v2\/product_brand?post=2708"},{"taxonomy":"product_cat","embeddable":true,"href":"https:\/\/holidaytourstenerife.com\/fr\/wp-json\/wp\/v2\/product_cat?post=2708"},{"taxonomy":"product_tag","embeddable":true,"href":"https:\/\/holidaytourstenerife.com\/fr\/wp-json\/wp\/v2\/product_tag?post=2708"}],"curies":[{"name":"wp","href":"https:\/\/api.w.org\/{rel}","templated":true}]}}