{"id":2710,"date":"2023-02-19T18:42:33","date_gmt":"2023-02-19T18:42:33","guid":{"rendered":"https:\/\/holidaytourstenerife.com\/producto\/parasailing\/"},"modified":"2025-12-16T13:17:26","modified_gmt":"2025-12-16T13:17:26","slug":"parasailing-tenerife","status":"publish","type":"product","link":"https:\/\/holidaytourstenerife.com\/fr\/tours\/parasailing-tenerife\/","title":{"rendered":"Parasailing"},"content":{"rendered":"<div class=\"wpb-content-wrapper\"><p>[vc_row][vc_column][vc_column_text]<\/p>\n<h1>Parasailing Tenerife Costa Adeje<\/h1>\n<p>[\/vc_column_text][vc_separator color=\u00a0\u00bbcustom\u00a0\u00bb align=\u00a0\u00bbalign_left\u00a0\u00bb accent_color=\u00a0\u00bb#47a0ff\u00a0\u00bb border_width=\u00a0\u00bb4&Prime; el_width=\u00a0\u00bb10&Prime;][vc_column_text]<strong>Parasailing Tenerife Costa Adeje est une activit\u00e9 amusante qui vous permet d&rsquo;observer l&rsquo;\u00eele d&rsquo;un point de vue diff\u00e9rent \u00e0 une distance de 50 \u00e0 80 m\u00e8tres et pendant une dur\u00e9e d&rsquo;environ 10 minutes.<\/strong><\/p>\n<p><span style=\"font-weight: 400;\">Profitez de la<\/span> <span style=\"font-weight: 400;\">Vue \u00e0 couper le souffle \u00e0 50-80 m\u00e8tres au-dessus de la <strong>c\u00f4te de T\u00e9n\u00e9riffe.<\/strong> Le parascending est une activit\u00e9 amusante et s\u00fbre. Notre \u00e9quipe attachera votre parachute et tout l&rsquo;\u00e9quipement de s\u00e9curit\u00e9, ce qui ne n\u00e9cessite aucun effort de votre part.<\/span><\/p>\n<p><span style=\"font-weight: 400;\"> Tout ce que vous avez \u00e0 faire, c&rsquo;est de profiter de la vue et de vous amuser. \u00c0 la fin du vol, l&rsquo;\u00e9quipage vous donnera une derni\u00e8re pouss\u00e9e d&rsquo;adr\u00e9naline. L&rsquo;\u00e9quipage vous descend jusqu&rsquo;\u00e0 ce que vous touchiez l&rsquo;eau et immergez vos jambes, puis vous remonte et vous ram\u00e8ne sur le bateau. C&rsquo;est amusant et totalement s\u00fbr. <strong>Jusqu&rsquo;\u00e0 3 personnes dans le m\u00eame parachute.<\/strong><\/span>[\/vc_column_text][vc_column_text css=\u00a0\u00bb\u00a0\u00bb]<\/p>\n<h2><strong>Options de service<\/strong><\/h2>\n<p><!--more--><\/p>\n<table class=\"table table-bordered tours-tabs__table\" style=\"height: 233px;\" width=\"862\">\n<tbody>\n<tr>\n<td>\n<h3><strong>LIEU DE D\u00c9PART<\/strong><\/h3>\n<\/td>\n<td>Prise en charge gratuite \u00e0 l&rsquo;h\u00f4tel<\/td>\n<\/tr>\n<tr>\n<td>\n<h3><strong>DUR\u00c9E<\/strong><\/h3>\n<\/td>\n<td>10-15 minutes<\/td>\n<\/tr>\n<tr>\n<td>\n<h3><strong>AGE<\/strong><\/h3>\n<\/td>\n<td>Enfants de plus de 18 mois, personnes \u00e2g\u00e9es, femmes enceintes et personnes handicap\u00e9es.<\/td>\n<\/tr>\n<tr>\n<td>\n<h3><strong>INFORMATIONS COMPL\u00c9MENTAIRES<\/strong><\/h3>\n<\/td>\n<td>Les d\u00e9parts se font de 11h00 \u00e0 17h00 et 18h00 (juillet et ao\u00fbt uniquement).<\/td>\n<\/tr>\n<tr>\n<td>\n<h3><strong>INCLUANT<\/strong><\/h3>\n<\/td>\n<td>\n<table class=\"table table-bordered\" style=\"height: 62px;\" width=\"300\">\n<tbody>\n<tr>\n<td><i class=\"fa fa-check icon-tick icon-tick--on\"><\/i>Transfert depuis l&rsquo;h\u00f4tel<\/td>\n<td><i class=\"fa fa-check icon-tick icon-tick--on\"><\/i>Gilet de sauvetage<\/td>\n<\/tr>\n<tr>\n<td><i class=\"fa fa-check icon-tick icon-tick--on\"><\/i>Assurance<\/td>\n<td><\/td>\n<\/tr>\n<\/tbody>\n<\/table>\n<\/td>\n<\/tr>\n<tr>\n<td>\n<h3><b>TARIFS<\/b><\/h3>\n<\/td>\n<td>\n<table class=\"table table-bordered\" style=\"height: 62px;\" width=\"300\">\n<tbody>\n<tr>\n<td><i class=\"fa fa-check icon-tick icon-tick--on\"><\/i>Parasailing 60 euros<\/td>\n<\/tr>\n<tr>\n<td><i class=\"fa fa-check icon-tick icon-tick--on\"><\/i>Passager en bateau (sans vol) 50 euros<\/td>\n<\/tr>\n<\/tbody>\n<\/table>\n<\/td>\n<\/tr>\n<\/tbody>\n<\/table>\n<p>[\/vc_column_text][\/vc_column][\/vc_row]<\/p>\n<\/div>","protected":false},"excerpt":{"rendered":"<p>Profitez d&rsquo;une vue \u00e0 couper le souffle \u00e0 50-80 m\u00e8tres au-dessus de la c\u00f4te de T\u00e9n\u00e9riffe. Le parascending est une activit\u00e9 amusante et s\u00fbre. Notre \u00e9quipe attachera votre parachute et tout l&rsquo;\u00e9quipement de s\u00e9curit\u00e9, ce qui ne n\u00e9cessite aucun effort de votre part. Tout ce que vous avez \u00e0 faire, c&rsquo;est de profiter de la vue et de vous amuser. \u00c0 la fin du vol, l&rsquo;\u00e9quipage vous donnera une derni\u00e8re pouss\u00e9e d&rsquo;adr\u00e9naline. L&rsquo;\u00e9quipage vous descend jusqu&rsquo;\u00e0 ce que vous touchiez l&rsquo;eau et immergez vos jambes, puis vous remonte et vous ram\u00e8ne sur le bateau. C&rsquo;est amusant et totalement s\u00fbr. <strong>Jusqu&rsquo;\u00e0 3 personnes dans le m\u00eame parachute.<\/strong><\/p>\n","protected":false},"featured_media":4012,"comment_status":"open","ping_status":"closed","template":"","meta":{"_joinchat":[]},"product_brand":[],"product_cat":[177],"product_tag":[],"class_list":{"0":"post-2710","1":"product","2":"type-product","3":"status-publish","4":"has-post-thumbnail","6":"product_cat-sans-categorie","7":"pa_tipos_de_ticket-parasailing-fr","8":"pa_tipos_de_ticket-passagers-par-bateau-pas-de-vol","9":"tour_category-activites-aquatiques","10":"tour_category-sports-et-aventures","12":"first","13":"instock","14":"taxable","15":"shipping-taxable","16":"purchasable","17":"product-type-tour"},"_links":{"self":[{"href":"https:\/\/holidaytourstenerife.com\/fr\/wp-json\/wp\/v2\/product\/2710","targetHints":{"allow":["GET"]}}],"collection":[{"href":"https:\/\/holidaytourstenerife.com\/fr\/wp-json\/wp\/v2\/product"}],"about":[{"href":"https:\/\/holidaytourstenerife.com\/fr\/wp-json\/wp\/v2\/types\/product"}],"replies":[{"embeddable":true,"href":"https:\/\/holidaytourstenerife.com\/fr\/wp-json\/wp\/v2\/comments?post=2710"}],"wp:featuredmedia":[{"embeddable":true,"href":"https:\/\/holidaytourstenerife.com\/fr\/wp-json\/wp\/v2\/media\/4012"}],"wp:attachment":[{"href":"https:\/\/holidaytourstenerife.com\/fr\/wp-json\/wp\/v2\/media?parent=2710"}],"wp:term":[{"taxonomy":"product_brand","embeddable":true,"href":"https:\/\/holidaytourstenerife.com\/fr\/wp-json\/wp\/v2\/product_brand?post=2710"},{"taxonomy":"product_cat","embeddable":true,"href":"https:\/\/holidaytourstenerife.com\/fr\/wp-json\/wp\/v2\/product_cat?post=2710"},{"taxonomy":"product_tag","embeddable":true,"href":"https:\/\/holidaytourstenerife.com\/fr\/wp-json\/wp\/v2\/product_tag?post=2710"}],"curies":[{"name":"wp","href":"https:\/\/api.w.org\/{rel}","templated":true}]}}