{"id":3929,"date":"2024-07-10T12:21:56","date_gmt":"2024-07-10T12:21:56","guid":{"rendered":"https:\/\/holidaytourstenerife.com\/?post_type=product&#038;p=3929"},"modified":"2024-10-08T15:23:54","modified_gmt":"2024-10-08T15:23:54","slug":"catamaran-tenerife","status":"publish","type":"product","link":"https:\/\/holidaytourstenerife.com\/fr\/tours\/catamaran-tenerife\/","title":{"rendered":"Excursi\u00f3n Catamar\u00e1n"},"content":{"rendered":"<div class=\"wpb-content-wrapper\"><p>[vc_row][vc_column][vc_column_text]<\/p>\n<h1>Excursion en catamaran de 3 heures \u00e0 Kalima Kat<\/h1>\n<p>[\/vc_column_text][vc_separator color=\u00a0\u00bbcustom\u00a0\u00bb align=\u00a0\u00bbalign_left\u00a0\u00bb border_width=\u00a0\u00bb4&Prime; el_width=\u00a0\u00bb10&Prime; accent_color=\u00a0\u00bb#47a0ff\u00a0\u00bb][vc_column_text]<strong>Excursion en catamaran Tenerife<\/strong>, Kalima Kat Embarquez pour une<strong> excursion en catamara<\/strong>n inoubliable \u00e0 bord de notre<strong> bateau Kalima Kat <\/strong>\u00e0 Tenerife. Profitez de cette exp\u00e9rience avec votre famille ou vos amis en naviguant sur les eaux magnifiques de l&rsquo;oc\u00e9an Atlantique au sud de Tenerife.<\/p>\n<p>Nous partirons de <strong>Puerto Colon Costa Adeje<\/strong>, en profitant du large, de la paix et de la brise marine rafra\u00eechissante. Au cours de notre travers\u00e9e, nous aurons peut-\u00eatre l&rsquo;occasion <strong>d&rsquo;observer des c\u00e9tac\u00e9s<\/strong> dans leur environnement naturel. Notre destination sera une crique pittoresque sur la plage de Veril, o\u00f9 vous pourrez <strong>d\u00e9guster des collations et des boissons gratuites<\/strong>.<\/p>\n<p>Les plus aventureux pourront faire trempette ou se d\u00e9tendre au soleil. Nous proposons \u00e9galement un <strong>\u00e9quipement de plong\u00e9e avec tuba<\/strong> pour explorer les fonds marins et admirer une grande vari\u00e9t\u00e9 de poissons. Sur le chemin du retour, nous naviguerons pr\u00e8s de la c\u00f4te, ce qui nous permettra de contempler <strong>les plages de Fa\u00f1abe et de Torviscas,<\/strong> ainsi que le majestueux Teide depuis la mer. Gr\u00e2ce \u00e0 notre situation privil\u00e9gi\u00e9e sur la<strong> c\u00f4te sud de T\u00e9n\u00e9riffe<\/strong>, nous b\u00e9n\u00e9ficions d&rsquo;un temps excellent et d&rsquo;une mer calme pendant la majeure partie de l&rsquo;ann\u00e9e.<\/p>\n<p>Nous voulons faire partie de vos souvenirs les plus pr\u00e9cieux et nous assurer que vous passerez un moment inoubliable<strong> sur notre catamaran \u00e0 T\u00e9n\u00e9rife.<\/strong> Notre \u00e9quipe s&rsquo;engage \u00e0 vous offrir la <strong>meilleure exp\u00e9rience<\/strong> possible, avec un <strong>service attentif et professionne<\/strong>l qui fera de votre journ\u00e9e en mer quelque chose de sp\u00e9cial. Que vous recherchiez l&rsquo;aventure, la d\u00e9tente ou un m\u00e9lange des deux, notre excursion en catamaran est con\u00e7ue pour satisfaire tous vos d\u00e9sirs et cr\u00e9er des souvenirs inoubliables. Ne laissez pas passer cette occasion unique<strong>, r\u00e9servez<\/strong> d\u00e8s maintenant cette <strong>excursion en catamaran \u00e0 Tenerife<\/strong> et cr\u00e9ez des souvenirs inoubliables qui dureront toute votre vie.<\/p>\n<h2>Options de service<\/h2>\n<p>[\/vc_column_text][vc_column_text]<!--more--><\/p>\n<table class=\"table table-bordered tours-tabs__table\" style=\"height: 233px;\" width=\"862\">\n<tbody>\n<tr>\n<td>\n<h3><strong>HORAIRE<\/strong><\/h3>\n<\/td>\n<td>9:30 am, 12:30 pm, 15:30 pm<\/td>\n<\/tr>\n<tr>\n<td>\n<h3><strong>SORTIES<\/strong><\/h3>\n<\/td>\n<td>Puerto Colon Costa Adeje, ponton 4<\/td>\n<\/tr>\n<tr>\n<td>\n<h3><strong>OPTIONS<\/strong><\/h3>\n<\/td>\n<td>Excursions de 3 heures en catamaran<\/td>\n<\/tr>\n<tr>\n<td>\n<h3><strong>INCLUANT<\/strong><\/h3>\n<\/td>\n<td>\n<table class=\"table table-bordered\" style=\"height: 62px;\" width=\"300\">\n<tbody>\n<tr>\n<td><i class=\"fa fa-check icon-tick icon-tick--on\"><\/i>Gilet de sauvetage<\/td>\n<td><i class=\"fa fa-check icon-tick icon-tick--on\"><\/i>Assurance<\/td>\n<\/tr>\n<\/tbody>\n<\/table>\n<table class=\"table table-bordered\" style=\"height: 62px;\" width=\"300\">\n<tbody>\n<tr>\n<td>c<i class=\"fa fa-check icon-tick icon-tick--on\"><\/i>Equipement de plong\u00e9e avec tuba<\/td>\n<td><i class=\"fa fa-check icon-tick icon-tick--on\"><\/i>Boissons et restauration<\/td>\n<\/tr>\n<\/tbody>\n<\/table>\n<\/td>\n<\/tr>\n<tr>\n<td>\n<h3><strong>TARIFS<\/strong><\/h3>\n<\/td>\n<td style=\"text-align: left;\">Excursi\u00f3n 3 horas Catamar\u00e1n adultos: <strong> 60 euros<\/strong>\n<p>Excursi\u00f3n 3 horas Catamar\u00e1n ni\u00f1os ( 2 a 12 a\u00f1os) <strong>40 Euros<\/strong><\/p>\n<p><span style=\"color: #ff0000;\"><strong> 10% de descuento al finalizar la compra online<\/strong><\/span><\/p><\/td>\n<\/tr>\n<\/tbody>\n<\/table>\n<p>[\/vc_column_text][\/vc_column][\/vc_row]<\/p>\n<\/div>","protected":false},"excerpt":{"rendered":"<p>Embarquez sur le Kalima Kat depuis Puerto Colon, profitez de la mer et de la brise, avec la possibilit\u00e9 d&rsquo;apercevoir des baleines et des dauphins. Visitez une crique de la plage de Veril pour prendre un en-cas, nager et faire de la plong\u00e9e avec masque et tuba. Sur le chemin du retour, admirez les plages de Fa\u00f1abe et Torviscas et le Teide. Avec un temps excellent et une \u00e9quipe d\u00e9vou\u00e9e, cette aventure promet des souvenirs inoubliables. R\u00e9servez d\u00e8s maintenant.<\/p>\n","protected":false},"featured_media":3967,"comment_status":"open","ping_status":"closed","template":"","meta":{"_joinchat":[]},"product_brand":[],"product_cat":[177],"product_tag":[],"class_list":{"0":"post-3929","1":"product","2":"type-product","3":"status-publish","4":"has-post-thumbnail","6":"product_cat-sans-categorie","7":"pa_tipos_de_ticket-adultes","8":"pa_tipos_de_ticket-enfants","9":"tour_category-excursions-en-bateau","10":"tour_category-observation-de-cetaces","12":"first","13":"instock","14":"taxable","15":"shipping-taxable","16":"purchasable","17":"product-type-tour"},"_links":{"self":[{"href":"https:\/\/holidaytourstenerife.com\/fr\/wp-json\/wp\/v2\/product\/3929","targetHints":{"allow":["GET"]}}],"collection":[{"href":"https:\/\/holidaytourstenerife.com\/fr\/wp-json\/wp\/v2\/product"}],"about":[{"href":"https:\/\/holidaytourstenerife.com\/fr\/wp-json\/wp\/v2\/types\/product"}],"replies":[{"embeddable":true,"href":"https:\/\/holidaytourstenerife.com\/fr\/wp-json\/wp\/v2\/comments?post=3929"}],"wp:featuredmedia":[{"embeddable":true,"href":"https:\/\/holidaytourstenerife.com\/fr\/wp-json\/wp\/v2\/media\/3967"}],"wp:attachment":[{"href":"https:\/\/holidaytourstenerife.com\/fr\/wp-json\/wp\/v2\/media?parent=3929"}],"wp:term":[{"taxonomy":"product_brand","embeddable":true,"href":"https:\/\/holidaytourstenerife.com\/fr\/wp-json\/wp\/v2\/product_brand?post=3929"},{"taxonomy":"product_cat","embeddable":true,"href":"https:\/\/holidaytourstenerife.com\/fr\/wp-json\/wp\/v2\/product_cat?post=3929"},{"taxonomy":"product_tag","embeddable":true,"href":"https:\/\/holidaytourstenerife.com\/fr\/wp-json\/wp\/v2\/product_tag?post=3929"}],"curies":[{"name":"wp","href":"https:\/\/api.w.org\/{rel}","templated":true}]}}