{"id":3207,"date":"2023-02-15T17:51:58","date_gmt":"2023-02-15T17:51:58","guid":{"rendered":"https:\/\/holidaytourstenerife.com\/informazioni-su-di-noi\/"},"modified":"2024-03-08T20:15:29","modified_gmt":"2024-03-08T20:15:29","slug":"informazioni-su-di-noi","status":"publish","type":"page","link":"https:\/\/holidaytourstenerife.com\/it\/informazioni-su-di-noi\/","title":{"rendered":"Informazioni su di noi"},"content":{"rendered":"<div class=\"wpb-content-wrapper\"><p>[vc_row][vc_column]<div class=\"title title--big title--center title--underline title--decoration-bottom-center\">\n\t\t\t<div class=\"title__subtitle\">Holiday Tours Tenerife \u00e8 un&#039;azienda che vende escursioni dal 2012. Attualmente \u00e8 una delle agenzie di escursioni pi\u00f9 apprezzate di Tenerife.<\/div>\n\t\t<h3 class=\"title__primary\">Chi siamo<\/h3>\n<\/div>\n[vc_empty_space height=&#8221;15px&#8221;]<div class=\"icons-set\">\n\t<div class=\"row icons-set__row\">\n\t\t\t\t\t<div class=\"col-sm-4\">\n\t\t\t<div class=\"icons-set__item\">\n\t\t\t\t\t\t\t<div class=\"icons-set__item__field icons-set__item__field--fix-size\">\n\t\t\t\t<div class=\"icons-set__item__icon-wrap\"><i class=\"icons-set__item__icon fa fa-map-signs\"><\/i><\/div>\t\t\t\t<\/div>\n\t\t\t\t\t\t\t<div class=\"icons-set__item__field\">\n\t\t\t\t<h3 class=\"icons-set__item__title\">+20 Esperienze<\/h3>\t\t\t\t\t<div class=\"icons-set__item__description\">Holidays Tours Tenerife ha creato una selezione delle migliori escursioni che si possono fare a Tenerife, dai tour in quad, alle gite in barca, alle immersioni, all&#8217;osservazione dei delfini, al parapendio&#8230;<\/div>\n\t\t\t\t<\/div>\n\t\t\t<\/div>\n\t\t<\/div>\n\t\t\t\t\t<div class=\"col-sm-4\">\n\t\t\t<div class=\"icons-set__item\">\n\t\t\t\t\t\t\t<div class=\"icons-set__item__field icons-set__item__field--fix-size\">\n\t\t\t\t<div class=\"icons-set__item__icon-wrap\"><i class=\"icons-set__item__icon td-user-1\"><\/i><\/div>\t\t\t\t<\/div>\n\t\t\t\t\t\t\t<div class=\"icons-set__item__field\">\n\t\t\t\t<h3 class=\"icons-set__item__title\">+1000 clientes satisfechos<\/h3>\t\t\t\t\t<div class=\"icons-set__item__description\">Holiday Tours Tenerife offre un servizio personalizzato ai suoi clienti, sfruttando la sua esperienza pluriennale e proponendo pacchetti di escursioni per tutti i tipi di utenti. Con la soddisfazione dei propri clienti come obiettivo primario.<\/div>\n\t\t\t\t<\/div>\n\t\t\t<\/div>\n\t\t<\/div>\n\t\t\t\t\t<div class=\"col-sm-4\">\n\t\t\t<div class=\"icons-set__item\">\n\t\t\t\t\t\t\t<div class=\"icons-set__item__field icons-set__item__field--fix-size\">\n\t\t\t\t<div class=\"icons-set__item__icon-wrap\"><i class=\"icons-set__item__icon td-bank-card\"><\/i><\/div>\t\t\t\t<\/div>\n\t\t\t\t\t\t\t<div class=\"icons-set__item__field\">\n\t\t\t\t<h3 class=\"icons-set__item__title\">Pagamento sicuro<\/h3>\t\t\t\t\t<div class=\"icons-set__item__description\">Acquistate in tutta tranquillit\u00e0 sul nostro sito web. I dati della carta e la password sono protetti dal nostro sistema di sicurezza (attraverso un protocollo SSL con connessione https) fin dal momento dell&#8217;inserimento e non vengono mai inviati alla nostra azienda.<\/div>\n\t\t\t\t<\/div>\n\t\t\t<\/div>\n\t\t<\/div>\n\t\t\t<\/div><div class=\"row icons-set__row\">\t\t<div class=\"col-sm-4\">\n\t\t\t<div class=\"icons-set__item\">\n\t\t\t\t\t\t\t<div class=\"icons-set__item__field icons-set__item__field--fix-size\">\n\t\t\t\t<div class=\"icons-set__item__icon-wrap\"><i class=\"icons-set__item__icon td-chat\"><\/i><\/div>\t\t\t\t<\/div>\n\t\t\t\t\t\t\t<div class=\"icons-set__item__field\">\n\t\t\t\t<h3 class=\"icons-set__item__title\">Cancella senza problemi<\/h3>\t\t\t\t\t<div class=\"icons-set__item__description\">Holidays Tours Tenerife si impegna a offrire una politica di cancellazione soddisfacente al 100%, consentendo la cancellazione di qualsiasi tour fino a 48 ore prima dell&#8217;inizio del tour.<\/div>\n\t\t\t\t<\/div>\n\t\t\t<\/div>\n\t\t<\/div>\n\t\t\t\t\t<div class=\"col-sm-4\">\n\t\t\t<div class=\"icons-set__item\">\n\t\t\t\t\t\t\t<div class=\"icons-set__item__field icons-set__item__field--fix-size\">\n\t\t\t\t<div class=\"icons-set__item__icon-wrap\"><i class=\"icons-set__item__icon fa fa-check\"><\/i><\/div>\t\t\t\t<\/div>\n\t\t\t\t\t\t\t<div class=\"icons-set__item__field\">\n\t\t\t\t<h3 class=\"icons-set__item__title\">Godetevi la sicurezza<\/h3>\t\t\t\t\t<div class=\"icons-set__item__description\">Holiday Tours Tenerife e i suoi partner garantiscono il rispetto di tutte le misure sanitarie (igiene, maschere, ecc.).<\/div>\n\t\t\t\t<\/div>\n\t\t\t<\/div>\n\t\t<\/div>\n\t\t<\/div>\n<\/div>\n[vc_empty_space height=&#8221;52px&#8221;][\/vc_column][\/vc_row][vc_row][vc_column][vc_separator][\/vc_column][\/vc_row][vc_row][vc_column]<div class=\"title title--center title--underline title--decoration-bottom-center\">\n\t\t<h3 class=\"title__primary\">Cosa facciamo<\/h3>\n<\/div>\n[vc_column_text]<strong>Holiday Tours Tenerife<\/strong> offre un servizio personalizzato ai suoi clienti, sfruttando la sua esperienza pluriennale e proponendo pacchetti di escursioni per tutti i tipi di utenti. Con la soddisfazione dei propri clienti come obiettivo primario.[\/vc_column_text][vc_row_inner][vc_column_inner width=&#8221;1\/2&#8243;][vc_column_text]<\/p>\n<h3>Il nostro obiettivo, la vostra soddisfazione<\/h3>\n<div class=\"titulo\">Ci assicuriamo che la vostra esperienza sia la migliore. \u00c8 possibile annullare facilmente il contratto e contattarci 24 ore su 24.<\/div>\n<p>[\/vc_column_text][\/vc_column_inner][vc_column_inner width=&#8221;1\/2&#8243;][vc_column_text]<\/p>\n<h3>Il miglior catalogo di escursioni che si possa immaginare<\/h3>\n<p>Viviamo a Tenerife e la conosciamo come le nostre tasche, per questo selezioniamo solo le migliori escursioni.[\/vc_column_text][\/vc_column_inner][\/vc_row_inner][vc_row_inner][vc_column_inner width=&#8221;1\/3&#8243;][vc_icon icon_fontawesome=&#8221;fas fa-map-marked-alt&#8221; color=&#8221;juicy_pink&#8221; size=&#8221;xl&#8221; align=&#8221;center&#8221;][vc_column_text]<\/p>\n<p style=\"text-align: center;\"><strong>+20 Esperienze<\/strong><\/p>\n<p>[\/vc_column_text][\/vc_column_inner][vc_column_inner width=&#8221;1\/3&#8243;][vc_icon icon_fontawesome=&#8221;fas fa-user-alt&#8221; color=&#8221;juicy_pink&#8221; size=&#8221;xl&#8221; align=&#8221;center&#8221;][vc_column_text]<\/p>\n<p style=\"text-align: center;\"><strong>+1000 clienti soddisfatti<\/strong><\/p>\n<p>[\/vc_column_text][\/vc_column_inner][vc_column_inner width=&#8221;1\/3&#8243;][vc_icon icon_fontawesome=&#8221;fas fa-check&#8221; color=&#8221;juicy_pink&#8221; size=&#8221;xl&#8221; align=&#8221;center&#8221;][vc_column_text]<\/p>\n<p style=\"text-align: center;\"><strong>Godetevi la sicurezza<\/strong><\/p>\n<p>[\/vc_column_text][\/vc_column_inner][\/vc_row_inner][vc_row_inner][vc_column_inner width=&#8221;1\/3&#8243;][vc_icon icon_fontawesome=&#8221;far fa-credit-card&#8221; color=&#8221;juicy_pink&#8221; size=&#8221;xl&#8221; align=&#8221;center&#8221;][vc_column_text]<\/p>\n<p style=\"text-align: center;\"><strong>Pagamenti sicuri<\/strong><\/p>\n<p>[\/vc_column_text][\/vc_column_inner][vc_column_inner width=&#8221;1\/3&#8243;][vc_icon icon_fontawesome=&#8221;fas fa-hiking&#8221; color=&#8221;juicy_pink&#8221; size=&#8221;xl&#8221; align=&#8221;center&#8221;][vc_column_text]<\/p>\n<p style=\"text-align: center;\"><strong>Guide professionali<\/strong><\/p>\n<p>[\/vc_column_text][\/vc_column_inner][vc_column_inner width=&#8221;1\/3&#8243;][vc_icon icon_fontawesome=&#8221;fas fa-place-of-worship&#8221; color=&#8221;juicy_pink&#8221; size=&#8221;xl&#8221; align=&#8221;center&#8221;][vc_column_text]<\/p>\n<p style=\"text-align: center;\"><strong>Luoghi unici<\/strong><\/p>\n<p>[\/vc_column_text][\/vc_column_inner][\/vc_row_inner][\/vc_column][\/vc_row][vc_row full_width=&#8221;stretch_row&#8221; content_placement=&#8221;middle&#8221;][vc_column]\n\t\t\t<!-- START sobre nosotros REVOLUTION SLIDER 6.7.21 --><p class=\"rs-p-wp-fix\"><\/p>\n\t\t\t<rs-module-wrap id=\"rev_slider_14_1_wrapper\" data-source=\"gallery\" style=\"visibility:hidden;background:#E9E9E9;padding:0;margin:0px auto;margin-top:0;margin-bottom:0;\">\n\t\t\t\t<rs-module id=\"rev_slider_14_1\" style=\"\" data-version=\"6.7.21\">\n\t\t\t\t\t<rs-slides style=\"overflow: hidden; position: absolute;\">\n\t\t\t\t\t\t<rs-slide style=\"position: absolute;\" data-key=\"rs-93\" data-title=\"Slide\" data-anim=\"d:15;f:edges;\" data-in=\"prst:rndany;o:0;sx:1.1;sy:1.1;m:true;row:30;col:30;\" data-out=\"a:false;\">\n\t\t\t\t\t\t\t<img decoding=\"async\" src=\"\/\/holidaytourstenerife.com\/wp-content\/plugins\/revslider\/sr6\/assets\/assets\/dummy.png\" alt=\"\" title=\"buceo torugas tenerife\" width=\"960\" height=\"600\" class=\"rev-slidebg tp-rs-img rs-lazyload\" data-lazyload=\"\/\/holidaytourstenerife.com\/wp-content\/uploads\/2023\/03\/buceo-torugas-tenerife.webp\" data-bg=\"p:center top;\" data-no-retina>\n<!---->\t\t\t\t\t<\/rs-slide>\n\t\t\t\t\t\t<rs-slide style=\"position: absolute;\" data-key=\"rs-94\" data-title=\"Slide\" data-anim=\"d:10;ms:800;f:random;\" data-in=\"prst:rndany;o:0;r:cyc(-5|-3|-10|-5|-2|0|3|10|8|5);sx:2;sy:2;m:true;col:7;\">\n\t\t\t\t\t\t\t<img decoding=\"async\" src=\"\/\/holidaytourstenerife.com\/wp-content\/plugins\/revslider\/sr6\/assets\/assets\/dummy.png\" alt=\"\" title=\"Excursion buggy tenerife\" width=\"960\" height=\"600\" class=\"rev-slidebg tp-rs-img rs-lazyload\" data-lazyload=\"\/\/holidaytourstenerife.com\/wp-content\/uploads\/2023\/03\/Excursion-buggy-tenerife.webp\" data-bg=\"p:center top;\" data-no-retina>\n<!---->\t\t\t\t\t<\/rs-slide>\n\t\t\t\t\t\t<rs-slide style=\"position: absolute;\" data-key=\"rs-95\" data-title=\"Slide\" data-anim=\"d:35;ms:2000;f:edges;\" data-in=\"prst:rndany;x:cyc(100%|-100%);m:true;col:8;\" data-d3=\"f:cube;d:vertical;z:450;t:20;su:true;sc:#9e9e9e;\">\n\t\t\t\t\t\t\t<img decoding=\"async\" src=\"\/\/holidaytourstenerife.com\/wp-content\/plugins\/revslider\/sr6\/assets\/assets\/dummy.png\" alt=\"\" title=\"Disfrutando parasailing al maximo\" width=\"960\" height=\"600\" class=\"rev-slidebg tp-rs-img rs-lazyload\" data-lazyload=\"\/\/holidaytourstenerife.com\/wp-content\/uploads\/2023\/03\/Disfrutando-parasailing-al-maximo.webp\" data-bg=\"p:center top;\" data-no-retina>\n<!---->\t\t\t\t\t<\/rs-slide>\n\t\t\t\t\t\t<rs-slide style=\"position: absolute;\" data-key=\"rs-96\" data-title=\"Slide\" data-anim=\"d:10;ms:1000;f:slidebased;\" data-in=\"prst:rndany;mo:45;moo:none;o:0;x:ran(-100|100);y:(100%);r:ran(-100|100);sx:ran(0|2);sy:ran(0|2);e:power3.out;row:7;col:7;\" data-out=\"a:false;\">\n\t\t\t\t\t\t\t<img decoding=\"async\" src=\"\/\/holidaytourstenerife.com\/wp-content\/plugins\/revslider\/sr6\/assets\/assets\/dummy.png\" alt=\"\" title=\"tour moto de agua tenerife\" width=\"960\" height=\"600\" class=\"rev-slidebg tp-rs-img rs-lazyload\" data-lazyload=\"\/\/holidaytourstenerife.com\/wp-content\/uploads\/2023\/03\/tour-moto-de-agua-tenerife.webp\" data-bg=\"p:center bottom;\" data-no-retina>\n<!---->\t\t\t\t\t<\/rs-slide>\n\t\t\t\t\t<\/rs-slides>\n\t\t\t\t\t<rs-static-layers><!--\n\t\t\t\t\t--><\/rs-static-layers>\n\t\t\t\t<\/rs-module>\n\t\t\t\t<script>\n\t\t\t\t\tsetREVStartSize({c: 'rev_slider_14_1',rl:[1240,1240,1240,480],el:[550,550,550,720],gw:[960,960,960,480],gh:[550,550,550,300],type:'carousel',justify:'',layout:'fullwidth',mh:\"550\"});if (window.RS_MODULES!==undefined && window.RS_MODULES.modules!==undefined && window.RS_MODULES.modules[\"revslider141\"]!==undefined) {window.RS_MODULES.modules[\"revslider141\"].once = false;window.revapi14 = undefined;if (window.RS_MODULES.checkMinimal!==undefined) window.RS_MODULES.checkMinimal()}\n\t\t\t\t<\/script>\n\t\t\t<\/rs-module-wrap>\n\t\t\t<!-- END REVOLUTION SLIDER -->\n[\/vc_column][\/vc_row][vc_row css=&#8221;.vc_custom_1676485275147{background-position: center !important;background-repeat: no-repeat !important;background-size: cover !important;}&#8221; el_class=&#8221;section-white&#8221;][vc_column][vc_empty_space height=&#8221;52px&#8221;]<div class=\"title title--center title--underline title--decoration-bottom-center\">\n\t\t\t<div class=\"title__subtitle\">Scegliendo Holiday Tours Tenerife puntate su un&#039;azienda che dedica il suo tempo a trovare la soluzione migliore per ogni cliente, trascorrete con noi una vacanza piena di gioia e divertimento!<\/div>\n\t\t<h3 class=\"title__primary\">Perch\u00e9 dovreste scegliere noi<\/h3>\n<\/div>\n[vc_empty_space height=&#8221;52px&#8221;][\/vc_column][\/vc_row][vc_row css=&#8221;.vc_custom_1676480831172{padding-bottom: 0px !important;}&#8221;][vc_column width=&#8221;1\/2&#8243;][vc_empty_space height=&#8221;52px&#8221;][vc_single_image image=&#8221;1431&#8243; img_size=&#8221;full&#8221; alignment=&#8221;right&#8221;][\/vc_column][vc_column width=&#8221;1\/2&#8243;][vc_empty_space height=&#8221;52px&#8221;][vc_column_text]<div class=\"title title--decoration-bottom-left\">\n\t\t<h3 class=\"title__primary\">Acquista ora su Holidays Tours Tenerife<\/h3>\n<\/div>\n<p><i class=\"fa fa-check icon-tick icon-tick--on Selecciona el d\u00eda para el tour\"><\/i>Selezionare il giorno del tour<\/p>\n<p><i class=\"fa fa-check icon-tick icon-tick--on Haz click en comprar\"><\/i>Fare clic su acquista<\/p>\n<p><i class=\"fa fa-check icon-tick icon-tick--on \u00a1Disfruta del tour seleccionado!\"><\/i>Godetevi il tour selezionato!<\/p>\n<p><a href=\"https:\/\/holidaytourstenerife.com\/it\/tour-e-escursioni-tenerife\/\" class=\"atbtn atbtn--primary atbtn--small atbtn--rounded\">Prenota<\/a>[\/vc_column_text][\/vc_column][\/vc_row]<\/p>\n<\/div>","protected":false},"excerpt":{"rendered":"<p>[vc_row][vc_column][vc_empty_space height=&#8221;15px&#8221;][vc_empty_space height=&#8221;52px&#8221;][\/vc_column][\/vc_row][vc_row][vc_column][vc_separator][\/vc_column][\/vc_row][vc_row][vc_column][vc_column_text]Holiday Tours Tenerife offre un servizio personalizzato ai suoi clienti, sfruttando la sua esperienza pluriennale e proponendo pacchetti di escursioni per tutti i tipi di utenti. Con la soddisfazione dei propri clienti come obiettivo primario.[\/vc_column_text][vc_row_inner][vc_column_inner width=&#8221;1\/2&#8243;][vc_column_text] Il nostro obiettivo, la vostra soddisfazione Ci assicuriamo che la vostra esperienza sia la migliore. \u00c8 possibile<\/p>\n<div class=\"padding-top text-center\"><a href=\"https:\/\/holidaytourstenerife.com\/it\/informazioni-su-di-noi\/\" class=\"atbtn atbtn--medium atbtn--rounded atbtn--transparent\">Read more<i class=\"atbtn__icon atbtn__icon--right fa fa-long-arrow-right\"><\/i><\/a><\/div>\n","protected":false},"author":1,"featured_media":0,"parent":0,"menu_order":0,"comment_status":"open","ping_status":"closed","template":"","meta":{"_joinchat":[],"footnotes":""},"class_list":["post-3207","page","type-page","status-publish","hentry"],"_links":{"self":[{"href":"https:\/\/holidaytourstenerife.com\/it\/wp-json\/wp\/v2\/pages\/3207","targetHints":{"allow":["GET"]}}],"collection":[{"href":"https:\/\/holidaytourstenerife.com\/it\/wp-json\/wp\/v2\/pages"}],"about":[{"href":"https:\/\/holidaytourstenerife.com\/it\/wp-json\/wp\/v2\/types\/page"}],"author":[{"embeddable":true,"href":"https:\/\/holidaytourstenerife.com\/it\/wp-json\/wp\/v2\/users\/1"}],"replies":[{"embeddable":true,"href":"https:\/\/holidaytourstenerife.com\/it\/wp-json\/wp\/v2\/comments?post=3207"}],"version-history":[{"count":13,"href":"https:\/\/holidaytourstenerife.com\/it\/wp-json\/wp\/v2\/pages\/3207\/revisions"}],"predecessor-version":[{"id":3779,"href":"https:\/\/holidaytourstenerife.com\/it\/wp-json\/wp\/v2\/pages\/3207\/revisions\/3779"}],"wp:attachment":[{"href":"https:\/\/holidaytourstenerife.com\/it\/wp-json\/wp\/v2\/media?parent=3207"}],"curies":[{"name":"wp","href":"https:\/\/api.w.org\/{rel}","templated":true}]}}