{"id":2712,"date":"2023-02-19T18:42:33","date_gmt":"2023-02-19T18:42:33","guid":{"rendered":"https:\/\/holidaytourstenerife.com\/producto\/parasailing\/"},"modified":"2025-12-16T13:18:02","modified_gmt":"2025-12-16T13:18:02","slug":"parasailing-tenerife","status":"publish","type":"product","link":"https:\/\/holidaytourstenerife.com\/it\/tours\/parasailing-tenerife\/","title":{"rendered":"Parasailing"},"content":{"rendered":"<div class=\"wpb-content-wrapper\"><p>[vc_row][vc_column][vc_column_text]<\/p>\n<h1>Parasailing Tenerife Costa Adeje<\/h1>\n<p>[\/vc_column_text][vc_separator color=&#8221;custom&#8221; align=&#8221;align_left&#8221; accent_color=&#8221;#47a0ff&#8221; border_width=&#8221;4&#8243; el_width=&#8221;10&#8243;][vc_column_text]<strong>parasailing a Tenerife Costa Adeje \u00e8 un&#8217;attivit\u00e0 divertente, che vi permetter\u00e0 di osservare l&#8217;isola da una prospettiva diversa, da una distanza di 50-80 metri e per una durata di circa 10 minuti.<\/strong><\/p>\n<p><span style=\"font-weight: 400;\">Godetevi il<\/span> <span style=\"font-weight: 400;\">panorami mozzafiato a 50-80 metri sopra la <strong>costa di Tenerife.<\/strong> Il paracadutismo \u00e8 un&#8217;attivit\u00e0 divertente e sicura. Il nostro equipaggio provveder\u00e0 ad applicare il paracadute e tutti i dispositivi di sicurezza, senza alcuno sforzo da parte vostra.<\/span><\/p>\n<p><span style=\"font-weight: 400;\"> Tutto ci\u00f2 che dovete fare \u00e8 godervi il panorama e divertirvi. Alla fine del volo l&#8217;equipaggio vi dar\u00e0 un&#8217;ultima scarica di adrenalina. L&#8217;equipaggio vi far\u00e0 scendere fino a toccare l&#8217;acqua e ad immergere le gambe, quindi vi rialzer\u00e0 e vi far\u00e0 sbarcare sulla barca. \u00c8 divertente e totalmente sicuro. <strong>Fino a 3 persone nello stesso paracadute.<\/strong><\/span>[\/vc_column_text][vc_column_text css=&#8221;&#8221;]<\/p>\n<h2><strong>Opzioni di servizio<\/strong><\/h2>\n<p><!--more--><\/p>\n<table class=\"table table-bordered tours-tabs__table\" style=\"height: 233px;\" width=\"862\">\n<tbody>\n<tr>\n<td>\n<h3><strong>LUOGO DI PARTENZA<\/strong><\/h3>\n<\/td>\n<td>Prelievo gratuito dall&#8217;hotel<\/td>\n<\/tr>\n<tr>\n<td>\n<h3><strong>DURATA<\/strong><\/h3>\n<\/td>\n<td>10-15 minuti<\/td>\n<\/tr>\n<tr>\n<td>\n<h3><strong>ET\u00c0<\/strong><\/h3>\n<\/td>\n<td>Bambini di et\u00e0 superiore ai 18 mesi, anziani, donne in gravidanza e persone con disabilit\u00e0.<\/td>\n<\/tr>\n<tr>\n<td>\n<h3><strong>INFORMAZIONI AGGIUNTIVE<\/strong><\/h3>\n<\/td>\n<td>Gli orari di partenza sono dalle 11:00 alle 17:00 e alle 18:00 (solo in luglio e agosto).<\/td>\n<\/tr>\n<tr>\n<td>\n<h3><strong>COMPRENSIONE<\/strong><\/h3>\n<\/td>\n<td>\n<table class=\"table table-bordered\" style=\"height: 62px;\" width=\"300\">\n<tbody>\n<tr>\n<td><i class=\"fa fa-check icon-tick icon-tick--on\"><\/i>Trasferimento dall&#8217;hotel<\/td>\n<td><i class=\"fa fa-check icon-tick icon-tick--on\"><\/i>Giubbotto di salvataggio<\/td>\n<\/tr>\n<tr>\n<td><i class=\"fa fa-check icon-tick icon-tick--on\"><\/i>Assicurazione<\/td>\n<td><\/td>\n<\/tr>\n<\/tbody>\n<\/table>\n<\/td>\n<\/tr>\n<tr>\n<td>\n<h3><b>TARIFFE<\/b><\/h3>\n<\/td>\n<td>\n<table class=\"table table-bordered\" style=\"height: 62px;\" width=\"300\">\n<tbody>\n<tr>\n<td><i class=\"fa fa-check icon-tick icon-tick--on\"><\/i>Parasailing 60 euro<\/td>\n<\/tr>\n<tr>\n<td><i class=\"fa fa-check icon-tick icon-tick--on\"><\/i>Passeggero in barca (senza volo) 50 euro<\/td>\n<\/tr>\n<\/tbody>\n<\/table>\n<\/td>\n<\/tr>\n<\/tbody>\n<\/table>\n<p>[\/vc_column_text][\/vc_column][\/vc_row]<\/p>\n<\/div>","protected":false},"excerpt":{"rendered":"<p>Godetevi i panorami mozzafiato a 50-80 metri sopra la costa di Tenerife. Il paracadutismo \u00e8 un&#8217;attivit\u00e0 divertente e sicura. Il nostro equipaggio provveder\u00e0 ad applicare il paracadute e tutti i dispositivi di sicurezza, senza alcuno sforzo da parte vostra. Tutto ci\u00f2 che dovete fare \u00e8 godervi il panorama e divertirvi. Alla fine del volo l&#8217;equipaggio vi dar\u00e0 un&#8217;ultima scarica di adrenalina. L&#8217;equipaggio vi far\u00e0 scendere fino a toccare l&#8217;acqua e ad immergere le gambe, quindi vi rialzer\u00e0 e vi far\u00e0 sbarcare sulla barca. \u00c8 divertente e totalmente sicuro. <strong>Fino a 3 persone nello stesso paracadute.<\/strong><\/p>\n","protected":false},"featured_media":1663,"comment_status":"open","ping_status":"closed","template":"","meta":{"_joinchat":[]},"product_brand":[],"product_cat":[186],"product_tag":[],"class_list":{"0":"post-2712","1":"product","2":"type-product","3":"status-publish","4":"has-post-thumbnail","6":"product_cat-senza-categoria","7":"pa_tipos_de_ticket-parasailing-it","8":"pa_tipos_de_ticket-passeggeri-in-nave-senza-volo","9":"tour_category-attivita-acquatiche","10":"tour_category-sport-e-avventura","12":"first","13":"instock","14":"taxable","15":"shipping-taxable","16":"purchasable","17":"product-type-tour"},"_links":{"self":[{"href":"https:\/\/holidaytourstenerife.com\/it\/wp-json\/wp\/v2\/product\/2712","targetHints":{"allow":["GET"]}}],"collection":[{"href":"https:\/\/holidaytourstenerife.com\/it\/wp-json\/wp\/v2\/product"}],"about":[{"href":"https:\/\/holidaytourstenerife.com\/it\/wp-json\/wp\/v2\/types\/product"}],"replies":[{"embeddable":true,"href":"https:\/\/holidaytourstenerife.com\/it\/wp-json\/wp\/v2\/comments?post=2712"}],"wp:featuredmedia":[{"embeddable":true,"href":"https:\/\/holidaytourstenerife.com\/it\/wp-json\/wp\/v2\/media\/1663"}],"wp:attachment":[{"href":"https:\/\/holidaytourstenerife.com\/it\/wp-json\/wp\/v2\/media?parent=2712"}],"wp:term":[{"taxonomy":"product_brand","embeddable":true,"href":"https:\/\/holidaytourstenerife.com\/it\/wp-json\/wp\/v2\/product_brand?post=2712"},{"taxonomy":"product_cat","embeddable":true,"href":"https:\/\/holidaytourstenerife.com\/it\/wp-json\/wp\/v2\/product_cat?post=2712"},{"taxonomy":"product_tag","embeddable":true,"href":"https:\/\/holidaytourstenerife.com\/it\/wp-json\/wp\/v2\/product_tag?post=2712"}],"curies":[{"name":"wp","href":"https:\/\/api.w.org\/{rel}","templated":true}]}}