{"id":2713,"date":"2023-02-19T19:56:21","date_gmt":"2023-02-19T19:56:21","guid":{"rendered":"https:\/\/holidaytourstenerife.com\/producto\/immersione\/"},"modified":"2024-03-27T12:25:36","modified_gmt":"2024-03-27T12:25:36","slug":"immersioni-a-tenerife","status":"publish","type":"product","link":"https:\/\/holidaytourstenerife.com\/it\/tours\/immersioni-a-tenerife\/","title":{"rendered":"Immersione"},"content":{"rendered":"<div class=\"wpb-content-wrapper\"><p>[vc_row][vc_column][vc_column_text]<\/p>\n<h1>Immersioni a Tenerife<\/h1>\n<p>[\/vc_column_text][vc_separator color=&#8221;custom&#8221; align=&#8221;align_left&#8221; border_width=&#8221;4&#8243; el_width=&#8221;10&#8243; accent_color=&#8221;#47a0ff&#8221;][vc_column_text]Tenerife \u00e8 un&#8217;isola ricca di paesaggi naturali e flora, e la sua fauna marina non potrebbe essere da meno! Potrete scoprire in tutta sicurezza le bellezze sottomarine di Tenerife, un&#8217;isola che, grazie alle sue condizioni privilegiate, \u00e8 diventata un punto di riferimento internazionale per le immersioni subacquee.<\/p>\n<p>Lo staff del diving \u00e8 composto da un gruppo di professionisti esperti e appassionati del mondo sottomarino, che ci faranno seguire un breve corso di respirazione subacquea prima di entrare in mare.[\/vc_column_text][vc_column_text]<!--more--><\/p>\n<table class=\"table table-bordered tours-tabs__table\" style=\"height: 233px;\" width=\"862\">\n<tbody>\n<tr>\n<td><strong>LUOGO DI PARTENZA<\/strong><\/td>\n<td>Prelievo gratuito dall&#8217;hotel<\/td>\n<\/tr>\n<tr>\n<td><strong>DURATA<\/strong><\/td>\n<td>10-15 minuti<\/td>\n<\/tr>\n<tr>\n<td><strong>ET\u00c0<\/strong><\/td>\n<td>Et\u00e0 minima per le immersioni subacquee 10 anni.<\/td>\n<\/tr>\n<tr>\n<td><strong>INFORMAZIONI AGGIUNTIVE<\/strong><\/td>\n<td>Gli orari di partenza sono le 09:00 e le 14:00.<\/td>\n<\/tr>\n<tr>\n<td><strong>INCLUDED<\/strong><\/td>\n<td>\n<table class=\"table table-bordered\" style=\"height: 62px;\" width=\"300\">\n<tbody>\n<tr>\n<td><i class=\"fa fa-check icon-tick icon-tick--on\"><\/i>Attrezzature e materiali<\/td>\n<td><i class=\"fa fa-check icon-tick icon-tick--on\"><\/i>Istruttori qualificati<\/td>\n<\/tr>\n<tr>\n<td><i class=\"fa fa-check icon-tick icon-tick--on\"><\/i>Assicurazione inclusa<\/td>\n<td><i class=\"fa fa-check icon-tick icon-tick--on\"><\/i>Trasporto gratuito dall&#8217;hotel<\/td>\n<\/tr>\n<\/tbody>\n<\/table>\n<\/td>\n<\/tr>\n<tr>\n<td><b>TARIFFE<\/b><\/td>\n<td>\n<table class=\"table table-bordered\" style=\"height: 62px;\" width=\"300\">\n<tbody>\n<tr>\n<td><strong>Battesimo del mare<\/strong>: \u20ac 70 per immersione<\/td>\n<\/tr>\n<tr>\n<td><strong>Immersioni per subacquei esperti: 50\u20ac per immersione<\/strong><\/td>\n<\/tr>\n<\/tbody>\n<\/table>\n<table class=\"table table-bordered\" style=\"height: 62px;\" width=\"300\">\n<tbody>\n<tr>\n<td><strong>Curso PADI &#8211; Scoprire l&#8217;immersione subacquea: 100\u20ac<\/strong><\/td>\n<\/tr>\n<tr>\n<td><strong>PADI &#8211; Corso Scuba Diver (fino a 12m): 250\u20ac.<\/strong><\/td>\n<\/tr>\n<\/tbody>\n<\/table>\n<table class=\"table table-bordered\" style=\"height: 62px;\" width=\"300\">\n<tbody>\n<tr>\n<td><strong>PADI &#8211; Corso Open water diver (fino a 18 m): 400 \u20ac.<\/strong><\/td>\n<\/tr>\n<tr>\n<td><strong>Curso PADI &#8211; Advance open water diver (5 immersioni): 300\u20ac<\/strong><\/td>\n<\/tr>\n<\/tbody>\n<\/table>\n<\/td>\n<\/tr>\n<\/tbody>\n<\/table>\n<p><b>Diversi siti di immersione:<\/b><\/p>\n<ul>\n<li aria-level=\"1\"><b>Playa de las Vistas a Los Cristianos<\/b> (difficolt\u00e0 di immersione: facile, partendo dalla spiaggia e raggiungendo una profondit\u00e0 massima di 6-10 metri). Il tempo di immersione stimato con la bombola di ossigeno sar\u00e0 di 45 minuti.<\/li>\n<\/ul>\n<p>\u00c8 il luogo ideale per le prime immersioni o per le immersioni notturne. \u00c8 un&#8217;immersione facile che offre l&#8217;opportunit\u00e0 di ammirare una grande variet\u00e0 di fauna.<\/p>\n<ul>\n<li aria-level=\"1\"><b>El Puertito<\/b> (difficolt\u00e0 di immersione: facile, partendo dai bassi fondali e raggiungendo una profondit\u00e0 massima di 6-10 metri).<\/li>\n<\/ul>\n<p>Questa piccola baia appartata di Adeje \u00e8 uno dei luoghi preferiti per provare le immersioni e lo snorkeling. Ideale per i principianti perch\u00e9 non c&#8217;\u00e8 corrente e si possono vedere le tartarughe. Il tempo di immersione stimato con la bombola di ossigeno sar\u00e0 di 45 minuti.<\/p>\n<ul>\n<li aria-level=\"1\"><b>El Condesito (difficolt\u00e0 di immersione: media, con immersione in barca, fino a una profondit\u00e0 massima di 15-25 metri).<\/b><\/li>\n<\/ul>\n<p>Immergetevi e scoprite la nave di 30 metri &#8220;El Condesito&#8221; che si aren\u00f2 sulla punta meridionale di Tenerife nel 1971. Il relitto, frammentato in diversi pezzi, giace sul fondale marino a una profondit\u00e0 di oltre 20 metri. Il sito si trova a 3,7 miglia nautiche dal porto di Los Cristianos, in un punto in cui le correnti possono aumentare la difficolt\u00e0 dell&#8217;immersione. Scoprirete una fauna variegata con un&#8217;abbondanza di polpi, seppie e pesci &#8220;antichi&#8221;.. Un&#8217;immersione ideale per scoprire un relitto poco profondo e con buona visibilit\u00e0.<\/p>\n<ul>\n<li aria-level=\"1\"><b>Monta\u00f1a Amarilla<\/b> (difficolt\u00e0 di immersione: media, dalla spiaggia o da una barca, raggiungendo una profondit\u00e0 massima di 15-20 metri).<\/li>\n<\/ul>\n<p>La Montagna Gialla \u00e8 una splendida collina sul mare formata da cenere vulcanica gialla e scolpita dall&#8217;erosione. La sua bellezza si estende sotto la superficie del mare, con un paesaggio sottomarino lunare di scogliere vulcaniche e un grande pitone roccioso con archi e grotte. Situato nel sud dell&#8217;isola, <b>vicino al porto di Las Galletas,<\/b> questo sito di immersione \u00e8 accessibile dalla spiaggia o in barca. Nell&#8217;oscurit\u00e0 delle grotte si possono vedere <b>murene<\/b>, <b>gheppi ross<\/b><b>i, anguille giardiniere<\/b> e <b>squali angelo.<\/b><\/p>\n<ul>\n<li aria-level=\"1\"><b>Cueva de las morenas<\/b> (difficolt\u00e0 di immersione: difficile, partendo da una barca, raggiungendo una profondit\u00e0 massima di 25-38 metri).<\/li>\n<\/ul>\n<p>Una delle attivit\u00e0 pi\u00f9 classiche da fare a Tenerife! Questo sito di immersione \u00e8 noto anche come Cueva de Juanito o Cueva de Los Camarones. L&#8217;immersione si svolge su una piattaforma rocciosa, a una profondit\u00e0 di circa 18 metri. Da l\u00ec, una parete scende in verticale fino a 30 metri, conducendo a un fondale sabbioso abitato da numerose anguille da giardino e murene (nere, color anatra e color cannella). I subacquei esperti possono visitare la targa della Vergine e del delfino in omaggio a Jacques Yves Cousteau sommersa a 35-38 metri dall&#8217;Associazione Mondiale del Silenzio.<\/p>\n<ul>\n<li aria-level=\"1\"><b>Il Meridiano<\/b> (difficolt\u00e0: immersione difficile, immersione in barca, fino a una profondit\u00e0 massima di 30 metri).<\/li>\n<\/ul>\n<p>Un relitto in ottime condizioni, situato su un banco di sabbia vicino a Palm-Mar. Questo relitto \u00e8 lungo 42 metri. Ideale per i fotografi subacquei: grazie all&#8217;ambiente retroilluminato, tutte le cabine e gli spazi interni della barca sono facilmente accessibili.<\/p>\n<p><b>L&#8217;immersione \u00e8 una grande esperienza che vi permetter\u00e0 di &#8220;volare&#8221; in un mondo completamente diverso. Il mondo marino.<\/b>[\/vc_column_text][\/vc_column][\/vc_row][vc_row][vc_column][vc_video link=&#8221;https:\/\/youtu.be\/SqWLVN1iR7o&#8221;][\/vc_column][\/vc_row]<\/p>\n<\/div>","protected":false},"excerpt":{"rendered":"<p>Tenerife \u00e8 un&#8217;isola ricca di paesaggi naturali e flora, e la sua fauna marina non potrebbe essere da meno! Potrete scoprire in tutta sicurezza le bellezze sottomarine di Tenerife, un&#8217;isola che, grazie alle sue condizioni privilegiate, \u00e8 diventata un punto di riferimento internazionale per le immersioni subacquee.<\/p>\n<p>Lo staff del diving \u00e8 composto da un gruppo di professionisti esperti e appassionati del mondo sottomarino, che ci faranno seguire un breve corso di respirazione subacquea prima di entrare in mare.<\/p>\n","protected":false},"featured_media":1443,"comment_status":"open","ping_status":"closed","template":"","meta":{"_joinchat":[]},"product_brand":[],"product_cat":[186],"product_tag":[],"class_list":{"0":"post-2713","1":"product","2":"type-product","3":"status-publish","4":"has-post-thumbnail","6":"product_cat-senza-categoria","7":"tour_category-immersioni-e-pesca","8":"tour_category-sport-e-avventura","10":"first","11":"instock","12":"taxable","13":"shipping-taxable","14":"purchasable","15":"product-type-tour"},"_links":{"self":[{"href":"https:\/\/holidaytourstenerife.com\/it\/wp-json\/wp\/v2\/product\/2713","targetHints":{"allow":["GET"]}}],"collection":[{"href":"https:\/\/holidaytourstenerife.com\/it\/wp-json\/wp\/v2\/product"}],"about":[{"href":"https:\/\/holidaytourstenerife.com\/it\/wp-json\/wp\/v2\/types\/product"}],"replies":[{"embeddable":true,"href":"https:\/\/holidaytourstenerife.com\/it\/wp-json\/wp\/v2\/comments?post=2713"}],"wp:featuredmedia":[{"embeddable":true,"href":"https:\/\/holidaytourstenerife.com\/it\/wp-json\/wp\/v2\/media\/1443"}],"wp:attachment":[{"href":"https:\/\/holidaytourstenerife.com\/it\/wp-json\/wp\/v2\/media?parent=2713"}],"wp:term":[{"taxonomy":"product_brand","embeddable":true,"href":"https:\/\/holidaytourstenerife.com\/it\/wp-json\/wp\/v2\/product_brand?post=2713"},{"taxonomy":"product_cat","embeddable":true,"href":"https:\/\/holidaytourstenerife.com\/it\/wp-json\/wp\/v2\/product_cat?post=2713"},{"taxonomy":"product_tag","embeddable":true,"href":"https:\/\/holidaytourstenerife.com\/it\/wp-json\/wp\/v2\/product_tag?post=2713"}],"curies":[{"name":"wp","href":"https:\/\/api.w.org\/{rel}","templated":true}]}}