{"id":2715,"date":"2023-02-21T05:45:26","date_gmt":"2023-02-21T05:45:26","guid":{"rendered":"https:\/\/holidaytourstenerife.com\/producto\/parapendio\/"},"modified":"2024-03-26T22:49:06","modified_gmt":"2024-03-26T22:49:06","slug":"parapendio-a-tenerife","status":"publish","type":"product","link":"https:\/\/holidaytourstenerife.com\/it\/tours\/parapendio-a-tenerife\/","title":{"rendered":"Parapendio"},"content":{"rendered":"<div class=\"wpb-content-wrapper\"><p>[vc_row][vc_column][vc_column_text]<\/p>\n<h1>Parapendio a Tenerife<\/h1>\n<p>[\/vc_column_text][vc_separator color=&#8221;custom&#8221; align=&#8221;align_left&#8221; border_width=&#8221;4&#8243; el_width=&#8221;10&#8243; accent_color=&#8221;#47a0ff&#8221;][vc_column_text]<span style=\"font-weight: 400;\">Il parapendio \u00e8 una delle attivit\u00e0 pi\u00f9 adrenaliniche. <\/span><\/p>\n<p><span style=\"font-weight: 400;\">L&#8217;avventura inizia quando si salta nel vuoto (sempre accompagnati da un istruttore), quando si scopre che volare \u00e8 possibile, quando si sente che il vento ci muove alla sua merc\u00e9 e si vede tutto da una prospettiva diversa.<\/span><\/p>\n<p><span style=\"font-weight: 400;\">Il team e i piloti sono altamente esperti di parapendio. Per loro la sicurezza \u00e8 la priorit\u00e0, ed \u00e8 per questo che dispongono di un team di altissima qualit\u00e0 con solo i migliori istruttori di Tenerife, tra cui Roberto, il campione spagnolo di parapendio.<\/span><\/p>\n<p><span style=\"font-weight: 400;\">Vi accompagnano in ogni fase del volo per farvi sentire sicuri e a vostro agio, in modo che possiate concentrarvi sull&#8217;esperienza di volo e sul divertimento.<\/span><\/p>\n<p>&nbsp;<\/p>\n<h2><b>Opzioni di servizio:<\/b><b><\/b><\/h2>\n<ul>\n<li aria-level=\"1\"><b>1\u00aa scelta<\/b><\/li>\n<\/ul>\n<p><span style=\"font-weight: 400;\">\u00c8 l&#8217;opzione pi\u00f9 popolare e consigliata per i primi voli. Il volo da Taucho, della durata di 20 minuti, decolla a circa 800 metri e si svolge tra le splendide montagne e gole di Adeje. Sbarco alla spiaggia di La Enramada a La Caleta (a seconda delle condizioni meteorologiche).<\/span><b><\/b><\/p>\n<ul>\n<li aria-level=\"1\"><b>2\u00aa opzione:<\/b><\/li>\n<\/ul>\n<p><span style=\"font-weight: 400;\">Si tratta di un volo pi\u00f9 lungo, di circa 30 minuti, che decolla a 1000 metri a Ifonche e si svolge tra le gole di Adeje e Fa\u00f1ab\u00e9. Abbiamo sorvolato i campi da golf, il burrone dell&#8217;inferno e il piccolo villaggio di La Quinta e siamo atterrati sulla spiaggia di La Enramada a La Caleta (a seconda delle condizioni meteorologiche).<\/span><b><\/b><\/p>\n<ul>\n<li aria-level=\"1\"><b>3\u00aa opzione:<\/b><\/li>\n<\/ul>\n<p><span style=\"font-weight: 400;\">Questo volo decolla da Iza\u00f1a, vicino all&#8217;osservatorio astronomico di Tenerife, e offre una fantastica vista sul Parco Nazionale del Teide. Despegamos desde unos 2200 metros, descendiendo lentamente hacia la costa durante unos 40 minutos. Si atterra, a seconda del vento, a Puerto de la Cruz o a Puertito de Guimar. Un&#8217;esperienza unica e rilassante.<\/span>[\/vc_column_text][vc_column_text]<!--more--><\/p>\n<table class=\"table table-bordered tours-tabs__table\" style=\"height: 233px;\" width=\"862\">\n<tbody>\n<tr>\n<td>\n<h3><strong>LUOGO DI PARTENZA<\/strong><\/h3>\n<\/td>\n<td>Prelievo gratuito dall&#8217;hotel<\/td>\n<\/tr>\n<tr>\n<td>\n<h3><strong>ET\u00c0<\/strong><\/h3>\n<\/td>\n<td><span style=\"font-weight: 400;\">Et\u00e0 minima 8 anni.<\/span><\/td>\n<\/tr>\n<tr>\n<td>\n<h3><strong>INFORMAZIONI AGGIUNTIVE<\/strong><\/h3>\n<\/td>\n<td><span style=\"font-weight: 400;\">Questa attivit\u00e0 non \u00e8 incompatibile con la gravidanza.<\/span>\n<p><span style=\"font-weight: 400;\">L&#8217;attivit\u00e0 \u00e8 soggetta alle condizioni meteorologiche.<\/span><\/p>\n<p><span style=\"font-weight: 400;\">Sono richieste scarpe sportive e abbigliamento comodo.<\/span><\/p>\n<p><span style=\"font-weight: 400;\">Gamma di peso 30-110 kg.<\/span><\/p><\/td>\n<\/tr>\n<tr>\n<td>\n<h3><strong>COMPRENSIONE<\/strong><\/h3>\n<\/td>\n<td>\n<table class=\"table table-bordered\" style=\"height: 62px;\" width=\"300\">\n<tbody>\n<tr>\n<td><i class=\"fa fa-check icon-tick icon-tick--on\"><\/i>Trasferimento dall&#8217;hotel<\/td>\n<td><i class=\"fa fa-check icon-tick icon-tick--on\"><\/i>Assicurazione<\/td>\n<\/tr>\n<tr>\n<td><i class=\"fa fa-check icon-tick icon-tick--on\"><\/i>Istruttore di volo<\/td>\n<td><\/td>\n<\/tr>\n<\/tbody>\n<\/table>\n<\/td>\n<\/tr>\n<tr>\n<td>\n<h3><b>TARIFFE<\/b><\/h3>\n<\/td>\n<td>\n<table class=\"table table-bordered\" style=\"height: 62px;\" width=\"300\">\n<tbody>\n<tr>\n<td><i class=\"fa fa-check icon-tick icon-tick--on\"><\/i><span style=\"font-weight: 400;\">1\u00b0Opzione (800m) 100,00 euro<\/span><\/td>\n<\/tr>\n<tr>\n<td><i class=\"fa fa-check icon-tick icon-tick--on\"><\/i><span style=\"font-weight: 400;\">2\u00aa opzione (1000m) 120,00 euro<\/span><\/td>\n<\/tr>\n<\/tbody>\n<\/table>\n<table class=\"table table-bordered\" style=\"height: 62px;\" width=\"300\">\n<tbody>\n<tr>\n<td><i class=\"fa fa-check icon-tick icon-tick--on\"><\/i>3\u00b0opzione (2200m) 200,00 euro<\/td>\n<\/tr>\n<\/tbody>\n<\/table>\n<\/td>\n<\/tr>\n<\/tbody>\n<\/table>\n<p>[\/vc_column_text][\/vc_column][\/vc_row][vc_row][vc_column][vc_video link=&#8221;https:\/\/youtu.be\/aVybwCB26sE&#8221;][\/vc_column][\/vc_row]<\/p>\n<\/div>","protected":false},"excerpt":{"rendered":"<p><span style=\"font-weight: 400;\">Il parapendio \u00e8 una delle attivit\u00e0 pi\u00f9 adrenaliniche. <\/span><\/p>\n<p><span style=\"font-weight: 400;\">L&#8217;avventura inizia quando si salta nel vuoto (sempre accompagnati da un istruttore), quando si scopre che volare \u00e8 possibile, quando si sente che il vento ci muove alla sua merc\u00e9 e si vede tutto da una prospettiva diversa.<\/span><\/p>\n<p><span style=\"font-weight: 400;\">Il team e i piloti sono altamente esperti di parapendio. Per loro la sicurezza \u00e8 la priorit\u00e0, ed \u00e8 per questo che dispongono di un team di altissima qualit\u00e0 con solo i migliori istruttori di Tenerife, tra cui Roberto, il campione spagnolo di parapendio.<\/span><\/p>\n","protected":false},"featured_media":1494,"comment_status":"open","ping_status":"closed","template":"","meta":{"_joinchat":[]},"product_brand":[],"product_cat":[186],"product_tag":[],"class_list":{"0":"post-2715","1":"product","2":"type-product","3":"status-publish","4":"has-post-thumbnail","6":"product_cat-senza-categoria","7":"tour_category-sport-e-avventura","9":"first","10":"instock","11":"taxable","12":"shipping-taxable","13":"purchasable","14":"product-type-tour"},"_links":{"self":[{"href":"https:\/\/holidaytourstenerife.com\/it\/wp-json\/wp\/v2\/product\/2715","targetHints":{"allow":["GET"]}}],"collection":[{"href":"https:\/\/holidaytourstenerife.com\/it\/wp-json\/wp\/v2\/product"}],"about":[{"href":"https:\/\/holidaytourstenerife.com\/it\/wp-json\/wp\/v2\/types\/product"}],"replies":[{"embeddable":true,"href":"https:\/\/holidaytourstenerife.com\/it\/wp-json\/wp\/v2\/comments?post=2715"}],"wp:featuredmedia":[{"embeddable":true,"href":"https:\/\/holidaytourstenerife.com\/it\/wp-json\/wp\/v2\/media\/1494"}],"wp:attachment":[{"href":"https:\/\/holidaytourstenerife.com\/it\/wp-json\/wp\/v2\/media?parent=2715"}],"wp:term":[{"taxonomy":"product_brand","embeddable":true,"href":"https:\/\/holidaytourstenerife.com\/it\/wp-json\/wp\/v2\/product_brand?post=2715"},{"taxonomy":"product_cat","embeddable":true,"href":"https:\/\/holidaytourstenerife.com\/it\/wp-json\/wp\/v2\/product_cat?post=2715"},{"taxonomy":"product_tag","embeddable":true,"href":"https:\/\/holidaytourstenerife.com\/it\/wp-json\/wp\/v2\/product_tag?post=2715"}],"curies":[{"name":"wp","href":"https:\/\/api.w.org\/{rel}","templated":true}]}}