{"id":2716,"date":"2023-02-21T06:01:28","date_gmt":"2023-02-21T06:01:28","guid":{"rendered":"https:\/\/holidaytourstenerife.com\/producto\/catamarano-free-bird-one\/"},"modified":"2023-06-25T20:39:39","modified_gmt":"2023-06-25T20:39:39","slug":"escursione-in-catamarano-a-tenerife","status":"publish","type":"product","link":"https:\/\/holidaytourstenerife.com\/it\/tours\/escursione-in-catamarano-a-tenerife\/","title":{"rendered":"Catamarano Free Bird One"},"content":{"rendered":"<div class=\"wpb-content-wrapper\"><p>[vc_row][vc_column][vc_column_text]<\/p>\n<h1 class=\"elementor-heading-title elementor-size-default\">Escursione in catamarano Tenerife Free Bird One<\/h1>\n<p>[\/vc_column_text][vc_separator color=&#8221;custom&#8221; align=&#8221;align_left&#8221; border_width=&#8221;4&#8243; el_width=&#8221;10&#8243; accent_color=&#8221;#47a0ff&#8221;][vc_column_text]<strong>Escursione di osservazione delle balene in catamarano Tenerife, Per chi viene in vacanza alle Isole Canarie, una gita in barca \u00e8 un&#8217;occasione imperdibile, in quanto si ha la possibilit\u00e0 di conoscere le<\/strong> <b>abbondante vita marina<\/b> delle isole ed \u00e8 un&#8217;esperienza adatta a tutti: famiglie, giovani e tutti coloro che vogliono vivere un&#8217;esperienza indimenticabile. <b>giornata rilassante in barca.<\/b><\/p>\n<p>Disponiamo di diversi tipi di imbarcazioni, tutte autorizzate dal governo delle Canarie, per il <b>avvistamento di cetacei <\/b>(Quello che faremo \u00e8 lasciare il porto con la barca e recarci nelle zone dove avremo l&#8217;opportunit\u00e0 di ammirare questi magnifici mammiferi marini nel loro habitat naturale. <b>habitat naturale <\/b>: Potremo anche approfittare di questi momenti magici per fare foto e video e registrare lo spettacolo. Poi andremo vicino alla costa dove faremo una pausa (circa 1 ora), potremo nuotare e approfittare dell&#8217;acqua cristallina per fare <b>snorkeling<\/b> e nel caso del<b> Masca <\/b>ammirare le celebrit\u00e0 <b>Rupe dei Giganti<\/b> (l&#8217;attrezzatura completa sar\u00e0 fornita dalla compagnia di navigazione) e avremo anche il tempo per uno spuntino e una bevanda, tutto incluso nel prezzo dell&#8217;escursione.<\/p>\n<p>Il catamarano Free Bird pu\u00f2 ospitare 80-100 persone ed \u00e8 uno dei catamarani pi\u00f9 spaziosi e confortevoli di Tenerife..<\/p>\n<p>C&#8217;\u00e8 anche <b>un&#8217;area riservata alle amache<\/b> a prua del catamarano o u<b>n&#8217;area VIP<\/b> (supplemento di 5,00 euro) per chi vuole vivere un&#8217;esperienza unica.[\/vc_column_text][vc_column_text]<!--more--><\/p>\n<table class=\"table table-bordered tours-tabs__table\" style=\"height: 233px;\" width=\"862\">\n<tbody>\n<tr>\n<td><strong>LUOGO DI PARTENZA<\/strong><\/td>\n<td>Autobus gratuito che include Tenerife Sud (da diversi punti di raccolta circa 1 ora prima della partenza della barca)..<\/td>\n<\/tr>\n<tr>\n<td><strong>PROGRAMMA<\/strong><\/td>\n<td>3 ore Costa Adeje 10:00 (3 ore) e 13:15 (4,5 ore) ogni giorno.<\/td>\n<\/tr>\n<tr>\n<td><strong>COMPRENSIONE<\/strong><\/td>\n<td>\n<table class=\"table table-bordered\" style=\"height: 62px;\" width=\"300\">\n<tbody>\n<tr>\n<td><i class=\"fa fa-check icon-tick icon-tick--on\"><\/i>Guida ai cetacei (inglese, francese, tedesco, spagnolo)<\/td>\n<td><i class=\"fa fa-check icon-tick icon-tick--on\"><\/i>Assicurazione<\/td>\n<\/tr>\n<tr>\n<td><i class=\"fa fa-check icon-tick icon-tick--on\"><\/i>Panini e bevande analcoliche (acqua, birra, sangria, ecc.)<\/td>\n<td><i class=\"fa fa-check icon-tick icon-tick--on\"><\/i>Pranzo a buffet e rinfreschi per la partenza di 4,5 ore.<\/td>\n<\/tr>\n<\/tbody>\n<\/table>\n<table class=\"table table-bordered\" style=\"height: 62px;\" width=\"300\">\n<tbody>\n<tr>\n<td><i class=\"fa fa-check icon-tick icon-tick--on\"><\/i>Menu speciale per vegetariani<\/td>\n<td><i class=\"fa fa-check icon-tick icon-tick--on\"><\/i>Menu speciale per celiaci<\/td>\n<\/tr>\n<\/tbody>\n<\/table>\n<\/td>\n<\/tr>\n<tr>\n<td><b>TARIFFE<\/b><\/td>\n<td>\n<table class=\"table table-bordered\" style=\"height: 62px;\" width=\"300\">\n<tbody>\n<tr>\n<td>Adulti 3 ore &#8211; 39,00 euro<\/td>\n<\/tr>\n<tr>\n<td>Adulto 4,5 ore &#8211;<span class=\"Apple-converted-space\">59,<\/span>00 euro<\/td>\n<\/tr>\n<\/tbody>\n<\/table>\n<table class=\"table table-bordered\" style=\"height: 62px;\" width=\"300\">\n<tbody>\n<tr>\n<td>\n<p>Da 5 anni a 12 anni 50% di sconto<\/p>\n<p>Bambini 3 ore &#8211; 19,50 euro<\/p>\n<p>Bambini 4,5 ore &#8211; 29,50 euro<\/p>\n<table class=\"table table-bordered\" style=\"height: 62px;\" width=\"300\">\n<tbody>\n<tr>\n<td>Da 0 a 5 anni gratis<\/td>\n<\/tr>\n<\/tbody>\n<\/table>\n<\/td>\n<\/tr>\n<\/tbody>\n<\/table>\n<\/td>\n<\/tr>\n<\/tbody>\n<\/table>\n<p>[\/vc_column_text][\/vc_column][\/vc_row][vc_row][vc_column][vc_video link=&#8221;https:\/\/youtu.be\/qIOtmWsjORo&#8221;][\/vc_column][\/vc_row]<\/p>\n<\/div>","protected":false},"excerpt":{"rendered":"<p>Escursione in catamarano per chi viene alle Canarie in vacanza l&#8217;appuntamento con la gita in barca e il <strong> <\/strong>L&#8217;osservazione delle balene \u00e8 un&#8217;attivit\u00e0 da non perdere, in quanto si ha la possibilit\u00e0 di conoscere le <b>abbondante vita marina<\/b> delle isole ed \u00e8 un&#8217;esperienza adatta a tutti: famiglie, giovani e tutti coloro che vogliono vivere un&#8217;esperienza indimenticabile. <b>giornata rilassante in barca.<\/b><\/p>\n","protected":false},"featured_media":1497,"comment_status":"open","ping_status":"closed","template":"","meta":{"_joinchat":[]},"product_brand":[],"product_cat":[186],"product_tag":[],"class_list":{"0":"post-2716","1":"product","2":"type-product","3":"status-publish","4":"has-post-thumbnail","6":"product_cat-senza-categoria","7":"pa_tipos_de_ticket-adultis","8":"pa_tipos_de_ticket-bambini","9":"pa_tipos_de_ticket-bambino-da-0-a-5-anni","10":"pa_tipos_de_ticket-bambini-da-5-a-12-anni","11":"tour_category-avvistamento-di-cetacei","12":"tour_category-escursioni-in-barca","14":"first","15":"instock","16":"taxable","17":"shipping-taxable","18":"purchasable","19":"product-type-tour"},"_links":{"self":[{"href":"https:\/\/holidaytourstenerife.com\/it\/wp-json\/wp\/v2\/product\/2716","targetHints":{"allow":["GET"]}}],"collection":[{"href":"https:\/\/holidaytourstenerife.com\/it\/wp-json\/wp\/v2\/product"}],"about":[{"href":"https:\/\/holidaytourstenerife.com\/it\/wp-json\/wp\/v2\/types\/product"}],"replies":[{"embeddable":true,"href":"https:\/\/holidaytourstenerife.com\/it\/wp-json\/wp\/v2\/comments?post=2716"}],"wp:featuredmedia":[{"embeddable":true,"href":"https:\/\/holidaytourstenerife.com\/it\/wp-json\/wp\/v2\/media\/1497"}],"wp:attachment":[{"href":"https:\/\/holidaytourstenerife.com\/it\/wp-json\/wp\/v2\/media?parent=2716"}],"wp:term":[{"taxonomy":"product_brand","embeddable":true,"href":"https:\/\/holidaytourstenerife.com\/it\/wp-json\/wp\/v2\/product_brand?post=2716"},{"taxonomy":"product_cat","embeddable":true,"href":"https:\/\/holidaytourstenerife.com\/it\/wp-json\/wp\/v2\/product_cat?post=2716"},{"taxonomy":"product_tag","embeddable":true,"href":"https:\/\/holidaytourstenerife.com\/it\/wp-json\/wp\/v2\/product_tag?post=2716"}],"curies":[{"name":"wp","href":"https:\/\/api.w.org\/{rel}","templated":true}]}}