{"id":2717,"date":"2023-03-04T17:58:36","date_gmt":"2023-03-04T17:58:36","guid":{"rendered":"https:\/\/holidaytourstenerife.com\/producto\/jet-ski\/"},"modified":"2026-04-15T07:48:50","modified_gmt":"2026-04-15T07:48:50","slug":"moto-dacqua-tenerife","status":"publish","type":"product","link":"https:\/\/holidaytourstenerife.com\/it\/tours\/moto-dacqua-tenerife\/","title":{"rendered":"moto d&#8217;acqua"},"content":{"rendered":"<div class=\"wpb-content-wrapper\"><p>[vc_row][vc_column][vc_column_text css=&#8221;&#8221;]<\/p>\n<h1>Escursione in moto d&#8217;acqua Tenerife Costa Adeje<\/h1>\n<p>[\/vc_column_text][vc_separator color=&#8221;custom&#8221; align=&#8221;align_left&#8221; accent_color=&#8221;#47a0ff&#8221; border_width=&#8221;4&#8243; el_width=&#8221;10&#8243;][vc_column_text css=&#8221;&#8221;]<span style=\"font-weight: 400;\"><strong>L&#8217;escursione in moto d&#8217;acqua a Tenerife ci accoglie nel mondo dell&#8217;adrenalina, della velocit\u00e0, della libert\u00e0 e del divertimento in tutta sicurezza, poich\u00e9 si \u00e8 accompagnati in ogni momento e guidati dai monitori dell&#8217;escursione.<\/strong><\/span><\/p>\n<p><span style=\"font-weight: 400;\">Un&#8217;esperienza tanto unica quanto divertente.<b><\/b><\/span><span style=\"font-weight: 400;\"> che una volta che avrete osato provare vorrete ripetere. Si pu\u00f2 andare da soli su una singola bici o in coppia sulla stessa bici e fare a turno.<\/span><\/p>\n<p><span style=\"font-weight: 400;\">\u00c8 senza dubbio una buona occasione per visitare l&#8217;intera costa meridionale di Tenerife, da Las Galletas a La Caleta. <\/span><b>Qualsiasi rotta pu\u00f2 cambiare e andare in direzione opposta a seconda delle condizioni del mare.<\/b><\/p>\n<p><span style=\"font-weight: 400;\">Se vi piacciono<\/span> <b>l&#8217;adrenalina<\/b> <span style=\"font-weight: 400;\">e<\/span> <b>le attivit\u00e0<\/b> <span style=\"font-weight: 400;\">in mare<\/span>, <b>questa escursione<\/b> <span style=\"font-weight: 400;\">\u00e8 quella che fa per voi.<\/span><\/p>\n<p>T<span style=\"font-weight: 400;\">uttavia, quest&#8217;avventura non consiste solo nel guidare una moto d&#8217;acqua a tutta velocit\u00e0: avrete anche la possibilit\u00e0 di<\/span> <b>riposare sulle scogliere<\/b> <span style=\"font-weight: 400;\">della zona<\/span> <b> per<\/b> <span style=\"font-weight: 400;\">immergervi <\/span> <b>e apprezzare i pesci <\/b> <span style=\"font-weight: 400;\">esotici che l&#8217;isola di Tenerife ha da offrire e, se siete fortunati, potreste anche vedere alcuni dei <\/span> <b>delfini <\/b> <span style=\"font-weight: 400;\"> che si aggirano nella zona.<\/span><\/p>\n<h2>Opzioni di servizio<\/h2>\n<p>[\/vc_column_text][vc_column_text css=&#8221;&#8221;]<!--more--><\/p>\n<table class=\"table table-bordered tours-tabs__table\" width=\"862\">\n<tbody>\n<tr>\n<td>\n<h3><strong>PROGRAMMI<\/strong><\/h3>\n<\/td>\n<td>Dalle 10:00 alle 16:00 da settembre a giugno e dalle 10:00 alle 18:00 da luglio ad agosto.<\/td>\n<\/tr>\n<tr>\n<td>\n<h3><strong>INFORMAZIONI AGGIUNTIVE<\/strong><\/h3>\n<\/td>\n<td><span style=\"color: #ff0000;\">IMPORTANTE<\/span>: possono guidare solo persone di almeno 16 anni (con il consenso dei genitori).\n<p>Tra i 7 e i 15 anni possono viaggiare dietro al conducente. I bambini di et\u00e0 inferiore ai 7 anni non sono ammessi sulla moto d&#8217;acqua.<\/p><\/td>\n<\/tr>\n<tr>\n<td>\n<h3><strong>COMPRENSIONE<\/strong><\/h3>\n<\/td>\n<td>\n<table class=\"table table-bordered\" style=\"height: 62px;\" width=\"300\">\n<tbody>\n<tr>\n<td><i class=\"fa fa-check icon-tick icon-tick--on\"><\/i>Giubbotti di salvataggio<\/td>\n<td><i class=\"fa fa-check icon-tick icon-tick--on\"><\/i>Assicurazione<\/td>\n<\/tr>\n<tr>\n<td><i class=\"fa fa-check icon-tick icon-tick--on\"><\/i>Monitor<\/td>\n<td><\/td>\n<\/tr>\n<\/tbody>\n<\/table>\n<\/td>\n<\/tr>\n<tr>\n<td>\n<h3><strong>TARIFFE<\/strong><\/h3>\n<\/td>\n<td><span style=\"color: #ff0000;\">10% di sconto al termine dell&#8217;acquisto online<\/span><\/td>\n<\/tr>\n<tr>\n<td>\n<h4><strong>40 minuti di jet ski safari<\/strong><\/h4>\n<\/td>\n<td>\n<table class=\"table table-bordered\" width=\"300\">\n<tbody>\n<tr>\n<td>Singola: 80\u20ac.<\/td>\n<td>Doppia: 90\u20ac.<\/td>\n<\/tr>\n<\/tbody>\n<\/table>\n<\/td>\n<\/tr>\n<tr>\n<td>\n<h4><strong>1 ora di jet ski safari<\/strong><\/h4>\n<\/td>\n<td>\n<table class=\"table table-bordered\" style=\"height: 37px;\" width=\"298\">\n<tbody>\n<tr>\n<td>Singola: 100\u20ac.<\/td>\n<td>Doppia: 110\u20ac.<\/td>\n<\/tr>\n<\/tbody>\n<\/table>\n<\/td>\n<\/tr>\n<tr>\n<td>\n<h4><strong>2 horas Jet Ski Safari<\/strong><\/h4>\n<\/td>\n<td>\n<table class=\"table table-bordered\" width=\"300\">\n<tbody>\n<tr>\n<td>Singola: 160\u20ac.<\/td>\n<td>Doppia: 180\u20ac.<\/td>\n<\/tr>\n<\/tbody>\n<\/table>\n<\/td>\n<\/tr>\n<\/tbody>\n<\/table>\n<p>[\/vc_column_text][\/vc_column][\/vc_row][vc_row][vc_column][vc_video link=&#8221;https:\/\/youtu.be\/eyRQxH8HAc4&#8243;][\/vc_column][\/vc_row]<\/p>\n<\/div>","protected":false},"excerpt":{"rendered":"<p><span style=\"font-weight: 400;\"><strong>L&#8217;escursione in moto d&#8217;acqua a Tenerife ci accoglie nel mondo dell&#8217;adrenalina, della velocit\u00e0, della libert\u00e0 e del divertimento in tutta sicurezza, poich\u00e9 si \u00e8 accompagnati in ogni momento e guidati dai monitori dell&#8217;escursione.<\/strong><\/span><\/p>\n","protected":false},"featured_media":1548,"comment_status":"open","ping_status":"closed","template":"","meta":{"_joinchat":[]},"product_brand":[],"product_cat":[186],"product_tag":[],"class_list":{"0":"post-2717","1":"product","2":"type-product","3":"status-publish","4":"has-post-thumbnail","6":"product_cat-senza-categoria","7":"pa_tipos_de_ticket-singolo-it","8":"pa_tipos_de_ticket-doble-it","9":"tour_category-attivita-acquatiche","10":"tour_category-sport-e-avventura","12":"first","13":"instock","14":"taxable","15":"shipping-taxable","16":"purchasable","17":"product-type-tour"},"_links":{"self":[{"href":"https:\/\/holidaytourstenerife.com\/it\/wp-json\/wp\/v2\/product\/2717","targetHints":{"allow":["GET"]}}],"collection":[{"href":"https:\/\/holidaytourstenerife.com\/it\/wp-json\/wp\/v2\/product"}],"about":[{"href":"https:\/\/holidaytourstenerife.com\/it\/wp-json\/wp\/v2\/types\/product"}],"replies":[{"embeddable":true,"href":"https:\/\/holidaytourstenerife.com\/it\/wp-json\/wp\/v2\/comments?post=2717"}],"wp:featuredmedia":[{"embeddable":true,"href":"https:\/\/holidaytourstenerife.com\/it\/wp-json\/wp\/v2\/media\/1548"}],"wp:attachment":[{"href":"https:\/\/holidaytourstenerife.com\/it\/wp-json\/wp\/v2\/media?parent=2717"}],"wp:term":[{"taxonomy":"product_brand","embeddable":true,"href":"https:\/\/holidaytourstenerife.com\/it\/wp-json\/wp\/v2\/product_brand?post=2717"},{"taxonomy":"product_cat","embeddable":true,"href":"https:\/\/holidaytourstenerife.com\/it\/wp-json\/wp\/v2\/product_cat?post=2717"},{"taxonomy":"product_tag","embeddable":true,"href":"https:\/\/holidaytourstenerife.com\/it\/wp-json\/wp\/v2\/product_tag?post=2717"}],"curies":[{"name":"wp","href":"https:\/\/api.w.org\/{rel}","templated":true}]}}