{"id":2718,"date":"2023-04-07T04:35:20","date_gmt":"2023-04-07T04:35:20","guid":{"rendered":"https:\/\/holidaytourstenerife.com\/producto\/twin-ticket-lorosiam\/"},"modified":"2025-07-31T11:40:48","modified_gmt":"2025-07-31T11:40:48","slug":"twin-ticket-loro-parque-siam-park","status":"publish","type":"product","link":"https:\/\/holidaytourstenerife.com\/it\/tours\/twin-ticket-loro-parque-siam-park\/","title":{"rendered":"Twin ticket (Loro+Siam )"},"content":{"rendered":"<div class=\"wpb-content-wrapper\"><p>[vc_row][vc_column][vc_column_text]<\/p>\n<h1>Twin ticket Loro parque + Siam park<\/h1>\n<p>[\/vc_column_text][vc_separator color=&#8221;custom&#8221; align=&#8221;align_left&#8221; accent_color=&#8221;#47a0ff&#8221; border_width=&#8221;4&#8243; el_width=&#8221;10&#8243;][vc_column_text]Twin Ticket \u00e8 l&#8217;opzione migliore per godere di due dei migliori parchi a tema del mondo con Twin Ticket. Questo biglietto speciale permette di visitare il Loro Parque e il Siam Park, due dei parchi pi\u00f9 famosi di Tenerife e del mondo, a un prezzo ridotto.<\/p>\n<p>Il Loro Parque, premiato dagli utenti di TripAdvisor come il miglior zoo d&#8217;Europa e del mondo, \u00e8 un parco ambientale di ineguagliabile bellezza. Con i suoi giardini, le orchidee e l&#8217;ampia variet\u00e0 di animali, tra cui la pi\u00f9 grande collezione di pappagalli al mondo, il Loro Parque \u00e8 una destinazione da non perdere.<\/p>\n<p>Inoltre, potrete assistere a spettacoli incredibili che vi lasceranno senza fiato. Situato a Puerto de la Cruz, questo parco \u00e8 perfetto per tutta la famiglia.<\/p>\n<p>Il Siam Park \u00e8 il pi\u00f9 grande parco acquatico d&#8217;Europa ed \u00e8 stato nominato pi\u00f9 volte dagli utenti di TripAdvisor il miglior parco acquatico del mondo. Questo parco, costruito su una superficie di 185.000 m2 e ambientato nell&#8217;antico Regno del Siam, offre un&#8217;ampia variet\u00e0 di attrazioni acquatiche per tutti i gusti e le et\u00e0.<\/p>\n<p>Dagli scivoli emozionanti come la Tower of Power alle montagne russe acquatiche pi\u00f9 veloci del mondo, Singha, il Siam Park \u00e8 sicuramente un luogo in cui vivrete un&#8217;esperienza indimenticabile. Situato a Costa Adeje, questo parco \u00e8 una tappa obbligata se vi trovate a Tenerife.<\/p>\n<p>Con il Twin Ticket, avrete l&#8217;opportunit\u00e0 di godere di due parchi a tema di livello mondiale a un prezzo speciale. Non perdete l&#8217;occasione di vivere un&#8217;esperienza unica al Loro Parque e al Siam Park![\/vc_column_text][vc_column_text css=&#8221;&#8221;]<!--more--><\/p>\n<table class=\"table table-bordered tours-tabs__table\" style=\"height: 233px;\" width=\"862\">\n<tbody>\n<tr>\n<td><strong>PROGRAMMA<\/strong><\/td>\n<td><span style=\"font-weight: 400;\"><strong>Loro Parque:<\/strong><br \/>\nDalle 9:30 alle 17:30, 365 giorni all&#8217;anno.<br \/>\n<strong>Siam Park:<\/strong><br \/>\nDal 1\u00b0 maggio al 31 ottobre: dalle 10:00 alle 18:00.<br \/>\nDal 1\u00b0 novembre al 30 aprile: dalle 10:00 alle 17:00.<br \/>\n<\/span><\/td>\n<\/tr>\n<tr>\n<td><strong>TRASPORTO IN AUTOBUS<\/strong><\/td>\n<td><strong>Loro Parque:<\/strong><br \/>\nVenite con il nostro servizio navetta dal sud dell&#8217;isola al Loro Parque, attivo 7 giorni su 7, a seconda della zona di partenza. Raccogliamo da tutte le aree a sud di Siam Park:<br \/>\nCi sono anche autobus che partono ogni giorno da diverse zone del sud per visitare il Siam Park (da Costa Adeje, Las Am\u00e9ricas e Los Cristianos c&#8217;\u00e8 un autobus gratuito).<strong>Importante: la validit\u00e0 del Twin Ticket per la visita al secondo parco \u00e8 di 15 giorni dalla visita al primo parco.<\/strong><\/td>\n<\/tr>\n<tr>\n<td><b>TARIFFE<\/b><\/td>\n<td>\n<table style=\"height: 226px;\" width=\"721\">\n<tbody>\n<tr>\n<td width=\"128\"><strong>Twin-ticket Ingresso<\/strong><\/td>\n<td width=\"128\"><strong>Adulto<\/strong>:78\u20ac.<\/td>\n<td width=\"128\"><strong>Bambini:<\/strong> 57\u20ac (3-11 anni)<\/td>\n<td width=\"128\"><strong>Bambino:<\/strong> gratuito<\/td>\n<td width=\"128\"><\/td>\n<\/tr>\n<tr>\n<td width=\"128\"><strong>Biglietto doppio Ingresso pi\u00f9 autobus per il Loro Parque<\/strong><\/td>\n<td width=\"128\"><strong>Adulto<\/strong>: 98\u20ac.<\/td>\n<td width=\"128\"><strong>Bambini:<\/strong> 75\u20ac (3-11 anni)<\/td>\n<td width=\"128\"><strong>Bambini:<\/strong> 18\u20ac (0-3 anni)<\/td>\n<td width=\"128\"><\/td>\n<\/tr>\n<\/tbody>\n<\/table>\n<\/td>\n<\/tr>\n<\/tbody>\n<\/table>\n<p>[\/vc_column_text][\/vc_column][\/vc_row]<\/p>\n<\/div>","protected":false},"excerpt":{"rendered":"<p>Twin Ticket \u00e8 l&#8217;opzione migliore per godere di due dei migliori parchi a tema del mondo con Twin Ticket. Questo biglietto speciale permette di visitare il Loro Parque e il Siam Park, due dei parchi pi\u00f9 famosi di Tenerife e del mondo, a un prezzo ridotto.<\/p>\n","protected":false},"featured_media":2401,"comment_status":"open","ping_status":"closed","template":"","meta":{"_joinchat":[]},"product_brand":[],"product_cat":[186],"product_tag":[],"class_list":{"0":"post-2718","1":"product","2":"type-product","3":"status-publish","4":"has-post-thumbnail","6":"product_cat-senza-categoria","7":"pa_tipos_de_ticket-adultis","8":"pa_tipos_de_ticket-bambini","9":"pa_tipos_de_ticket-bambino-da-0-a-3-anni","10":"pa_tipos_de_ticket-nino-3-11-anos-it","11":"tour_category-parchi-a-tema","13":"first","14":"instock","15":"taxable","16":"shipping-taxable","17":"purchasable","18":"product-type-tour"},"_links":{"self":[{"href":"https:\/\/holidaytourstenerife.com\/it\/wp-json\/wp\/v2\/product\/2718","targetHints":{"allow":["GET"]}}],"collection":[{"href":"https:\/\/holidaytourstenerife.com\/it\/wp-json\/wp\/v2\/product"}],"about":[{"href":"https:\/\/holidaytourstenerife.com\/it\/wp-json\/wp\/v2\/types\/product"}],"replies":[{"embeddable":true,"href":"https:\/\/holidaytourstenerife.com\/it\/wp-json\/wp\/v2\/comments?post=2718"}],"wp:featuredmedia":[{"embeddable":true,"href":"https:\/\/holidaytourstenerife.com\/it\/wp-json\/wp\/v2\/media\/2401"}],"wp:attachment":[{"href":"https:\/\/holidaytourstenerife.com\/it\/wp-json\/wp\/v2\/media?parent=2718"}],"wp:term":[{"taxonomy":"product_brand","embeddable":true,"href":"https:\/\/holidaytourstenerife.com\/it\/wp-json\/wp\/v2\/product_brand?post=2718"},{"taxonomy":"product_cat","embeddable":true,"href":"https:\/\/holidaytourstenerife.com\/it\/wp-json\/wp\/v2\/product_cat?post=2718"},{"taxonomy":"product_tag","embeddable":true,"href":"https:\/\/holidaytourstenerife.com\/it\/wp-json\/wp\/v2\/product_tag?post=2718"}],"curies":[{"name":"wp","href":"https:\/\/api.w.org\/{rel}","templated":true}]}}