{"id":2720,"date":"2023-04-07T00:03:08","date_gmt":"2023-04-07T00:03:08","guid":{"rendered":"https:\/\/holidaytourstenerife.com\/producto\/siam-park\/"},"modified":"2025-07-31T11:10:08","modified_gmt":"2025-07-31T11:10:08","slug":"biglietti-siam-park","status":"publish","type":"product","link":"https:\/\/holidaytourstenerife.com\/it\/tours\/biglietti-siam-park\/","title":{"rendered":"Siam Park"},"content":{"rendered":"<div class=\"wpb-content-wrapper\"><p>[vc_row][vc_column][vc_column_text]<\/p>\n<h1>Siam Park Tenerife<\/h1>\n<p>[\/vc_column_text][vc_separator color=&#8221;custom&#8221; align=&#8221;align_left&#8221; accent_color=&#8221;#47a0ff&#8221; border_width=&#8221;4&#8243; el_width=&#8221;10&#8243;][vc_column_text]<strong>Biglietti Siam Park Tenerife<\/strong>, scoprite il <strong>parco acquatico<\/strong> pi\u00f9 grande d<strong>&#8216;Europa,<\/strong> dove troverete relax, adrenalina e divertimento in un&#8217;esperienza indimenticabile. Per il settimo anno consecutivo, Siam Park \u00e8 stato nominato dagli utenti di TripAdvisor il <strong>miglior parco acquatico del mondo.<\/strong><\/p>\n<p>Sia i bambini che gli adulti possono godere delle numerose attrazioni del parco acquatico. I bambini possono divertirsi a <strong>Coco Beach,<\/strong> un parco acquatico all&#8217;interno del parco stesso, e sentirsi dei veri avventurieri su giostre emozionanti come <strong>Bodhi Trail, Sawasdee o The Lost City.<\/strong><\/p>\n<p>Gli adulti in cerca di tranquillit\u00e0 possono rilassarsi sulla <strong>Siam Beach<\/strong>, una spiaggia di sabbia bianca di 13.000 m2 in Algarve, e godersi le onde del <strong>Wave Palace.<\/strong><\/p>\n<p>Per gli amanti dell&#8217;adrenalina, il brivido \u00e8 assicurato con la <strong>Tower of Power,<\/strong> l&#8217;impressionante scivolo alto 28 metri che termina sotto uno spettacolo marino con pesci, razze e squali. Potrete anche sfidare le leggi della fisica su <strong>Singha, le montagne russe acquatiche pi\u00f9 veloci del mondo,<\/strong> con quasi 250 metri di corsa frenetica, curve a velocit\u00e0 estrema e 14 cambi di direzione.<\/p>\n<p>Inoltre, il parco dispone di spazi perfetti per ogni tipo di esigenza, dove \u00e8 possibile dare libero sfogo a sensazioni sconosciute. Diversi stabilimenti dove \u00e8 possibile mangiare e fare il pieno di energia con una selezione gastronomica di un&#8217;ampia variet\u00e0 di piatti biologici. Siam Park \u00e8 molto pi\u00f9 di un parco acquatico, \u00e8 un&#8217;esperienza unica che non potete perdere durante le vostre vacanze a Tenerife..[\/vc_column_text][vc_column_text css=&#8221;&#8221;]<!--more--><\/p>\n<table class=\"table table-bordered tours-tabs__table\" style=\"height: 233px;\" width=\"862\">\n<tbody>\n<tr>\n<td><strong>PROGRAMMA<\/strong><\/td>\n<td><strong>Orario estivo<\/strong>: 10:00 &#8211; 18:00 h ( da maggio a settembre )<br \/>\n<strong>Orario di apertura invernale: 10:00 &#8211; 17:00 (da ottobre ad aprile)<\/strong><\/td>\n<\/tr>\n<tr>\n<td><strong>TRASPORTI<\/strong><\/td>\n<td><strong><u>Servicio de Bus<\/u><\/strong>\n<p>Servizio gratuito alle seguenti fermate, dalle 09:30 alle 13:00 con una frequenza di 30 minuti:<\/p>\n<p>&#8211; <strong>Costa Adeje<\/strong>: CC The Duke Shop, CC Fa\u00f1abe Plaza, Villa Adeje Beach<\/p>\n<p><strong>&#8211; Los Cristianos:<\/strong> CC Pasarela, Sol Arona<\/p>\n<p><strong>&#8211; Las Am\u00e9ricas:<\/strong> CC Presidente, Best Tenerife Princess, Llanos de Troya.<\/p><\/td>\n<\/tr>\n<tr>\n<td><strong>OPZIONI<\/strong><\/td>\n<td><strong>L&#8217;entrata <\/strong>\n<p>Include l&#8217;accesso al parco e l&#8217;uso di lettini e ombrelloni.<\/p>\n<p>&nbsp;<\/p>\n<p><strong>Entrada ALL Inclusive\u00a0<\/strong><\/p>\n<p>Questo biglietto comprende la prenotazione di un armadietto, un asciugamano, il servizio all-inclusive presso il ristorante self-service Beach Club, l&#8217;accesso preferenziale a tutte le attrazioni (eccetto la Torre del potere).<\/p>\n<p><strong><u><\/u>Informazioni: \u00c8 necessario entrare dall&#8217;ingresso principale dove verr\u00e0 scansionato il codice QR sul biglietto..<\/strong> Per accedere ai servizi Premium \u00e8 necessario presentare lo stesso biglietto nell&#8217;armadietto, negli asciugamani e nell&#8217;area ristorante.<\/p><\/td>\n<\/tr>\n<tr>\n<td><b>TARIFFE<\/b><\/td>\n<td>\n<table width=\"748\">\n<tbody>\n<tr>\n<td><strong>L&#8217;entrata<\/strong><\/td>\n<td>\n<table width=\"415\">\n<tbody>\n<tr>\n<td>Adulto: 48\u20ac<\/td>\n<td>Bambino: 36\u20ac<\/td>\n<td><\/td>\n<\/tr>\n<\/tbody>\n<\/table>\n<\/td>\n<\/tr>\n<tr>\n<td><strong>Entrada All Inclusive<\/strong><\/td>\n<td>\n<table width=\"415\">\n<tbody>\n<tr>\n<td>Adulto: 169 \u20ac<\/td>\n<td>Bambino: 169 \u20ac<\/td>\n<td><\/td>\n<\/tr>\n<\/tbody>\n<\/table>\n<\/td>\n<\/tr>\n<tr>\n<td><\/td>\n<td>\n<table width=\"415\">\n<tbody>\n<tr>\n<td><\/td>\n<td><\/td>\n<td><\/td>\n<\/tr>\n<\/tbody>\n<\/table>\n<\/td>\n<\/tr>\n<\/tbody>\n<\/table>\n<\/td>\n<\/tr>\n<\/tbody>\n<\/table>\n<p>[\/vc_column_text][\/vc_column][\/vc_row][vc_row][vc_column][vc_video link=&#8221;https:\/\/youtu.be\/rnnzYaho35U&#8221;][\/vc_column][\/vc_row]<\/p>\n<\/div>","protected":false},"excerpt":{"rendered":"<p><strong>Biglietti Siam Park Tenerife<\/strong>, scoprite il <strong>parco acquatico<\/strong> pi\u00f9 grande d<strong>&#8216;Europa,<\/strong> dove troverete relax, adrenalina e divertimento in un&#8217;esperienza indimenticabile. Per il settimo anno consecutivo, Siam Park \u00e8 stato nominato dagli utenti di TripAdvisor il <strong>miglior parco acquatico del mondo.<\/strong><\/p>\n","protected":false},"featured_media":2334,"comment_status":"open","ping_status":"closed","template":"","meta":{"_joinchat":[]},"product_brand":[],"product_cat":[186],"product_tag":[],"class_list":{"0":"post-2720","1":"product","2":"type-product","3":"status-publish","4":"has-post-thumbnail","6":"product_cat-senza-categoria","7":"pa_tipos_de_ticket-adultis","8":"pa_tipos_de_ticket-bambini","9":"pa_tipos_de_ticket-bebe-0-2anos-it","10":"pa_tipos_de_ticket-nino-3-11-anos-it","11":"tour_category-attivita-acquatiche","12":"tour_category-parchi-a-tema","14":"first","15":"instock","16":"taxable","17":"shipping-taxable","18":"purchasable","19":"product-type-tour"},"_links":{"self":[{"href":"https:\/\/holidaytourstenerife.com\/it\/wp-json\/wp\/v2\/product\/2720","targetHints":{"allow":["GET"]}}],"collection":[{"href":"https:\/\/holidaytourstenerife.com\/it\/wp-json\/wp\/v2\/product"}],"about":[{"href":"https:\/\/holidaytourstenerife.com\/it\/wp-json\/wp\/v2\/types\/product"}],"replies":[{"embeddable":true,"href":"https:\/\/holidaytourstenerife.com\/it\/wp-json\/wp\/v2\/comments?post=2720"}],"wp:featuredmedia":[{"embeddable":true,"href":"https:\/\/holidaytourstenerife.com\/it\/wp-json\/wp\/v2\/media\/2334"}],"wp:attachment":[{"href":"https:\/\/holidaytourstenerife.com\/it\/wp-json\/wp\/v2\/media?parent=2720"}],"wp:term":[{"taxonomy":"product_brand","embeddable":true,"href":"https:\/\/holidaytourstenerife.com\/it\/wp-json\/wp\/v2\/product_brand?post=2720"},{"taxonomy":"product_cat","embeddable":true,"href":"https:\/\/holidaytourstenerife.com\/it\/wp-json\/wp\/v2\/product_cat?post=2720"},{"taxonomy":"product_tag","embeddable":true,"href":"https:\/\/holidaytourstenerife.com\/it\/wp-json\/wp\/v2\/product_tag?post=2720"}],"curies":[{"name":"wp","href":"https:\/\/api.w.org\/{rel}","templated":true}]}}