{"id":2721,"date":"2023-03-31T07:31:24","date_gmt":"2023-03-31T07:31:24","guid":{"rendered":"https:\/\/holidaytourstenerife.com\/producto\/escursione-a-la-gomera\/"},"modified":"2026-04-24T09:20:15","modified_gmt":"2026-04-24T09:20:15","slug":"escursione-a-la-gomera","status":"publish","type":"product","link":"https:\/\/holidaytourstenerife.com\/it\/tours\/escursione-a-la-gomera\/","title":{"rendered":"Escursione a La Gomera"},"content":{"rendered":"<div class=\"wpb-content-wrapper\"><p>[vc_row][vc_column][vc_column_text]<\/p>\n<h1>Escursione a La Gomera<\/h1>\n<p>[\/vc_column_text][vc_separator color=&#8221;custom&#8221; align=&#8221;align_left&#8221; accent_color=&#8221;#47a0ff&#8221; border_width=&#8221;4&#8243; el_width=&#8221;10&#8243;][vc_column_text]<strong>Escursione a La Gomera da Tenerife<\/strong>, alla scoperta della natura e della cultura <strong>dell&#8217;isola di La Gomera<\/strong>.<br \/>\nUnitevi alla nostra escursione da Puerto de los Cristianos a Tenerife e godetevi una giornata indimenticabile alla scoperta della splendida isola di La Gomera. Dopo un comodo viaggio in traghetto, arriveremo a San Sebasti\u00e1n de La Gomera, la capitale dell&#8217;isola.<\/p>\n<p>La nostra prima tappa sar\u00e0 nella splendida <strong> Valle di Hermigua<\/strong>, dove ci fermeremo per ammirare i panorami mozzafiato e respirare l&#8217;aria fresca di montagna. Passeremo poi per <strong> La Palmita<\/strong> ed entreremo nel <strong>Parco Nazionale di Garajonay<\/strong>, dichiarato Patrimonio dell&#8217;Umanit\u00e0 dall&#8217;UNESCO, per raggiungere la frazione di Las Rosas ad Agulo. L\u00ec, avrete l&#8217;opportunit\u00e0 di gustare un delizioso pranzo in un tipico ristorante locale (incluso nel prezzo dell&#8217;escursione).<\/p>\n<p>Dopo pranzo, continueremo a esplorare il Parco Nazionale di Garajonay e faremo una sosta speciale a <strong> La Laguna Grande<\/strong>, un luogo magico circondato da una vegetazione lussureggiante dove si dice che in passato si riunissero le streghe dell&#8217;isola.<\/p>\n<p>Sulla via del ritorno, ci fermeremo ad ammirare l&#8217;impressionante <strong>Roque de Agando<\/strong>, una formazione vulcanica di roccia lavica che si erge sul paesaggio. Infine, torneremo a San Sebastian, dove potrete vedere le ultime ridotte storiche del passaggio di Cristoforo Colombo prima della sua partenza per il continente americano, come la <strong>Torre del Conde<\/strong> o la <strong>Casa de Col\u00f3n<\/strong>..<\/p>\n<p><span style=\"color: #ff0000;\"><strong>NOTA IMPORTANTE<\/strong>: I documenti di identit\u00e0 sono obbligatori.<\/span> I clienti devono portare con s\u00e9 i propri documenti d&#8217;identit\u00e0 o il passaporto, che verranno richiesti al momento dell&#8217;imbarco sul traghetto. Senza tale documentazione, l&#8217;accesso pu\u00f2 essere negato.<\/p>\n<p>&nbsp;<\/p>\n<h2>Informazioni generali<\/h2>\n<p>[\/vc_column_text][vc_column_text css=&#8221;&#8221;]<!--more--><\/p>\n<table class=\"table table-bordered tours-tabs__table\" style=\"height: 233px;\" width=\"862\">\n<tbody>\n<tr>\n<td>\n<h3><strong>PROGRAMMA<\/strong><\/h3>\n<\/td>\n<td>( Luned\u00ec, marted\u00ec, mercoled\u00ec, gioved\u00ec, venerd\u00ec e sabato )<br \/>\n07:00 &#8211; 18:30<\/td>\n<\/tr>\n<tr>\n<td>\n<h3><strong>TRASPORTI<\/strong><\/h3>\n<\/td>\n<td>Recogida desde diferentes punto cerca de tu hotel (desde Playa Para\u00edso hasta El M\u00e9dano)<\/td>\n<\/tr>\n<tr>\n<td>\n<h3><strong>OPZIONI<\/strong><\/h3>\n<\/td>\n<td>La Gomera con traghetto<\/td>\n<\/tr>\n<tr>\n<td>\n<h3><strong>COMPRENSIONE<\/strong><\/h3>\n<\/td>\n<td>\n<table>\n<tbody>\n<tr>\n<td><i class=\"fa fa-check icon-tick icon-tick--on\"><\/i>Autobus turistico\n<p><i class=\"fa fa-check icon-tick icon-tick--on\"><\/i>Nave<\/p>\n<p><i class=\"fa fa-check icon-tick icon-tick--on\"><\/i>Pranzo<\/p>\n<p><i class=\"fa fa-check icon-tick icon-tick--on\"><\/i>Assicurazione<\/p>\n<p><i class=\"fa fa-check icon-tick icon-tick--on\"><\/i>Guide professionali (italiano, russo, spagnolo, francese, olandese, tedesco, espa\u00f1ol, francais, deutsch)<\/p><\/td>\n<\/tr>\n<\/tbody>\n<\/table>\n<\/td>\n<\/tr>\n<tr>\n<td>\n<h3><strong>PREZZI<\/strong><\/h3>\n<\/td>\n<td>\n<table style=\"height: 240px;\" width=\"378\">\n<tbody>\n<tr>\n<td><strong>TARIFFA DI TRAGHETTO<\/strong><\/td>\n<td><\/td>\n<\/tr>\n<tr>\n<td><b>Adulti<\/b><\/td>\n<td><span style=\"font-weight: 400;\">110 euro<\/span><\/td>\n<\/tr>\n<tr>\n<td><b>Bambini (2-11 anni)<\/b><\/td>\n<td><span style=\"font-weight: 400;\">80 euro<\/span><\/td>\n<\/tr>\n<tr>\n<td><b>Bambino (0 -1 anno)<\/b><\/td>\n<td><span style=\"font-weight: 400;\">20 euro<\/span><\/td>\n<\/tr>\n<\/tbody>\n<\/table>\n<\/td>\n<\/tr>\n<\/tbody>\n<\/table>\n<p>[\/vc_column_text][\/vc_column][\/vc_row]<\/p>\n<\/div>","protected":false},"excerpt":{"rendered":"<p>Unitevi alla nostra escursione da <strong>Puerto de los Cristianos a Tenerife<\/strong> e godetevi una giornata indimenticabile alla scoperta della splendida isola di <strong>La Gomera.<\/strong> Dopo un comodo viaggio in traghetto, arriveremo a <strong>San Sebasti\u00e1n de La Gomera<\/strong>, la capitale dell&#8217;isola.<\/p>\n","protected":false},"featured_media":2258,"comment_status":"open","ping_status":"closed","template":"","meta":{"_joinchat":[]},"product_brand":[],"product_cat":[186],"product_tag":[],"class_list":{"0":"post-2721","1":"product","2":"type-product","3":"status-publish","4":"has-post-thumbnail","6":"product_cat-senza-categoria","7":"pa_tipos_de_ticket-adultis","8":"pa_tipos_de_ticket-bambini","9":"pa_tipos_de_ticket-bambino-da-0-a-1-anno","10":"pa_tipos_de_ticket-bambini-da-2-a-11-anni","11":"tour_category-tour-in-autobus","13":"first","14":"instock","15":"taxable","16":"shipping-taxable","17":"purchasable","18":"product-type-tour"},"_links":{"self":[{"href":"https:\/\/holidaytourstenerife.com\/it\/wp-json\/wp\/v2\/product\/2721","targetHints":{"allow":["GET"]}}],"collection":[{"href":"https:\/\/holidaytourstenerife.com\/it\/wp-json\/wp\/v2\/product"}],"about":[{"href":"https:\/\/holidaytourstenerife.com\/it\/wp-json\/wp\/v2\/types\/product"}],"replies":[{"embeddable":true,"href":"https:\/\/holidaytourstenerife.com\/it\/wp-json\/wp\/v2\/comments?post=2721"}],"wp:featuredmedia":[{"embeddable":true,"href":"https:\/\/holidaytourstenerife.com\/it\/wp-json\/wp\/v2\/media\/2258"}],"wp:attachment":[{"href":"https:\/\/holidaytourstenerife.com\/it\/wp-json\/wp\/v2\/media?parent=2721"}],"wp:term":[{"taxonomy":"product_brand","embeddable":true,"href":"https:\/\/holidaytourstenerife.com\/it\/wp-json\/wp\/v2\/product_brand?post=2721"},{"taxonomy":"product_cat","embeddable":true,"href":"https:\/\/holidaytourstenerife.com\/it\/wp-json\/wp\/v2\/product_cat?post=2721"},{"taxonomy":"product_tag","embeddable":true,"href":"https:\/\/holidaytourstenerife.com\/it\/wp-json\/wp\/v2\/product_tag?post=2721"}],"curies":[{"name":"wp","href":"https:\/\/api.w.org\/{rel}","templated":true}]}}