{"id":2722,"date":"2023-03-31T07:17:18","date_gmt":"2023-03-31T07:17:18","guid":{"rendered":"https:\/\/holidaytourstenerife.com\/producto\/festa-in-barca-utopia\/"},"modified":"2023-06-29T19:31:43","modified_gmt":"2023-06-29T19:31:43","slug":"festa-in-barca-utopia","status":"publish","type":"product","link":"https:\/\/holidaytourstenerife.com\/it\/tours\/festa-in-barca-utopia\/","title":{"rendered":"Festa in barca Utopia"},"content":{"rendered":"<div class=\"wpb-content-wrapper\"><p>[vc_row][vc_column][vc_column_text]<\/p>\n<h1>Festa in barca Utopia Tenerife<\/h1>\n<p>[\/vc_column_text][vc_separator color=&#8221;custom&#8221; align=&#8221;align_left&#8221; border_width=&#8221;4&#8243; el_width=&#8221;10&#8243; accent_color=&#8221;#47a0ff&#8221;][vc_column_text]<b>Boat Party Tenerife<\/b> <span style=\"font-weight: 400;\">Costa Adeje vi invita a godervi la migliore festa in barca delle Isole Canarie, vivendo tre ore di follia sulle onde di<\/span> <b>Costa Adeje, Tenerife<\/b>.<span style=\"font-weight: 400;\">. Con i migliori DJ locali, musica che spazia dalla deep house, alla tropical house, all&#8217;RnB, all&#8217;hip hop e al reggaeton, al grime, al garage, alla commercial house e all&#8217;EDM, e il nostro open bar per tutta la durata della festa, questa \u00e8 un&#8217;esperienza unica da non perdere.<\/span><\/p>\n<p><span style=\"font-weight: 400;\">Siamo l&#8217;originale festa in barca di Tenerife, con una reputazione a cinque stelle sia alle Canarie che all&#8217;estero. In dieci anni abbiamo avuto pi\u00f9 di 50.000 ospiti soddisfatti.<\/span><span style=\"font-weight: 400;\">Le nostre navi regolari salpano ogni mercoled\u00ec, sabato e domenica.<b><\/b><\/span><span style=\"font-weight: 400;\">con una capacit\u00e0 massima di 150 passeggeri. Si consiglia di prenotare in anticipo per assicurarsi il posto, poich\u00e9 le barche si esauriscono rapidamente. Questo \u00e8 l&#8217;unico modo per garantirsi un posto a bordo. Unitevi alla festa in barca pi\u00f9 famosa di Tenerife e vivete un&#8217;esperienza indimenticabile con <\/span><b>Party Boat Tenerife Costa Adeje!<br \/>\n<\/b><\/p>\n<ul>\n<li><b>Biglietto standard<\/b><b><\/b><\/li>\n<\/ul>\n<p><span style=\"font-weight: 400;\">Un drink gratuito al pre-party e un open bar di 3 ore con birra, alcolici locali e bevande miste. A bordo, la musica per mantenere le vibrazioni \u00e8 House, RnB, DnB, EDM, Reggaeton, Hip Hop, con i migliori DJ e MC residenti.<\/span><b><\/b><\/p>\n<ul>\n<li><b>Biglietto Premium<\/b><b><\/b><\/li>\n<\/ul>\n<p><span style=\"font-weight: 400;\">Un drink gratuito al pre-party e 3 ore di open bar con PREMIUM Absolut, Bacardi, Havana, Beefeater Gin Normal e Pink, Disaronno, Archers, Malibu, Jim Bean, etc. (inclusi Redbull e miscelatori Premium).<\/span><b><br \/>\n<\/b><\/p>\n<ul>\n<li><b>Biglietto VIP<\/b><b><\/b><\/li>\n<\/ul>\n<p><span style=\"font-weight: 400;\">Un drink gratuito al pre-party, incluso l&#8217;imbarco prioritario sulla nave e un bicchiere di champagne all&#8217;arrivo. Avrete anche un&#8217;area VIP privata a bordo con lussuosi lettini doppi. Il biglietto VIP include anche un open bar PREMIUM con Absolut, Bacardi, Havana, Beefeater Gin Normal e Pink, Disaronno, Archers, Malibu, Jim Bean ecc&#8230; (Inc. Redbull &amp; Premium Mixers).<\/span><\/p>\n<p><b> <\/b>[\/vc_column_text][vc_column_text]<!--more--><\/p>\n<table class=\"table table-bordered tours-tabs__table\" style=\"height: 233px;\" width=\"862\">\n<tbody>\n<tr>\n<td><strong>USCITE<\/strong><\/td>\n<td>Mercoled\u00ec, venerd\u00ec e sabato.<\/td>\n<\/tr>\n<tr>\n<td><strong>ET\u00c0<\/strong><\/td>\n<td><strong>IMPORTANTE!<\/strong> Solo persone di et\u00e0 superiore ai 18 anni<\/td>\n<\/tr>\n<tr>\n<td><strong>SPEDIZIONE<\/strong><\/td>\n<td>Puerto de Los Cristianos<\/td>\n<\/tr>\n<tr>\n<td><strong>OPZIONI<\/strong><\/td>\n<td><strong>Standard 70,00 Euro<\/strong><br \/>\n<strong>Premium 90,00 Euro<\/strong><br \/>\n<strong>VIP 110,00 Euro<\/strong><\/td>\n<\/tr>\n<\/tbody>\n<\/table>\n<p>[\/vc_column_text][\/vc_column][\/vc_row][vc_row][vc_column][vc_video link=&#8221;https:\/\/youtu.be\/m2QFhSMTDU8&#8243;][\/vc_column][\/vc_row]<\/p>\n<\/div>","protected":false},"excerpt":{"rendered":"<p><b>Boat Party Tenerife<\/b> <span style=\"font-weight: 400;\">Costa Adeje vi invita a godervi la migliore festa in barca delle Isole Canarie, vivendo tre ore di follia sulle onde di<\/span> <b>Costa Adeje, Tenerife<\/b>.<span style=\"font-weight: 400;\">. Con i migliori DJ locali, musica che spazia dalla deep house, alla tropical house, all&#8217;RnB, all&#8217;hip hop e al reggaeton, al grime, al garage, alla commercial house e all&#8217;EDM, e il nostro open bar per tutta la durata della festa, questa \u00e8 un&#8217;esperienza unica da non perdere.<\/span><\/p>\n","protected":false},"featured_media":2203,"comment_status":"open","ping_status":"closed","template":"","meta":{"_joinchat":[]},"product_brand":[],"product_cat":[186],"product_tag":[],"class_list":{"0":"post-2722","1":"product","2":"type-product","3":"status-publish","4":"has-post-thumbnail","6":"product_cat-senza-categoria","7":"tour_category-escursioni-in-barca","9":"first","10":"instock","11":"taxable","12":"shipping-taxable","13":"purchasable","14":"product-type-tour"},"_links":{"self":[{"href":"https:\/\/holidaytourstenerife.com\/it\/wp-json\/wp\/v2\/product\/2722","targetHints":{"allow":["GET"]}}],"collection":[{"href":"https:\/\/holidaytourstenerife.com\/it\/wp-json\/wp\/v2\/product"}],"about":[{"href":"https:\/\/holidaytourstenerife.com\/it\/wp-json\/wp\/v2\/types\/product"}],"replies":[{"embeddable":true,"href":"https:\/\/holidaytourstenerife.com\/it\/wp-json\/wp\/v2\/comments?post=2722"}],"wp:featuredmedia":[{"embeddable":true,"href":"https:\/\/holidaytourstenerife.com\/it\/wp-json\/wp\/v2\/media\/2203"}],"wp:attachment":[{"href":"https:\/\/holidaytourstenerife.com\/it\/wp-json\/wp\/v2\/media?parent=2722"}],"wp:term":[{"taxonomy":"product_brand","embeddable":true,"href":"https:\/\/holidaytourstenerife.com\/it\/wp-json\/wp\/v2\/product_brand?post=2722"},{"taxonomy":"product_cat","embeddable":true,"href":"https:\/\/holidaytourstenerife.com\/it\/wp-json\/wp\/v2\/product_cat?post=2722"},{"taxonomy":"product_tag","embeddable":true,"href":"https:\/\/holidaytourstenerife.com\/it\/wp-json\/wp\/v2\/product_tag?post=2722"}],"curies":[{"name":"wp","href":"https:\/\/api.w.org\/{rel}","templated":true}]}}