{"id":2723,"date":"2023-04-06T23:53:15","date_gmt":"2023-04-06T23:53:15","guid":{"rendered":"https:\/\/holidaytourstenerife.com\/producto\/tour-in-barca-masca-a-sud-di-tenerife-shogun-5-ore\/"},"modified":"2023-06-25T20:30:23","modified_gmt":"2023-06-25T20:30:23","slug":"escursione-a-masca-in-barca","status":"publish","type":"product","link":"https:\/\/holidaytourstenerife.com\/it\/tours\/escursione-a-masca-in-barca\/","title":{"rendered":"Escursione a Masca in barca a sud di Tenerife Shogun (5 ore)"},"content":{"rendered":"<div class=\"wpb-content-wrapper\"><p>[vc_row][vc_column][vc_column_text]<\/p>\n<h1>Escursione a Masca in barca a sud di Tenerife Shogun (5 ore)<\/h1>\n<p>[\/vc_column_text][vc_separator color=&#8221;custom&#8221; align=&#8221;align_left&#8221; border_width=&#8221;4&#8243; el_width=&#8221;10&#8243; accent_color=&#8221;#47a0ff&#8221;][vc_column_text]<strong>Escursione a Masca in barca Tenerife 5 ore Vivete un&#8217;esperienza unica a bordo dello <\/strong><strong>SHOGUN<\/strong>, un&#8217;autentica barca a vela orientale costruita in legno di teak per uso privato di uno sceicco arabo! Durante questo tour, avrete l&#8217;opportunit\u00e0 di vedere <strong>balene pilota e tursiop<\/strong>i, protetti da norme e convenzioni internazionali.<\/p>\n<p>Lo <strong>SHOGUN<\/strong> \u00e8 conforme a questi standard e ha la bandiera gialla con il marchio blu della barca, che garantisce <strong>l&#8217;osservazione di balene e delfini<\/strong> con le massime garanzie per loro. Inoltre, grazie alla posizione geografica della <strong>a sud di Tenerife<\/strong> e l&#8217;azione degli alisei e della grande vetta del Monte Teide, la temperatura dell&#8217;acqua si mantiene tra i 17 e i 24 gradi tutto l&#8217;anno, il che garantisce la presenza permanente di numerose specie di cetacei, come, ad esempio, i pesci: <strong>Balene pilota, delfini tursiopi, balene pinna, capodogli, orche, delfini dal becco, delfini maculati, delfini comuni o delfini dai denti ruvidi<\/strong>.<\/p>\n<p>Dopo aver assistito a questi meravigliosi animali, ci fermeremo in una piccola baia per goderci una nuotata rinfrescante e un meritato <strong>pranzo<\/strong>. Inoltre, lo <strong>SHOGUN<\/strong> dispone di un equipaggio esperto e cordiale, che vi fornir\u00e0 il miglior servizio a bordo e vi far\u00e0 sentire come a casa.. Non perdete l&#8217;occasione di vivere questa <strong>avventura unica a Tenerife!<\/strong>[\/vc_column_text][vc_column_text]<!--more--><\/p>\n<table class=\"table table-bordered tours-tabs__table\" style=\"height: 233px;\" width=\"862\">\n<tbody>\n<tr>\n<td><strong>PROGRAMMA<\/strong><\/td>\n<td>Luned\u00ec, marted\u00ec, mercoled\u00ec, gioved\u00ec, venerd\u00ec e sabato alle ore 11:00<strong><\/strong><\/td>\n<\/tr>\n<tr>\n<td><strong>TRASPORTI<\/strong><\/td>\n<td>Autobus gratuito Tenerife Sud e Tenerife Nord<\/td>\n<\/tr>\n<tr>\n<td><strong>OPZIONI<\/strong><\/td>\n<td>5 ore di tour di Masca<\/td>\n<\/tr>\n<tr>\n<td><strong>INFORMAZIONI AGGIUNTIVE<\/strong><\/td>\n<td>\n<p>Capacit\u00e0 massima 144 pax<\/p>\n<p>Accesso per i disabili<\/p><\/td>\n<\/tr>\n<tr>\n<td><strong>COMPRENSIONE<\/strong><\/td>\n<td>\n<p><i class=\"fa fa-check icon-tick icon-tick--on\"><\/i>Assicurazione<\/p>\n<p><i class=\"fa fa-check icon-tick icon-tick--on\"><\/i>Guida ai cetacei (inglese, francese, tedesco, spagnolo)<\/p>\n<p><i class=\"fa fa-check icon-tick icon-tick--on\"><\/i>Il pranzo a buffet comprende riso con verdure, coscia di pollo arrosto, polpette, insalata di cavolo, pane e frutta, bevande analcoliche, birra e vino per la gita di 5 ore..<\/p>\n<p>Menu speciale per vegetariani<\/p>\n<p>Menu speciale per celiaci<\/p><\/td>\n<\/tr>\n<tr>\n<td><strong>TARIFFE<\/strong><\/td>\n<td><strong>Adulti<\/strong> 53,00 euro<br \/>\n<strong>Bambini da 6 a 11 anni<\/strong> 26,50 euro<br \/>\n<strong>Da 0 a 5 anni<\/strong> gratis<\/td>\n<\/tr>\n<\/tbody>\n<\/table>\n<p>[\/vc_column_text][\/vc_column][\/vc_row][vc_row][vc_column][vc_video link=&#8221;https:\/\/youtu.be\/7DdwGzgiYBM&#8221;][\/vc_column][\/vc_row]<\/p>\n<\/div>","protected":false},"excerpt":{"rendered":"<p><strong>Escursione <strong>a Masca<\/strong> <strong>in barca<\/strong>Tenerife 5 ore Vivete un&#8217;esperienza unica a bordo dello <strong>SHOGUN,<\/strong> un&#8217;autentica barca a vela orientale costruita in legno di teak per uso privato di uno sceicco arabo!<\/strong> Durante questo tour, avrete l&#8217;opportunit\u00e0 di vedere <strong>balene pilota e tursiop<\/strong>i, protetti da norme e convenzioni internazionali.<\/p>\n","protected":false},"featured_media":2303,"comment_status":"open","ping_status":"closed","template":"","meta":{"_joinchat":[]},"product_brand":[],"product_cat":[186],"product_tag":[],"class_list":{"0":"post-2723","1":"product","2":"type-product","3":"status-publish","4":"has-post-thumbnail","6":"product_cat-senza-categoria","7":"pa_tipos_de_ticket-adultis","8":"pa_tipos_de_ticket-bambini","9":"pa_tipos_de_ticket-bambino-da-6-a-11-anni","10":"pa_tipos_de_ticket-bambino-da-0-a-5-anni","11":"tour_category-avvistamento-di-cetacei","12":"tour_category-escursioni-in-barca","14":"first","15":"instock","16":"taxable","17":"shipping-taxable","18":"purchasable","19":"product-type-tour"},"_links":{"self":[{"href":"https:\/\/holidaytourstenerife.com\/it\/wp-json\/wp\/v2\/product\/2723","targetHints":{"allow":["GET"]}}],"collection":[{"href":"https:\/\/holidaytourstenerife.com\/it\/wp-json\/wp\/v2\/product"}],"about":[{"href":"https:\/\/holidaytourstenerife.com\/it\/wp-json\/wp\/v2\/types\/product"}],"replies":[{"embeddable":true,"href":"https:\/\/holidaytourstenerife.com\/it\/wp-json\/wp\/v2\/comments?post=2723"}],"wp:featuredmedia":[{"embeddable":true,"href":"https:\/\/holidaytourstenerife.com\/it\/wp-json\/wp\/v2\/media\/2303"}],"wp:attachment":[{"href":"https:\/\/holidaytourstenerife.com\/it\/wp-json\/wp\/v2\/media?parent=2723"}],"wp:term":[{"taxonomy":"product_brand","embeddable":true,"href":"https:\/\/holidaytourstenerife.com\/it\/wp-json\/wp\/v2\/product_brand?post=2723"},{"taxonomy":"product_cat","embeddable":true,"href":"https:\/\/holidaytourstenerife.com\/it\/wp-json\/wp\/v2\/product_cat?post=2723"},{"taxonomy":"product_tag","embeddable":true,"href":"https:\/\/holidaytourstenerife.com\/it\/wp-json\/wp\/v2\/product_tag?post=2723"}],"curies":[{"name":"wp","href":"https:\/\/api.w.org\/{rel}","templated":true}]}}