{"id":2724,"date":"2023-03-29T01:27:40","date_gmt":"2023-03-29T01:27:40","guid":{"rendered":"https:\/\/holidaytourstenerife.com\/producto\/quad-world\/"},"modified":"2024-11-11T09:11:56","modified_gmt":"2024-11-11T09:11:56","slug":"escursione-quad-tenerife","status":"publish","type":"product","link":"https:\/\/holidaytourstenerife.com\/it\/tours\/escursione-quad-tenerife\/","title":{"rendered":"Quad World"},"content":{"rendered":"<div class=\"wpb-content-wrapper\"><p>[vc_row][vc_column][vc_column_text]<\/p>\n<h1>Escursione quad Tenerife<\/h1>\n<p>[\/vc_column_text][vc_separator color=&#8221;custom&#8221; align=&#8221;align_left&#8221; border_width=&#8221;4&#8243; el_width=&#8221;10&#8243; accent_color=&#8221;#47a0ff&#8221;][vc_column_text]<strong>Escursione in quad Tenerifed<\/strong> scoprire l&#8217;isola da una prospettiva diversa. <strong>Un&#8217;escursione in quad<\/strong> \u00e8 una delle <strong>attivit\u00e0 pi\u00f9 divertenti<\/strong> che si possano fare a <strong>Tenerife.<\/strong> Con questa attivit\u00e0, avrete l&#8217;opportunit\u00e0 di scoprire l&#8217;isola da un&#8217;altra prospettiva e di godere della bellezza dei suoi paesaggi.<\/p>\n<p>I quad sono veicoli impressionanti e sicuri da guidare, che vi permetteranno di raggiungere il <strong>Parco Nazionale del Teide<\/strong>, la vetta pi\u00f9 alta della Spagna. Durante l&#8217;escursione, si effettueranno diverse soste in punti panoramici dell&#8217;isola, dove si potr\u00e0 ammirare lo splendido paesaggio. Avrete anche l&#8217;opportunit\u00e0 di fare un tour in fuoristrada nel mezzo del bush, dove potrete mettere alla prova le vostre abilit\u00e0 di guida..<\/p>\n<p>\u00c8 possibile scegliere tra un <strong>quad singolo<\/strong> per una persona o un <strong>quad doppio<\/strong> per due persone, il che lo rende un&#8217;attivit\u00e0 ideale per coppie o amici. L&#8217;escursione <strong>dura alcune ore<\/strong> e il prezzo include il noleggio del quad e l&#8217;attrezzatura di sicurezza necessaria per l&#8217;attivit\u00e0.<\/p>\n<p>Non perdete l&#8217;occasione <strong>di scoprire l&#8217;isola di Tenerife<\/strong> in un modo diverso ed emozionante. <strong>Prenotate ora<\/strong> il vostro tour in quad e vivete un&#8217;esperienza indimenticabile sull&#8217;isola.<\/p>\n<p><strong>Tipi di Quad disponibili:<\/strong><\/p>\n<ul>\n<li><strong>Foresta Quad 4h<\/strong><\/li>\n<\/ul>\n<p>Questo \u00e8 il tour pi\u00f9 adatto a chi \u00e8 alla ricerca di <strong>divertimento<\/strong> y <strong>emozioni forti <\/strong>Avremo l&#8217;opportunit\u00e0 di testare i limiti del quad, dato che gran parte del tempo viene trascorso in fuoristrada nel mezzo di una foresta. <strong>, sbandamento<\/strong> , saltando tutto questo in un ambiente che combina <strong>la natura e la selvaticit\u00e0. <\/strong>Adrenalina pura. Durata: 3 h<\/p>\n<p>Dislivello: 1.500 m.<\/p>\n<p>Distanza: 50 km.<\/p>\n<ul>\n<li><strong>Tour Quad Teide 3 h <\/strong><\/li>\n<\/ul>\n<p><strong>Questo<\/strong> tour \u00e8 pi\u00f9 panoramico e rilassante in quanto \u00e8 stato progettato per permetterci di godere della bellezza dell&#8217;isola e della sua flora e fauna, mentre saliamo verso il Parco Nazionale del Teide (<strong>2200 m<\/strong> circa) possiamo vedere come cambia il paesaggio e anche il clima. Troveremo foreste di pini delle Canarie e immense estensioni rocciose frutto di milioni di anni di erosione; per questo motivo faremo diverse soste, con la possibilit\u00e0 di scattare foto, in particolare al <strong>Mirador de los Poleos<\/strong> e al <strong>Mirador de Roques de<\/strong> <strong>Garcia<\/strong>. <strong>Indimenticabile<\/strong>!<\/p>\n<p>Durata: 4 h<\/p>\n<p>Dislivello: 2.400 m.<\/p>\n<p>Distanza: 90 Km.<\/p>\n<ul>\n<li><strong>Quad Teide Tramonto 3 h<\/strong><\/li>\n<\/ul>\n<p>Scalare il Monte Teide al tramonto in quad \u00e8 probabilmente una delle esperienze pi\u00f9 <strong>riuscite<\/strong> che si possano fare. Vedere come cambia il paesaggio, i colori e l&#8217;aria ci fa godere dell&#8217;escursione e dei momenti che fotograferemo durante la salita, <strong>panorami unici.<\/strong><\/p>\n<p>Durata: 3-4 h<\/p>\n<p>Altitudine: 2400m<\/p>\n<p>Distanza: 90 km (ma meno)[\/vc_column_text][vc_column_text]<!--more--><\/p>\n<table class=\"table table-bordered tours-tabs__table\" style=\"height: 233px;\" width=\"862\">\n<tbody>\n<tr>\n<td><strong>PROGRAMMA<\/strong><\/td>\n<td>Tour del Teide 3 h<br \/>\nTramonto sul Teide 3 h<br \/>\nForesta 4 h<\/td>\n<\/tr>\n<tr>\n<td><strong>TRASPORTI<\/strong><\/td>\n<td>Prelievo gratuito dal vostro hotel (si prega di essere pronti 1 ora prima della prenotazione!<\/td>\n<\/tr>\n<tr>\n<td><strong>ET\u00c0<\/strong><\/td>\n<td>IMPORTANTE! Possono guidare solo persone di et\u00e0 pari o superiore ai 18 anni <strong>(con patente di guida).<\/strong>\n<p>I bambini di et\u00e0 compresa tra i 7 e i 17 anni possono viaggiare dietro al conducente. I bambini di et\u00e0 inferiore ai 7 anni non sono ammessi nel quadrilatero.<\/p><\/td>\n<\/tr>\n<tr>\n<td><strong>COMPRENSIONE<\/strong><\/td>\n<td>\n<table class=\"table table-bordered\" style=\"height: 153px;\" width=\"442\">\n<tbody>\n<tr>\n<td><i class=\"fa fa-check icon-tick icon-tick--on\"><\/i>Servizio di prelievo dall&#8217;hotel<\/td>\n<td><\/td>\n<\/tr>\n<\/tbody>\n<\/table>\n<table class=\"table table-bordered\" style=\"height: 91px;\" width=\"512\">\n<tbody>\n<tr>\n<td><i class=\"fa fa-check icon-tick icon-tick--on\"><\/i>Giacca e casco<\/td>\n<td><\/td>\n<\/tr>\n<\/tbody>\n<\/table>\n<table class=\"table table-bordered\" style=\"height: 61px;\" width=\"296\">\n<tbody>\n<tr>\n<td><i class=\"fa fa-check icon-tick icon-tick--on\"><\/i>Guide professionali<\/td>\n<td><\/td>\n<\/tr>\n<\/tbody>\n<\/table>\n<table class=\"table table-bordered\" style=\"height: 91px;\" width=\"512\">\n<tbody>\n<tr>\n<td><i class=\"fa fa-check icon-tick icon-tick--on\"><\/i>Assicurazione<\/td>\n<\/tr>\n<\/tbody>\n<\/table>\n<table class=\"table table-bordered\" style=\"height: 153px;\" width=\"442\">\n<tbody>\n<tr>\n<td><i class=\"fa fa-check icon-tick icon-tick--on\"><\/i>3 ore pizza e cava<\/td>\n<\/tr>\n<\/tbody>\n<\/table>\n<table class=\"table table-bordered\" style=\"height: 153px;\" width=\"442\">\n<tbody>\n<tr>\n<td><i class=\"fa fa-check icon-tick icon-tick--on\"><\/i>4 ore pizza e rinfreschi<\/td>\n<\/tr>\n<\/tbody>\n<\/table>\n<\/td>\n<\/tr>\n<tr>\n<td><strong>TARIFFE<\/strong><\/td>\n<td>\n<table width=\"521\">\n<tbody>\n<tr>\n<td><strong>Quad Forest (40% fuori strada)<\/strong><\/td>\n<td>\n<table width=\"222\">\n<tbody>\n<tr>\n<td>Singola: 120\u20ac<\/td>\n<td>Doppia: 140 \u20ac<\/td>\n<\/tr>\n<\/tbody>\n<\/table>\n<\/td>\n<\/tr>\n<tr>\n<td><strong>Tour Quad Teide<\/strong><\/td>\n<td>\n<table width=\"222\">\n<tbody>\n<tr>\n<td>Singola: 115\u20ac<\/td>\n<td>Doppia: 135 \u20ac.<\/td>\n<\/tr>\n<\/tbody>\n<\/table>\n<\/td>\n<\/tr>\n<tr>\n<td><strong>Tramonto del Quad Teide<\/strong><\/td>\n<td>\n<table width=\"222\">\n<tbody>\n<tr>\n<td>Singola: 110\u20ac<\/td>\n<td>Doppia: 135\u20ac<\/td>\n<\/tr>\n<\/tbody>\n<\/table>\n<\/td>\n<\/tr>\n<\/tbody>\n<\/table>\n<\/td>\n<\/tr>\n<\/tbody>\n<\/table>\n<p>[\/vc_column_text][\/vc_column][\/vc_row][vc_row][vc_column][vc_video link=&#8221;https:\/\/youtu.be\/o-HP0QT-R4E&#8221;][\/vc_column][\/vc_row]<\/p>\n<\/div>","protected":false},"excerpt":{"rendered":"<p><strong>Escursione in quad Tenerifed<\/strong> scoprire l&#8217;isola da una prospettiva diversa. <strong>Un&#8217;escursione in quad<\/strong> \u00e8 una delle <strong>attivit\u00e0 pi\u00f9 divertenti<\/strong> che si possano fare a <strong>Tenerife.<\/strong> Con questa attivit\u00e0, avrete l&#8217;opportunit\u00e0 di scoprire l&#8217;isola da un&#8217;altra prospettiva e di godere della bellezza dei suoi paesaggi.<\/p>\n","protected":false},"featured_media":2163,"comment_status":"open","ping_status":"closed","template":"","meta":{"_joinchat":[]},"product_brand":[],"product_cat":[186],"product_tag":[],"class_list":{"0":"post-2724","1":"product","2":"type-product","3":"status-publish","4":"has-post-thumbnail","6":"product_cat-senza-categoria","7":"pa_tipos_de_ticket-singolo","8":"pa_tipos_de_ticket-doppio","9":"tour_category-sport-e-avventura","11":"first","12":"instock","13":"taxable","14":"shipping-taxable","15":"purchasable","16":"product-type-tour"},"_links":{"self":[{"href":"https:\/\/holidaytourstenerife.com\/it\/wp-json\/wp\/v2\/product\/2724","targetHints":{"allow":["GET"]}}],"collection":[{"href":"https:\/\/holidaytourstenerife.com\/it\/wp-json\/wp\/v2\/product"}],"about":[{"href":"https:\/\/holidaytourstenerife.com\/it\/wp-json\/wp\/v2\/types\/product"}],"replies":[{"embeddable":true,"href":"https:\/\/holidaytourstenerife.com\/it\/wp-json\/wp\/v2\/comments?post=2724"}],"wp:featuredmedia":[{"embeddable":true,"href":"https:\/\/holidaytourstenerife.com\/it\/wp-json\/wp\/v2\/media\/2163"}],"wp:attachment":[{"href":"https:\/\/holidaytourstenerife.com\/it\/wp-json\/wp\/v2\/media?parent=2724"}],"wp:term":[{"taxonomy":"product_brand","embeddable":true,"href":"https:\/\/holidaytourstenerife.com\/it\/wp-json\/wp\/v2\/product_brand?post=2724"},{"taxonomy":"product_cat","embeddable":true,"href":"https:\/\/holidaytourstenerife.com\/it\/wp-json\/wp\/v2\/product_cat?post=2724"},{"taxonomy":"product_tag","embeddable":true,"href":"https:\/\/holidaytourstenerife.com\/it\/wp-json\/wp\/v2\/product_tag?post=2724"}],"curies":[{"name":"wp","href":"https:\/\/api.w.org\/{rel}","templated":true}]}}