{"id":2727,"date":"2023-03-29T00:54:25","date_gmt":"2023-03-29T00:54:25","guid":{"rendered":"https:\/\/holidaytourstenerife.com\/producto\/buggy-off-road\/"},"modified":"2024-03-08T19:39:23","modified_gmt":"2024-03-08T19:39:23","slug":"escursione-buggy-off-road","status":"publish","type":"product","link":"https:\/\/holidaytourstenerife.com\/it\/tours\/escursione-buggy-off-road\/","title":{"rendered":"Buggy Off Road"},"content":{"rendered":"<div class=\"wpb-content-wrapper\"><p>[vc_row][vc_column][vc_column_text]<\/p>\n<h1>Escursione in buggy fuoristrada a Tenerife<\/h1>\n<p>[\/vc_column_text][vc_separator color=&#8221;custom&#8221; align=&#8221;align_left&#8221; border_width=&#8221;4&#8243; el_width=&#8221;10&#8243; accent_color=&#8221;#47a0ff&#8221;][vc_column_text]<strong>Escursione in buggy fuoristrada<\/strong> a <strong>Tenerife<\/strong>, un&#8217;esperienza unica sull&#8217;isola. Preparatevi a provare l&#8217;emozione di guidare il nostro buggy CFMoto (EX ZFORCE 550) ed esplorare i <strong>paesaggi mozzafiato di Tenerife!<\/strong><\/p>\n<p>Il nostro tour inizia con il prelievo dal vostro hotel di Playa Paraiso a Los Cristianos, dove vi accompagneremo alla nostra nave ad Adeje. L\u00ec riceverete un breve briefing e poi sarete pronti a partire per la vostra emozionante <strong>avventura in buggy.<\/strong><\/p>\n<p>Durante il percorso di 55 chilometri, passerete per <strong>Caleta, Playa Para\u00edso, El Puertito e El Balito<\/strong>, godendo di splendidi panorami e della sensazione di libert\u00e0 che solo un buggy pu\u00f2 dare. Il percorso comprende 40 minuti di piste fuoristrada, che aggiungono ancora pi\u00f9 adrenalina all&#8217;esperienza.<\/p>\n<p>I nostri passeggini sono progettati per offrire il massimo comfort e sicurezza, quindi non preoccupatevi se non avete esperienza di guida di passeggini. Inoltre, il nostro team di guide professioniste vi accompagner\u00e0 per tutta la durata del tour per assicurarsi che vi divertiate.<\/p>\n<p>Non perdete questa opportunit\u00e0 unica di <strong>esplorare Tenerife<\/strong> in un modo diverso ed emozionante! <strong>Prenotate ora<\/strong> e vivete un&#8217;esperienza che non dimenticherete mai.[\/vc_column_text][vc_column_text]<!--more--><\/p>\n<table class=\"table table-bordered tours-tabs__table\" style=\"height: 233px;\" width=\"862\">\n<tbody>\n<tr>\n<td><strong>ET\u00c0<\/strong><\/td>\n<td><strong><span style=\"color: #ff0000;\">IMPORTANTE<\/span><\/strong>: possono guidare solo persone di et\u00e0 pari o superiore a 18 anni (con patente di guida B valida).<br \/>\nNon si accettano permessi temporanei.<br \/>\nScarpe chiuse, non sono ammesse infradito.<br \/>\nL&#8217;et\u00e0 minima \u00e8 di 8 anni o 1,2 metri di altezza.<\/td>\n<\/tr>\n<tr>\n<td><strong>DURATA<\/strong><\/td>\n<td>3 ora<\/td>\n<\/tr>\n<tr>\n<td><strong>TRASPORTI<\/strong><\/td>\n<td>Pick up gratuito dal vostro hotel a Los Cristianos a Playa Para\u00edso (si prega di essere pronti 1 ora prima della prenotazione).<\/td>\n<\/tr>\n<tr>\n<td><strong>OPZIONI<\/strong><\/td>\n<td><strong>Singola<\/strong> (per 1 persona) &#8211; 160,00 euro<br \/>\n<strong>Doppia<\/strong> (per 2 persone) &#8211; 190,00 euro<\/td>\n<\/tr>\n<tr>\n<td><strong>COMPRENSIONE<\/strong><\/td>\n<td>\n<table class=\"table table-bordered\" style=\"height: 62px;\" width=\"300\">\n<tbody>\n<tr>\n<td><i class=\"fa fa-check icon-tick icon-tick--on\"><\/i>Servizio di prelievo dall&#8217;hotel<\/td>\n<td><i class=\"fa fa-check icon-tick icon-tick--on\"><\/i>Occhiali di protezione<\/td>\n<\/tr>\n<tr>\n<td><i class=\"fa fa-check icon-tick icon-tick--on\"><\/i>Assicurazione<\/td>\n<td><i class=\"fa fa-check icon-tick icon-tick--on\"><\/i>Guide professionali<\/td>\n<\/tr>\n<\/tbody>\n<\/table>\n<\/td>\n<\/tr>\n<\/tbody>\n<\/table>\n<p>[\/vc_column_text][\/vc_column][\/vc_row]<\/p>\n<\/div>","protected":false},"excerpt":{"rendered":"<p><strong>Escursione in buggy fuoristrada<\/strong> a <strong>Tenerife<\/strong>, un&#8217;esperienza unica sull&#8217;isola. Preparatevi a provare l&#8217;emozione di guidare il nostro buggy CFMoto (EX ZFORCE 550) ed esplorare i <strong>paesaggi mozzafiato di Tenerife!<\/strong><\/p>\n","protected":false},"featured_media":2070,"comment_status":"open","ping_status":"closed","template":"","meta":{"_joinchat":[]},"product_brand":[],"product_cat":[186],"product_tag":[],"class_list":{"0":"post-2727","1":"product","2":"type-product","3":"status-publish","4":"has-post-thumbnail","6":"product_cat-senza-categoria","7":"tour_category-sport-e-avventura","9":"first","10":"instock","11":"taxable","12":"shipping-taxable","13":"purchasable","14":"product-type-tour"},"_links":{"self":[{"href":"https:\/\/holidaytourstenerife.com\/it\/wp-json\/wp\/v2\/product\/2727","targetHints":{"allow":["GET"]}}],"collection":[{"href":"https:\/\/holidaytourstenerife.com\/it\/wp-json\/wp\/v2\/product"}],"about":[{"href":"https:\/\/holidaytourstenerife.com\/it\/wp-json\/wp\/v2\/types\/product"}],"replies":[{"embeddable":true,"href":"https:\/\/holidaytourstenerife.com\/it\/wp-json\/wp\/v2\/comments?post=2727"}],"wp:featuredmedia":[{"embeddable":true,"href":"https:\/\/holidaytourstenerife.com\/it\/wp-json\/wp\/v2\/media\/2070"}],"wp:attachment":[{"href":"https:\/\/holidaytourstenerife.com\/it\/wp-json\/wp\/v2\/media?parent=2727"}],"wp:term":[{"taxonomy":"product_brand","embeddable":true,"href":"https:\/\/holidaytourstenerife.com\/it\/wp-json\/wp\/v2\/product_brand?post=2727"},{"taxonomy":"product_cat","embeddable":true,"href":"https:\/\/holidaytourstenerife.com\/it\/wp-json\/wp\/v2\/product_cat?post=2727"},{"taxonomy":"product_tag","embeddable":true,"href":"https:\/\/holidaytourstenerife.com\/it\/wp-json\/wp\/v2\/product_tag?post=2727"}],"curies":[{"name":"wp","href":"https:\/\/api.w.org\/{rel}","templated":true}]}}