{"id":2728,"date":"2023-03-22T17:31:40","date_gmt":"2023-03-22T17:31:40","guid":{"rendered":"https:\/\/holidaytourstenerife.com\/producto\/peter-pan\/"},"modified":"2023-11-29T18:04:03","modified_gmt":"2023-11-29T18:04:03","slug":"escursione-in-barca","status":"publish","type":"product","link":"https:\/\/holidaytourstenerife.com\/it\/tours\/escursione-in-barca\/","title":{"rendered":"Escursione in nave pirata a sud di Tenerife Peter Pan (3 ore)"},"content":{"rendered":"<div class=\"wpb-content-wrapper\"><p>[vc_row][vc_column][vc_column_text]<\/p>\n<h1>Escursione con la nave pirata Peter Pan (3 ore)<\/h1>\n<p>[\/vc_column_text][vc_separator color=&#8221;custom&#8221; align=&#8221;align_left&#8221; border_width=&#8221;4&#8243; el_width=&#8221;10&#8243; accent_color=&#8221;#47a0ff&#8221;][vc_column_text]<strong>Excursi\u00f3n a costa Adeje en barco de 3 horas en Tenerife<\/strong> a bordo de un barco pirata. Godetevi un&#8217;esperienza familiare indimenticabile! A bordo della nostra <strong>nave pirata PETER PAN<\/strong>, un&#8217;autentica goletta portoghese del secolo scorso, rivivrete le emozioni della navigazione e scoprirete le storie dei pirati che hanno solcato questi mari.<\/p>\n<p>Con due cantine, un open bar e un grande tavolo centrale sul ponte principale e un piccolo ponte superiore per godere delle viste panoramiche dei dintorni, potrete rilassarvi e godervi un viaggio in mare. Inoltre, i nostri skipper esperti e qualificati saranno a disposizione per garantire la vostra sicurezza e il vostro comfort a bordo.<\/p>\n<p>Partendo dal <strong>porto di Los Cristianos<\/strong>, ci dirigeremo verso la colonia di balene pilota e delfini, per ammirare la fauna locale nel suo habitat naturale. Sar\u00e0 un&#8217;esperienza unica e divertente per tutta la famiglia. Affinch\u00e9 anche i pi\u00f9 piccoli possano godersi l&#8217;avventura dei pirati, abbiamo preparato un divertente programma di animazione con giochi, attivit\u00e0 e costumi.<\/p>\n<p>Inoltre, le bevande (acqua, bibite, birra, vino) e gli snack sono inclusi nel prezzo, in modo da poter godere di un&#8217;esperienza completa senza preoccuparsi di altro.<\/p>\n<p>Prenotate ora e partite per un&#8217;avventura piratesca sulla splendida isola di Tenerife! Non perdete l&#8217;occasione di godervi un&#8217;escursione di 3 ore per l&#8217;osservazione delle balene a Tenerife a bordo della nostra nave pirata PETER PAN.. Vi aspettiamo a bordo per un&#8217;esperienza indimenticabile![\/vc_column_text][vc_column_text]<!--more--><\/p>\n<table class=\"table table-bordered tours-tabs__table\" style=\"height: 233px;\" width=\"862\">\n<tbody>\n<tr>\n<td><strong>PROGRAMMA<\/strong><\/td>\n<td>3 ore marted\u00ec, gioved\u00ec e sabato alle 14:00<\/td>\n<\/tr>\n<tr>\n<td><strong>TRASPORTI<\/strong><\/td>\n<td>Autobus gratuito che include Tenerife Sud (da diversi punti di raccolta circa 1 ora prima della partenza della barca).<\/td>\n<\/tr>\n<tr>\n<td><strong>SPEDIZIONE<\/strong><\/td>\n<td>Porto di Los Cristianos, molo escursioni, zona A.<\/td>\n<\/tr>\n<tr>\n<td><strong>OPZIONI<\/strong><\/td>\n<td>3 ore Peter Pan lungo la costa di Adeje.<\/td>\n<\/tr>\n<tr>\n<td><strong>COMPRENSIONE<\/strong><\/td>\n<td>\n<table class=\"table table-bordered\" style=\"height: 77px;\" width=\"436\">\n<tbody>\n<tr>\n<td><i class=\"fa fa-check icon-tick icon-tick--on\"><\/i>Guide specializzate in cetacei ( inglese, francese, tedesco e spagnolo )<\/td>\n<td><\/td>\n<\/tr>\n<\/tbody>\n<\/table>\n<table class=\"table table-bordered\" style=\"height: 91px;\" width=\"512\">\n<tbody>\n<tr>\n<td><i class=\"fa fa-check icon-tick icon-tick--on\"><\/i>Cibo e bevande (riso con verdure, polpette, insalata di cavolo, pane e frutta) per il viaggio di 3 ore.<\/td>\n<td><\/td>\n<\/tr>\n<\/tbody>\n<\/table>\n<table class=\"table table-bordered\" style=\"height: 61px;\" width=\"296\">\n<tbody>\n<tr>\n<td><i class=\"fa fa-check icon-tick icon-tick--on\"><\/i>Assicurazione<\/td>\n<td><\/td>\n<\/tr>\n<\/tbody>\n<\/table>\n<\/td>\n<\/tr>\n<tr>\n<td><strong>TARIFFE<\/strong><\/td>\n<td>Adulto 3 ore 42,00 euro<br \/>\nBambini da 5 anni a 11 anni 50% di sconto ( 21 euro )<br \/>\nDa 0 a 6 anni gratis<\/td>\n<\/tr>\n<\/tbody>\n<\/table>\n<table style=\"height: 185px;\" width=\"862\">\n<tbody>\n<tr>\n<td colspan=\"4\" width=\"642\"><strong>Tariffe<\/strong><\/td>\n<\/tr>\n<tr>\n<td width=\"160\">Barca 3 ore<\/td>\n<td width=\"160\">Adulti<\/td>\n<td width=\"160\">Bambini<\/td>\n<td width=\"160\">Bambini<\/td>\n<\/tr>\n<tr>\n<td width=\"160\">Barca condivisa<\/td>\n<td width=\"160\">Adulti<\/td>\n<td width=\"160\">Bambini<\/td>\n<td width=\"160\">Bambini<\/td>\n<\/tr>\n<\/tbody>\n<\/table>\n<p>[\/vc_column_text][\/vc_column][\/vc_row][vc_row][vc_column][vc_video link=&#8221;https:\/\/youtu.be\/fyMbv3_dgGc&#8221;][\/vc_column][\/vc_row]<\/p>\n<\/div>","protected":false},"excerpt":{"rendered":"<p><strong>Escursione di 3 ore per l&#8217;osservazione delle balene a Tenerife a bordo di una nave pirata.<\/strong> Godetevi un&#8217;esperienza familiare indimenticabile! A bordo della nostra <strong>nave pirata PETER PAN<\/strong>, un&#8217;autentica goletta portoghese del secolo scorso, rivivrete le emozioni della navigazione e scoprirete le storie dei pirati che hanno solcato questi mari.<\/p>\n","protected":false},"featured_media":2014,"comment_status":"open","ping_status":"closed","template":"","meta":{"_joinchat":[]},"product_brand":[],"product_cat":[186],"product_tag":[],"class_list":{"0":"post-2728","1":"product","2":"type-product","3":"status-publish","4":"has-post-thumbnail","6":"product_cat-senza-categoria","7":"pa_tipos_de_ticket-adultis","8":"pa_tipos_de_ticket-bambini","9":"pa_tipos_de_ticket-da-0-a-6-anni","10":"pa_tipos_de_ticket-bambini-da-5-a-11-anni","11":"tour_category-avvistamento-di-cetacei","12":"tour_category-escursioni-in-barca","14":"first","15":"instock","16":"taxable","17":"shipping-taxable","18":"purchasable","19":"product-type-tour"},"_links":{"self":[{"href":"https:\/\/holidaytourstenerife.com\/it\/wp-json\/wp\/v2\/product\/2728","targetHints":{"allow":["GET"]}}],"collection":[{"href":"https:\/\/holidaytourstenerife.com\/it\/wp-json\/wp\/v2\/product"}],"about":[{"href":"https:\/\/holidaytourstenerife.com\/it\/wp-json\/wp\/v2\/types\/product"}],"replies":[{"embeddable":true,"href":"https:\/\/holidaytourstenerife.com\/it\/wp-json\/wp\/v2\/comments?post=2728"}],"wp:featuredmedia":[{"embeddable":true,"href":"https:\/\/holidaytourstenerife.com\/it\/wp-json\/wp\/v2\/media\/2014"}],"wp:attachment":[{"href":"https:\/\/holidaytourstenerife.com\/it\/wp-json\/wp\/v2\/media?parent=2728"}],"wp:term":[{"taxonomy":"product_brand","embeddable":true,"href":"https:\/\/holidaytourstenerife.com\/it\/wp-json\/wp\/v2\/product_brand?post=2728"},{"taxonomy":"product_cat","embeddable":true,"href":"https:\/\/holidaytourstenerife.com\/it\/wp-json\/wp\/v2\/product_cat?post=2728"},{"taxonomy":"product_tag","embeddable":true,"href":"https:\/\/holidaytourstenerife.com\/it\/wp-json\/wp\/v2\/product_tag?post=2728"}],"curies":[{"name":"wp","href":"https:\/\/api.w.org\/{rel}","templated":true}]}}