{"id":2743,"date":"2023-03-16T04:18:34","date_gmt":"2023-03-16T04:18:34","guid":{"rendered":"https:\/\/holidaytourstenerife.com\/producto\/noleggio-di-lusso-opera-60\/"},"modified":"2025-08-13T18:11:07","modified_gmt":"2025-08-13T18:11:07","slug":"excursione-in-barca-opera-60","status":"publish","type":"product","link":"https:\/\/holidaytourstenerife.com\/it\/tours\/excursione-in-barca-opera-60\/","title":{"rendered":"Noleggio di lusso Opera 60"},"content":{"rendered":"<div class=\"wpb-content-wrapper\"><p>[vc_row][vc_column][vc_column_text]<\/p>\n<h1>Escursione in barca di lusso Opera 60 (3 ore)<\/h1>\n<p>[\/vc_column_text][vc_separator color=&#8221;custom&#8221; align=&#8221;align_left&#8221; accent_color=&#8221;#fe0000&#8243; border_width=&#8221;4&#8243; el_width=&#8221;10&#8243;][vc_column_text]Se siete alla ricerca di un&#8217;esperienza unica a Tenerife, non perdetevi la nostra <strong>escursione in charter<\/strong> lungo la <strong>costa di Adeje.<\/strong> La nostra barca, <strong>l&#8217;Opera 60<\/strong>, \u00e8 il gommone rigido di lusso pi\u00f9 grande e spazioso dell&#8217;isola. Con una lunghezza di <strong>20 metri<\/strong> e due motori <strong>VOLVO PENTA da 740 CV<\/strong>, il suo design elegante e decorato con gusto la rende la scelta perfetta per le vostre prossime vacanze.<\/p>\n<p>Il nostro punto di partenza \u00e8 il porto di <strong>Puerto Col\u00f3n<\/strong>, dove potrete salire a bordo e vivere un&#8217;esperienza unica ed esclusiva. La capacit\u00e0 massima della nostra barca \u00e8 di 45 persone, ma limitiamo il numero di passeggeri a 25 per mantenere <strong>l&#8217;esclusivit\u00e0 e il senso di lusso.<\/strong><\/p>\n<p>Durante l&#8217;escursione, potrete ammirare la meravigliosa fauna dell&#8217;Oceano Atlantico, tra cui <strong>balene, delfini e tartarughe marine<\/strong> nel loro habitat naturale e libero. Inoltre, offriamo un open bar e un delizioso pranzo a <strong>buffet per tutta la durata dell&#8217;escursione.<\/strong> Ci fermeremo anche a <strong>Puertito de Arme\u00f1ime<\/strong>, dove potrete fare una nuotata in acque cristalline e fare snorkeling.<\/p>\n<p>Il nostro <strong>Escursione charter a Tenerife<\/strong> \u00e8 ideale per celebrazioni speciali come matrimoni, addii al celibato e al nubilato, feste di compleanno, battesimi, riunioni di famiglia e molto altro. Non perdete l&#8217;occasione di trascorrere una giornata indimenticabile sulla Costa de Adeje!<strong>Prenota ora il tuo posto<\/strong> sulla nostra nave <strong>Opera 60<\/strong> e vivere un&#8217;esperienza unica a Tenerife![\/vc_column_text][vc_column_text css=&#8221;&#8221;]<!--more--><\/p>\n<table class=\"table table-bordered tours-tabs__table\" style=\"height: 233px;\" width=\"862\">\n<tbody>\n<tr>\n<td><strong>PROGRAMMA<\/strong><\/td>\n<td><strong>Ogni giorno<\/strong>\n<p>10:00 porto col\u00f3n<\/p>\n<p>13:30 porto col\u00f3n<\/p>\n<p>16:30 porto col\u00f3n<\/p>\n<p>&nbsp;<\/p><\/td>\n<\/tr>\n<tr>\n<td><strong>DURATA<\/strong><\/td>\n<td>3 ora<\/td>\n<\/tr>\n<tr>\n<td><strong>TRASPORTI<\/strong><\/td>\n<td>Da Porto Col\u00f3n<\/td>\n<\/tr>\n<tr>\n<td><strong>OPZIONI<\/strong><\/td>\n<td>3 ore condivise (tutti i giorni)<\/td>\n<\/tr>\n<tr>\n<td><strong>COMPRENSIONE<\/strong><\/td>\n<td>\n<table class=\"table table-bordered\" style=\"height: 62px;\" width=\"300\">\n<tbody>\n<tr>\n<td><i class=\"fa fa-check icon-tick icon-tick--on\"><\/i>Giubbotto di salvataggio<\/td>\n<td><i class=\"fa fa-check icon-tick icon-tick--on\"><\/i>Assicurazione<\/td>\n<\/tr>\n<\/tbody>\n<\/table>\n<table class=\"table table-bordered\" style=\"height: 62px;\" width=\"300\">\n<tbody>\n<tr>\n<td><i class=\"fa fa-check icon-tick icon-tick--on\"><\/i>Attrezzatura per lo snorkeling<\/td>\n<td><i class=\"fa fa-check icon-tick icon-tick--on\"><\/i>Buffet caldo e bevande<\/td>\n<\/tr>\n<\/tbody>\n<\/table>\n<\/td>\n<\/tr>\n<tr>\n<td><strong>TARIFFE<\/strong><\/td>\n<td><strong>3 ore condivise<\/strong> 75,00 euro<br \/>\n<strong>Da 6 anni a 11 anni<\/strong> 50,00 euro<br \/>\n<strong>Da 0 a 5 anni<\/strong> Gratis<\/td>\n<\/tr>\n<\/tbody>\n<\/table>\n<p>[\/vc_column_text][\/vc_column][\/vc_row][vc_row][vc_column][vc_video link=&#8221;https:\/\/youtu.be\/W1-tr90cXRk&#8221;][\/vc_column][\/vc_row]<\/p>\n<\/div>","protected":false},"excerpt":{"rendered":"<p>Se siete alla ricerca di un&#8217;esperienza unica a Tenerife, non perdetevi la nostra <strong>escursione in charter<\/strong> lungo la <strong>costa di Adeje.<\/strong> La nostra barca, <strong>l&#8217;Opera 60<\/strong>, \u00e8 il gommone rigido di lusso pi\u00f9 grande e spazioso dell&#8217;isola. Con una lunghezza di <strong>20 metri<\/strong> e due motori <strong>VOLVO PENTA da 740 CV<\/strong>, il suo design elegante e decorato con gusto la rende la scelta perfetta per le vostre prossime vacanze.<\/p>\n","protected":false},"featured_media":2455,"comment_status":"open","ping_status":"closed","template":"","meta":{"_joinchat":[]},"product_brand":[],"product_cat":[186],"product_tag":[],"class_list":{"0":"post-2743","1":"product","2":"type-product","3":"status-publish","4":"has-post-thumbnail","6":"product_cat-senza-categoria","7":"pa_tipos_de_ticket-adultis","8":"pa_tipos_de_ticket-bambini","9":"pa_tipos_de_ticket-bambino-da-6-a-11-anni","10":"pa_tipos_de_ticket-bambino-da-0-a-5-anni","11":"tour_category-avvistamento-di-cetacei","12":"tour_category-escursioni-in-barca","14":"first","15":"instock","16":"taxable","17":"shipping-taxable","18":"purchasable","19":"product-type-tour"},"_links":{"self":[{"href":"https:\/\/holidaytourstenerife.com\/it\/wp-json\/wp\/v2\/product\/2743","targetHints":{"allow":["GET"]}}],"collection":[{"href":"https:\/\/holidaytourstenerife.com\/it\/wp-json\/wp\/v2\/product"}],"about":[{"href":"https:\/\/holidaytourstenerife.com\/it\/wp-json\/wp\/v2\/types\/product"}],"replies":[{"embeddable":true,"href":"https:\/\/holidaytourstenerife.com\/it\/wp-json\/wp\/v2\/comments?post=2743"}],"wp:featuredmedia":[{"embeddable":true,"href":"https:\/\/holidaytourstenerife.com\/it\/wp-json\/wp\/v2\/media\/2455"}],"wp:attachment":[{"href":"https:\/\/holidaytourstenerife.com\/it\/wp-json\/wp\/v2\/media?parent=2743"}],"wp:term":[{"taxonomy":"product_brand","embeddable":true,"href":"https:\/\/holidaytourstenerife.com\/it\/wp-json\/wp\/v2\/product_brand?post=2743"},{"taxonomy":"product_cat","embeddable":true,"href":"https:\/\/holidaytourstenerife.com\/it\/wp-json\/wp\/v2\/product_cat?post=2743"},{"taxonomy":"product_tag","embeddable":true,"href":"https:\/\/holidaytourstenerife.com\/it\/wp-json\/wp\/v2\/product_tag?post=2743"}],"curies":[{"name":"wp","href":"https:\/\/api.w.org\/{rel}","templated":true}]}}