{"id":2746,"date":"2023-03-10T04:45:45","date_gmt":"2023-03-10T04:45:45","guid":{"rendered":"https:\/\/holidaytourstenerife.com\/producto\/teide-masca-gran-tour\/"},"modified":"2023-11-29T18:57:44","modified_gmt":"2023-11-29T18:57:44","slug":"teide-masca-gran-tour-autobus","status":"publish","type":"product","link":"https:\/\/holidaytourstenerife.com\/it\/tours\/teide-masca-gran-tour-autobus\/","title":{"rendered":"Teide-Masca (Gran Tour)"},"content":{"rendered":"<div class=\"wpb-content-wrapper\"><p>[vc_row][vc_column][vc_column_text]<\/p>\n<h1>Teide-Masca Gran Tour<\/h1>\n<p>[\/vc_column_text][vc_separator color=&#8221;custom&#8221; align=&#8221;align_left&#8221; border_width=&#8221;4&#8243; el_width=&#8221;10&#8243; accent_color=&#8221;#fe0000&#8243;][vc_column_text]<strong>Teide Masca Gran Tour Scoprite il meglio de<\/strong><strong>ll&#8217;isola di Tenerife<\/strong> con il nostro tour guidato. Durante questa escursione, visiteremo i luoghi pi\u00f9 importanti, come il <strong>Parco Nazionale del Teide<\/strong>, <strong>Las Ca\u00f1adas del Teide<\/strong> e l&#8217;impressionante <strong>Roque de Garc\u00eda.<\/strong><\/p>\n<p>A <strong>Icod de los Vinos<\/strong>, rimarrete stupiti dal leggendario <strong>Drago Milenario<\/strong>, un albero di circa 800 anni, che \u00e8 una delle principali attrazioni dell&#8217;isola. A <strong>Garachico<\/strong>, antico porto distrutto da un&#8217;<strong>eruzione vulcanica<\/strong> nel 1706, si pu\u00f2 passeggiare nel suo quartiere storico-artistico e osservare le piscine naturali di <strong>lava vulcanica.<\/strong><\/p>\n<p>Avrete tempo libero per pranzare in uno dei ristoranti della zona o per assaggiare un menu della nostra selezione (non incluso nel prezzo). Infine, godetevi lo scenario mozzafiato della <strong>gola di Masca<\/strong> e del borgo <strong>storico di Masca prima<\/strong> di tornare al punto di partenza alle 18:00 passando per <strong>Los Gigantes.<\/strong><\/p>\n<p>Partecipate alla nostra <strong>visita guidata<\/strong> e scoprite i luoghi pi\u00f9 emblematici dell&#8217;isola. Prenotate subito e non perdetevi questa esperienza unica!<\/p>\n<p>Inoltre, durante la nostra visita guidata sarete accompagnati da <strong>guide espert<\/strong>e e competenti dell&#8217;isola, che vi forniranno informazioni dettagliate e curiosit\u00e0 sui luoghi che visiterete. Imparerete la storia e la cultura dell&#8217;isola e avrete l&#8217;opportunit\u00e0 di fare domande e ottenere risposte su tutto ci\u00f2 che desiderate sapere..<\/p>\n<p>Non perdete l&#8217;occasione di scoprire i <strong>segreti di Tenerife<\/strong>con la nostra <strong>visita guidata.<\/strong> Prenotate ora e godetevi un&#8217;esperienza indimenticabile che ricorderete per sempre.[\/vc_column_text][vc_column_text]<!--more--><\/p>\n<table class=\"table table-bordered tours-tabs__table\" style=\"height: 233px;\" width=\"862\">\n<tbody>\n<tr>\n<td><strong>PROGRAMMA<\/strong><\/td>\n<td>Tutti i giorni dalle 08:00 alle 18:00<\/td>\n<\/tr>\n<tr>\n<td><strong>TRASPORTI<\/strong><\/td>\n<td>Prelievo da diversi punti vicino al vostro hotel (da Playa Paraiso a El Medano).<\/td>\n<\/tr>\n<tr>\n<td><strong>COMPRENSIONE<\/strong><\/td>\n<td>\n<table class=\"table table-bordered\" style=\"height: 62px;\" width=\"300\">\n<tbody>\n<tr>\n<td><i class=\"fa fa-check icon-tick icon-tick--on\"><\/i>Autobus turistico<\/td>\n<td><i class=\"fa fa-check icon-tick icon-tick--on\"><\/i>Guide professionali (italiano, russo, spagnolo, francese, olandese, tedesco, espa\u00f1ol, francais, deutsch)<\/td>\n<\/tr>\n<tr>\n<td><i class=\"fa fa-check icon-tick icon-tick--on\"><\/i>Assicurazione<\/td>\n<td><\/td>\n<\/tr>\n<\/tbody>\n<\/table>\n<\/td>\n<\/tr>\n<tr>\n<td><b>TARIFFE<\/b><\/td>\n<td>\n<table width=\"319\">\n<tbody>\n<tr>\n<td width=\"159\"><\/td>\n<td width=\"160\"><strong>Prezzo (euro)<\/strong><\/td>\n<\/tr>\n<tr>\n<td width=\"159\"><strong>Adulti<\/strong><\/td>\n<td width=\"160\">55<\/td>\n<\/tr>\n<tr>\n<td width=\"159\"><strong>Bambini (2-11 anni)<\/strong><\/td>\n<td width=\"160\">35<\/td>\n<\/tr>\n<tr>\n<td width=\"159\"><strong>Bambino (0 -1 anno)<\/strong><\/td>\n<td width=\"160\">Gratuito\n<p>&nbsp;<\/p><\/td>\n<\/tr>\n<\/tbody>\n<\/table>\n<\/td>\n<\/tr>\n<\/tbody>\n<\/table>\n<p>[\/vc_column_text][\/vc_column][\/vc_row][vc_row][vc_column][vc_video link=&#8221;https:\/\/youtu.be\/1jt_Nvf75-E&#8221;][\/vc_column][\/vc_row]<\/p>\n<\/div>","protected":false},"excerpt":{"rendered":"<p><strong>Teide Masca Gran Tour Scoprite il meglio de<strong>ll&#8217;isola di Tenerife<\/strong> con il nostro tour guidato.<\/strong> Durante questa escursione, visiteremo i luoghi pi\u00f9 importanti, come il <strong>Parco Nazionale del Teide<\/strong>, <strong>Las Ca\u00f1adas del Teide<\/strong> e l&#8217;impressionante <strong>Roque de Garc\u00eda.<\/strong><\/p>\n","protected":false},"featured_media":1898,"comment_status":"open","ping_status":"closed","template":"","meta":{"_joinchat":[]},"product_brand":[],"product_cat":[186],"product_tag":[],"class_list":{"0":"post-2746","1":"product","2":"type-product","3":"status-publish","4":"has-post-thumbnail","6":"product_cat-senza-categoria","7":"pa_tipos_de_ticket-adultis","8":"pa_tipos_de_ticket-bambini","9":"pa_tipos_de_ticket-bambino-da-0-a-1-anno","10":"pa_tipos_de_ticket-bambini-da-2-a-11-anni","11":"tour_category-tour-in-autobus","13":"first","14":"instock","15":"taxable","16":"shipping-taxable","17":"purchasable","18":"product-type-tour"},"_links":{"self":[{"href":"https:\/\/holidaytourstenerife.com\/it\/wp-json\/wp\/v2\/product\/2746","targetHints":{"allow":["GET"]}}],"collection":[{"href":"https:\/\/holidaytourstenerife.com\/it\/wp-json\/wp\/v2\/product"}],"about":[{"href":"https:\/\/holidaytourstenerife.com\/it\/wp-json\/wp\/v2\/types\/product"}],"replies":[{"embeddable":true,"href":"https:\/\/holidaytourstenerife.com\/it\/wp-json\/wp\/v2\/comments?post=2746"}],"wp:featuredmedia":[{"embeddable":true,"href":"https:\/\/holidaytourstenerife.com\/it\/wp-json\/wp\/v2\/media\/1898"}],"wp:attachment":[{"href":"https:\/\/holidaytourstenerife.com\/it\/wp-json\/wp\/v2\/media?parent=2746"}],"wp:term":[{"taxonomy":"product_brand","embeddable":true,"href":"https:\/\/holidaytourstenerife.com\/it\/wp-json\/wp\/v2\/product_brand?post=2746"},{"taxonomy":"product_cat","embeddable":true,"href":"https:\/\/holidaytourstenerife.com\/it\/wp-json\/wp\/v2\/product_cat?post=2746"},{"taxonomy":"product_tag","embeddable":true,"href":"https:\/\/holidaytourstenerife.com\/it\/wp-json\/wp\/v2\/product_tag?post=2746"}],"curies":[{"name":"wp","href":"https:\/\/api.w.org\/{rel}","templated":true}]}}