{"id":3050,"date":"2023-03-08T03:10:05","date_gmt":"2023-03-08T03:10:05","guid":{"rendered":"https:\/\/holidaytourstenerife.com\/producto\/pesca-sportiva\/"},"modified":"2025-08-13T18:17:41","modified_gmt":"2025-08-13T18:17:41","slug":"pesca-sportiva-con-la-barca-a-tenerife","status":"publish","type":"product","link":"https:\/\/holidaytourstenerife.com\/it\/tours\/pesca-sportiva-con-la-barca-a-tenerife\/","title":{"rendered":"Pesca sportiva"},"content":{"rendered":"<div class=\"wpb-content-wrapper\"><p>[vc_row][vc_column][vc_column_text]<\/p>\n<h1>Pesca sportiva con la barca a Tenerife<\/h1>\n<p>[\/vc_column_text][vc_separator color=&#8221;custom&#8221; align=&#8221;align_left&#8221; accent_color=&#8221;#47a0ff&#8221; border_width=&#8221;4&#8243; el_width=&#8221;10&#8243;][vc_column_text]<span style=\"font-weight: 400;\">L<\/span><b>&#8216;isola di Tenerife<\/b> <span style=\"font-weight: 400;\">offre la possibilit\u00e0 di praticare questa attivit\u00e0 in diverse modalit\u00e0, tra cui la<\/span> <b>pesca sportiva in charter<\/b> <span style=\"font-weight: 400;\">accompagnati da professionisti di alto livello con oltre 10 anni di esperienza.<\/span><\/p>\n<p><span style=\"font-weight: 400;\">Tutta l&#8217;attrezzatura da pesca \u00e8 a vostra disposizione.<\/span><\/p>\n<p><span style=\"font-weight: 400;\">A Tenerife si praticano diversi tipi di pesca. Una delle tecniche pi\u00f9 diffuse \u00e8 la <\/span><b>pesca a fondo<\/b> <span style=\"font-weight: 400;\">(<\/span><b>chambel<\/b><span style=\"font-weight: 400;\">) con esche naturali sul fondale per catturare Sargo, Mojarra, Brecas, Sama e alcune specie di Morena. In acque pi\u00f9 profonde Cernia, Abade e Cherna.<\/span> <span style=\"font-weight: 400;\">Con la<\/span> <b>pesca d&#8217;altura<\/b><span style=\"font-weight: 400;\"> (soprattutto nei mesi estivi) \u00e8 possibile pescare Blue Marlin, White Marlin e diversi tipi di tonno. Le attrezzature leggere vengono utilizzate anche per <\/span><b>traina costiera<\/b><span style=\"font-weight: 400;\"> (bonito, barracuda). Siamo specialisti in<\/span><b> jigging<\/b><span style=\"font-weight: 400;\"> (fino a 150 m) ci sono fondali rocciosi dove si possono pescare Samas, Dentici e Cernie. Un&#8217;altra tecnica \u00e8 <\/span><b>La pesca a<\/b> <b>spinning<\/b> <span style=\"font-weight: 400;\">(soprattutto sulla costa di El Medano), tutte le tecniche di pesca sportiva che utilizzeremo dipenderanno sempre dal tempo, dalla stagione e dall&#8217;esperienza del<\/span> <b>capitano<\/b><span style=\"font-weight: 400;\">.<\/span><\/p>\n<p><b>Potete uscire per 4 ore<\/b> <span style=\"font-weight: 400;\">al giorno in compagnia di altri pescatori o prenotare la<\/span> <b>barca in privato<\/b> <span style=\"font-weight: 400;\">per voi.<\/span>[\/vc_column_text][vc_column_text css=&#8221;&#8221;]<!--more--><\/p>\n<table class=\"table table-bordered tours-tabs__table\" style=\"height: 233px;\" width=\"862\">\n<tbody>\n<tr>\n<td><strong>PROGRAMMI<\/strong><\/td>\n<td>09:00 AM<br \/>\n14:00 PM<\/td>\n<\/tr>\n<tr>\n<td><strong>INFORMAZIONI SULL&#8217;USCITA<\/strong><\/td>\n<td>Da Porto Colon<br \/>\nDa Las Galletas (contattare per organizzare la partenza)<br \/>\nDa Los Gigantes (contattare per organizzare la partenza)<\/td>\n<\/tr>\n<tr>\n<td><strong>COMPRENSIONE<\/strong><\/td>\n<td>\n<table class=\"table table-bordered\" style=\"height: 62px;\" width=\"300\">\n<tbody>\n<tr>\n<td><i class=\"fa fa-check icon-tick icon-tick--on\"><\/i>Attrezzatura da pesca completa<\/td>\n<td><i class=\"fa fa-check icon-tick icon-tick--on\"><\/i>Bevande e rinfreschi<\/td>\n<\/tr>\n<tr>\n<td><i class=\"fa fa-check icon-tick icon-tick--on\"><\/i>Assicurazione<\/td>\n<td><\/td>\n<\/tr>\n<\/tbody>\n<\/table>\n<\/td>\n<\/tr>\n<tr>\n<td><b>TARIFFE<\/b><\/td>\n<td>\n<table class=\"table table-bordered\" style=\"height: 62px;\" width=\"300\">\n<tbody>\n<tr>\n<td>4 ore di pesca in barca condivisa (max 7 persone) 75\u20ac a persona<\/td>\n<\/tr>\n<tr>\n<td>4h con accompagnatore (senza pesca) 60\u20ac a persona<\/td>\n<\/tr>\n<\/tbody>\n<\/table>\n<table class=\"table table-bordered\" style=\"height: 62px;\" width=\"300\">\n<tbody>\n<tr>\n<td>Barca da pesca privata. (max 7 persone) 130\u20ac all&#8217;ora<\/td>\n<\/tr>\n<tr>\n<td><\/td>\n<\/tr>\n<\/tbody>\n<\/table>\n<\/td>\n<\/tr>\n<\/tbody>\n<\/table>\n<p>[\/vc_column_text][\/vc_column][\/vc_row]<\/p>\n<\/div>","protected":false},"excerpt":{"rendered":"<p><span style=\"font-weight: 400;\">L<\/span><b>&#8216;isola di Tenerife<\/b> <span style=\"font-weight: 400;\">offre la possibilit\u00e0 di praticare questa attivit\u00e0 in diverse modalit\u00e0, tra cui la<\/span> <b>pesca sportiva in charter<\/b> <span style=\"font-weight: 400;\">accompagnati da professionisti di alto livello con oltre 10 anni di esperienza.<\/span><\/p>\n","protected":false},"featured_media":1605,"comment_status":"open","ping_status":"closed","template":"","meta":{"_joinchat":[]},"product_brand":[],"product_cat":[186],"product_tag":[],"class_list":{"0":"post-3050","1":"product","2":"type-product","3":"status-publish","4":"has-post-thumbnail","6":"product_cat-senza-categoria","7":"tour_category-immersioni-e-pesca","9":"first","10":"instock","11":"taxable","12":"shipping-taxable","13":"purchasable","14":"product-type-tour"},"_links":{"self":[{"href":"https:\/\/holidaytourstenerife.com\/it\/wp-json\/wp\/v2\/product\/3050","targetHints":{"allow":["GET"]}}],"collection":[{"href":"https:\/\/holidaytourstenerife.com\/it\/wp-json\/wp\/v2\/product"}],"about":[{"href":"https:\/\/holidaytourstenerife.com\/it\/wp-json\/wp\/v2\/types\/product"}],"replies":[{"embeddable":true,"href":"https:\/\/holidaytourstenerife.com\/it\/wp-json\/wp\/v2\/comments?post=3050"}],"wp:featuredmedia":[{"embeddable":true,"href":"https:\/\/holidaytourstenerife.com\/it\/wp-json\/wp\/v2\/media\/1605"}],"wp:attachment":[{"href":"https:\/\/holidaytourstenerife.com\/it\/wp-json\/wp\/v2\/media?parent=3050"}],"wp:term":[{"taxonomy":"product_brand","embeddable":true,"href":"https:\/\/holidaytourstenerife.com\/it\/wp-json\/wp\/v2\/product_brand?post=3050"},{"taxonomy":"product_cat","embeddable":true,"href":"https:\/\/holidaytourstenerife.com\/it\/wp-json\/wp\/v2\/product_cat?post=3050"},{"taxonomy":"product_tag","embeddable":true,"href":"https:\/\/holidaytourstenerife.com\/it\/wp-json\/wp\/v2\/product_tag?post=3050"}],"curies":[{"name":"wp","href":"https:\/\/api.w.org\/{rel}","templated":true}]}}